{"id":1989,"date":"2025-11-02T06:08:03","date_gmt":"2025-11-02T06:08:03","guid":{"rendered":"https:\/\/www.novisanum.com\/medizinischer-haftungsausschluss\/"},"modified":"2025-11-06T11:29:57","modified_gmt":"2025-11-06T11:29:57","slug":"medizinischer-haftungsausschluss","status":"publish","type":"page","link":"https:\/\/www.novisanum.com\/de\/medizinischer-haftungsausschluss\/","title":{"rendered":"Medizinischer Haftungsausschluss"},"content":{"rendered":"\t\t<div data-elementor-type=\"wp-page\" data-elementor-id=\"1989\" class=\"elementor elementor-1989 elementor-521\" data-elementor-settings=\"{&quot;ha_cmc_init_switcher&quot;:&quot;no&quot;}\" data-elementor-post-type=\"page\">\n\t\t\t\t<div class=\"elementor-element elementor-element-790f7246 e-flex e-con-boxed e-con e-parent\" data-id=\"790f7246\" data-element_type=\"container\" data-e-type=\"container\" data-settings=\"{&quot;_ha_eqh_enable&quot;:false}\">\n\t\t\t\t\t<div class=\"e-con-inner\">\n\t\t<div class=\"elementor-element elementor-element-3fbdcb82 e-con-full e-flex e-con e-child\" data-id=\"3fbdcb82\" data-element_type=\"container\" data-e-type=\"container\" data-settings=\"{&quot;_ha_eqh_enable&quot;:false}\">\n\t\t\t\t<div class=\"elementor-element elementor-element-7373a2c5 elementor-widget elementor-widget-heading\" data-id=\"7373a2c5\" data-element_type=\"widget\" data-e-type=\"widget\" data-widget_type=\"heading.default\">\n\t\t\t\t\t<h2 class=\"elementor-heading-title elementor-size-default\">Medizinischer Haftungsausschluss<\/h2>\t\t\t\t<\/div>\n\t\t\t\t<div class=\"elementor-element elementor-element-7feacab1 elementor-widget elementor-widget-text-editor\" data-id=\"7feacab1\" data-element_type=\"widget\" data-e-type=\"widget\" data-widget_type=\"text-editor.default\">\n\t\t\t\t\t\t\t\t\t<p><strong>Medizinischer &amp; Gesundheitlicher Haftungsausschluss<\/strong><br>Die auf dieser Website enthaltenen Informationen sind weder als Alternative f\u00fcr professionelle Diagnosen noch f\u00fcr professionell empfohlene Behandlungen und medizinische Ratschl\u00e4ge gedacht oder werden implizit vorgeschlagen. Der gesamte auf dieser Webseite enthaltene Inhalt, einschlie\u00dflich des Artikeltextes selbst, der Bilder, Kommentare und anderer Informationen, dient ausschlie\u00dflich unspezifischen Informationszwecken. Wir raten dringend dazu, professionelle Gesundheits-\/medizinische Ratschl\u00e4ge niemals zu ignorieren, und wir raten dringend dazu, die Suche nach einer professionell empfohlenen medizinischen Behandlung nicht aufgrund der durch die Lekt\u00fcre dieses Artikels\/dieser Website erhaltenen Informationen zu verz\u00f6gern. Die auf dieser Website verkauften oder empfohlenen Produkte dienen in keinem Fall der Diagnose, Vorbeugung, \u00dcberwachung, Behandlung oder Linderung einer bestimmten Krankheit, Verletzung oder Behinderung.   <\/p>\t\t\t\t\t\t\t\t<\/div>\n\t\t\t\t<\/div>\n\t\t\t\t\t<\/div>\n\t\t\t\t<\/div>\n\t\t<div class=\"elementor-element elementor-element-71b0be9 e-flex e-con-boxed e-con e-parent\" data-id=\"71b0be9\" data-element_type=\"container\" data-e-type=\"container\" data-settings=\"{&quot;background_background&quot;:&quot;classic&quot;,&quot;_ha_eqh_enable&quot;:false}\">\n\t\t\t\t\t<div class=\"e-con-inner\">\n\t\t\t\t<div class=\"elementor-element elementor-element-19dd9bd elementor-widget elementor-widget-heading\" data-id=\"19dd9bd\" data-element_type=\"widget\" data-e-type=\"widget\" data-widget_type=\"heading.default\">\n\t\t\t\t\t<h2 class=\"elementor-heading-title elementor-size-default\">Newsletter<\/h2>\t\t\t\t<\/div>\n\t\t\t\t<div class=\"elementor-element elementor-element-65f1c21 elementor-widget__width-initial elementor-widget-mobile__width-inherit elementor-widget elementor-widget-text-editor\" data-id=\"65f1c21\" data-element_type=\"widget\" data-e-type=\"widget\" data-widget_type=\"text-editor.default\">\n\t\t\t\t\t\t\t\t\t<p>Ein kurzer Satz, der beschreibt, was jemand durch ein Abonnement erh\u00e4lt<\/p>\t\t\t\t\t\t\t\t<\/div>\n\t\t\t\t<div class=\"elementor-element elementor-element-6020bc3 elementor-widget__width-initial elementor-widget-mobile__width-inherit elementor-button-align-stretch elementor-widget elementor-widget-form\" data-id=\"6020bc3\" data-element_type=\"widget\" data-e-type=\"widget\" data-settings=\"{&quot;button_width&quot;:&quot;30&quot;,&quot;step_next_label&quot;:&quot;N\\u00e4chste&quot;,&quot;step_previous_label&quot;:&quot;Vorherige&quot;,&quot;step_type&quot;:&quot;number_text&quot;,&quot;step_icon_shape&quot;:&quot;circle&quot;}\" data-widget_type=\"form.default\">\n\t\t\t\t\t\t\t<form class=\"elementor-form\" method=\"post\" name=\"Neues Formular\" aria-label=\"Neues Formular\">\r\n\t\t\t<input type=\"hidden\" name=\"post_id\" value=\"1989\"\/>\r\n\t\t\t<input type=\"hidden\" name=\"form_id\" value=\"6020bc3\"\/>\r\n\t\t\t<input type=\"hidden\" name=\"referer_title\" value=\"Medizinischer Haftungsausschluss\" \/>\r\n\r\n\t\t\t\t\t\t\t<input type=\"hidden\" name=\"queried_id\" value=\"1989\"\/>\r\n\t\t\t\r\n\t\t\t<div class=\"elementor-form-fields-wrapper elementor-labels-\">\r\n\t\t\t\t\t\t\t\t<div class=\"elementor-field-type-email elementor-field-group elementor-column elementor-field-group-email elementor-col-70 elementor-field-required\">\r\n\t\t\t\t\t\t\t\t\t\t\t\t\t<input size=\"1\" type=\"email\" name=\"form_fields[email]\" id=\"form-field-email\" class=\"elementor-field elementor-size-sm  elementor-field-textual\" placeholder=\"Ihre E-Mail\" required=\"required\">\r\n\t\t\t\t\t\t\t\t\t\t\t<\/div>\r\n\t\t\t\t\t\t\t\t<div class=\"elementor-field-group elementor-column elementor-field-type-submit elementor-col-30 e-form__buttons\">\r\n\t\t\t\t\t<button class=\"elementor-button elementor-size-sm\" type=\"submit\">\r\n\t\t\t\t\t\t<span class=\"elementor-button-content-wrapper\">\r\n\t\t\t\t\t\t\t\t\t\t\t\t\t\t\t\t\t\t\t\t\t\t<span class=\"elementor-button-text\">Abonnieren<\/span>\r\n\t\t\t\t\t\t\t\t\t\t\t\t\t<\/span>\r\n\t\t\t\t\t<\/button>\r\n\t\t\t\t<\/div>\r\n\t\t\t<\/div>\r\n\t\t<\/form>\r\n\t\t\t\t\t\t<\/div>\n\t\t\t\t\t<\/div>\n\t\t\t\t<\/div>\n\t\t\t\t<\/div>\n\t\t","protected":false},"excerpt":{"rendered":"<p>Medizinischer Haftungsausschluss Medizinischer &amp; Gesundheitlicher HaftungsausschlussDie auf dieser Website enthaltenen Informationen sind weder als Alternative f\u00fcr professionelle Diagnosen noch f\u00fcr professionell empfohlene Behandlungen und medizinische Ratschl\u00e4ge gedacht oder werden implizit vorgeschlagen. Der gesamte auf dieser Webseite enthaltene Inhalt, einschlie\u00dflich des Artikeltextes selbst, der Bilder, Kommentare und anderer Informationen, dient ausschlie\u00dflich unspezifischen Informationszwecken. Wir raten dringend [&hellip;]<\/p>\n","protected":false},"author":1,"featured_media":0,"parent":0,"menu_order":0,"comment_status":"closed","ping_status":"closed","template":"elementor_header_footer","meta":{"_acf_changed":false,"footnotes":""},"class_list":["post-1989","page","type-page","status-publish","hentry"],"acf":[],"_links":{"self":[{"href":"https:\/\/www.novisanum.com\/de\/wp-json\/wp\/v2\/pages\/1989","targetHints":{"allow":["GET"]}}],"collection":[{"href":"https:\/\/www.novisanum.com\/de\/wp-json\/wp\/v2\/pages"}],"about":[{"href":"https:\/\/www.novisanum.com\/de\/wp-json\/wp\/v2\/types\/page"}],"author":[{"embeddable":true,"href":"https:\/\/www.novisanum.com\/de\/wp-json\/wp\/v2\/users\/1"}],"replies":[{"embeddable":true,"href":"https:\/\/www.novisanum.com\/de\/wp-json\/wp\/v2\/comments?post=1989"}],"version-history":[{"count":4,"href":"https:\/\/www.novisanum.com\/de\/wp-json\/wp\/v2\/pages\/1989\/revisions"}],"predecessor-version":[{"id":2215,"href":"https:\/\/www.novisanum.com\/de\/wp-json\/wp\/v2\/pages\/1989\/revisions\/2215"}],"wp:attachment":[{"href":"https:\/\/www.novisanum.com\/de\/wp-json\/wp\/v2\/media?parent=1989"}],"curies":[{"name":"wp","href":"https:\/\/api.w.org\/{rel}","templated":true}]}}