{"id":2020,"date":"2025-11-01T09:58:00","date_gmt":"2025-11-01T09:58:00","guid":{"rendered":"https:\/\/www.novisanum.com\/exklusive-vertriebspartner\/"},"modified":"2025-11-06T04:24:57","modified_gmt":"2025-11-06T04:24:57","slug":"exklusive-vertriebspartner","status":"publish","type":"page","link":"https:\/\/www.novisanum.com\/de\/exklusive-vertriebspartner\/","title":{"rendered":"Exklusive Vertriebspartner"},"content":{"rendered":"\t\t<div data-elementor-type=\"wp-page\" data-elementor-id=\"2020\" class=\"elementor elementor-2020 elementor-64\" data-elementor-settings=\"{&quot;ha_cmc_init_switcher&quot;:&quot;no&quot;}\" data-elementor-post-type=\"page\">\n\t\t\t\t<div class=\"elementor-element elementor-element-58c7e0d1 e-con-full e-flex e-con e-parent\" data-id=\"58c7e0d1\" data-element_type=\"container\" data-e-type=\"container\" data-settings=\"{&quot;_ha_eqh_enable&quot;:false}\">\n\t\t\t\t<div class=\"elementor-element elementor-element-18704ca6 elementor-widget elementor-widget-image\" data-id=\"18704ca6\" data-element_type=\"widget\" data-e-type=\"widget\" data-widget_type=\"image.default\">\n\t\t\t\t\t\t\t\t\t\t\t\t\t\t\t<img fetchpriority=\"high\" decoding=\"async\" width=\"2000\" height=\"736\" src=\"https:\/\/www.novisanum.com\/wp-content\/uploads\/2025\/11\/headless_header.webp\" class=\"attachment-full size-full wp-image-984\" alt=\"\" srcset=\"https:\/\/www.novisanum.com\/wp-content\/uploads\/2025\/11\/headless_header.webp 2000w, https:\/\/www.novisanum.com\/wp-content\/uploads\/2025\/11\/headless_header-600x221.webp 600w, https:\/\/www.novisanum.com\/wp-content\/uploads\/2025\/11\/headless_header-300x110.webp 300w, https:\/\/www.novisanum.com\/wp-content\/uploads\/2025\/11\/headless_header-1024x377.webp 1024w, https:\/\/www.novisanum.com\/wp-content\/uploads\/2025\/11\/headless_header-768x283.webp 768w, https:\/\/www.novisanum.com\/wp-content\/uploads\/2025\/11\/headless_header-1536x565.webp 1536w\" sizes=\"(max-width: 2000px) 100vw, 2000px\" \/>\t\t\t\t\t\t\t\t\t\t\t\t\t\t\t<\/div>\n\t\t\t\t<div class=\"elementor-element elementor-element-4255a294 elementor-widget elementor-widget-heading\" data-id=\"4255a294\" data-element_type=\"widget\" data-e-type=\"widget\" data-widget_type=\"heading.default\">\n\t\t\t\t\t<h2 class=\"elementor-heading-title elementor-size-default\">Exklusive Vertriebspartner<\/h2>\t\t\t\t<\/div>\n\t\t\t\t<div class=\"elementor-element elementor-element-72566700 elementor-widget__width-initial elementor-widget elementor-widget-text-editor\" data-id=\"72566700\" data-element_type=\"widget\" data-e-type=\"widget\" data-widget_type=\"text-editor.default\">\n\t\t\t\t\t\t\t\t\t<p>Wir arbeiten mit einem exklusiven Vertriebspartner pro Land zusammen. Wir suchen Unternehmer im EU-Raum (Schengen-Raum), um ein Netzwerk unabh\u00e4ngiger Vertriebspartner aufzubauen. Wenn Sie mit unseren hochwertigen Produkten Ihr Gesch\u00e4ft ausbauen oder ein neues Gesch\u00e4ft gr\u00fcnden m\u00f6chten, nehmen Sie Kontakt mit uns auf!<\/p>\t\t\t\t\t\t\t\t<\/div>\n\t\t\t\t<\/div>\n\t\t<div class=\"elementor-element elementor-element-15c61227 e-con-full e-flex e-con e-parent\" data-id=\"15c61227\" data-element_type=\"container\" data-e-type=\"container\" data-settings=\"{&quot;_ha_eqh_enable&quot;:false}\">\n\t\t<div class=\"elementor-element elementor-element-382299c9 e-flex e-con-boxed e-con e-child\" data-id=\"382299c9\" data-element_type=\"container\" data-e-type=\"container\" data-settings=\"{&quot;_ha_eqh_enable&quot;:false}\">\n\t\t\t\t\t<div class=\"e-con-inner\">\n\t\t\t\t<div class=\"elementor-element elementor-element-68fb6011 elementor-widget elementor-widget-image\" data-id=\"68fb6011\" data-element_type=\"widget\" data-e-type=\"widget\" data-widget_type=\"image.default\">\n\t\t\t\t\t\t\t\t\t\t\t\t\t\t\t<img decoding=\"async\" width=\"600\" height=\"400\" src=\"https:\/\/www.novisanum.com\/wp-content\/uploads\/2025\/11\/dropshipping.webp\" class=\"attachment-full size-full wp-image-989\" alt=\"\" srcset=\"https:\/\/www.novisanum.com\/wp-content\/uploads\/2025\/11\/dropshipping.webp 600w, https:\/\/www.novisanum.com\/wp-content\/uploads\/2025\/11\/dropshipping-300x200.webp 300w\" sizes=\"(max-width: 600px) 100vw, 600px\" \/>\t\t\t\t\t\t\t\t\t\t\t\t\t\t\t<\/div>\n\t\t\t\t\t<\/div>\n\t\t\t\t<\/div>\n\t\t<div class=\"elementor-element elementor-element-7d531597 e-con-full e-flex e-con e-child\" data-id=\"7d531597\" data-element_type=\"container\" data-e-type=\"container\" data-settings=\"{&quot;_ha_eqh_enable&quot;:false}\">\n\t\t\t\t<div class=\"elementor-element elementor-element-16f60b12 elementor-widget elementor-widget-heading\" data-id=\"16f60b12\" data-element_type=\"widget\" data-e-type=\"widget\" data-widget_type=\"heading.default\">\n\t\t\t\t\t<h2 class=\"elementor-heading-title elementor-size-default\">Kr\u00e4fte b\u00fcndeln<\/h2>\t\t\t\t<\/div>\n\t\t\t\t<div class=\"elementor-element elementor-element-30774baa elementor-widget elementor-widget-text-editor\" data-id=\"30774baa\" data-element_type=\"widget\" data-e-type=\"widget\" data-widget_type=\"text-editor.default\">\n\t\t\t\t\t\t\t\t\t<p>Wir sind ein Gro\u00dfh\u00e4ndler und m\u00f6chten mit unserer Marke Purassima ein Netzwerk von Vertriebspartnern anderer (kleiner) Unternehmer in verschiedenen europ\u00e4ischen L\u00e4ndern aufbauen. Mit dem Ziel, Kr\u00e4fte zu b\u00fcndeln und intensiv zusammenarbeiten zu k\u00f6nnen. Dadurch wollen wir eine starke Marktposition erreichen und eine Win-Win-Situation schaffen.<\/p>\t\t\t\t\t\t\t\t<\/div>\n\t\t\t\t<\/div>\n\t\t\t\t<\/div>\n\t\t<div class=\"elementor-element elementor-element-6a23cd58 e-con-full e-flex e-con e-parent\" data-id=\"6a23cd58\" data-element_type=\"container\" data-e-type=\"container\" data-settings=\"{&quot;_ha_eqh_enable&quot;:false}\">\n\t\t<div class=\"elementor-element elementor-element-2c274ceb elementor-hidden-desktop elementor-hidden-tablet e-flex e-con-boxed e-con e-child\" data-id=\"2c274ceb\" data-element_type=\"container\" data-e-type=\"container\" data-settings=\"{&quot;_ha_eqh_enable&quot;:false}\">\n\t\t\t\t\t<div class=\"e-con-inner\">\n\t\t\t\t<div class=\"elementor-element elementor-element-38822207 elementor-widget elementor-widget-image\" data-id=\"38822207\" data-element_type=\"widget\" data-e-type=\"widget\" data-widget_type=\"image.default\">\n\t\t\t\t\t\t\t\t\t\t\t\t\t\t\t<img decoding=\"async\" width=\"600\" height=\"400\" src=\"https:\/\/www.novisanum.com\/wp-content\/uploads\/2025\/11\/support.webp\" class=\"attachment-full size-full wp-image-994\" alt=\"\" srcset=\"https:\/\/www.novisanum.com\/wp-content\/uploads\/2025\/11\/support.webp 600w, https:\/\/www.novisanum.com\/wp-content\/uploads\/2025\/11\/support-300x200.webp 300w\" sizes=\"(max-width: 600px) 100vw, 600px\" \/>\t\t\t\t\t\t\t\t\t\t\t\t\t\t\t<\/div>\n\t\t\t\t\t<\/div>\n\t\t\t\t<\/div>\n\t\t<div class=\"elementor-element elementor-element-c57b44 e-con-full e-flex e-con e-child\" data-id=\"c57b44\" data-element_type=\"container\" data-e-type=\"container\" data-settings=\"{&quot;_ha_eqh_enable&quot;:false}\">\n\t\t\t\t<div class=\"elementor-element elementor-element-678ef3c5 elementor-widget elementor-widget-heading\" data-id=\"678ef3c5\" data-element_type=\"widget\" data-e-type=\"widget\" data-widget_type=\"heading.default\">\n\t\t\t\t\t<h2 class=\"elementor-heading-title elementor-size-default\">Was wir bieten<\/h2>\t\t\t\t<\/div>\n\t\t\t\t<div class=\"elementor-element elementor-element-182c26a9 elementor-widget__width-initial elementor-widget elementor-widget-text-editor\" data-id=\"182c26a9\" data-element_type=\"widget\" data-e-type=\"widget\" data-widget_type=\"text-editor.default\">\n\t\t\t\t\t\t\t\t\t<div class=\"image-with-text__text-container\"><div class=\"image-with-text__text-aligner\"><div class=\"rte\"><p>Wir bieten ein verbraucherorientiertes und konsistentes Sortiment an qualitativ hochwertigen Produkten. Unsere Produkte haben wettbewerbsf\u00e4hige Preise und gute Gewinnspannen.<\/p><p>Wir bieten auch einen Dropshipping-Service an und versenden aus unserem Lager in Spanien. Wir bieten auch eine umfassende Marketingunterst\u00fctzung mit vielen Materialien offline und online.<\/p><\/div><\/div><\/div>\t\t\t\t\t\t\t\t<\/div>\n\t\t\t\t<\/div>\n\t\t<div class=\"elementor-element elementor-element-4394b3b3 elementor-hidden-mobile e-flex e-con-boxed e-con e-child\" data-id=\"4394b3b3\" data-element_type=\"container\" data-e-type=\"container\" data-settings=\"{&quot;_ha_eqh_enable&quot;:false}\">\n\t\t\t\t\t<div class=\"e-con-inner\">\n\t\t\t\t<div class=\"elementor-element elementor-element-6352be50 elementor-widget elementor-widget-image\" data-id=\"6352be50\" data-element_type=\"widget\" data-e-type=\"widget\" data-widget_type=\"image.default\">\n\t\t\t\t\t\t\t\t\t\t\t\t\t\t\t<img decoding=\"async\" width=\"600\" height=\"400\" src=\"https:\/\/www.novisanum.com\/wp-content\/uploads\/2025\/11\/support.webp\" class=\"attachment-full size-full wp-image-994\" alt=\"\" srcset=\"https:\/\/www.novisanum.com\/wp-content\/uploads\/2025\/11\/support.webp 600w, https:\/\/www.novisanum.com\/wp-content\/uploads\/2025\/11\/support-300x200.webp 300w\" sizes=\"(max-width: 600px) 100vw, 600px\" \/>\t\t\t\t\t\t\t\t\t\t\t\t\t\t\t<\/div>\n\t\t\t\t\t<\/div>\n\t\t\t\t<\/div>\n\t\t\t\t<\/div>\n\t\t<div class=\"elementor-element elementor-element-2448b96a e-con-full e-flex e-con e-parent\" data-id=\"2448b96a\" data-element_type=\"container\" data-e-type=\"container\" data-settings=\"{&quot;_ha_eqh_enable&quot;:false}\">\n\t\t<div class=\"elementor-element elementor-element-793534dd e-flex e-con-boxed e-con e-child\" data-id=\"793534dd\" data-element_type=\"container\" data-e-type=\"container\" data-settings=\"{&quot;_ha_eqh_enable&quot;:false}\">\n\t\t\t\t\t<div class=\"e-con-inner\">\n\t\t\t\t<div class=\"elementor-element elementor-element-2fd913 elementor-widget elementor-widget-image\" data-id=\"2fd913\" data-element_type=\"widget\" data-e-type=\"widget\" data-widget_type=\"image.default\">\n\t\t\t\t\t\t\t\t\t\t\t\t\t\t\t<img loading=\"lazy\" decoding=\"async\" width=\"600\" height=\"400\" src=\"https:\/\/www.novisanum.com\/wp-content\/uploads\/2025\/11\/startup.webp\" class=\"attachment-full size-full wp-image-999\" alt=\"\" srcset=\"https:\/\/www.novisanum.com\/wp-content\/uploads\/2025\/11\/startup.webp 600w, https:\/\/www.novisanum.com\/wp-content\/uploads\/2025\/11\/startup-300x200.webp 300w\" sizes=\"(max-width: 600px) 100vw, 600px\" \/>\t\t\t\t\t\t\t\t\t\t\t\t\t\t\t<\/div>\n\t\t\t\t\t<\/div>\n\t\t\t\t<\/div>\n\t\t<div class=\"elementor-element elementor-element-682d88ac e-con-full e-flex e-con e-child\" data-id=\"682d88ac\" data-element_type=\"container\" data-e-type=\"container\" data-settings=\"{&quot;_ha_eqh_enable&quot;:false}\">\n\t\t\t\t<div class=\"elementor-element elementor-element-5cfc2aae elementor-widget elementor-widget-heading\" data-id=\"5cfc2aae\" data-element_type=\"widget\" data-e-type=\"widget\" data-widget_type=\"heading.default\">\n\t\t\t\t\t<h2 class=\"elementor-heading-title elementor-size-default\">Nehmen Sie Kontakt auf!<\/h2>\t\t\t\t<\/div>\n\t\t\t\t<div class=\"elementor-element elementor-element-44998584 elementor-widget elementor-widget-text-editor\" data-id=\"44998584\" data-element_type=\"widget\" data-e-type=\"widget\" data-widget_type=\"text-editor.default\">\n\t\t\t\t\t\t\t\t\t<p>Um ein exklusiver Vertriebspartner zu werden, ben\u00f6tigen Sie eine engagierte und unternehmerische Mentalit\u00e4t. Erfolg ist die Summe verschiedener F\u00e4higkeiten, daher ben\u00f6tigen Sie Erfahrung und F\u00e4higkeiten im (Online-)Marketing und\/oder E-Commerce.<\/p><p>Sie m\u00f6chten mehr erfahren? Nutzen Sie das Webformular, um uns zu kontaktieren.<\/p>\t\t\t\t\t\t\t\t<\/div>\n\t\t\t\t<div class=\"elementor-element elementor-element-78a8977c elementor-widget elementor-widget-button\" data-id=\"78a8977c\" data-element_type=\"widget\" data-e-type=\"widget\" data-widget_type=\"button.default\">\n\t\t\t\t\t\t\t\t\t\t<a class=\"elementor-button elementor-button-link elementor-size-sm\" href=\"https:\/\/www.novisanum.com\/get-connected\/\">\n\t\t\t\t\t\t<span class=\"elementor-button-content-wrapper\">\n\t\t\t\t\t\t\t\t\t<span class=\"elementor-button-text\">Vernetzen Sie sich!<\/span>\n\t\t\t\t\t<\/span>\n\t\t\t\t\t<\/a>\n\t\t\t\t\t\t\t\t<\/div>\n\t\t\t\t<\/div>\n\t\t\t\t<\/div>\n\t\t\t\t<\/div>\n\t\t","protected":false},"excerpt":{"rendered":"<p>Exklusive Vertriebspartner Wir arbeiten mit einem exklusiven Vertriebspartner pro Land zusammen. Wir suchen Unternehmer im EU-Raum (Schengen-Raum), um ein Netzwerk unabh\u00e4ngiger Vertriebspartner aufzubauen. Wenn Sie mit unseren hochwertigen Produkten Ihr Gesch\u00e4ft ausbauen oder ein neues Gesch\u00e4ft gr\u00fcnden m\u00f6chten, nehmen Sie Kontakt mit uns auf! Kr\u00e4fte b\u00fcndeln Wir sind ein Gro\u00dfh\u00e4ndler und m\u00f6chten mit unserer Marke [&hellip;]<\/p>\n","protected":false},"author":1,"featured_media":0,"parent":0,"menu_order":0,"comment_status":"closed","ping_status":"closed","template":"elementor_header_footer","meta":{"_acf_changed":false,"footnotes":""},"class_list":["post-2020","page","type-page","status-publish","hentry"],"acf":[],"_links":{"self":[{"href":"https:\/\/www.novisanum.com\/de\/wp-json\/wp\/v2\/pages\/2020","targetHints":{"allow":["GET"]}}],"collection":[{"href":"https:\/\/www.novisanum.com\/de\/wp-json\/wp\/v2\/pages"}],"about":[{"href":"https:\/\/www.novisanum.com\/de\/wp-json\/wp\/v2\/types\/page"}],"author":[{"embeddable":true,"href":"https:\/\/www.novisanum.com\/de\/wp-json\/wp\/v2\/users\/1"}],"replies":[{"embeddable":true,"href":"https:\/\/www.novisanum.com\/de\/wp-json\/wp\/v2\/comments?post=2020"}],"version-history":[{"count":2,"href":"https:\/\/www.novisanum.com\/de\/wp-json\/wp\/v2\/pages\/2020\/revisions"}],"predecessor-version":[{"id":2022,"href":"https:\/\/www.novisanum.com\/de\/wp-json\/wp\/v2\/pages\/2020\/revisions\/2022"}],"wp:attachment":[{"href":"https:\/\/www.novisanum.com\/de\/wp-json\/wp\/v2\/media?parent=2020"}],"curies":[{"name":"wp","href":"https:\/\/api.w.org\/{rel}","templated":true}]}}