{"id":2161,"date":"2025-11-02T04:21:09","date_gmt":"2025-11-02T04:21:09","guid":{"rendered":"https:\/\/www.novisanum.com\/unterschiede-in-der-lichttherapie\/"},"modified":"2025-11-06T08:31:41","modified_gmt":"2025-11-06T08:31:41","slug":"unterschiede-in-der-lichttherapie","status":"publish","type":"page","link":"https:\/\/www.novisanum.com\/de\/unterschiede-in-der-lichttherapie\/","title":{"rendered":"Unterschiede in der Lichttherapie?"},"content":{"rendered":"\t\t<div data-elementor-type=\"wp-page\" data-elementor-id=\"2161\" class=\"elementor elementor-2161 elementor-338\" data-elementor-settings=\"{&quot;ha_cmc_init_switcher&quot;:&quot;no&quot;}\" data-elementor-post-type=\"page\">\n\t\t\t\t<div class=\"elementor-element elementor-element-4591513 e-flex e-con-boxed e-con e-parent\" data-id=\"4591513\" data-element_type=\"container\" data-e-type=\"container\" data-settings=\"{&quot;_ha_eqh_enable&quot;:false}\">\n\t\t\t\t\t<div class=\"e-con-inner\">\n\t\t<div class=\"elementor-element elementor-element-60d8dd7 e-con-full e-flex e-con e-child\" data-id=\"60d8dd7\" data-element_type=\"container\" data-e-type=\"container\" data-settings=\"{&quot;_ha_eqh_enable&quot;:false}\">\n\t\t\t\t<div class=\"elementor-element elementor-element-3384306 elementor-widget elementor-widget-heading\" data-id=\"3384306\" data-element_type=\"widget\" data-e-type=\"widget\" data-widget_type=\"heading.default\">\n\t\t\t\t\t<h2 class=\"elementor-heading-title elementor-size-default\">Unterschiede in der Lichttherapie?<\/h2>\t\t\t\t<\/div>\n\t\t\t\t<div class=\"elementor-element elementor-element-233dffe elementor-widget elementor-widget-text-editor\" data-id=\"233dffe\" data-element_type=\"widget\" data-e-type=\"widget\" data-widget_type=\"text-editor.default\">\n\t\t\t\t\t\t\t\t\t<p>Bevor wir uns mit spezifischen Wellenl\u00e4ngen des roten Lichts und ihren Anwendungsgebieten befassen, ist es wichtig, die grundlegenden Arten von rotem Licht zu verstehen. Die Klassifizierung basiert auf der Lage der Wellenl\u00e4ngen im elektromagnetischen Spektrum. Das Spektrum der Rotlichttherapie beginnt mit rotem Licht, geht \u00fcber in den Nahinfrarotbereich (NIR) und schlie\u00dflich in den Infrarotbereich (IR). Lichtwellenl\u00e4ngen werden in Nanometern (nm) gemessen. Ein Nanometer entspricht einem Milliardstel Meter.    <\/p>\t\t\t\t\t\t\t\t<\/div>\n\t\t\t\t<div class=\"elementor-element elementor-element-03c52a9 elementor-widget elementor-widget-heading\" data-id=\"03c52a9\" data-element_type=\"widget\" data-e-type=\"widget\" data-widget_type=\"heading.default\">\n\t\t\t\t\t<h3 class=\"elementor-heading-title elementor-size-default\">Rotlicht<\/h3>\t\t\t\t<\/div>\n\t\t\t\t<div class=\"elementor-element elementor-element-ec39dc8 elementor-widget elementor-widget-text-editor\" data-id=\"ec39dc8\" data-element_type=\"widget\" data-e-type=\"widget\" data-widget_type=\"text-editor.default\">\n\t\t\t\t\t\t\t\t\t<p>Das k\u00fcrzeste aller roten und nahinfraroten Wellenl\u00e4ngen, das rote Licht (auch als kurzwelliges rotes Licht bekannt), hat eine Wellenl\u00e4nge von etwa 600 bis 700 nm.<\/p><p>Rotes Licht liegt im sichtbaren Bereich des Lichtspektrums und ist somit f\u00fcr das menschliche Auge sichtbar. Es befindet sich jedoch im langwelligen Bereich des Spektrums. Rotes Licht hat die l\u00e4ngsten Wellenl\u00e4ngen, die f\u00fcr das menschliche Auge noch erkennbar sind. Gr\u00fcnes, blaues und violettes Licht haben k\u00fcrzere Wellenl\u00e4ngen als rotes Licht (im mittleren und unteren Bereich des Spektrums) und sind ebenfalls sichtbar. Jede Lichtfarbe besitzt einzigartige heilende Eigenschaften, die in unserem Artikel zur Farbtherapie detailliert beschrieben werden. Je k\u00fcrzer die Wellenl\u00e4nge und je weiter unten im Spektrum sich das Licht befindet, desto weniger effektiv dringt es in den K\u00f6rper ein und kann dort Ver\u00e4nderungen und Heilungsprozesse auf zellul\u00e4rer Ebene anregen.     <\/p><p>Kurzwelliges rotes Licht dringt etwa acht bis zehn Millimeter tief in den K\u00f6rper ein und erreicht die Mitochondrien der Hautzellen sowie weitere Zellen, die sich direkt unter der Haut befinden. Rotes Licht erzeugt keine W\u00e4rme, obwohl Sie w\u00e4hrend der Behandlung ein leichtes und angenehmes W\u00e4rmegef\u00fchl auf der Haut versp\u00fcren k\u00f6nnen. <\/p><p>Rotes Licht eignet sich am besten zur Behandlung von Hauterkrankungen, leichten Entz\u00fcndungen und zur Beschleunigung der Wundheilung. Kurzes rotes Licht hat keine Nebenwirkungen. Es kann weder die Haut verbrennen noch tieferliegendes Gewebe sch\u00e4digen.  <\/p><p>Alle Wellenl\u00e4ngen des roten LED-Lichts bieten Vorteile, aber Wellenl\u00e4ngen von 630 bis 680 nm weisen die gr\u00f6\u00dfte Heilkraft auf.<\/p>\t\t\t\t\t\t\t\t<\/div>\n\t\t\t\t<div class=\"elementor-element elementor-element-dd6f171 elementor-widget elementor-widget-heading\" data-id=\"dd6f171\" data-element_type=\"widget\" data-e-type=\"widget\" data-widget_type=\"heading.default\">\n\t\t\t\t\t<h3 class=\"elementor-heading-title elementor-size-default\">Infrarotlicht<\/h3>\t\t\t\t<\/div>\n\t\t\t\t<div class=\"elementor-element elementor-element-77e4d9b elementor-widget elementor-widget-text-editor\" data-id=\"77e4d9b\" data-element_type=\"widget\" data-e-type=\"widget\" data-widget_type=\"text-editor.default\">\n\t\t\t\t\t\t\t\t\t<p>Infrarotlicht ist f\u00fcr das menschliche Auge unsichtbar. Es ist der langwelligste Anteil des roten Lichts im Spektrum und f\u00fchlt sich auf der Haut warm an (\u00e4hnlich oder sogar hei\u00dfer als Sonnenlicht). Infrarotlicht z\u00e4hlt zu den Lichtenergien, ist aber nur sp\u00fcrbar, nicht sichtbar. Daher wird es auch als Infrarotw\u00e4rme bezeichnet. Technisch gesehen ist Infrarotlicht thermische Energie, das hei\u00dft, es erzeugt W\u00e4rme.    <\/p><p>Da das Lichtspektrum kontinuierlich ist, gibt es keine festgelegte Grenze f\u00fcr den genauen Beginn des Infrarotbereichs. Im Allgemeinen gelten Wellenl\u00e4ngen von etwa 900 bis 1400 nm als Infrarot. <\/p><p>Infrarotlicht kann bis zu 2,5 Zentimeter tief in die Haut eindringen. Das ist etwa das Dreifache der Eindringtiefe von kurzwelligem rotem Licht. <\/p><p>Aufgrund seiner thermischen Eigenschaften kann Infrarotlicht Verbrennungen auf der Haut und Sch\u00e4den an Augen oder anderem K\u00f6rpergewebe verursachen (im Gegensatz zu Rotlicht, das f\u00fcr die Augen unbedenklich ist). Daher muss Infrarotlicht mit Vorsicht und Sorgfalt angewendet werden. Es wird \u00fcblicherweise nur in extremen F\u00e4llen und nicht f\u00fcr die routinem\u00e4\u00dfige Rotlichttherapie eingesetzt.  <\/p><p>Infrarotlicht wird haupts\u00e4chlich zur Behandlung schwerwiegender Erkrankungen wie traumatischer Hirnverletzungen, starker Schmerzen, Alzheimer und anderer neurodegenerativer Erkrankungen sowie zur Verst\u00e4rkung der Wirkung einer Chemotherapie bei Krebserkrankungen eingesetzt.<\/p>\t\t\t\t\t\t\t\t<\/div>\n\t\t\t\t<div class=\"elementor-element elementor-element-4dbd388 elementor-widget elementor-widget-heading\" data-id=\"4dbd388\" data-element_type=\"widget\" data-e-type=\"widget\" data-widget_type=\"heading.default\">\n\t\t\t\t\t<h3 class=\"elementor-heading-title elementor-size-default\">Nahinfrarotlicht<\/h3>\t\t\t\t<\/div>\n\t\t\t\t<div class=\"elementor-element elementor-element-d01d9ff elementor-widget elementor-widget-text-editor\" data-id=\"d01d9ff\" data-element_type=\"widget\" data-e-type=\"widget\" data-widget_type=\"text-editor.default\">\n\t\t\t\t\t\t\t\t\t<p>Nahinfrarotlicht liegt im Spektralbereich zwischen kurzwelligem Rotlicht und Infrarotlicht. Es stellt gewisserma\u00dfen eine \u201eGrauzone\u201c im Bereich des Rotlichts dar, erweist sich aber als \u00e4u\u00dferst n\u00fctzlich f\u00fcr therapeutische Zwecke. <\/p><p>Da das Spektrum kontinuierlich ist, gibt es keine \u201emagische Zahl\u201c, die den genauen Beginn oder das Ende des Nahinfrarotbereichs (NIR) markiert. Allgemein gilt jedoch, dass der Wellenl\u00e4ngenbereich des NIR-Lichts zwischen etwa 700 und 900 nm liegt. <\/p><p>Die Sichtbarkeit von Nahinfrarotlicht ist variabel. Es liegt im Grenzbereich zwischen dem oberen Ende des roten Lichtspektrums und dem unteren Ende des Infrarotbereichs; daher ist Nahinfrarotlicht im unteren Bereich sichtbar und im oberen Bereich unsichtbar. Der \u00dcbergang vom Sichtbaren zum Unsichtbaren findet etwa im oberen Bereich des Spektrums statt.  <\/p><p>Nahinfrarotlicht dringt tiefer in den K\u00f6rper ein als rotes Licht, aber weniger tief als Infrarotlicht. Nahinfrarotlicht ist sicherer als Infrarotlicht, da es zwar im Bereich der thermischen Strahlung liegt, sein Potenzial, die Haut zu verbrennen oder tiefe Gewebesch\u00e4den zu verursachen, jedoch deutlich geringer ist als das von Infrarotlicht. <\/p><p>W\u00e4hrend rotes Licht keine sch\u00e4dlichen Nebenwirkungen hat, Infrarotlicht hingegen potenziell schon, liegt Nahinfrarotlicht (NIR) irgendwo dazwischen. Bei sicherer und sorgf\u00e4ltiger Anwendung kann es jedoch gro\u00dfe Vorteile bei minimalem Risiko von Nebenwirkungen bieten. <\/p><p>\u00c4hnlich wie bei rotem Licht weisen bestimmte NIR-Wellenl\u00e4ngen einen gr\u00f6\u00dferen therapeutischen Nutzen auf als andere. NIR-Licht im Bereich von 800 bis 880 nm zeigt das h\u00f6chste Heilungspotenzial innerhalb dieses Spektrums. <\/p>\t\t\t\t\t\t\t\t<\/div>\n\t\t\t\t<div class=\"elementor-element elementor-element-0926114 elementor-widget elementor-widget-heading\" data-id=\"0926114\" data-element_type=\"widget\" data-e-type=\"widget\" data-widget_type=\"heading.default\">\n\t\t\t\t\t<h3 class=\"elementor-heading-title elementor-size-default\">Welche speziellen Wellenl\u00e4ngen eignen sich am besten wof\u00fcr?<\/h3>\t\t\t\t<\/div>\n\t\t\t\t<div class=\"elementor-element elementor-element-43d2800 elementor-widget elementor-widget-text-editor\" data-id=\"43d2800\" data-element_type=\"widget\" data-e-type=\"widget\" data-widget_type=\"text-editor.default\">\n\t\t\t\t\t\t\t\t\t<p>Zun\u00e4chst ist es wichtig zu verstehen, dass jeder Mensch einzigartig ist und was f\u00fcr den einen funktioniert, muss nicht unbedingt f\u00fcr den anderen optimal sein. Dies gilt f\u00fcr bestimmte Wellenl\u00e4ngen, Wellenl\u00e4ngenkombinationen und Ger\u00e4tetypen. Kein Mensch gleicht dem anderen, und jeder reagiert anders auf Rotlichttherapie. Eine personalisierte Strategie ist daher am besten.   <\/p>\t\t\t\t\t\t\t\t<\/div>\n\t\t\t\t<div class=\"elementor-element elementor-element-4d4d116 elementor-widget elementor-widget-image\" data-id=\"4d4d116\" data-element_type=\"widget\" data-e-type=\"widget\" data-widget_type=\"image.default\">\n\t\t\t\t\t\t\t\t\t\t\t\t\t\t\t<img fetchpriority=\"high\" decoding=\"async\" width=\"396\" height=\"480\" src=\"https:\/\/www.novisanum.com\/wp-content\/uploads\/2025\/11\/RLT_diagram_480x480.webp\" class=\"attachment-full size-full wp-image-1279\" alt=\"\" srcset=\"https:\/\/www.novisanum.com\/wp-content\/uploads\/2025\/11\/RLT_diagram_480x480.webp 396w, https:\/\/www.novisanum.com\/wp-content\/uploads\/2025\/11\/RLT_diagram_480x480-248x300.webp 248w\" sizes=\"(max-width: 396px) 100vw, 396px\" \/>\t\t\t\t\t\t\t\t\t\t\t\t\t\t\t<\/div>\n\t\t\t\t<\/div>\n\t\t\t\t\t<\/div>\n\t\t\t\t<\/div>\n\t\t<div class=\"elementor-element elementor-element-365d1c5 e-flex e-con-boxed e-con e-parent\" data-id=\"365d1c5\" data-element_type=\"container\" data-e-type=\"container\" data-settings=\"{&quot;background_background&quot;:&quot;classic&quot;,&quot;_ha_eqh_enable&quot;:false}\">\n\t\t\t\t\t<div class=\"e-con-inner\">\n\t\t\t\t<div class=\"elementor-element elementor-element-2c06574 elementor-widget elementor-widget-heading\" data-id=\"2c06574\" data-element_type=\"widget\" data-e-type=\"widget\" data-widget_type=\"heading.default\">\n\t\t\t\t\t<h2 class=\"elementor-heading-title elementor-size-default\">Newsletter<\/h2>\t\t\t\t<\/div>\n\t\t\t\t<div class=\"elementor-element elementor-element-55ba04a elementor-widget__width-initial elementor-widget-mobile__width-inherit elementor-widget elementor-widget-text-editor\" data-id=\"55ba04a\" data-element_type=\"widget\" data-e-type=\"widget\" data-widget_type=\"text-editor.default\">\n\t\t\t\t\t\t\t\t\t<p>Ein kurzer Satz, der beschreibt, was jemand durch ein Abonnement erh\u00e4lt.<\/p>\t\t\t\t\t\t\t\t<\/div>\n\t\t\t\t<div class=\"elementor-element elementor-element-2636313 elementor-widget__width-initial elementor-widget-mobile__width-inherit elementor-button-align-stretch elementor-widget elementor-widget-form\" data-id=\"2636313\" data-element_type=\"widget\" data-e-type=\"widget\" data-settings=\"{&quot;button_width&quot;:&quot;30&quot;,&quot;step_next_label&quot;:&quot;Weiter&quot;,&quot;step_previous_label&quot;:&quot;Zur\\u00fcck&quot;,&quot;step_type&quot;:&quot;number_text&quot;,&quot;step_icon_shape&quot;:&quot;circle&quot;}\" data-widget_type=\"form.default\">\n\t\t\t\t\t\t\t<form class=\"elementor-form\" method=\"post\" name=\"Neues Formular\" aria-label=\"Neues Formular\">\r\n\t\t\t<input type=\"hidden\" name=\"post_id\" value=\"2161\"\/>\r\n\t\t\t<input type=\"hidden\" name=\"form_id\" value=\"2636313\"\/>\r\n\t\t\t<input type=\"hidden\" name=\"referer_title\" value=\"Unterschiede in der Lichttherapie?\" \/>\r\n\r\n\t\t\t\t\t\t\t<input type=\"hidden\" name=\"queried_id\" value=\"2161\"\/>\r\n\t\t\t\r\n\t\t\t<div class=\"elementor-form-fields-wrapper elementor-labels-\">\r\n\t\t\t\t\t\t\t\t<div class=\"elementor-field-type-email elementor-field-group elementor-column elementor-field-group-email elementor-col-70 elementor-field-required\">\r\n\t\t\t\t\t\t\t\t\t\t\t\t\t<input size=\"1\" type=\"email\" name=\"form_fields[email]\" id=\"form-field-email\" class=\"elementor-field elementor-size-sm  elementor-field-textual\" placeholder=\"Ihre E-Mail-Adresse\" required=\"required\">\r\n\t\t\t\t\t\t\t\t\t\t\t<\/div>\r\n\t\t\t\t\t\t\t\t<div class=\"elementor-field-group elementor-column elementor-field-type-submit elementor-col-30 e-form__buttons\">\r\n\t\t\t\t\t<button class=\"elementor-button elementor-size-sm\" type=\"submit\">\r\n\t\t\t\t\t\t<span class=\"elementor-button-content-wrapper\">\r\n\t\t\t\t\t\t\t\t\t\t\t\t\t\t\t\t\t\t\t\t\t\t<span class=\"elementor-button-text\">Abonnieren<\/span>\r\n\t\t\t\t\t\t\t\t\t\t\t\t\t<\/span>\r\n\t\t\t\t\t<\/button>\r\n\t\t\t\t<\/div>\r\n\t\t\t<\/div>\r\n\t\t<\/form>\r\n\t\t\t\t\t\t<\/div>\n\t\t\t\t\t<\/div>\n\t\t\t\t<\/div>\n\t\t\t\t<\/div>\n\t\t","protected":false},"excerpt":{"rendered":"<p>Unterschiede in der Lichttherapie? Bevor wir uns mit spezifischen Wellenl\u00e4ngen des roten Lichts und ihren Anwendungsgebieten befassen, ist es wichtig, die grundlegenden Arten von rotem Licht zu verstehen. Die Klassifizierung basiert auf der Lage der Wellenl\u00e4ngen im elektromagnetischen Spektrum. Das Spektrum der Rotlichttherapie beginnt mit rotem Licht, geht \u00fcber in den Nahinfrarotbereich (NIR) und schlie\u00dflich [&hellip;]<\/p>\n","protected":false},"author":1,"featured_media":0,"parent":0,"menu_order":0,"comment_status":"closed","ping_status":"closed","template":"elementor_header_footer","meta":{"_acf_changed":false,"footnotes":""},"class_list":["post-2161","page","type-page","status-publish","hentry"],"acf":[],"_links":{"self":[{"href":"https:\/\/www.novisanum.com\/de\/wp-json\/wp\/v2\/pages\/2161","targetHints":{"allow":["GET"]}}],"collection":[{"href":"https:\/\/www.novisanum.com\/de\/wp-json\/wp\/v2\/pages"}],"about":[{"href":"https:\/\/www.novisanum.com\/de\/wp-json\/wp\/v2\/types\/page"}],"author":[{"embeddable":true,"href":"https:\/\/www.novisanum.com\/de\/wp-json\/wp\/v2\/users\/1"}],"replies":[{"embeddable":true,"href":"https:\/\/www.novisanum.com\/de\/wp-json\/wp\/v2\/comments?post=2161"}],"version-history":[{"count":1,"href":"https:\/\/www.novisanum.com\/de\/wp-json\/wp\/v2\/pages\/2161\/revisions"}],"predecessor-version":[{"id":2162,"href":"https:\/\/www.novisanum.com\/de\/wp-json\/wp\/v2\/pages\/2161\/revisions\/2162"}],"wp:attachment":[{"href":"https:\/\/www.novisanum.com\/de\/wp-json\/wp\/v2\/media?parent=2161"}],"curies":[{"name":"wp","href":"https:\/\/api.w.org\/{rel}","templated":true}]}}