{"id":2256,"date":"2025-11-02T14:55:21","date_gmt":"2025-11-02T14:55:21","guid":{"rendered":"https:\/\/www.novisanum.com\/wissenschaft-ueber-wasserstoff\/"},"modified":"2025-11-07T03:07:08","modified_gmt":"2025-11-07T03:07:08","slug":"wissenschaft-ueber-wasserstoff","status":"publish","type":"page","link":"https:\/\/www.novisanum.com\/de\/wissenschaft-ueber-wasserstoff\/","title":{"rendered":"Wissenschaft \u00fcber Wasserstoff"},"content":{"rendered":"\t\t<div data-elementor-type=\"wp-page\" data-elementor-id=\"2256\" class=\"elementor elementor-2256 elementor-656\" data-elementor-settings=\"{&quot;ha_cmc_init_switcher&quot;:&quot;no&quot;}\" data-elementor-post-type=\"page\">\n\t\t\t\t<div class=\"elementor-element elementor-element-4591513 e-flex e-con-boxed e-con e-parent\" data-id=\"4591513\" data-element_type=\"container\" data-e-type=\"container\" data-settings=\"{&quot;_ha_eqh_enable&quot;:false}\">\n\t\t\t\t\t<div class=\"e-con-inner\">\n\t\t<div class=\"elementor-element elementor-element-60d8dd7 e-con-full e-flex e-con e-child\" data-id=\"60d8dd7\" data-element_type=\"container\" data-e-type=\"container\" data-settings=\"{&quot;_ha_eqh_enable&quot;:false}\">\n\t\t\t\t<div class=\"elementor-element elementor-element-3384306 elementor-widget elementor-widget-heading\" data-id=\"3384306\" data-element_type=\"widget\" data-e-type=\"widget\" data-widget_type=\"heading.default\">\n\t\t\t\t\t<h2 class=\"elementor-heading-title elementor-size-default\">Wissenschaft \u00fcber Wasserstoff<\/h2>\t\t\t\t<\/div>\n\t\t\t\t<div class=\"elementor-element elementor-element-233dffe elementor-widget elementor-widget-text-editor\" data-id=\"233dffe\" data-element_type=\"widget\" data-e-type=\"widget\" data-widget_type=\"text-editor.default\">\n\t\t\t\t\t\t\t\t\t<p>Eine entz\u00fcndungshemmende Sauerstofftherapie bietet viel bessere therapeutische Ergebnisse als eine teure, unbequeme \u00dcberdruckkammer und kann in Ihrem Schlafzimmer durchgef\u00fchrt werden. Eine entz\u00fcndungshemmende Sauerstofftherapie ist einfach. Dazu ist lediglich das Einatmen einer hohen Sauerstoffmenge w\u00e4hrend des Trainings erforderlich.\u2028<br \/><br \/>Innerhalb von 15 Minuten k\u00f6nnen Sie die Zellen \u00f6ffnen, sodass sie entgiften und gleichzeitig mehr Sauerstoff aufnehmen k\u00f6nnen. Dies kann vielen Menschen helfen, sich aus chronischen Situationen zu befreien, in denen dies vorher nicht m\u00f6glich war.<br \/>\u2028<br \/><strong>Die Kraft des Sauerstoffs<\/strong><br \/>Es ist unsichtbar, kraftvoll und f\u00fcr das Leben unverzichtbar. Es ist Sauerstoff. Wir atmen es ein Leben lang kontinuierlich ein und obwohl es nur 21 % der Luft ausmacht, die wir atmen, ist es der Schl\u00fcssel zu unserer Existenz. Je mehr wir \u00fcber die medizinischen Eigenschaften von Sauerstoff erfahren, desto klarer wird sein enormes medizinisches Behandlungspotenzial f\u00fcr viele schwerwiegende Erkrankungen.<br \/><br \/><strong>Entz\u00fcndliche Sauerstofftherapie \u2013 Dr. Mark Sircus<\/strong><br \/>Doch nur wenige kennen die wichtigen therapeutischen Anwendungen von Sauerstoff \u2013 bis jetzt. In seinem neuen Buch \u201eInflammatory Oxygen Therapy\u201c untersucht Dr. Mark Sircus die au\u00dfergew\u00f6hnlichen Vorteile der Sauerstofftherapie, von der Entgiftung bis zur Behandlung von Erkrankungen wie GERD und Alterung, mit besonderem Schwerpunkt auf Krebs.\u2028\u2028<br \/><br \/>Obwohl der Begriff \u201eSauerstofftherapie\u201c Bilder eines todkranken Patienten in einem Krankenhausbett mit Schl\u00e4uchen in Nase und Mund heraufbeschw\u00f6rt, zeigt dieses Buch, dass Sauerstoff so viel mehr zu bieten hat. Zun\u00e4chst untersucht Dr. Sircus die Natur des Sauerstoffs und seinen Zweck im K\u00f6rper genauer. Anschlie\u00dfend liefert er Einblicke, wie Entz\u00fcndungen im Laufe der Zeit Gewebe zerst\u00f6ren und wie Sauerstoff diesen Prozess umkehren kann.<br \/><br \/>Dar\u00fcber hinaus bietet Dr. Sircus eine sichere und hochwirksame Technik an, die nur 15 Minuten dauert und in aller Ruhe zu Hause durchgef\u00fchrt werden kann, sodass alle Vorteile f\u00fcr ein ges\u00fcnderes Leben genutzt werden k\u00f6nnen.<br \/><br \/><strong>Das stille Geheimnis<\/strong><br \/>Sie fragen sich vielleicht, warum Sie noch nie von diesem \u201eWundermittel\u201c geh\u00f6rt haben. Der Punkt ist, dass Sauerstoff nicht patentierbar ist, nicht teuer ist und man daf\u00fcr keinen Arzt braucht. Da es keine gro\u00dfen Gewinne abwirft, ist es ein gut geh\u00fctetes Geheimnis geblieben, aber die Fakten sprechen f\u00fcr sich. In diesem Buch erfahren Sie Fakten, die Ihr Leben ver\u00e4ndern k\u00f6nnen \u2013 Informationen, die Ihrer Gesundheit zugute kommen k\u00f6nnen.<br \/><br \/>Dies ist das erste Buch \u00fcberhaupt, in dem Kohlendioxid-Medizin und Sauerstoff-Medizin gemeinsam behandelt werden. Die entz\u00fcndungshemmende Sauerstofftherapie bietet neue Erkenntnisse \u00fcber die gemeinsamen Hauptmerkmale von Krankheiten, die mit einem Mangel an Sauerstoff und Kohlendioxid zusammenh\u00e4ngen. Viele \u00c4rzte haben noch nie von der Kohlendioxid-Medizin geh\u00f6rt.<br \/><br \/><strong>Trinken oder inhalieren?<\/strong><br \/>Man kann Wasser (H2O) trinken \u2013 aber auch als H2 (Wasserstoff) und als O2 (Sauerstoff) einatmen.\u2028Der K\u00f6rper produziert selbst Wasserstoffgas, kann dies jedoch nur durch Energiezufuhr in Form von Nahrung.\u2028Schon eine kleine Menge zus\u00e4tzlicher Wasserstoff bringt Vorteile. Es reduziert beispielsweise oxidativen Stress oder Entz\u00fcndungen, f\u00fchrt zu einem stetigen R\u00fcckgang von Gelenkerkrankungen wie Arthritis. Es ist wahrscheinlich das beste Anti-Aging \u00fcberhaupt und kann durch die Aktivierung des Hormons FGF21 sogar zur Gewichtsabnahme beitragen.<br \/><br \/><strong>Wasserstoff: die sicherste \u201eMedizin\u201c, die wir kennen<\/strong><br \/>Seit 2007 gibt es kontinuierlich wissenschaftliche Forschungen, die zeigen, dass Wasserstoff von gro\u00dfer therapeutischer Bedeutung sein kann.\u2028Dies liegt an der Gr\u00f6\u00dfe und dem Gewicht der Wasserstoffmolek\u00fcle. Das Atomgewicht von Wasserstoff ist das niedrigste aller uns bekannten Stoffe. Und das Molek\u00fcl H2 ist so klein, dass es nicht nur sehr leicht absorbiert wird, sondern bei Erreichen der S\u00e4ttigung von Geweben und Organen auch genauso m\u00fchelos aus dem K\u00f6rper \u201eschwebt\u201c. Man kann also Wasserstoff nicht \u00fcberdosieren. Das macht es sehr sicher.<br \/><br \/><strong>Molekularwasserstoff ist evidenzbasiert:<\/strong><br \/>&#8211; \u00dcber 2000 wissenschaftliche Studien<br \/>&#8211; \u00dcber 500 begutachtete Artikel<br \/>&#8211; 1.600+ Forscher<br \/>&#8211; 40+ menschliche Studien<br \/><br \/>Und:<br \/>\u00dcber 100 klinische Studien deuten darauf hin, dass H2 therapeutisches Potenzial f\u00fcr 170 verschiedene Menschen-, Tier- und Pflanzenmodelle und in nahezu jedem Organ des menschlichen K\u00f6rpers hat.<\/p>\t\t\t\t\t\t\t\t<\/div>\n\t\t\t\t<\/div>\n\t\t\t\t\t<\/div>\n\t\t\t\t<\/div>\n\t\t<div class=\"elementor-element elementor-element-365d1c5 e-flex e-con-boxed e-con e-parent\" data-id=\"365d1c5\" data-element_type=\"container\" data-e-type=\"container\" data-settings=\"{&quot;background_background&quot;:&quot;classic&quot;,&quot;_ha_eqh_enable&quot;:false}\">\n\t\t\t\t\t<div class=\"e-con-inner\">\n\t\t\t\t<div class=\"elementor-element elementor-element-2c06574 elementor-widget elementor-widget-heading\" data-id=\"2c06574\" data-element_type=\"widget\" data-e-type=\"widget\" data-widget_type=\"heading.default\">\n\t\t\t\t\t<h2 class=\"elementor-heading-title elementor-size-default\">Newsletter<\/h2>\t\t\t\t<\/div>\n\t\t\t\t<div class=\"elementor-element elementor-element-55ba04a elementor-widget__width-initial elementor-widget-mobile__width-inherit elementor-widget elementor-widget-text-editor\" data-id=\"55ba04a\" data-element_type=\"widget\" data-e-type=\"widget\" data-widget_type=\"text-editor.default\">\n\t\t\t\t\t\t\t\t\t<p>Ein kurzer Satz, der beschreibt, was jemand durch ein Abonnement erh\u00e4lt<\/p>\t\t\t\t\t\t\t\t<\/div>\n\t\t\t\t<div class=\"elementor-element elementor-element-2636313 elementor-widget__width-initial elementor-widget-mobile__width-inherit elementor-button-align-stretch elementor-widget elementor-widget-form\" data-id=\"2636313\" data-element_type=\"widget\" data-e-type=\"widget\" data-settings=\"{&quot;button_width&quot;:&quot;30&quot;,&quot;step_next_label&quot;:&quot;N\\u00e4chste&quot;,&quot;step_previous_label&quot;:&quot;Vorherige&quot;,&quot;step_type&quot;:&quot;number_text&quot;,&quot;step_icon_shape&quot;:&quot;circle&quot;}\" data-widget_type=\"form.default\">\n\t\t\t\t\t\t\t<form class=\"elementor-form\" method=\"post\" name=\"Neues Formular\" aria-label=\"Neues Formular\">\r\n\t\t\t<input type=\"hidden\" name=\"post_id\" value=\"2256\"\/>\r\n\t\t\t<input type=\"hidden\" name=\"form_id\" value=\"2636313\"\/>\r\n\t\t\t<input type=\"hidden\" name=\"referer_title\" value=\"Wissenschaft \u00fcber Wasserstoff\" \/>\r\n\r\n\t\t\t\t\t\t\t<input type=\"hidden\" name=\"queried_id\" value=\"2256\"\/>\r\n\t\t\t\r\n\t\t\t<div class=\"elementor-form-fields-wrapper elementor-labels-\">\r\n\t\t\t\t\t\t\t\t<div class=\"elementor-field-type-email elementor-field-group elementor-column elementor-field-group-email elementor-col-70 elementor-field-required\">\r\n\t\t\t\t\t\t\t\t\t\t\t\t\t<input size=\"1\" type=\"email\" name=\"form_fields[email]\" id=\"form-field-email\" class=\"elementor-field elementor-size-sm  elementor-field-textual\" placeholder=\"Ihre E-Mail\" required=\"required\">\r\n\t\t\t\t\t\t\t\t\t\t\t<\/div>\r\n\t\t\t\t\t\t\t\t<div class=\"elementor-field-group elementor-column elementor-field-type-submit elementor-col-30 e-form__buttons\">\r\n\t\t\t\t\t<button class=\"elementor-button elementor-size-sm\" type=\"submit\">\r\n\t\t\t\t\t\t<span class=\"elementor-button-content-wrapper\">\r\n\t\t\t\t\t\t\t\t\t\t\t\t\t\t\t\t\t\t\t\t\t\t<span class=\"elementor-button-text\">Abonnieren<\/span>\r\n\t\t\t\t\t\t\t\t\t\t\t\t\t<\/span>\r\n\t\t\t\t\t<\/button>\r\n\t\t\t\t<\/div>\r\n\t\t\t<\/div>\r\n\t\t<\/form>\r\n\t\t\t\t\t\t<\/div>\n\t\t\t\t\t<\/div>\n\t\t\t\t<\/div>\n\t\t\t\t<\/div>\n\t\t","protected":false},"excerpt":{"rendered":"<p>Wissenschaft \u00fcber Wasserstoff Eine entz\u00fcndungshemmende Sauerstofftherapie bietet viel bessere therapeutische Ergebnisse als eine teure, unbequeme \u00dcberdruckkammer und kann in Ihrem Schlafzimmer durchgef\u00fchrt werden. Eine entz\u00fcndungshemmende Sauerstofftherapie ist einfach. Dazu ist lediglich das Einatmen einer hohen Sauerstoffmenge w\u00e4hrend des Trainings erforderlich.\u2028 Innerhalb von 15 Minuten k\u00f6nnen Sie die Zellen \u00f6ffnen, sodass sie entgiften und gleichzeitig mehr [&hellip;]<\/p>\n","protected":false},"author":1,"featured_media":0,"parent":0,"menu_order":0,"comment_status":"closed","ping_status":"closed","template":"elementor_header_footer","meta":{"_acf_changed":false,"footnotes":""},"class_list":["post-2256","page","type-page","status-publish","hentry"],"acf":[],"_links":{"self":[{"href":"https:\/\/www.novisanum.com\/de\/wp-json\/wp\/v2\/pages\/2256","targetHints":{"allow":["GET"]}}],"collection":[{"href":"https:\/\/www.novisanum.com\/de\/wp-json\/wp\/v2\/pages"}],"about":[{"href":"https:\/\/www.novisanum.com\/de\/wp-json\/wp\/v2\/types\/page"}],"author":[{"embeddable":true,"href":"https:\/\/www.novisanum.com\/de\/wp-json\/wp\/v2\/users\/1"}],"replies":[{"embeddable":true,"href":"https:\/\/www.novisanum.com\/de\/wp-json\/wp\/v2\/comments?post=2256"}],"version-history":[{"count":4,"href":"https:\/\/www.novisanum.com\/de\/wp-json\/wp\/v2\/pages\/2256\/revisions"}],"predecessor-version":[{"id":2270,"href":"https:\/\/www.novisanum.com\/de\/wp-json\/wp\/v2\/pages\/2256\/revisions\/2270"}],"wp:attachment":[{"href":"https:\/\/www.novisanum.com\/de\/wp-json\/wp\/v2\/media?parent=2256"}],"curies":[{"name":"wp","href":"https:\/\/api.w.org\/{rel}","templated":true}]}}