{"id":2285,"date":"2025-11-02T03:26:45","date_gmt":"2025-11-02T03:26:45","guid":{"rendered":"https:\/\/www.novisanum.com\/wissenschaft-hinter-der-rotlichttherapie\/"},"modified":"2025-11-07T03:31:06","modified_gmt":"2025-11-07T03:31:06","slug":"wissenschaft-hinter-der-rotlichttherapie","status":"publish","type":"page","link":"https:\/\/www.novisanum.com\/de\/wissenschaft-hinter-der-rotlichttherapie\/","title":{"rendered":"Wissenschaft hinter der Rotlichttherapie"},"content":{"rendered":"\t\t<div data-elementor-type=\"wp-page\" data-elementor-id=\"2285\" class=\"elementor elementor-2285 elementor-229\" data-elementor-settings=\"{&quot;ha_cmc_init_switcher&quot;:&quot;no&quot;}\" data-elementor-post-type=\"page\">\n\t\t\t\t<div class=\"elementor-element elementor-element-4591513 e-flex e-con-boxed e-con e-parent\" data-id=\"4591513\" data-element_type=\"container\" data-e-type=\"container\" data-settings=\"{&quot;_ha_eqh_enable&quot;:false}\">\n\t\t\t\t\t<div class=\"e-con-inner\">\n\t\t<div class=\"elementor-element elementor-element-60d8dd7 e-con-full e-flex e-con e-child\" data-id=\"60d8dd7\" data-element_type=\"container\" data-e-type=\"container\" data-settings=\"{&quot;_ha_eqh_enable&quot;:false}\">\n\t\t\t\t<div class=\"elementor-element elementor-element-3384306 elementor-widget elementor-widget-heading\" data-id=\"3384306\" data-element_type=\"widget\" data-e-type=\"widget\" data-widget_type=\"heading.default\">\n\t\t\t\t\t<h2 class=\"elementor-heading-title elementor-size-default\">Wissenschaft hinter der Rotlichttherapie<\/h2>\t\t\t\t<\/div>\n\t\t\t\t<div class=\"elementor-element elementor-element-233dffe elementor-widget elementor-widget-text-editor\" data-id=\"233dffe\" data-element_type=\"widget\" data-e-type=\"widget\" data-widget_type=\"text-editor.default\">\n\t\t\t\t\t\t\t\t\t<p>Rotes Licht ist eine der wirksamsten Methoden, um Energie zu tanken und sich zu heilen. Harvard-Professor Michael Hamblin , der viel zu diesem Thema geforscht hat, glaubt, dass in 10 Jahren jeder Haushalt eine Rotlichtanlage besitzen wird.<\/p><p>Das Geheimnis der wissenschaftlichen Grundlage der Rotlichttherapie liegt in der Wellenl\u00e4nge des Lichts. Rotes Licht mit einer Wellenl\u00e4nge zwischen 600 und 900 Nanometern kann tiefer in die Haut eindringen als andere Lichtarten. Wenn dieses Licht unsere Haut erreicht, kann es Zellen zu biochemischen Reaktionen anregen. Diese Reaktionen k\u00f6nnen helfen, Zellen zu reparieren und zu erneuern, Entz\u00fcndungen zu reduzieren und Schmerzen zu lindern. Es ist wichtig zu erkennen, dass es sich hierbei nicht nur um einen kosmetischen Trick handelt, sondern um einen tiefgreifenden biologischen Prozess, der Licht zur Unterst\u00fctzung der Zellgesundheit nutzt.<\/p>\t\t\t\t\t\t\t\t<\/div>\n\t\t<div class=\"elementor-element elementor-element-66c246d e-con-full e-flex e-con e-child\" data-id=\"66c246d\" data-element_type=\"container\" data-e-type=\"container\" data-settings=\"{&quot;_ha_eqh_enable&quot;:false}\">\n\t\t<div class=\"elementor-element elementor-element-d32a67b e-con-full e-flex e-con e-child\" data-id=\"d32a67b\" data-element_type=\"container\" data-e-type=\"container\" data-settings=\"{&quot;_ha_eqh_enable&quot;:false}\">\n\t\t\t\t<div class=\"elementor-element elementor-element-da372ab elementor-widget elementor-widget-image\" data-id=\"da372ab\" data-element_type=\"widget\" data-e-type=\"widget\" data-widget_type=\"image.default\">\n\t\t\t\t\t\t\t\t\t\t\t\t\t\t\t<img fetchpriority=\"high\" decoding=\"async\" width=\"346\" height=\"480\" src=\"https:\/\/www.novisanum.com\/wp-content\/uploads\/2025\/11\/Skin_light_480x480.webp\" class=\"attachment-full size-full wp-image-1274\" alt=\"\" srcset=\"https:\/\/www.novisanum.com\/wp-content\/uploads\/2025\/11\/Skin_light_480x480.webp 346w, https:\/\/www.novisanum.com\/wp-content\/uploads\/2025\/11\/Skin_light_480x480-216x300.webp 216w\" sizes=\"(max-width: 346px) 100vw, 346px\" \/>\t\t\t\t\t\t\t\t\t\t\t\t\t\t\t<\/div>\n\t\t\t\t<\/div>\n\t\t<div class=\"elementor-element elementor-element-4fced5d e-con-full e-flex e-con e-child\" data-id=\"4fced5d\" data-element_type=\"container\" data-e-type=\"container\" data-settings=\"{&quot;_ha_eqh_enable&quot;:false}\">\n\t\t\t\t<div class=\"elementor-element elementor-element-484117e elementor-widget elementor-widget-text-editor\" data-id=\"484117e\" data-element_type=\"widget\" data-e-type=\"widget\" data-widget_type=\"text-editor.default\">\n\t\t\t\t\t\t\t\t\t<p><strong>Erkl\u00e4ren, wie rotes Licht auf zellul\u00e4rer Ebene funktioniert<\/strong><br \/>Wenn rotes Licht mit unserer Haut in Kontakt kommt, wird es von den Mitochondrien unserer Zellen absorbiert. Wenn Sie sich an Ihren Biologieunterricht erinnern, wissen Sie, dass Mitochondrien die \u201eKraftwerke\u201c der Zellen sind. Sie produzieren Energie in Form eines Molek\u00fcls namens ATP (Adenosintriphosphat). Wenn rotes Licht absorbiert wird, stimuliert es ein Enzym, das an der ATP-Produktion beteiligt ist. Dies bedeutet, dass der Zelle mehr Energie zur Verf\u00fcgung steht, um zu funktionieren und sich selbst zu reparieren. Das ist die wissenschaftliche Grundlage der Rotlichttherapie auf zellul\u00e4rer Ebene.<\/p>\t\t\t\t\t\t\t\t<\/div>\n\t\t\t\t<\/div>\n\t\t\t\t<\/div>\n\t\t\t\t<div class=\"elementor-element elementor-element-ec39dc8 elementor-widget elementor-widget-text-editor\" data-id=\"ec39dc8\" data-element_type=\"widget\" data-e-type=\"widget\" data-widget_type=\"text-editor.default\">\n\t\t\t\t\t\t\t\t\t<p><strong>Erkl\u00e4rung der Wirkung von rotem Licht auf zellul\u00e4rer Ebene<\/strong><br \/>Rotes Licht regt nicht nur die ATP-Produktion an, sondern beeinflusst auch die Produktion reaktiver Sauerstoffkomponenten, die eine Schl\u00fcsselrolle bei der Zellkommunikation spielen. Dadurch k\u00f6nnen Zellen effektiver zusammenarbeiten, um Sch\u00e4den zu reparieren, Entz\u00fcndungen zu reduzieren und die Haut zu erneuern. Dar\u00fcber hinaus kann rotes Licht die Genexpression beeinflussen und so eine bessere Funktion der Zellen erm\u00f6glichen. Dies gibt uns einen tieferen Einblick in die wissenschaftlichen Grundlagen der Rotlichttherapie und wie sie auf zellul\u00e4rer Ebene wirkt.<br \/><br \/>Wichtige Punkte, die man sich merken sollte:<\/p><ul><li>Die Wirkung der Rotlichttherapie beruht auf der Wellenl\u00e4nge des Lichts, das tief in die Haut eindringen kann.<\/li><li>Das rote Licht wird von den Mitochondrien in den Zellen absorbiert und regt die Produktion von ATP an, wodurch die Zellen mehr Energie erhalten.<\/li><li>Rotes Licht beeinflusst auch die Produktion reaktiver Sauerstoffkomponenten, die die Zellkommunikation verbessern.<\/li><li>Durch die Rotlichttherapie k\u00f6nnen Zellen effektiver zusammenarbeiten, um Sch\u00e4den zu reparieren und Entz\u00fcndungen zu reduzieren.<\/li><li>Rotes Licht kann die Genexpression beeinflussen und so eine bessere Funktion der Zellen erm\u00f6glichen.<\/li><li>Die wissenschaftliche Grundlage der Rotlichttherapie basiert auf tiefgreifender Forschung und hat das Potenzial, die traditionelle Medizin dramatisch zu ver\u00e4ndern.<\/li><\/ul><p><strong>Die Wirkung von rotem Licht auf Zellen: Die Wissenschaft erkl\u00e4rt<\/strong><br \/>Es ist ziemlich klar, dass die Wirkung der Rotlichttherapie \u00fcber die blo\u00dfe Oberfl\u00e4che unserer Haut hinausgeht. Doch wie genau funktioniert das auf zellul\u00e4rer Ebene? Nun, die Kraft des roten Lichts liegt in seiner Interaktion mit unseren Zellen. Wenn unsere Zellen rotem Licht ausgesetzt werden, produzieren sie mehr Energie und arbeiten effizienter. Die Mitochondrien, die Kraftwerke unserer Zellen, nehmen das rote Licht auf und wandeln es in Energie um. Diese Energie wird dann zum Betanken und zur Regeneration der Zelle verwendet.<br \/><br \/>Rotes Licht kann auch die Produktion reaktiver Sauerstoffkomponenten beeinflussen, Molek\u00fcle, die eine entscheidende Rolle im Kommunikationsprozess zwischen Zellen spielen. Dadurch k\u00f6nnen unsere Zellen effektiver zusammenarbeiten, um Gewebesch\u00e4den zu reparieren, Entz\u00fcndungen zu reduzieren und die allgemeine Hautgesundheit zu verbessern. Das Faszinierende daran ist, dass rotes Licht sogar die Expression bestimmter Gene beeinflussen und so die Funktionsweise von Zellen ver\u00e4ndern kann. Damit sind die wissenschaftlichen Grundlagen der Rotlichttherapie viel komplexer, als man auf den ersten Blick vermuten w\u00fcrde.<br \/><br \/>Wenn Sie also das n\u00e4chste Mal eine Rotlichttherapie sehen oder erleben, denken Sie daran, dass dahinter ein ganzer wissenschaftlicher Prozess steckt. Ein Prozess, der seit Jahrhunderten erforscht wird und das Potenzial hat, unsere Einstellung zu Gesundheit und Wohlbefinden dramatisch zu ver\u00e4ndern. Und das alles dank der Kraft des Lichts!<br \/><br \/><strong>Klinische Studien und die wissenschaftlichen Grundlagen der Rotlichttherapie<\/strong><br \/>Die wissenschaftliche Grundlage der Rotlichttherapie basiert nicht nur auf Theorien, sondern auch auf zahlreichen klinischen Studien. Diese Studien haben die Wirksamkeit der Rotlichttherapie f\u00fcr verschiedene Zwecke gezeigt. Beispielsweise gibt es Studien, die zeigen, dass es bei der Hautverj\u00fcngung, Schmerzlinderung, Wundheilung, Entz\u00fcndungsreduzierung und sogar Haarausfall helfen kann. Wussten Sie, dass es auch Studien gibt, die darauf hinweisen, dass eine Rotlichttherapie zur Verbesserung der kognitiven Funktion beitragen und sogar neurodegenerative Erkrankungen wie Alzheimer verlangsamen kann?\u00a0<br \/><br \/><strong>Wissenschaftliche Grundlagen der Rotlichttherapie<\/strong><br \/>Um die Wirksamkeit der Rotlichttherapie zu verstehen, m\u00fcssen wir einen Blick darauf werfen, wie unsere Zellen auf Licht reagieren. Das wirklich Interessante an der wissenschaftlichen Grundlage der Rotlichttherapie ist, dass die Wirkung nicht nur oberfl\u00e4chlich ist. Das Licht dringt tief in unsere Zellen ein und regt dort biochemische Prozesse an. Diese Prozesse k\u00f6nnen die Gesundheit und Funktion der Zellen verbessern und es unserem K\u00f6rper erm\u00f6glichen, effizienter zu funktionieren.<br \/><br \/><strong>Einsatz der Rotlichttherapie in der medizinischen Welt<\/strong><br \/>Die Rotlichttherapie wird in der medizinischen Welt immer h\u00e4ufiger eingesetzt, und das aus gutem Grund. Es handelt sich um eine sichere, nicht-invasive Behandlung, die zahlreiche gesundheitliche Vorteile bietet. Viele Mediziner nutzen diese Therapie, um Patienten mit Erkrankungen wie Hautproblemen, Schmerzen und Entz\u00fcndungen zu helfen. Aber was sagt die Wissenschaft zur Rotlichttherapie?<br \/><br \/>Die wissenschaftliche Grundlage der Rotlichttherapie wird durch zahlreiche Studien und Forschungen eindeutig gest\u00fctzt. Diese Studien zeigen, dass die Rotlichttherapie bei der Behandlung verschiedener Erkrankungen wirksam ist. Die folgende Tabelle listet die Anwendungen der Rotlichttherapie in der medizinischen Welt auf.<br \/><br \/>Neben diesen spezifischen Anwendungen wird die Rotlichttherapie auch als allgemeine Wellnessbehandlung eingesetzt. Es kann helfen, das Energieniveau zu steigern, die Schlafqualit\u00e4t zu verbessern und das allgemeine Wohlbefinden zu f\u00f6rdern. Offensichtlich spielt die wissenschaftliche Grundlage der Rotlichttherapie eine wichtige Rolle f\u00fcr die wachsende Beliebtheit und Akzeptanz dieser Behandlungsmethode in der medizinischen Welt.<br \/><br \/>Missverst\u00e4ndnisse und Fakten \u00fcber die wissenschaftlichen Grundlagen der Rotlichttherapie<br \/>Wie bei jeder neuen Therapie gibt es Missverst\u00e4ndnisse \u00fcber die wissenschaftlichen Grundlagen der Rotlichttherapie. Manche Leute denken, es sei nur ein kosmetischer Trick ohne wirkliche gesundheitliche Vorteile. Andere machen sich Sorgen um die Sicherheit und fragen sich, ob es sch\u00e4dlich f\u00fcr die Haut sein kann. Werfen wir einen Blick auf diese Missverst\u00e4ndnisse.<br \/><br \/>Tatsache ist, dass die Rotlichttherapie mehr als nur eine Sch\u00f6nheitsbehandlung ist. Es hat nachgewiesene gesundheitliche Vorteile auf zellul\u00e4rer Ebene, einschlie\u00dflich der Steigerung der ATP-Produktion und der Verbesserung der Zellkommunikation. Dies kann zu einer verbesserten Zellgesundheit und -funktion f\u00fchren und zur Hautverj\u00fcngung, Schmerzlinderung, Entz\u00fcndungsreduzierung und mehr beitragen.<br \/><br \/>Was die Sicherheit betrifft, handelt es sich bei der Rotlichttherapie um eine nicht-invasive, schmerzlose Behandlung, die als sehr sicher gilt. Es verursacht keine Verbrennungen oder Hautsch\u00e4den wie UV-Licht oder Laser. Nat\u00fcrlich sind, wie bei jeder Behandlung, bestimmte Vorsichtsma\u00dfnahmen zu treffen und es ist wichtig, die Therapie so anzuwenden, wie sie von einem Fachmann verordnet wurde.<br \/><br \/>Es gibt auch diejenigen, die glauben, dass die Ergebnisse der Rotlichttherapie sofort eintreten. W\u00e4hrend manche Menschen eine sofortige Linderung versp\u00fcren, insbesondere wenn es um Schmerzen und Entz\u00fcndungen geht, brauchen die meisten gesundheitlichen Vorteile Zeit, bis sie sich voll entfalten. Konsequenz und Geduld sind hier die Schlagworte.<br \/><br \/>Angesichts der wissenschaftlichen Grundlagen der Rotlichttherapie ist klar, dass die Vorteile real sind und die meisten Bedenken unbegr\u00fcndet sind. Aber wie bei jeder Therapie ist es wichtig, selbst zu recherchieren, Fragen zu stellen und die richtigen Fachleute zu konsultieren.<br \/><br \/><strong>Zuk\u00fcnftige Forschung und Entwicklungen in der Rotlichttherapie<\/strong><br \/>Obwohl die wissenschaftliche Grundlage der Rotlichttherapie bereits recht solide ist, steht die Welt der Forschung nicht still. St\u00e4ndig neue Entdeckungen und Innovationen tragen dazu bei, die Wirkungsweise dieser faszinierenden Behandlungsmethode besser zu verstehen. Die Zukunft der Rotlichttherapie sieht daher rosig aus.<br \/><br \/>Viele Studien konzentrieren sich auf die weitere Erforschung der Mechanismen hinter der Rotlichttherapie. Indem wir genau verstehen, wie es auf zellul\u00e4rer Ebene funktioniert, k\u00f6nnen wir die Therapie noch effizienter einsetzen. Es gibt auch Studien, die sich mit neuen Anwendungen der Rotlichttherapie befassen. Denken Sie beispielsweise an den Einsatz in der psychiatrischen Versorgung oder bei der Behandlung neurodegenerativer Erkrankungen.<br \/><br \/>Dar\u00fcber hinaus wird an der Verbesserung der Rotlichttherapieger\u00e4te gearbeitet. Der technologische Fortschritt erm\u00f6glicht die Entwicklung immer ausgefeilterer Ger\u00e4te, die pr\u00e4zisere und effektivere Behandlungen erm\u00f6glichen. Nicht nur die bekannten Wellenl\u00e4ngen des roten Lichts, sondern auch neue Wellenl\u00e4ngen werden auf ihre Vorteile hin untersucht.<br \/><br \/>Alles in allem k\u00f6nnen wir sagen, dass die Zukunft der Rotlichttherapie rosig und voller M\u00f6glichkeiten ist. Obwohl bereits viel \u00fcber die wissenschaftlichen Grundlagen der Rotlichttherapie bekannt ist, gibt es noch so viel mehr zu entdecken. Und genau das tut die Welt der Forschung mit gro\u00dfer Begeisterung. Bleiben Sie also dran, denn die kommenden Jahre versprechen spannend zu werden!<\/p>\t\t\t\t\t\t\t\t<\/div>\n\t\t\t\t<\/div>\n\t\t\t\t\t<\/div>\n\t\t\t\t<\/div>\n\t\t<div class=\"elementor-element elementor-element-365d1c5 e-flex e-con-boxed e-con e-parent\" data-id=\"365d1c5\" data-element_type=\"container\" data-e-type=\"container\" data-settings=\"{&quot;background_background&quot;:&quot;classic&quot;,&quot;_ha_eqh_enable&quot;:false}\">\n\t\t\t\t\t<div class=\"e-con-inner\">\n\t\t\t\t<div class=\"elementor-element elementor-element-2c06574 elementor-widget elementor-widget-heading\" data-id=\"2c06574\" data-element_type=\"widget\" data-e-type=\"widget\" data-widget_type=\"heading.default\">\n\t\t\t\t\t<h2 class=\"elementor-heading-title elementor-size-default\">Newsletter<\/h2>\t\t\t\t<\/div>\n\t\t\t\t<div class=\"elementor-element elementor-element-55ba04a elementor-widget__width-initial elementor-widget-mobile__width-inherit elementor-widget elementor-widget-text-editor\" data-id=\"55ba04a\" data-element_type=\"widget\" data-e-type=\"widget\" data-widget_type=\"text-editor.default\">\n\t\t\t\t\t\t\t\t\t<p>Ein kurzer Satz, der beschreibt, was jemand durch ein Abonnement erh\u00e4lt<\/p>\t\t\t\t\t\t\t\t<\/div>\n\t\t\t\t<div class=\"elementor-element elementor-element-2636313 elementor-widget__width-initial elementor-widget-mobile__width-inherit elementor-button-align-stretch elementor-widget elementor-widget-form\" data-id=\"2636313\" data-element_type=\"widget\" data-e-type=\"widget\" data-settings=\"{&quot;button_width&quot;:&quot;30&quot;,&quot;step_next_label&quot;:&quot;N\\u00e4chste&quot;,&quot;step_previous_label&quot;:&quot;Vorherige&quot;,&quot;step_type&quot;:&quot;number_text&quot;,&quot;step_icon_shape&quot;:&quot;circle&quot;}\" data-widget_type=\"form.default\">\n\t\t\t\t\t\t\t<form class=\"elementor-form\" method=\"post\" name=\"Neues Formular&lt;br&gt;\" aria-label=\"Neues Formular&lt;br&gt;\">\r\n\t\t\t<input type=\"hidden\" name=\"post_id\" value=\"2285\"\/>\r\n\t\t\t<input type=\"hidden\" name=\"form_id\" value=\"2636313\"\/>\r\n\t\t\t<input type=\"hidden\" name=\"referer_title\" value=\"Wissenschaft hinter der Rotlichttherapie\" \/>\r\n\r\n\t\t\t\t\t\t\t<input type=\"hidden\" name=\"queried_id\" value=\"2285\"\/>\r\n\t\t\t\r\n\t\t\t<div class=\"elementor-form-fields-wrapper elementor-labels-\">\r\n\t\t\t\t\t\t\t\t<div class=\"elementor-field-type-email elementor-field-group elementor-column elementor-field-group-email elementor-col-70 elementor-field-required\">\r\n\t\t\t\t\t\t\t\t\t\t\t\t\t<input size=\"1\" type=\"email\" name=\"form_fields[email]\" id=\"form-field-email\" class=\"elementor-field elementor-size-sm  elementor-field-textual\" placeholder=\"Ihre E-Mail\" required=\"required\">\r\n\t\t\t\t\t\t\t\t\t\t\t<\/div>\r\n\t\t\t\t\t\t\t\t<div class=\"elementor-field-group elementor-column elementor-field-type-submit elementor-col-30 e-form__buttons\">\r\n\t\t\t\t\t<button class=\"elementor-button elementor-size-sm\" type=\"submit\">\r\n\t\t\t\t\t\t<span class=\"elementor-button-content-wrapper\">\r\n\t\t\t\t\t\t\t\t\t\t\t\t\t\t\t\t\t\t\t\t\t\t<span class=\"elementor-button-text\">Abonnieren<\/span>\r\n\t\t\t\t\t\t\t\t\t\t\t\t\t<\/span>\r\n\t\t\t\t\t<\/button>\r\n\t\t\t\t<\/div>\r\n\t\t\t<\/div>\r\n\t\t<\/form>\r\n\t\t\t\t\t\t<\/div>\n\t\t\t\t\t<\/div>\n\t\t\t\t<\/div>\n\t\t\t\t<\/div>\n\t\t","protected":false},"excerpt":{"rendered":"<p>Wissenschaft hinter der Rotlichttherapie Rotes Licht ist eine der wirksamsten Methoden, um Energie zu tanken und sich zu heilen. Harvard-Professor Michael Hamblin , der viel zu diesem Thema geforscht hat, glaubt, dass in 10 Jahren jeder Haushalt eine Rotlichtanlage besitzen wird. Das Geheimnis der wissenschaftlichen Grundlage der Rotlichttherapie liegt in der Wellenl\u00e4nge des Lichts. Rotes [&hellip;]<\/p>\n","protected":false},"author":1,"featured_media":0,"parent":0,"menu_order":0,"comment_status":"closed","ping_status":"closed","template":"elementor_header_footer","meta":{"_acf_changed":false,"footnotes":""},"class_list":["post-2285","page","type-page","status-publish","hentry"],"acf":[],"_links":{"self":[{"href":"https:\/\/www.novisanum.com\/de\/wp-json\/wp\/v2\/pages\/2285","targetHints":{"allow":["GET"]}}],"collection":[{"href":"https:\/\/www.novisanum.com\/de\/wp-json\/wp\/v2\/pages"}],"about":[{"href":"https:\/\/www.novisanum.com\/de\/wp-json\/wp\/v2\/types\/page"}],"author":[{"embeddable":true,"href":"https:\/\/www.novisanum.com\/de\/wp-json\/wp\/v2\/users\/1"}],"replies":[{"embeddable":true,"href":"https:\/\/www.novisanum.com\/de\/wp-json\/wp\/v2\/comments?post=2285"}],"version-history":[{"count":4,"href":"https:\/\/www.novisanum.com\/de\/wp-json\/wp\/v2\/pages\/2285\/revisions"}],"predecessor-version":[{"id":2296,"href":"https:\/\/www.novisanum.com\/de\/wp-json\/wp\/v2\/pages\/2285\/revisions\/2296"}],"wp:attachment":[{"href":"https:\/\/www.novisanum.com\/de\/wp-json\/wp\/v2\/media?parent=2285"}],"curies":[{"name":"wp","href":"https:\/\/api.w.org\/{rel}","templated":true}]}}