{"id":2307,"date":"2025-11-02T14:49:50","date_gmt":"2025-11-02T14:49:50","guid":{"rendered":"https:\/\/www.novisanum.com\/wissenschaft-neueste-hautpflegebehandlung\/"},"modified":"2025-11-07T04:13:13","modified_gmt":"2025-11-07T04:13:13","slug":"wissenschaft-neueste-hautpflegebehandlung","status":"publish","type":"page","link":"https:\/\/www.novisanum.com\/de\/wissenschaft-neueste-hautpflegebehandlung\/","title":{"rendered":"Wissenschaft &amp; neueste Hautpflegebehandlung"},"content":{"rendered":"\t\t<div data-elementor-type=\"wp-page\" data-elementor-id=\"2307\" class=\"elementor elementor-2307 elementor-650\" data-elementor-settings=\"{&quot;ha_cmc_init_switcher&quot;:&quot;no&quot;}\" data-elementor-post-type=\"page\">\n\t\t\t\t<div class=\"elementor-element elementor-element-4591513 e-flex e-con-boxed e-con e-parent\" data-id=\"4591513\" data-element_type=\"container\" data-e-type=\"container\" data-settings=\"{&quot;_ha_eqh_enable&quot;:false}\">\n\t\t\t\t\t<div class=\"e-con-inner\">\n\t\t<div class=\"elementor-element elementor-element-60d8dd7 e-con-full e-flex e-con e-child\" data-id=\"60d8dd7\" data-element_type=\"container\" data-e-type=\"container\" data-settings=\"{&quot;_ha_eqh_enable&quot;:false}\">\n\t\t\t\t<div class=\"elementor-element elementor-element-3384306 elementor-widget elementor-widget-heading\" data-id=\"3384306\" data-element_type=\"widget\" data-e-type=\"widget\" data-widget_type=\"heading.default\">\n\t\t\t\t\t<h2 class=\"elementor-heading-title elementor-size-default\">Wissenschaft &amp; neueste Hautpflegebehandlung<\/h2>\t\t\t\t<\/div>\n\t\t\t\t<div class=\"elementor-element elementor-element-233dffe elementor-widget elementor-widget-text-editor\" data-id=\"233dffe\" data-element_type=\"widget\" data-e-type=\"widget\" data-widget_type=\"text-editor.default\">\n\t\t\t\t\t\t\t\t\t<p>Es ist immer sch\u00f6n zu sehen, wie Menschen die Sonne in vollen Z\u00fcgen genie\u00dfen und das Licht nutzen, um K\u00f6rper und Geist wieder aufzuladen. Schade um die damit einhergehende Hautalterung. Gibt es daf\u00fcr nicht eine intelligentere L\u00f6sung, die am besten zu einer Hautverj\u00fcngung f\u00fchrt? Ja, es gibt: Rotlichttherapie!<\/p>\t\t\t\t\t\t\t\t<\/div>\n\t\t<div class=\"elementor-element elementor-element-66c246d e-con-full e-flex e-con e-child\" data-id=\"66c246d\" data-element_type=\"container\" data-e-type=\"container\" data-settings=\"{&quot;_ha_eqh_enable&quot;:false}\">\n\t\t<div class=\"elementor-element elementor-element-d32a67b e-con-full e-flex e-con e-child\" data-id=\"d32a67b\" data-element_type=\"container\" data-e-type=\"container\" data-settings=\"{&quot;_ha_eqh_enable&quot;:false}\">\n\t\t\t\t<div class=\"elementor-element elementor-element-da372ab elementor-widget elementor-widget-image\" data-id=\"da372ab\" data-element_type=\"widget\" data-e-type=\"widget\" data-widget_type=\"image.default\">\n\t\t\t\t\t\t\t\t\t\t\t\t\t\t\t<img fetchpriority=\"high\" decoding=\"async\" width=\"346\" height=\"480\" src=\"https:\/\/www.novisanum.com\/wp-content\/uploads\/2025\/11\/Skin_light_480x480.webp\" class=\"attachment-full size-full wp-image-1274\" alt=\"\" srcset=\"https:\/\/www.novisanum.com\/wp-content\/uploads\/2025\/11\/Skin_light_480x480.webp 346w, https:\/\/www.novisanum.com\/wp-content\/uploads\/2025\/11\/Skin_light_480x480-216x300.webp 216w\" sizes=\"(max-width: 346px) 100vw, 346px\" \/>\t\t\t\t\t\t\t\t\t\t\t\t\t\t\t<\/div>\n\t\t\t\t<\/div>\n\t\t<div class=\"elementor-element elementor-element-4fced5d e-con-full e-flex e-con e-child\" data-id=\"4fced5d\" data-element_type=\"container\" data-e-type=\"container\" data-settings=\"{&quot;_ha_eqh_enable&quot;:false}\">\n\t\t\t\t<div class=\"elementor-element elementor-element-484117e elementor-widget elementor-widget-text-editor\" data-id=\"484117e\" data-element_type=\"widget\" data-e-type=\"widget\" data-widget_type=\"text-editor.default\">\n\t\t\t\t\t\t\t\t\t<p><strong>Strahlende Haut durch mehr ATP (Energie)<\/strong><br \/>Wie tr\u00e4gt rotes Licht zur Qualit\u00e4t Ihrer Haut bei? Strahlende Haut ist eine gesunde, energiereiche Haut, unter anderem aufgrund ausreichender Energie in den Hautzellen. Unsere Zellen, einschlie\u00dflich der Hautzellen, sind dank eines Mechanismus namens Cytochrom-C-Oxidase in der Lage, Licht in Energie umzuwandeln. Mithilfe dieser Energie, in der Fachsprache ATP genannt, f\u00f6rdert die Haut den Prozess der Bildung neuer Zellen und der Freisetzung alternder Zellen. Dadurch erschlaffen die Poren weniger, Flecken und F\u00e4ltchen verblassen, die Geschmeidigkeit und Festigkeit der Haut nimmt zu und sogar Akne wird damit bek\u00e4mpft. Dies geht aus einer iranischen Studie hervor, die der Autor Mark<\/p>\t\t\t\t\t\t\t\t<\/div>\n\t\t\t\t<\/div>\n\t\t\t\t<\/div>\n\t\t\t\t<div class=\"elementor-element elementor-element-ec39dc8 elementor-widget elementor-widget-text-editor\" data-id=\"ec39dc8\" data-element_type=\"widget\" data-e-type=\"widget\" data-widget_type=\"text-editor.default\">\n\t\t\t\t\t\t\t\t\t<p>Sloan in seinem Buch \u00fcber Rotlicht mit dem Titel \u201eMiracle Medicine\u201c zitiert. Dass dank einer ATP-Erh\u00f6hung ges\u00fcndere Prozesse auf Hochtouren laufen, l\u00e4sst sich auch in anderen Bereichen beobachten.<br \/><br \/><strong>Schnellere Hautheilung<\/strong><br \/>Daher ist es nicht verwunderlich, dass sich bei Hautverletzungen gezeigt hat, dass der Heilungsprozess durch den Einsatz von rotem Licht gef\u00f6rdert wird, wie Stephanie Hallett in ihrem Buch \u201eHealing with\u201c ausf\u00fchrlich beschreibt red light\u201c, eines von mittlerweile wachsenden wissenschaftlich fundierten B\u00fcchern zur Rotlichttherapie. Bei der beschleunigten Wundheilung handelt es sich \u00fcbrigens nicht um einen Placebo-Effekt, wie er auch bei verletzten Tieren nachgewiesen wurde, zeigt Dr. Michael Belkowski in seinem Buch \u201eRotlichttherapie \u2013 Behandlungsprotokolle\u201c.<br \/><br \/><strong>Wissenschaftliche Untersuchungen zeigen: Rotes Licht verj\u00fcngt die Haut<\/strong><br \/>Die Wissenschaft entdeckt rotes Licht als hautverj\u00fcngende Therapie. Es hat sich gezeigt, dass es funktioniert, und jetzt ist auch klar, wie es die Haut verj\u00fcngen kann. Rotes Licht kehrt Alterungsprozesse auf mehreren Wegen um. Ein solcher Weg besteht darin, dass rotes Licht die Kraftwerke der Zellen wieder aufladen kann. Wie genau passiert das? Jede menschliche Zelle verf\u00fcgt \u00fcber mehrere hundert bis tausende Kraftwerke, sogenannte Mitochondrien. Diese produzieren Energie, m\u00fcssen aber gef\u00fcttert werden. Das geht mit gesunder Ern\u00e4hrung, aber auch mit Licht. Mit gen\u00fcgend sehr spezifischen Frequenzen des roten Lichts k\u00f6nnen sie mehr Energie produzieren und es entstehen noch mehr Mitochondrien. Zellen, die \u00fcber ausreichend Energie verf\u00fcgen, leisten mehr Leistung, was unter anderem zu einer st\u00e4rkeren und geschmeidigeren Haut f\u00fchrt.<br \/><br \/><strong>Erh\u00f6hte Kollagenproduktion<\/strong><br \/>Ein weiteres Beispiel f\u00fcr die Wirksamkeit der Rotlichttherapie ist, dass das Licht Zentimeter tief in die Haut eindringt und dort unter anderem zwei Dinge bewirkt. Einer davon ist, dass es die Kollagenproduktion steigert. Und das ist gro\u00dfartig, denn Kollagen sorgt daf\u00fcr, dass Ihre Haut glatt und geschmeidig bleibt. Kollagen ist das, wovon eine 60-j\u00e4hrige Person nur noch die H\u00e4lfte hat, verglichen mit der Zeit, als sie 25 war. Kollagen ist also das, wovon man nach dem 25. Lebensjahr mehr und nicht weniger haben m\u00f6chte. Gl\u00fccklicherweise ist dies m\u00f6glich, indem man sich ganz bestimmten Frequenzen von rotem Licht aussetzt. Damit erleben Sie sofort die zweite Wirksamkeit der Lichtdurchdringung, n\u00e4mlich der Entz\u00fcndung entgegenzuwirken. Entz\u00fcndungen sch\u00e4digen die darunterliegende Hautstruktur und sind somit Treiber der Hautalterung.<br \/><br \/><strong>Rotlichttherapie f\u00fcr zu Hause<\/strong><br \/>Sie k\u00f6nnen die Rotlichttherapie in der Praxis eines Therapeuten erleben, aber immer mehr Menschen wenden die Therapie auch zu Hause an, auch weil es eine sehr angenehme Erfahrung ist. Tats\u00e4chlich gibt es hervorragende Ger\u00e4te, mit denen Sie die Rotlichttherapie in Ihr Zuhause bringen k\u00f6nnen. Ich selbst habe ein Ganzk\u00f6rperpanel, auf das ich mich jeden Tag freue, es gibt aber auch kleinere Panels, um zum Beispiel das Gesicht auszuleuchten.<br \/><br \/><strong>Selbstheilungsf\u00e4higkeit<\/strong><br \/>Mit der Rotlichttherapie holen Sie sich die Sonne in Ihr Zuhause, aber nur ihre besten Elemente. Indem Sie das Licht scheinen lassen, verbinden Sie die heilenden Eigenschaften des Sonnenlichts mit der Selbstheilungskraft des Menschen. Unser K\u00f6rper ist in der Lage, sich von besonders vielen Beschwerden und Beschwerden selbst zu heilen, wenn er beispielsweise durch eine gesunde Ern\u00e4hrung und ausreichend rotes Licht dazu in die Lage versetzt wird. Schauen Sie sich \u00fcber diesen Link an, welche Paneele und Betten f\u00fcr Sie geeignet sein k\u00f6nnten. Geben Sie Ihrem K\u00f6rper, was er braucht, unterst\u00fctzen Sie ihn mit rotem Licht und sehen Sie das Ergebnis unter anderem in strahlender, junger Haut!\u201c<\/p>\t\t\t\t\t\t\t\t<\/div>\n\t\t\t\t<\/div>\n\t\t\t\t\t<\/div>\n\t\t\t\t<\/div>\n\t\t<div class=\"elementor-element elementor-element-365d1c5 e-flex e-con-boxed e-con e-parent\" data-id=\"365d1c5\" data-element_type=\"container\" data-e-type=\"container\" data-settings=\"{&quot;background_background&quot;:&quot;classic&quot;,&quot;_ha_eqh_enable&quot;:false}\">\n\t\t\t\t\t<div class=\"e-con-inner\">\n\t\t\t\t<div class=\"elementor-element elementor-element-2c06574 elementor-widget elementor-widget-heading\" data-id=\"2c06574\" data-element_type=\"widget\" data-e-type=\"widget\" data-widget_type=\"heading.default\">\n\t\t\t\t\t<h2 class=\"elementor-heading-title elementor-size-default\">Newsletter<br><\/h2>\t\t\t\t<\/div>\n\t\t\t\t<div class=\"elementor-element elementor-element-55ba04a elementor-widget__width-initial elementor-widget-mobile__width-inherit elementor-widget elementor-widget-text-editor\" data-id=\"55ba04a\" data-element_type=\"widget\" data-e-type=\"widget\" data-widget_type=\"text-editor.default\">\n\t\t\t\t\t\t\t\t\t<p>Ein kurzer Satz, der beschreibt, was jemand durch das Abonnieren erh\u00e4lt<\/p>\t\t\t\t\t\t\t\t<\/div>\n\t\t\t\t<div class=\"elementor-element elementor-element-2636313 elementor-widget__width-initial elementor-widget-mobile__width-inherit elementor-button-align-stretch elementor-widget elementor-widget-form\" data-id=\"2636313\" data-element_type=\"widget\" data-e-type=\"widget\" data-settings=\"{&quot;button_width&quot;:&quot;30&quot;,&quot;step_next_label&quot;:&quot;N\\u00e4chste&quot;,&quot;step_previous_label&quot;:&quot;Vorherige&quot;,&quot;step_type&quot;:&quot;number_text&quot;,&quot;step_icon_shape&quot;:&quot;circle&quot;}\" data-widget_type=\"form.default\">\n\t\t\t\t\t\t\t<form class=\"elementor-form\" method=\"post\" name=\"Neues Formular\" aria-label=\"Neues Formular\">\r\n\t\t\t<input type=\"hidden\" name=\"post_id\" value=\"2307\"\/>\r\n\t\t\t<input type=\"hidden\" name=\"form_id\" value=\"2636313\"\/>\r\n\t\t\t<input type=\"hidden\" name=\"referer_title\" value=\"Wissenschaft &amp; neueste Hautpflegebehandlung\" \/>\r\n\r\n\t\t\t\t\t\t\t<input type=\"hidden\" name=\"queried_id\" value=\"2307\"\/>\r\n\t\t\t\r\n\t\t\t<div class=\"elementor-form-fields-wrapper elementor-labels-\">\r\n\t\t\t\t\t\t\t\t<div class=\"elementor-field-type-email elementor-field-group elementor-column elementor-field-group-email elementor-col-70 elementor-field-required\">\r\n\t\t\t\t\t\t\t\t\t\t\t\t\t<input size=\"1\" type=\"email\" name=\"form_fields[email]\" id=\"form-field-email\" class=\"elementor-field elementor-size-sm  elementor-field-textual\" placeholder=\"Ihre E-Mail-Adresse\" required=\"required\">\r\n\t\t\t\t\t\t\t\t\t\t\t<\/div>\r\n\t\t\t\t\t\t\t\t<div class=\"elementor-field-group elementor-column elementor-field-type-submit elementor-col-30 e-form__buttons\">\r\n\t\t\t\t\t<button class=\"elementor-button elementor-size-sm\" type=\"submit\">\r\n\t\t\t\t\t\t<span class=\"elementor-button-content-wrapper\">\r\n\t\t\t\t\t\t\t\t\t\t\t\t\t\t\t\t\t\t\t\t\t\t<span class=\"elementor-button-text\">Abonnieren<\/span>\r\n\t\t\t\t\t\t\t\t\t\t\t\t\t<\/span>\r\n\t\t\t\t\t<\/button>\r\n\t\t\t\t<\/div>\r\n\t\t\t<\/div>\r\n\t\t<\/form>\r\n\t\t\t\t\t\t<\/div>\n\t\t\t\t\t<\/div>\n\t\t\t\t<\/div>\n\t\t\t\t<\/div>\n\t\t","protected":false},"excerpt":{"rendered":"<p>Wissenschaft &amp; neueste Hautpflegebehandlung Es ist immer sch\u00f6n zu sehen, wie Menschen die Sonne in vollen Z\u00fcgen genie\u00dfen und das Licht nutzen, um K\u00f6rper und Geist wieder aufzuladen. Schade um die damit einhergehende Hautalterung. Gibt es daf\u00fcr nicht eine intelligentere L\u00f6sung, die am besten zu einer Hautverj\u00fcngung f\u00fchrt? Ja, es gibt: Rotlichttherapie! Strahlende Haut durch [&hellip;]<\/p>\n","protected":false},"author":1,"featured_media":0,"parent":0,"menu_order":0,"comment_status":"closed","ping_status":"closed","template":"elementor_header_footer","meta":{"_acf_changed":false,"footnotes":""},"class_list":["post-2307","page","type-page","status-publish","hentry"],"acf":[],"_links":{"self":[{"href":"https:\/\/www.novisanum.com\/de\/wp-json\/wp\/v2\/pages\/2307","targetHints":{"allow":["GET"]}}],"collection":[{"href":"https:\/\/www.novisanum.com\/de\/wp-json\/wp\/v2\/pages"}],"about":[{"href":"https:\/\/www.novisanum.com\/de\/wp-json\/wp\/v2\/types\/page"}],"author":[{"embeddable":true,"href":"https:\/\/www.novisanum.com\/de\/wp-json\/wp\/v2\/users\/1"}],"replies":[{"embeddable":true,"href":"https:\/\/www.novisanum.com\/de\/wp-json\/wp\/v2\/comments?post=2307"}],"version-history":[{"count":4,"href":"https:\/\/www.novisanum.com\/de\/wp-json\/wp\/v2\/pages\/2307\/revisions"}],"predecessor-version":[{"id":2321,"href":"https:\/\/www.novisanum.com\/de\/wp-json\/wp\/v2\/pages\/2307\/revisions\/2321"}],"wp:attachment":[{"href":"https:\/\/www.novisanum.com\/de\/wp-json\/wp\/v2\/media?parent=2307"}],"curies":[{"name":"wp","href":"https:\/\/api.w.org\/{rel}","templated":true}]}}