{"id":2355,"date":"2025-11-02T05:13:43","date_gmt":"2025-11-02T05:13:43","guid":{"rendered":"https:\/\/www.novisanum.com\/product\/b4800-rotlichtpanel\/"},"modified":"2025-11-09T09:10:23","modified_gmt":"2025-11-09T09:10:23","slug":"b4800-rotlichtpanel","status":"publish","type":"product","link":"https:\/\/www.novisanum.com\/de\/produkt\/b4800-rotlichtpanel\/","title":{"rendered":"B4800 Rotlichtpanel"},"content":{"rendered":"<p>St\u00e4nder zur horizontalen und vertikalen Aufh\u00e4ngung f\u00fcr Rotlichttherapie-Panels.<\/p>\n<p>Geeignet f\u00fcr die Modelle:<br \/>\n&#8211; M900 &amp; E900<br \/>\n&#8211; M1800 &amp; E1800<br \/>\n&#8211; E2400<\/p>\n","protected":false},"excerpt":{"rendered":"<p>St\u00e4nder zur horizontalen und vertikalen Aufh\u00e4ngung f\u00fcr Rotlichttherapie-Panels. Geeignet f\u00fcr die Modelle: &#8211; M900 &amp; E900 &#8211; M1800 &amp; E1800 &#8211; E2400<\/p>\n","protected":false},"featured_media":1784,"comment_status":"open","ping_status":"closed","template":"","meta":{"_acf_changed":false},"product_brand":[],"product_cat":[187],"product_tag":[],"class_list":{"0":"post-2355","1":"product","2":"type-product","3":"status-publish","4":"has-post-thumbnail","6":"product_cat-standards-mounts","8":"first","9":"instock","10":"shipping-taxable","11":"purchasable","12":"product-type-simple"},"acf":[],"_links":{"self":[{"href":"https:\/\/www.novisanum.com\/de\/wp-json\/wp\/v2\/product\/2355","targetHints":{"allow":["GET"]}}],"collection":[{"href":"https:\/\/www.novisanum.com\/de\/wp-json\/wp\/v2\/product"}],"about":[{"href":"https:\/\/www.novisanum.com\/de\/wp-json\/wp\/v2\/types\/product"}],"replies":[{"embeddable":true,"href":"https:\/\/www.novisanum.com\/de\/wp-json\/wp\/v2\/comments?post=2355"}],"wp:featuredmedia":[{"embeddable":true,"href":"https:\/\/www.novisanum.com\/de\/wp-json\/wp\/v2\/media\/1784"}],"wp:attachment":[{"href":"https:\/\/www.novisanum.com\/de\/wp-json\/wp\/v2\/media?parent=2355"}],"wp:term":[{"taxonomy":"product_brand","embeddable":true,"href":"https:\/\/www.novisanum.com\/de\/wp-json\/wp\/v2\/product_brand?post=2355"},{"taxonomy":"product_cat","embeddable":true,"href":"https:\/\/www.novisanum.com\/de\/wp-json\/wp\/v2\/product_cat?post=2355"},{"taxonomy":"product_tag","embeddable":true,"href":"https:\/\/www.novisanum.com\/de\/wp-json\/wp\/v2\/product_tag?post=2355"}],"curies":[{"name":"wp","href":"https:\/\/api.w.org\/{rel}","templated":true}]}}