{"id":2370,"date":"2025-11-02T05:06:21","date_gmt":"2025-11-02T05:06:21","guid":{"rendered":"https:\/\/www.novisanum.com\/product\/pro2400-rotlichtpanel\/"},"modified":"2025-11-02T05:06:21","modified_gmt":"2025-11-02T05:06:21","slug":"pro2400-rotlichtpanel","status":"publish","type":"product","link":"https:\/\/www.novisanum.com\/de\/produkt\/pro2400-rotlichtpanel\/","title":{"rendered":"PRO2400 Rotlichtpanel"},"content":{"rendered":"<p>Dieses Panel eignet sich zur Behandlung bestimmter K\u00f6rperteile. Diese nicht-invasive Therapie kann eine vielversprechende Alternative zu herk\u00f6mmlichen Schmerzbehandlungsmethoden darstellen. <\/p>\n<p><strong>Unterschiede B-Serie &amp; PRO-Serie<\/strong><br \/>\nDie Panels der PRO-Serie sind mit speziellen Dual-Chip-LEDs ausgestattet und geh\u00f6ren damit zu den fortschrittlichsten Rotlichttherapiesystemen auf dem Markt. Dank dieser speziellen LEDs verf\u00fcgen die Panels \u00fcber eine besonders hohe Bestrahlungsst\u00e4rke. Dar\u00fcber hinaus bieten sie 5 (statt 2) Wellenl\u00e4ngen von 630 &amp; 660 &amp; 810 &amp; 830 &amp; 850 Nanometern. Dadurch k\u00f6nnen die PRO-Panels die meisten Gesundheitsprobleme behandeln. die nachweislich den gr\u00f6\u00dften Einfluss auf die menschliche Biologie haben. Diese PRO-Panels bieten au\u00dferdem eine intelligente Steuerung: Timing, Helligkeitseinstellung, Impulsfunktion sowie Anschluss und Verkn\u00fcpfung mehrerer Panels f\u00fcr zuk\u00fcnftige Erweiterungen.     <\/p>\n<p><strong>PRODUKTSPEZIFIKATIONEN<\/strong><br \/>\nProdukt: PRO2400<br \/>\nAbmessungen: L1175 * B400 * H65 mm<br \/>\nAnzahl der LEDs: 180 St\u00fcck<br \/>\nWellenl\u00e4ngen: 630 nm: 660 nm: 810 nm: 830 nm: 850 nm<br \/>\nEingangsspannung: 230V<br \/>\nStrahlungsst\u00e4rke: 180mW\/cm2<br \/>\nGewicht: 21 kg<br \/>\nGarantie: 5 Jahre<br \/>\nBehandlungsfl\u00e4che: Ganzk\u00f6rper<br \/>\nExtras: Zeitsteuerungsfunktion &amp; Anti-Flicker<\/p>\n<p><strong>Wie es funktioniert<\/strong><br \/>\nDie therapeutische Wirkung der Rotlichttherapie wird auf ihre F\u00e4higkeit zur\u00fcckgef\u00fchrt, tiefere Gewebe unter der Haut zu erreichen. Sobald das rote Licht von den Zellen absorbiert wird, interagiert es mit den Mitochondrien, auch bekannt als \u201eKraftwerk der Zelle\u201c, um die Produktion von Adenosintriphosphat (ATP) zu steigern. ATP ist f\u00fcr die Energie und Funktion der Zellen unerl\u00e4sslich. Es wird angenommen, dass eine erh\u00f6hte ATP-Produktion zellul\u00e4re Reparatur- und Regenerationsprozesse stimuliert, um Entz\u00fcndungen zu reduzieren und Schmerzen zu lindern.   <\/p>\n<p><strong>Die Wissenschaft hinter der Rotlichttherapie<\/strong><\/p>\n<p><strong>Zellreparatur und -wachstum:<\/strong> Die Rotlichttherapie f\u00f6rdert die Freisetzung von Stickoxid, was die Durchblutung und Sauerstoffversorgung des Gewebes verbessern kann. Dieser Prozess hilft bei der Reparatur besch\u00e4digter Zellen und unterst\u00fctzt das Wachstum neuer, gesunder Zellen.\u200d<br \/>\nEntz\u00fcndungen reduzieren: Chronische Entz\u00fcndungen sind eine h\u00e4ufige Schmerzquelle. Es hat sich gezeigt, dass die Rotlichttherapie die Produktion entz\u00fcndungsf\u00f6rdernder Zytokine reduziert und die Aktivit\u00e4t entz\u00fcndungshemmender Zytokine erh\u00f6ht, was zu einer Verringerung von Entz\u00fcndungen und Schmerzen f\u00fchrt.<br \/>\n\u200d<br \/>\n<strong>Nervenregeneration:<\/strong> Eine Rotlichttherapie kann die Nervenreparatur und das Nervenwachstum stimulieren, was zu einer Linderung neuropathischer Schmerzzust\u00e4nde f\u00fchren kann.<br \/>\n<strong>Muskelregeneration:<\/strong> Sportler und Menschen, die sich von Muskelverletzungen erholen, k\u00f6nnen von einer Rotlichttherapie profitieren. Es kann die Muskelregeneration f\u00f6rdern, indem es Entz\u00fcndungen reduziert und eine schnellere Heilung f\u00f6rdert. <\/p>\n<p><strong>Schmerzlinderung und chronische Schmerzzust\u00e4nde:<\/strong> Es wurden Untersuchungen zur Wirksamkeit der Rotlichttherapie bei chronischen Erkrankungen wie Fibromyalgie, Osteoarthritis und rheumatoider Arthritis durchgef\u00fchrt, indem sie Entz\u00fcndungen reduziert und die Zellreparatur f\u00f6rdert.<br \/>\n<strong>Gelenk- und Muskelschmerzen:<\/strong> Viele Sportler finden durch regelm\u00e4\u00dfige Sitzungen mit der Rotlichttherapie Linderung bei Sportverletzungen oder \u00dcberlastungsverletzungen bei Gelenkschmerzen.<br \/>\nR\u00fccken-\/Nacken- und Schulterschmerzen: Schmerzen im unteren R\u00fccken, Nacken oder in den Schultern sind ein h\u00e4ufiges Leiden und die Rotlichttherapie kann eine wirksame Behandlungsoption sein, indem sie Entz\u00fcndungen lindert und die Gewebereparatur anregt.<\/p>\n<p><strong>Postoperative Genesung: <\/strong>Patienten, die sich von einer Operation erholen, k\u00f6nnen von einer Rotlichttherapie profitieren, da sie den Heilungsprozess beschleunigen und postoperative Schmerzen und Schwellungen reduzieren kann.<\/p>\n<p><strong>Rotlichttherapie<\/strong><br \/>\nEine Sitzung dauert in der Regel 10\u201315 Minuten und Sie sp\u00fcren m\u00f6glicherweise eine sanfte W\u00e4rme auf Ihrer Haut, jedoch kein Unbehagen. Die Anzahl der erforderlichen Sitzungen h\u00e4ngt von der behandelten Erkrankung und dem individuellen Ansprechen auf die Therapie ab. <\/p>\n<p><strong>Sicherheit und Nebenwirkungen<\/strong><br \/>\nDie Rotlichttherapie gilt als sicher und weist nur minimale Nebenwirkungen auf. Um die Augen zu sch\u00fctzen, ist es jedoch wichtig, nicht direkt in das Licht zu blicken. Gl\u00e4ser hierf\u00fcr sind im Kaufpreis enthalten.  <\/p>\n<p><strong>Ist die Rotlichttherapie f\u00fcr Sie geeignet?<\/strong><br \/>\nRegelm\u00e4\u00dfige Rotlichttherapie-Sitzungen k\u00f6nnen genau das sein, was Sie brauchen, um eine Schmerzlinderung zu erfahren. Diese nicht-invasive Therapie nutzt die Kraft des Lichts zur Heilung und Linderung von Beschwerden und kann dabei helfen, Entz\u00fcndungen zu reduzieren, die Zellreparatur zu f\u00f6rdern und gleichzeitig Ihre Stimmung zu verbessern. <\/p>\n","protected":false},"excerpt":{"rendered":"<p>Dieses Panel eignet sich zur Behandlung bestimmter K\u00f6rperteile. Diese nicht-invasive Therapie kann eine vielversprechende Alternative zu herk\u00f6mmlichen Schmerzbehandlungsmethoden darstellen. Unterschiede B-Serie &amp; PRO-Serie Die Panels der PRO-Serie sind mit speziellen Dual-Chip-LEDs ausgestattet und geh\u00f6ren damit zu den fortschrittlichsten Rotlichttherapiesystemen auf dem Markt. Dank dieser speziellen LEDs verf\u00fcgen die Panels \u00fcber eine besonders hohe Bestrahlungsst\u00e4rke. Dar\u00fcber [&hellip;]<\/p>\n","protected":false},"featured_media":1679,"comment_status":"open","ping_status":"closed","template":"","meta":{"_acf_changed":false},"product_brand":[],"product_cat":[182],"product_tag":[],"class_list":{"0":"post-2370","1":"product","2":"type-product","3":"status-publish","4":"has-post-thumbnail","6":"product_cat-red-light-systems-e-serie","8":"first","9":"instock","10":"shipping-taxable","11":"purchasable","12":"product-type-simple"},"acf":[],"_links":{"self":[{"href":"https:\/\/www.novisanum.com\/de\/wp-json\/wp\/v2\/product\/2370","targetHints":{"allow":["GET"]}}],"collection":[{"href":"https:\/\/www.novisanum.com\/de\/wp-json\/wp\/v2\/product"}],"about":[{"href":"https:\/\/www.novisanum.com\/de\/wp-json\/wp\/v2\/types\/product"}],"replies":[{"embeddable":true,"href":"https:\/\/www.novisanum.com\/de\/wp-json\/wp\/v2\/comments?post=2370"}],"wp:featuredmedia":[{"embeddable":true,"href":"https:\/\/www.novisanum.com\/de\/wp-json\/wp\/v2\/media\/1679"}],"wp:attachment":[{"href":"https:\/\/www.novisanum.com\/de\/wp-json\/wp\/v2\/media?parent=2370"}],"wp:term":[{"taxonomy":"product_brand","embeddable":true,"href":"https:\/\/www.novisanum.com\/de\/wp-json\/wp\/v2\/product_brand?post=2370"},{"taxonomy":"product_cat","embeddable":true,"href":"https:\/\/www.novisanum.com\/de\/wp-json\/wp\/v2\/product_cat?post=2370"},{"taxonomy":"product_tag","embeddable":true,"href":"https:\/\/www.novisanum.com\/de\/wp-json\/wp\/v2\/product_tag?post=2370"}],"curies":[{"name":"wp","href":"https:\/\/api.w.org\/{rel}","templated":true}]}}