{"id":2401,"date":"2025-11-02T04:42:56","date_gmt":"2025-11-02T04:42:56","guid":{"rendered":"https:\/\/www.novisanum.com\/product\/haarwuchskappe-ht02\/"},"modified":"2025-11-02T04:42:56","modified_gmt":"2025-11-02T04:42:56","slug":"haarwuchskappe-ht02","status":"publish","type":"product","link":"https:\/\/www.novisanum.com\/de\/produkt\/haarwuchskappe-ht02\/","title":{"rendered":"Haarwuchskappe (HT02)"},"content":{"rendered":"<p>Suchen Sie nach einer nat\u00fcrlichen L\u00f6sung gegen Haarausfall oder d\u00fcnner werdendes Haar? Diese spezielle Rotlichttherapie-Kappe bietet eine wissenschaftlich fundierte Methode, die nicht nur das Haarwachstum f\u00f6rdert, sondern auch die allgemeine Gesundheit Ihrer Haare und Kopfhaut verbessert. <\/p>\n<p>Unterst\u00fctzt durch die Wissenschaft<br \/>\nStudien renommierter Forschungsinstitute wie der Harvard Medical School belegen die Wirksamkeit der Rotlichttherapie bei Haarausfall. Diese Form der Lichttherapie bietet nicht nur Hoffnung f\u00fcr Menschen mit Haarproblemen, sondern verbessert auch den allgemeinen Zustand der Kopfhaut. PudMed bietet online mehrere Studien zur Wirkung der Rotlichttherapie auf die Kopfhaut an.  <\/p>\n<p><strong>Warum Rotlichttherapie w\u00e4hlen?<\/strong><\/p>\n<p><strong>Regt das Haarwachstum an:<\/strong> Die Therapie kann zu einer deutlichen Zunahme der Haarmenge und -dicke f\u00fchren.<br \/>\n<strong>Verringert Haarausfall: <\/strong>Durch die St\u00e4rkung der Haarfollikel kann die Rotlichttherapie Haarausfall reduzieren.<br \/>\n<strong>Verbessert die Haarstruktur: <\/strong>Regelm\u00e4\u00dfige Behandlungen k\u00f6nnen zu ges\u00fcnderem, kr\u00e4ftigerem und dickerem Haar f\u00fchren.<br \/>\n<strong>Sicher und nicht-invasiv:<\/strong> Diese Therapie ist eine nat\u00fcrliche Option zur Bek\u00e4mpfung von Haarausfall ohne Operation.<\/p>\n<p><strong>Wie es funktioniert<\/strong><\/p>\n<p><strong>Anwendung zu Hause:<\/strong> Mit dieser speziellen Kappe k\u00f6nnen Sie die Rotlichttherapie ganz einfach zu Hause anwenden \u2013 und das zu einem Bruchteil der Kosten einer chirurgischen Transplantation.<br \/>\n<strong>Behandlungsablauf:<\/strong> F\u00fcr optimale Ergebnisse empfiehlt es sich, die Kappe jeden zweiten Tag in 15- bis 20-min\u00fctigen Sitzungen zu tragen. Erste Ergebnisse sind nach 6 Monaten sichtbar, das optimale Ergebnis ist nach 24 Monaten erreicht. F\u00fcr schnellere Ergebnisse empfehlen wir den Spezialhelm.   <\/p>\n<p><strong>PRODUKTSPEZIFIKATIONEN:<\/strong><\/p>\n<p>Marke: Novisanum<br \/>\nProdukt: Rotlichttherapie-Kappe<br \/>\nModell: HT02<br \/>\nFarbe: Schwarz<br \/>\nAnzahl LEDs: 120<br \/>\nWellenl\u00e4ngen: 660\/830 nm<br \/>\nLED-Farben: Rot und Blau<br \/>\nLeistungsaufnahme: 75 Watt<br \/>\nGewicht: 18 Gramm<br \/>\nVerpackung: Karton<br \/>\nVerpackungsma\u00dfe: 36 x 16 x 24 mm<br \/>\nZubeh\u00f6r: Netzteil, USB-Kabel<br \/>\nGarantie: 2 Jahre<\/p>\n","protected":false},"excerpt":{"rendered":"<p>Suchen Sie nach einer nat\u00fcrlichen L\u00f6sung gegen Haarausfall oder d\u00fcnner werdendes Haar? Diese spezielle Rotlichttherapie-Kappe bietet eine wissenschaftlich fundierte Methode, die nicht nur das Haarwachstum f\u00f6rdert, sondern auch die allgemeine Gesundheit Ihrer Haare und Kopfhaut verbessert. Unterst\u00fctzt durch die Wissenschaft Studien renommierter Forschungsinstitute wie der Harvard Medical School belegen die Wirksamkeit der Rotlichttherapie bei Haarausfall. [&hellip;]<\/p>\n","protected":false},"featured_media":1394,"comment_status":"open","ping_status":"closed","template":"","meta":{"_acf_changed":false},"product_brand":[],"product_cat":[157],"product_tag":[],"class_list":{"0":"post-2401","1":"product","2":"type-product","3":"status-publish","4":"has-post-thumbnail","6":"product_cat-hair-growth-systems","8":"first","9":"instock","10":"shipping-taxable","11":"purchasable","12":"product-type-simple"},"acf":[],"_links":{"self":[{"href":"https:\/\/www.novisanum.com\/de\/wp-json\/wp\/v2\/product\/2401","targetHints":{"allow":["GET"]}}],"collection":[{"href":"https:\/\/www.novisanum.com\/de\/wp-json\/wp\/v2\/product"}],"about":[{"href":"https:\/\/www.novisanum.com\/de\/wp-json\/wp\/v2\/types\/product"}],"replies":[{"embeddable":true,"href":"https:\/\/www.novisanum.com\/de\/wp-json\/wp\/v2\/comments?post=2401"}],"wp:featuredmedia":[{"embeddable":true,"href":"https:\/\/www.novisanum.com\/de\/wp-json\/wp\/v2\/media\/1394"}],"wp:attachment":[{"href":"https:\/\/www.novisanum.com\/de\/wp-json\/wp\/v2\/media?parent=2401"}],"wp:term":[{"taxonomy":"product_brand","embeddable":true,"href":"https:\/\/www.novisanum.com\/de\/wp-json\/wp\/v2\/product_brand?post=2401"},{"taxonomy":"product_cat","embeddable":true,"href":"https:\/\/www.novisanum.com\/de\/wp-json\/wp\/v2\/product_cat?post=2401"},{"taxonomy":"product_tag","embeddable":true,"href":"https:\/\/www.novisanum.com\/de\/wp-json\/wp\/v2\/product_tag?post=2401"}],"curies":[{"name":"wp","href":"https:\/\/api.w.org\/{rel}","templated":true}]}}