{"id":2411,"date":"2025-11-02T04:35:00","date_gmt":"2025-11-02T04:35:00","guid":{"rendered":"https:\/\/www.novisanum.com\/product\/gesichtsmaske-sm04\/"},"modified":"2025-11-02T04:35:00","modified_gmt":"2025-11-02T04:35:00","slug":"gesichtsmaske-sm04","status":"publish","type":"product","link":"https:\/\/www.novisanum.com\/de\/produkt\/gesichtsmaske-sm04\/","title":{"rendered":"Gesichtsmaske (SM04)"},"content":{"rendered":"<p>Diese Gesichtsmaske ist eine einfache und effektive Methode, Ihren Hautzustand durch Rotlichttherapie zu verbessern. Sie ist sehr leicht und kann daher auch im Sitzen getragen werden. <\/p>\n<p><strong>PRODUKTSPEZIFIKATIONEN<\/strong><\/p>\n<p>Marke: Novisanum<br \/>\nProdukt: Gesichtsmaske<br \/>\nModell: SM04<br \/>\nFarbe: Creme<br \/>\nWellenl\u00e4nge: 630\/460\/850 nm<br \/>\nAnzahl LEDs: 72 St\u00fcck \u2013 drei Modi + Helligkeit + Zeitschaltuhr<br \/>\nNennspannung: DC\/5 V 2 A (1440 mAh)<br \/>\nLadeanschluss: USB Typ-C<br \/>\nZubeh\u00f6r: USB-Kabel, Verpackung, Bedienungsanleitung, Aufbewahrungsbeutel<br \/>\nGarantie: 2 Jahre<\/p>\n<p><strong>Wissenschaftliche Grundlage<\/strong><br \/>\nDie Wirksamkeit der Rotlichttherapie (RLT) ist in zahlreichen wissenschaftlichen Studien belegt. Sie tr\u00e4gt unter anderem zur Hautverbesserung, zur Behandlung von Hautproblemen und zur Hautalterung bei. Die Kraft der Rotlichttherapie beruht darauf, dass das Licht in tiefere Hautschichten eindringt. Dies regt die Durchblutung und die Kollagenproduktion an.  <\/p>\n<p><strong>Anti-Aging: Kollagenproduktion<\/strong><br \/>\nKollagen dient als St\u00fctzger\u00fcst der Haut und verleiht ihr Struktur und Halt. Mit zunehmendem Alter nimmt die nat\u00fcrliche Kollagenproduktion des K\u00f6rpers ab, was zur Bildung von feinen Linien und Falten f\u00fchrt. Die Stimulation von Fibroblasten durch RLT erh\u00f6ht direkt die Kollagenproduktion, f\u00fcllt diese Linien auf und verleiht der Haut neue Spannkraft und Elastizit\u00e4t. Ergebnis: ein Anti-Aging-Effekt, d. h. weniger Falten und feine Linien. Neben dieser Anti-Aging-Wirkung ist RLT auch f\u00fcr ihre F\u00e4higkeit bekannt, den Hautton auszugleichen und die Hautstruktur insgesamt zu verbessern.    <\/p>\n<p><strong>Hautprobleme und chronische Erkrankungen<\/strong><br \/>\nRLT eignet sich hervorragend zur Behandlung von Hautproblemen und chronischen Erkrankungen wie Akne, Psoriasis, Ekzemen oder Rosacea. Dies ist auf die entz\u00fcndungshemmenden Eigenschaften von RLT zur\u00fcckzuf\u00fchren. Dar\u00fcber hinaus kann es Immunreaktionen regulieren und die Gewebereparatur f\u00f6rdern.  <\/p>\n<p><strong>Schmerzlos und ohne Nebenwirkungen<\/strong><br \/>\n\u00c4hnlich wie bei der Wundheilung bietet die Rotlichttherapie einen nicht-invasiven, medikamentenfreien Ansatz zur Behandlung chronischer Hauterkrankungen \u2013 ohne die Nebenwirkungen herk\u00f6mmlicher Medikamente. Dar\u00fcber hinaus ist die Rotlichttherapie eine schmerzfreie und unsch\u00e4dliche Behandlungsmethode. <\/p>\n<p><strong>Kann RLT Krebs verursachen?<\/strong><br \/>\nBei jeder Form der Lichttherapie bestehen m\u00f6glicherweise Bedenken hinsichtlich des Hautkrebsrisikos. Die RLT ist jedoch nicht mit einem erh\u00f6hten Hautkrebsrisiko verbunden. Diese Therapie unterscheidet sich deutlich von der UV-Lichtexposition, die bekannterma\u00dfen Hautkrebs beg\u00fcnstigt.  <\/p>\n<p><strong>Wie oft sollte ich eine Rotlichttherapie durchf\u00fchren lassen?<\/strong><br \/>\nF\u00fcr optimale Ergebnisse sind Regelm\u00e4\u00dfigkeit und H\u00e4ufigkeit entscheidend. Dermatologen empfehlen daher in den ersten zwei Monaten Behandlungen von 15\u201320 Minuten jeden zweiten Tag. Diese intensive Anfangsphase erm\u00f6glicht es der Haut, die therapeutische Wirkung der Infrarot-Lasertherapie (RLT) aufzunehmen und regt die Kollagenproduktion sowie die Zellerneuerung an. Anschlie\u00dfend k\u00f6nnen Sie auf zwei- bis dreimal w\u00f6chentlich umsteigen. Bei Hautproblemen kann die Behandlungsh\u00e4ufigkeit variieren und h\u00e4ngt von Ihren individuellen Gegebenheiten ab.    <\/p>\n<p>Ab heute k\u00f6nnen Sie diese Behandlung ganz allein durchf\u00fchren, ohne einen Spezialisten und ohne hohe Kosten.<\/p>\n","protected":false},"excerpt":{"rendered":"<p>Diese Gesichtsmaske ist eine einfache und effektive Methode, Ihren Hautzustand durch Rotlichttherapie zu verbessern. Sie ist sehr leicht und kann daher auch im Sitzen getragen werden. PRODUKTSPEZIFIKATIONEN Marke: Novisanum Produkt: Gesichtsmaske Modell: SM04 Farbe: Creme Wellenl\u00e4nge: 630\/460\/850 nm Anzahl LEDs: 72 St\u00fcck \u2013 drei Modi + Helligkeit + Zeitschaltuhr Nennspannung: DC\/5 V 2 A (1440 [&hellip;]<\/p>\n","protected":false},"featured_media":1324,"comment_status":"open","ping_status":"closed","template":"","meta":{"_acf_changed":false},"product_brand":[],"product_cat":[152,167],"product_tag":[],"class_list":{"0":"post-2411","1":"product","2":"type-product","3":"status-publish","4":"has-post-thumbnail","6":"product_cat-face-care-systems","7":"product_cat-homepage","9":"first","10":"instock","11":"shipping-taxable","12":"purchasable","13":"product-type-simple"},"acf":[],"_links":{"self":[{"href":"https:\/\/www.novisanum.com\/de\/wp-json\/wp\/v2\/product\/2411","targetHints":{"allow":["GET"]}}],"collection":[{"href":"https:\/\/www.novisanum.com\/de\/wp-json\/wp\/v2\/product"}],"about":[{"href":"https:\/\/www.novisanum.com\/de\/wp-json\/wp\/v2\/types\/product"}],"replies":[{"embeddable":true,"href":"https:\/\/www.novisanum.com\/de\/wp-json\/wp\/v2\/comments?post=2411"}],"wp:featuredmedia":[{"embeddable":true,"href":"https:\/\/www.novisanum.com\/de\/wp-json\/wp\/v2\/media\/1324"}],"wp:attachment":[{"href":"https:\/\/www.novisanum.com\/de\/wp-json\/wp\/v2\/media?parent=2411"}],"wp:term":[{"taxonomy":"product_brand","embeddable":true,"href":"https:\/\/www.novisanum.com\/de\/wp-json\/wp\/v2\/product_brand?post=2411"},{"taxonomy":"product_cat","embeddable":true,"href":"https:\/\/www.novisanum.com\/de\/wp-json\/wp\/v2\/product_cat?post=2411"},{"taxonomy":"product_tag","embeddable":true,"href":"https:\/\/www.novisanum.com\/de\/wp-json\/wp\/v2\/product_tag?post=2411"}],"curies":[{"name":"wp","href":"https:\/\/api.w.org\/{rel}","templated":true}]}}