{"id":2165,"date":"2025-11-02T04:21:09","date_gmt":"2025-11-02T04:21:09","guid":{"rendered":"https:\/\/www.novisanum.com\/diferencias-en-la-terapia-de-luz\/"},"modified":"2025-11-06T08:47:22","modified_gmt":"2025-11-06T08:47:22","slug":"diferencias-en-la-terapia-de-luz","status":"publish","type":"page","link":"https:\/\/www.novisanum.com\/es\/diferencias-en-la-terapia-de-luz\/","title":{"rendered":"\u00bfDiferencias en la terapia de luz?"},"content":{"rendered":"\t\t<div data-elementor-type=\"wp-page\" data-elementor-id=\"2165\" class=\"elementor elementor-2165 elementor-338\" data-elementor-settings=\"{&quot;ha_cmc_init_switcher&quot;:&quot;no&quot;}\" data-elementor-post-type=\"page\">\n\t\t\t\t<div class=\"elementor-element elementor-element-4591513 e-flex e-con-boxed e-con e-parent\" data-id=\"4591513\" data-element_type=\"container\" data-e-type=\"container\" data-settings=\"{&quot;_ha_eqh_enable&quot;:false}\">\n\t\t\t\t\t<div class=\"e-con-inner\">\n\t\t<div class=\"elementor-element elementor-element-60d8dd7 e-con-full e-flex e-con e-child\" data-id=\"60d8dd7\" data-element_type=\"container\" data-e-type=\"container\" data-settings=\"{&quot;_ha_eqh_enable&quot;:false}\">\n\t\t\t\t<div class=\"elementor-element elementor-element-3384306 elementor-widget elementor-widget-heading\" data-id=\"3384306\" data-element_type=\"widget\" data-e-type=\"widget\" data-widget_type=\"heading.default\">\n\t\t\t\t\t<h2 class=\"elementor-heading-title elementor-size-default\">\u00bfDiferencias en la terapia de luz?<\/h2>\t\t\t\t<\/div>\n\t\t\t\t<div class=\"elementor-element elementor-element-233dffe elementor-widget elementor-widget-text-editor\" data-id=\"233dffe\" data-element_type=\"widget\" data-e-type=\"widget\" data-widget_type=\"text-editor.default\">\n\t\t\t\t\t\t\t\t\t<p>Antes de analizar las longitudes de onda espec\u00edficas de la luz roja y sus tratamientos efectivos, es importante comprender los tipos b\u00e1sicos de luz roja. La clasificaci\u00f3n se basa en la ubicaci\u00f3n de las longitudes de onda en el espectro electromagn\u00e9tico. El espectro de la terapia con luz roja comienza con la luz roja, contin\u00faa con la luz infrarroja cercana (NIR) y finaliza con la luz infrarroja. Las longitudes de onda de la luz se miden en nan\u00f3metros (nm). Un nm equivale a una milmillon\u00e9sima de metro.    <\/p>\t\t\t\t\t\t\t\t<\/div>\n\t\t\t\t<div class=\"elementor-element elementor-element-03c52a9 elementor-widget elementor-widget-heading\" data-id=\"03c52a9\" data-element_type=\"widget\" data-e-type=\"widget\" data-widget_type=\"heading.default\">\n\t\t\t\t\t<h3 class=\"elementor-heading-title elementor-size-default\">Luz roja<\/h3>\t\t\t\t<\/div>\n\t\t\t\t<div class=\"elementor-element elementor-element-ec39dc8 elementor-widget elementor-widget-text-editor\" data-id=\"ec39dc8\" data-element_type=\"widget\" data-e-type=\"widget\" data-widget_type=\"text-editor.default\">\n\t\t\t\t\t\t\t\t\t<p>La luz roja (tambi\u00e9n conocida como luz roja corta), la m\u00e1s corta de todas las longitudes de onda rojas + NIR, tiene una longitud de onda que oscila entre aproximadamente 600 y 700 nm.<\/p><p>La luz roja se encuentra en el extremo visible del espectro, lo que significa que podemos verla. Sin embargo, se ubica en el extremo de longitud de onda m\u00e1s larga del espectro en general. Las ondas de luz roja son las longitudes de onda m\u00e1s largas que a\u00fan son visibles para el ojo humano. La luz verde, azul y violeta tienen longitudes de onda m\u00e1s cortas que la roja (se encuentran en el rango medio y bajo del espectro) y tambi\u00e9n son visibles. La luz de cada color posee propiedades curativas \u00fanicas, las cuales se detallan en nuestro art\u00edculo sobre cromoterapia. Cuanto menor sea la longitud de onda y m\u00e1s abajo en el espectro, menor ser\u00e1 la eficacia de la luz para penetrar en el cuerpo a un nivel celular significativo y estimular as\u00ed el cambio y la curaci\u00f3n.     <\/p><p>La luz roja de corta duraci\u00f3n penetra en el cuerpo a una profundidad de entre ocho y diez mil\u00edmetros, alcanzando las mitocondrias de las c\u00e9lulas de la piel y otras c\u00e9lulas situadas justo debajo de ella. La luz roja no genera calor, aunque durante la terapia podr\u00eda experimentar una leve y agradable sensaci\u00f3n de calor en la piel. <\/p><p>La luz roja es ideal para tratar afecciones cut\u00e1neas, inflamaciones leves y acelerar la cicatrizaci\u00f3n de heridas superficiales. La luz roja de corta duraci\u00f3n no tiene efectos secundarios adversos. No quema la piel ni da\u00f1a los tejidos subyacentes.  <\/p><p>Todas las longitudes de onda de la luz LED roja proporcionan beneficios, pero las longitudes de onda de 630 a 680 nm demuestran el mayor poder curativo.<\/p>\t\t\t\t\t\t\t\t<\/div>\n\t\t\t\t<div class=\"elementor-element elementor-element-dd6f171 elementor-widget elementor-widget-heading\" data-id=\"dd6f171\" data-element_type=\"widget\" data-e-type=\"widget\" data-widget_type=\"heading.default\">\n\t\t\t\t\t<h3 class=\"elementor-heading-title elementor-size-default\">Luz infrarroja<\/h3>\t\t\t\t<\/div>\n\t\t\t\t<div class=\"elementor-element elementor-element-77e4d9b elementor-widget elementor-widget-text-editor\" data-id=\"77e4d9b\" data-element_type=\"widget\" data-e-type=\"widget\" data-widget_type=\"text-editor.default\">\n\t\t\t\t\t\t\t\t\t<p>La luz infrarroja es invisible al ojo humano. Es la forma m\u00e1s larga de luz roja en el espectro y se siente caliente al tacto (similar o incluso m\u00e1s que la luz solar). La luz infrarroja se clasifica como energ\u00eda lum\u00ednica, pero solo se puede sentir, no ver. Por esta raz\u00f3n, a veces se la denomina calor infrarrojo. T\u00e9cnicamente, la luz infrarroja se clasifica como energ\u00eda t\u00e9rmica, lo que significa que produce calor.    <\/p><p>Dado que el espectro de luz es continuo, no existe una medida fija para el inicio exacto de la luz infrarroja. En general, se considera que las longitudes de onda comprendidas entre los 900 y los 1400 nm pertenecen al infrarrojo. <\/p><p>La luz infrarroja puede penetrar hasta 2,5 cent\u00edmetros bajo la piel. Esto supone aproximadamente tres veces la profundidad a la que pueden penetrar las longitudes de onda cortas de la luz roja. <\/p><p>Debido a sus propiedades t\u00e9rmicas, la luz infrarroja puede quemar la piel y causar da\u00f1os en los ojos u otros tejidos corporales (a diferencia de la luz roja, que es segura para los ojos). Por este motivo, la luz infrarroja debe administrarse con cuidado y dedicaci\u00f3n. Generalmente se utiliza solo en casos extremos, no para la terapia rutinaria con luz roja.  <\/p><p>La luz infrarroja se utiliza principalmente para tratar afecciones graves como traumatismos craneoencef\u00e1licos, dolor intenso, enfermedad de Alzheimer y otros trastornos neurodegenerativos, y para potenciar los efectos de la quimioterapia durante el tratamiento del c\u00e1ncer.<\/p>\t\t\t\t\t\t\t\t<\/div>\n\t\t\t\t<div class=\"elementor-element elementor-element-4dbd388 elementor-widget elementor-widget-heading\" data-id=\"4dbd388\" data-element_type=\"widget\" data-e-type=\"widget\" data-widget_type=\"heading.default\">\n\t\t\t\t\t<h3 class=\"elementor-heading-title elementor-size-default\">Luz infrarroja cercana<\/h3>\t\t\t\t<\/div>\n\t\t\t\t<div class=\"elementor-element elementor-element-d01d9ff elementor-widget elementor-widget-text-editor\" data-id=\"d01d9ff\" data-element_type=\"widget\" data-e-type=\"widget\" data-widget_type=\"text-editor.default\">\n\t\t\t\t\t\t\t\t\t<p>La luz infrarroja cercana ocupa la zona del espectro entre la luz roja corta y la luz infrarroja. Se considera una especie de \u00abzona gris\u00bb en el \u00e1mbito de la luz roja, pero se ha demostrado que es extremadamente \u00fatil con fines terap\u00e9uticos. <\/p><p>Dado que el espectro es continuo, no existe un \u00abn\u00famero m\u00e1gico\u00bb que marque el inicio o el final exactos de la luz NIR en el espectro. Generalmente se acepta que la luz NIR tiene una longitud de onda comprendida entre los 700 y los 900 nm aproximadamente. <\/p><p>La visibilidad de la luz infrarroja cercana es variable. Se sit\u00faa entre el extremo superior del espectro de luz roja y el extremo inferior del espectro de luz infrarroja; por lo tanto, la luz NIR es visible en el extremo inferior de su rango e invisible en el extremo superior. La transici\u00f3n de visible a invisible se produce cerca del extremo superior de su rango.  <\/p><p>La luz NIR penetra m\u00e1s profundamente en el cuerpo que la luz roja, pero menos que la luz infrarroja. La luz NIR es m\u00e1s segura que la luz infrarroja porque, si bien se encuentra cerca del rango t\u00e9rmico, su potencial para quemar la piel o causar da\u00f1os profundos en los tejidos es mucho menor. <\/p><p>Si bien la luz roja no tiene efectos secundarios da\u00f1inos, la luz infrarroja s\u00ed puede tenerlos, y la luz infrarroja cercana se sit\u00faa en un punto intermedio. Sin embargo, siempre que la luz infrarroja cercana se administre de forma segura y cuidadosa, se pueden obtener grandes beneficios con un riesgo m\u00ednimo de efectos secundarios adversos. <\/p><p>Al igual que con la luz roja, un determinado rango de longitudes de onda del infrarrojo cercano (NIR) presenta mayores beneficios terap\u00e9uticos que el resto. La luz NIR de 800 a 880 nm demuestra el mayor potencial curativo dentro de su rango. <\/p>\t\t\t\t\t\t\t\t<\/div>\n\t\t\t\t<div class=\"elementor-element elementor-element-0926114 elementor-widget elementor-widget-heading\" data-id=\"0926114\" data-element_type=\"widget\" data-e-type=\"widget\" data-widget_type=\"heading.default\">\n\t\t\t\t\t<h3 class=\"elementor-heading-title elementor-size-default\">\u00bfQu\u00e9 longitudes de onda especializadas son las mejores para qu\u00e9?<\/h3>\t\t\t\t<\/div>\n\t\t\t\t<div class=\"elementor-element elementor-element-43d2800 elementor-widget elementor-widget-text-editor\" data-id=\"43d2800\" data-element_type=\"widget\" data-e-type=\"widget\" data-widget_type=\"text-editor.default\">\n\t\t\t\t\t\t\t\t\t<p>En primer lugar, es importante comprender que cada persona es \u00fanica y que lo que funciona para una puede no ser lo mejor para otra. Esto se aplica a longitudes de onda espec\u00edficas, combinaciones de longitudes de onda y tipos de dispositivos. No hay dos personas iguales y cada una reacciona de forma diferente a la terapia de luz roja. Lo mejor es utilizar una estrategia personalizada.   <\/p>\t\t\t\t\t\t\t\t<\/div>\n\t\t\t\t<div class=\"elementor-element elementor-element-4d4d116 elementor-widget elementor-widget-image\" data-id=\"4d4d116\" data-element_type=\"widget\" data-e-type=\"widget\" data-widget_type=\"image.default\">\n\t\t\t\t\t\t\t\t\t\t\t\t\t\t\t<img fetchpriority=\"high\" decoding=\"async\" width=\"396\" height=\"480\" src=\"https:\/\/www.novisanum.com\/wp-content\/uploads\/2025\/11\/RLT_diagram_480x480.webp\" class=\"attachment-full size-full wp-image-1281\" alt=\"\" srcset=\"https:\/\/www.novisanum.com\/wp-content\/uploads\/2025\/11\/RLT_diagram_480x480.webp 396w, https:\/\/www.novisanum.com\/wp-content\/uploads\/2025\/11\/RLT_diagram_480x480-248x300.webp 248w\" sizes=\"(max-width: 396px) 100vw, 396px\" \/>\t\t\t\t\t\t\t\t\t\t\t\t\t\t\t<\/div>\n\t\t\t\t<\/div>\n\t\t\t\t\t<\/div>\n\t\t\t\t<\/div>\n\t\t<div class=\"elementor-element elementor-element-365d1c5 e-flex e-con-boxed e-con e-parent\" data-id=\"365d1c5\" data-element_type=\"container\" data-e-type=\"container\" data-settings=\"{&quot;background_background&quot;:&quot;classic&quot;,&quot;_ha_eqh_enable&quot;:false}\">\n\t\t\t\t\t<div class=\"e-con-inner\">\n\t\t\t\t<div class=\"elementor-element elementor-element-2c06574 elementor-widget elementor-widget-heading\" data-id=\"2c06574\" data-element_type=\"widget\" data-e-type=\"widget\" data-widget_type=\"heading.default\">\n\t\t\t\t\t<h2 class=\"elementor-heading-title elementor-size-default\">Boletin informativo<\/h2>\t\t\t\t<\/div>\n\t\t\t\t<div class=\"elementor-element elementor-element-55ba04a elementor-widget__width-initial elementor-widget-mobile__width-inherit elementor-widget elementor-widget-text-editor\" data-id=\"55ba04a\" data-element_type=\"widget\" data-e-type=\"widget\" data-widget_type=\"text-editor.default\">\n\t\t\t\t\t\t\t\t\t<p>Suscr\u00edbete a nuestro bolet\u00edn y obt\u00e9n la informaci\u00f3n m\u00e1s reciente.<\/p>\t\t\t\t\t\t\t\t<\/div>\n\t\t\t\t<div class=\"elementor-element elementor-element-2636313 elementor-widget__width-initial elementor-widget-mobile__width-inherit elementor-button-align-stretch elementor-widget elementor-widget-form\" data-id=\"2636313\" data-element_type=\"widget\" data-e-type=\"widget\" data-settings=\"{&quot;button_width&quot;:&quot;30&quot;,&quot;step_next_label&quot;:&quot;Pr\\u00f3ximo&quot;,&quot;step_previous_label&quot;:&quot;Previo&quot;,&quot;step_type&quot;:&quot;number_text&quot;,&quot;step_icon_shape&quot;:&quot;circle&quot;}\" data-widget_type=\"form.default\">\n\t\t\t\t\t\t\t<form class=\"elementor-form\" method=\"post\" name=\"Nuevo formulario\" aria-label=\"Nuevo formulario\">\r\n\t\t\t<input type=\"hidden\" name=\"post_id\" value=\"2165\"\/>\r\n\t\t\t<input type=\"hidden\" name=\"form_id\" value=\"2636313\"\/>\r\n\t\t\t<input type=\"hidden\" name=\"referer_title\" value=\"\u00bfDiferencias en la terapia de luz?\" \/>\r\n\r\n\t\t\t\t\t\t\t<input type=\"hidden\" name=\"queried_id\" value=\"2165\"\/>\r\n\t\t\t\r\n\t\t\t<div class=\"elementor-form-fields-wrapper elementor-labels-\">\r\n\t\t\t\t\t\t\t\t<div class=\"elementor-field-type-email elementor-field-group elementor-column elementor-field-group-email elementor-col-70 elementor-field-required\">\r\n\t\t\t\t\t\t\t\t\t\t\t\t\t<input size=\"1\" type=\"email\" name=\"form_fields[email]\" id=\"form-field-email\" class=\"elementor-field elementor-size-sm  elementor-field-textual\" placeholder=\"Tu correo electr\u00f3nico\" required=\"required\">\r\n\t\t\t\t\t\t\t\t\t\t\t<\/div>\r\n\t\t\t\t\t\t\t\t<div class=\"elementor-field-group elementor-column elementor-field-type-submit elementor-col-30 e-form__buttons\">\r\n\t\t\t\t\t<button class=\"elementor-button elementor-size-sm\" type=\"submit\">\r\n\t\t\t\t\t\t<span class=\"elementor-button-content-wrapper\">\r\n\t\t\t\t\t\t\t\t\t\t\t\t\t\t\t\t\t\t\t\t\t\t<span class=\"elementor-button-text\">Suscribir<\/span>\r\n\t\t\t\t\t\t\t\t\t\t\t\t\t<\/span>\r\n\t\t\t\t\t<\/button>\r\n\t\t\t\t<\/div>\r\n\t\t\t<\/div>\r\n\t\t<\/form>\r\n\t\t\t\t\t\t<\/div>\n\t\t\t\t\t<\/div>\n\t\t\t\t<\/div>\n\t\t\t\t<\/div>\n\t\t","protected":false},"excerpt":{"rendered":"<p>\u00bfDiferencias en la terapia de luz? Antes de analizar las longitudes de onda espec\u00edficas de la luz roja y sus tratamientos efectivos, es importante comprender los tipos b\u00e1sicos de luz roja. La clasificaci\u00f3n se basa en la ubicaci\u00f3n de las longitudes de onda en el espectro electromagn\u00e9tico. El espectro de la terapia con luz roja [&hellip;]<\/p>\n","protected":false},"author":1,"featured_media":0,"parent":0,"menu_order":0,"comment_status":"closed","ping_status":"closed","template":"elementor_header_footer","meta":{"_acf_changed":false,"footnotes":""},"class_list":["post-2165","page","type-page","status-publish","hentry"],"acf":[],"_links":{"self":[{"href":"https:\/\/www.novisanum.com\/es\/wp-json\/wp\/v2\/pages\/2165","targetHints":{"allow":["GET"]}}],"collection":[{"href":"https:\/\/www.novisanum.com\/es\/wp-json\/wp\/v2\/pages"}],"about":[{"href":"https:\/\/www.novisanum.com\/es\/wp-json\/wp\/v2\/types\/page"}],"author":[{"embeddable":true,"href":"https:\/\/www.novisanum.com\/es\/wp-json\/wp\/v2\/users\/1"}],"replies":[{"embeddable":true,"href":"https:\/\/www.novisanum.com\/es\/wp-json\/wp\/v2\/comments?post=2165"}],"version-history":[{"count":1,"href":"https:\/\/www.novisanum.com\/es\/wp-json\/wp\/v2\/pages\/2165\/revisions"}],"predecessor-version":[{"id":2166,"href":"https:\/\/www.novisanum.com\/es\/wp-json\/wp\/v2\/pages\/2165\/revisions\/2166"}],"wp:attachment":[{"href":"https:\/\/www.novisanum.com\/es\/wp-json\/wp\/v2\/media?parent=2165"}],"curies":[{"name":"wp","href":"https:\/\/api.w.org\/{rel}","templated":true}]}}