{"id":2218,"date":"2025-11-02T06:08:03","date_gmt":"2025-11-02T06:08:03","guid":{"rendered":"https:\/\/www.novisanum.com\/descargo-de-responsabilidad-medica\/"},"modified":"2025-11-06T11:36:59","modified_gmt":"2025-11-06T11:36:59","slug":"descargo-de-responsabilidad-medica","status":"publish","type":"page","link":"https:\/\/www.novisanum.com\/es\/descargo-de-responsabilidad-medica\/","title":{"rendered":"Descargo de responsabilidad m\u00e9dica"},"content":{"rendered":"\t\t<div data-elementor-type=\"wp-page\" data-elementor-id=\"2218\" class=\"elementor elementor-2218 elementor-521\" data-elementor-settings=\"{&quot;ha_cmc_init_switcher&quot;:&quot;no&quot;}\" data-elementor-post-type=\"page\">\n\t\t\t\t<div class=\"elementor-element elementor-element-790f7246 e-flex e-con-boxed e-con e-parent\" data-id=\"790f7246\" data-element_type=\"container\" data-e-type=\"container\" data-settings=\"{&quot;_ha_eqh_enable&quot;:false}\">\n\t\t\t\t\t<div class=\"e-con-inner\">\n\t\t<div class=\"elementor-element elementor-element-3fbdcb82 e-con-full e-flex e-con e-child\" data-id=\"3fbdcb82\" data-element_type=\"container\" data-e-type=\"container\" data-settings=\"{&quot;_ha_eqh_enable&quot;:false}\">\n\t\t\t\t<div class=\"elementor-element elementor-element-7373a2c5 elementor-widget elementor-widget-heading\" data-id=\"7373a2c5\" data-element_type=\"widget\" data-e-type=\"widget\" data-widget_type=\"heading.default\">\n\t\t\t\t\t<h2 class=\"elementor-heading-title elementor-size-default\">Descargo de responsabilidad m\u00e9dica<\/h2>\t\t\t\t<\/div>\n\t\t\t\t<div class=\"elementor-element elementor-element-7feacab1 elementor-widget elementor-widget-text-editor\" data-id=\"7feacab1\" data-element_type=\"widget\" data-e-type=\"widget\" data-widget_type=\"text-editor.default\">\n\t\t\t\t\t\t\t\t\t<p><strong>Descargo de responsabilidad m\u00e9dico y de salud<\/strong><br>La informaci\u00f3n contenida en este sitio web no pretende ni se sugiere impl\u00edcitamente ser una alternativa para diagn\u00f3sticos profesionales o tratamientos y consejos m\u00e9dicos recomendados profesionalmente. Absolutamente todo el contenido, incluido el propio texto del art\u00edculo, im\u00e1genes, comentarios y otra informaci\u00f3n, contenido en esta p\u00e1gina web tiene \u00fanicamente fines informativos no espec\u00edficos. Sugerimos encarecidamente que nunca se deben ignorar los consejos m\u00e9dicos o de salud profesionales y sugerimos encarecidamente que no se demore la b\u00fasqueda de un tratamiento m\u00e9dico recomendado por un profesional debido a la informaci\u00f3n obtenida al leer este art\u00edculo\/sitio web. Los productos vendidos o recomendados en este sitio web no est\u00e1n destinados en absoluto al diagn\u00f3stico, prevenci\u00f3n, seguimiento, tratamiento o alivio de ninguna enfermedad, lesi\u00f3n o discapacidad espec\u00edfica.   <\/p>\t\t\t\t\t\t\t\t<\/div>\n\t\t\t\t<\/div>\n\t\t\t\t\t<\/div>\n\t\t\t\t<\/div>\n\t\t<div class=\"elementor-element elementor-element-71b0be9 e-flex e-con-boxed e-con e-parent\" data-id=\"71b0be9\" data-element_type=\"container\" data-e-type=\"container\" data-settings=\"{&quot;background_background&quot;:&quot;classic&quot;,&quot;_ha_eqh_enable&quot;:false}\">\n\t\t\t\t\t<div class=\"e-con-inner\">\n\t\t\t\t<div class=\"elementor-element elementor-element-19dd9bd elementor-widget elementor-widget-heading\" data-id=\"19dd9bd\" data-element_type=\"widget\" data-e-type=\"widget\" data-widget_type=\"heading.default\">\n\t\t\t\t\t<h2 class=\"elementor-heading-title elementor-size-default\">Boletin informativo<\/h2>\t\t\t\t<\/div>\n\t\t\t\t<div class=\"elementor-element elementor-element-65f1c21 elementor-widget__width-initial elementor-widget-mobile__width-inherit elementor-widget elementor-widget-text-editor\" data-id=\"65f1c21\" data-element_type=\"widget\" data-e-type=\"widget\" data-widget_type=\"text-editor.default\">\n\t\t\t\t\t\t\t\t\t<p>Una frase breve que describe lo que alguien recibir\u00e1 al suscribirse<\/p>\t\t\t\t\t\t\t\t<\/div>\n\t\t\t\t<div class=\"elementor-element elementor-element-6020bc3 elementor-widget__width-initial elementor-widget-mobile__width-inherit elementor-button-align-stretch elementor-widget elementor-widget-form\" data-id=\"6020bc3\" data-element_type=\"widget\" data-e-type=\"widget\" data-settings=\"{&quot;button_width&quot;:&quot;30&quot;,&quot;step_next_label&quot;:&quot;Pr\\u00f3ximo&quot;,&quot;step_previous_label&quot;:&quot;Previo&quot;,&quot;step_type&quot;:&quot;number_text&quot;,&quot;step_icon_shape&quot;:&quot;circle&quot;}\" data-widget_type=\"form.default\">\n\t\t\t\t\t\t\t<form class=\"elementor-form\" method=\"post\" name=\"Nuevo formulario\" aria-label=\"Nuevo formulario\">\r\n\t\t\t<input type=\"hidden\" name=\"post_id\" value=\"2218\"\/>\r\n\t\t\t<input type=\"hidden\" name=\"form_id\" value=\"6020bc3\"\/>\r\n\t\t\t<input type=\"hidden\" name=\"referer_title\" value=\"\" \/>\r\n\r\n\t\t\t\r\n\t\t\t<div class=\"elementor-form-fields-wrapper elementor-labels-\">\r\n\t\t\t\t\t\t\t\t<div class=\"elementor-field-type-email elementor-field-group elementor-column elementor-field-group-email elementor-col-70 elementor-field-required\">\r\n\t\t\t\t\t\t\t\t\t\t\t\t\t<input size=\"1\" type=\"email\" name=\"form_fields[email]\" id=\"form-field-email\" class=\"elementor-field elementor-size-sm  elementor-field-textual\" placeholder=\"Tu correo electr\u00f3nico\" required=\"required\">\r\n\t\t\t\t\t\t\t\t\t\t\t<\/div>\r\n\t\t\t\t\t\t\t\t<div class=\"elementor-field-group elementor-column elementor-field-type-submit elementor-col-30 e-form__buttons\">\r\n\t\t\t\t\t<button class=\"elementor-button elementor-size-sm\" type=\"submit\">\r\n\t\t\t\t\t\t<span class=\"elementor-button-content-wrapper\">\r\n\t\t\t\t\t\t\t\t\t\t\t\t\t\t\t\t\t\t\t\t\t\t<span class=\"elementor-button-text\">Suscribir<\/span>\r\n\t\t\t\t\t\t\t\t\t\t\t\t\t<\/span>\r\n\t\t\t\t\t<\/button>\r\n\t\t\t\t<\/div>\r\n\t\t\t<\/div>\r\n\t\t<\/form>\r\n\t\t\t\t\t\t<\/div>\n\t\t\t\t\t<\/div>\n\t\t\t\t<\/div>\n\t\t\t\t<\/div>\n\t\t","protected":false},"excerpt":{"rendered":"<p>Descargo de responsabilidad m\u00e9dica Descargo de responsabilidad m\u00e9dico y de saludLa informaci\u00f3n contenida en este sitio web no pretende ni se sugiere impl\u00edcitamente ser una alternativa para diagn\u00f3sticos profesionales o tratamientos y consejos m\u00e9dicos recomendados profesionalmente. Absolutamente todo el contenido, incluido el propio texto del art\u00edculo, im\u00e1genes, comentarios y otra informaci\u00f3n, contenido en esta p\u00e1gina [&hellip;]<\/p>\n","protected":false},"author":1,"featured_media":0,"parent":0,"menu_order":0,"comment_status":"closed","ping_status":"closed","template":"elementor_header_footer","meta":{"_acf_changed":false,"footnotes":""},"class_list":["post-2218","page","type-page","status-publish","hentry"],"acf":[],"_links":{"self":[{"href":"https:\/\/www.novisanum.com\/es\/wp-json\/wp\/v2\/pages\/2218","targetHints":{"allow":["GET"]}}],"collection":[{"href":"https:\/\/www.novisanum.com\/es\/wp-json\/wp\/v2\/pages"}],"about":[{"href":"https:\/\/www.novisanum.com\/es\/wp-json\/wp\/v2\/types\/page"}],"author":[{"embeddable":true,"href":"https:\/\/www.novisanum.com\/es\/wp-json\/wp\/v2\/users\/1"}],"replies":[{"embeddable":true,"href":"https:\/\/www.novisanum.com\/es\/wp-json\/wp\/v2\/comments?post=2218"}],"version-history":[{"count":1,"href":"https:\/\/www.novisanum.com\/es\/wp-json\/wp\/v2\/pages\/2218\/revisions"}],"predecessor-version":[{"id":2219,"href":"https:\/\/www.novisanum.com\/es\/wp-json\/wp\/v2\/pages\/2218\/revisions\/2219"}],"wp:attachment":[{"href":"https:\/\/www.novisanum.com\/es\/wp-json\/wp\/v2\/media?parent=2218"}],"curies":[{"name":"wp","href":"https:\/\/api.w.org\/{rel}","templated":true}]}}