{"id":2243,"date":"2025-11-01T09:58:11","date_gmt":"2025-11-01T09:58:11","guid":{"rendered":"https:\/\/www.novisanum.com\/politica-de-privacidad\/"},"modified":"2025-11-06T16:42:57","modified_gmt":"2025-11-06T16:42:57","slug":"politica-de-privacidad","status":"publish","type":"page","link":"https:\/\/www.novisanum.com\/es\/politica-de-privacidad\/","title":{"rendered":"Pol\u00edtica de privacidad"},"content":{"rendered":"\t\t<div data-elementor-type=\"wp-page\" data-elementor-id=\"2243\" class=\"elementor elementor-2243 elementor-78\" data-elementor-settings=\"{&quot;ha_cmc_init_switcher&quot;:&quot;no&quot;}\" data-elementor-post-type=\"page\">\n\t\t\t\t<div class=\"elementor-element elementor-element-11c0cfdc e-flex e-con-boxed e-con e-parent\" data-id=\"11c0cfdc\" data-element_type=\"container\" data-e-type=\"container\" data-settings=\"{&quot;_ha_eqh_enable&quot;:false}\">\n\t\t\t\t\t<div class=\"e-con-inner\">\n\t\t<div class=\"elementor-element elementor-element-4b3ea73f e-con-full e-flex e-con e-child\" data-id=\"4b3ea73f\" data-element_type=\"container\" data-e-type=\"container\" data-settings=\"{&quot;_ha_eqh_enable&quot;:false}\">\n\t\t\t\t<div class=\"elementor-element elementor-element-3ea2bd68 elementor-widget elementor-widget-heading\" data-id=\"3ea2bd68\" data-element_type=\"widget\" data-e-type=\"widget\" data-widget_type=\"heading.default\">\n\t\t\t\t\t<h2 class=\"elementor-heading-title elementor-size-default\">Pol\u00edtica de privacidad<\/h2>\t\t\t\t<\/div>\n\t\t\t\t<div class=\"elementor-element elementor-element-5cd78aee elementor-widget elementor-widget-text-editor\" data-id=\"5cd78aee\" data-element_type=\"widget\" data-e-type=\"widget\" data-widget_type=\"text-editor.default\">\n\t\t\t\t\t\t\t\t\t<p>Nos preocupamos mucho por su privacidad. Procesamos exclusivamente los datos que necesitamos para (mejorar) nuestros servicios y manejamos cuidadosamente toda la informaci\u00f3n recopilada sobre usted y su uso de nuestros servicios. Sus datos no se comparten con terceros con fines comerciales. Esta pol\u00edtica de privacidad se aplica al uso del sitio web y a los servicios que proporcionamos. La fecha de inicio de vigencia de los presentes t\u00e9rminos y condiciones es el 28\/01\/2020, con la publicaci\u00f3n de una nueva versi\u00f3n se cancela la vigencia de todas las versiones anteriores. Esta pol\u00edtica de privacidad describe qu\u00e9 informaci\u00f3n sobre usted recopilamos, para qu\u00e9 se utilizan estos datos y con qui\u00e9n y bajo qu\u00e9 condiciones estos datos podr\u00edan compartirse con terceros. Tambi\u00e9n te explicamos c\u00f3mo almacenamos tus datos, c\u00f3mo protegemos tus datos contra un mal uso y qu\u00e9 derechos tienes respecto a los datos personales que nos facilitas. Si tiene alguna pregunta sobre nuestra pol\u00edtica de privacidad, comun\u00edquese con nuestra persona de contacto de privacidad; encontrar\u00e1 los datos de contacto al final de nuestra pol\u00edtica de privacidad.<\/p><p>Sobre nuestro procesamiento de datos<br \/>A continuaci\u00f3n puede leer c\u00f3mo procesamos sus datos, d\u00f3nde los guardamos, qu\u00e9 t\u00e9cnicas de seguridad utilizamos y para qui\u00e9n son visibles los datos.<\/p><p>Software de tienda en l\u00ednea<br \/>Nos reunimos con el uso de nuestra tienda web y nuestros servicios. Nuestra tienda web requiere acceso a estos detalles para ofrecer soporte (t\u00e9cnico). No utilizar\u00e1n estos datos para ning\u00fan otro fin. Nuestra Tienda Online tiene la obligaci\u00f3n, seg\u00fan el acuerdo que tenemos con ellos, de tomar las precauciones y medidas de seguridad necesarias en lo que respecta a sus datos personales. Nuestra Tienda Online utiliza cookies para recopilar informaci\u00f3n t\u00e9cnica sobre el uso del software. No se recopilan ni almacenan datos personales. Nuestra tienda web se reserva el derecho de compartir internamente los datos recopilados para mejorar sus propios servicios.<\/p><p>Correo electr\u00f3nico y listas de correo<br \/>Para nuestro correo electr\u00f3nico comercial habitual, utilizamos los servicios de correo electr\u00f3nico de My webhost. Esta parte ha implementado medidas t\u00e9cnicas y organizativas adecuadas para evitar el mal uso, p\u00e9rdida o corrupci\u00f3n de sus datos.<\/p><p>Finalidad del tratamiento de datos \/ Finalidad general del tratamiento de datos<br \/>Utilizamos sus datos con la \u00fanica finalidad de prestarle nuestros servicios. Esto significa que la finalidad del tratamiento de estos datos est\u00e1 en relaci\u00f3n directa con el encargo o tarea que usted nos ofrece. No utilizamos estos datos para fines de marketing (dirigido). Si comparte informaci\u00f3n con nosotros y utilizamos esta informaci\u00f3n para, no en base a una solicitud, comunicarnos con usted m\u00e1s adelante, primero le solicitaremos su consentimiento expl\u00edcito. Sus datos no se comparten con terceros, con ninguna otra finalidad que la del cumplimiento de obligaciones contables y administrativas. Todos estos terceros est\u00e1n obligados a un deber de confidencialidad basado en el acuerdo que tenemos con ellos, un juramento u obligaci\u00f3n legal.<\/p><p>Datos recopilados autom\u00e1ticamente<br \/>La informaci\u00f3n recopilada autom\u00e1ticamente por nuestro sitio web se procesa con el \u00fanico prop\u00f3sito de brindarle y\/o mejorar a\u00fan m\u00e1s nuestros servicios. Esta informaci\u00f3n (por ejemplo, su direcci\u00f3n IP (anonimizada), navegador web y sistema operativo) no es informaci\u00f3n personal.<\/p><p>Cooperaci\u00f3n en investigaci\u00f3n fiscal y penal.<br \/>En algunos casos, es posible que el gobierno nos obligue a cumplir con el deber legal de compartir su informaci\u00f3n con el fin de ayudar en una investigaci\u00f3n fiscal o penal. En tales casos nos vemos obligados a cumplir y ayudar, pero, seg\u00fan las posibilidades legales, ofreceremos objeciones.<\/p><p>Per\u00edodos de retenci\u00f3n<br \/>Almacenamos tus datos mientras seas cliente con nosotros. Esto significa que mantenemos y conservamos su perfil de cliente hasta que nos comunique que ya no desea utilizar nuestros servicios. Un mensaje as\u00ed funciona tambi\u00e9n como una petici\u00f3n de olvido. Estamos obligados a conservar las facturas con su informaci\u00f3n (personal) debido a obligaciones administrativas relevantes; esta informaci\u00f3n se almacena de forma segura mientras no haya transcurrido el plazo correspondiente para estas obligaciones. El personal ya no tiene acceso a su perfil de cliente ni a ning\u00fan documento elaborado debido a su asignaci\u00f3n o tarea.<\/p><p>Tus derechos<br \/>Seg\u00fan la legislaci\u00f3n holandesa y europea vigente, usted, como parte interesada, tiene ciertos derechos en lo que respecta a los datos personales que procesamos por nosotros o en nuestro nombre. A continuaci\u00f3n puede encontrar una explicaci\u00f3n de estos derechos y c\u00f3mo usted, como parte interesada, puede invocar estos derechos. En principio, para evitar abusos, solo enviamos facturas y copias de sus datos a las direcciones de correo electr\u00f3nico que usted nos haya comunicado. Si desea recibir estos datos en otra direcci\u00f3n de correo electr\u00f3nico o, por ejemplo, por correo, le pediremos que se identifique en consecuencia. Mantenemos una administraci\u00f3n de solicitudes concluidas, en caso de que una solicitud sea olvidada mantendremos una administraci\u00f3n de datos anonimizados. Recibir\u00e1 todas las facturas y copias de los datos en archivos estructurados en un formato legible por m\u00e1quina seg\u00fan las clasificaciones de datos que utilizamos dentro de nuestro sistema. En todo momento usted mantiene el derecho a presentar una queja ante Autoriteit Persoonsgegevens si sospecha que maltratamos o utilizamos indebidamente sus datos personales.<\/p><p>Derecho de inspecci\u00f3n<br \/>En todo momento usted mantiene el derecho a visualizar los datos que procesamos que tienen relaci\u00f3n o pueden ser reducibles a su persona. Puede solicitar dicha visualizaci\u00f3n a nuestro contacto encargado de asuntos de privacidad. Recibir\u00e1 una respuesta a su solicitud en un plazo de 30 d\u00edas. Si se aprueba su solicitud, le enviaremos, a trav\u00e9s de la direcci\u00f3n de correo electr\u00f3nico que conocemos, una copia de todos los datos con una descripci\u00f3n general adicional de los procesadores que administran estos datos y al mismo tiempo mencionaremos las categor\u00edas bajo las cuales almacenamos estos datos.<\/p><p>Derecho de rectificaci\u00f3n<br \/>En todo momento mantienes el derecho a que se ajusten los datos que tratamos que tengan relaci\u00f3n o puedan ser reducibles a tu persona. Puede solicitar dicho ajuste a nuestro contacto a cargo de asuntos de privacidad. Recibir\u00e1 una respuesta a su solicitud en un plazo de 30 d\u00edas. Si se aprueba su solicitud, le enviaremos, a trav\u00e9s de la direcci\u00f3n de correo electr\u00f3nico que conocemos, una confirmaci\u00f3n de que los datos han sido ajustados.<\/p><p>Derecho a la limitaci\u00f3n del tratamiento<br \/>En todo momento mantienes el derecho a limitar los datos que tratamos que tengan relaci\u00f3n o puedan ser reducibles a tu persona. Puede solicitar dicha limitaci\u00f3n a nuestro contacto a cargo de asuntos de privacidad. Recibir\u00e1 una respuesta a su solicitud en un plazo de 30 d\u00edas. Si se aprueba su solicitud, le enviaremos, a trav\u00e9s de la direcci\u00f3n de correo electr\u00f3nico que conocemos, una confirmaci\u00f3n de que el procesamiento de sus datos est\u00e1 limitado hasta que usted elija cancelar dicha limitaci\u00f3n.<\/p><p>Derecho de transferibilidad<br \/>En todo momento usted mantiene el derecho a solicitar que los datos que procesamos que tengan relaci\u00f3n o puedan ser reducibles a su persona sean tratados por un tercero de su elecci\u00f3n. Puede enviar dicha solicitud a nuestro contacto a cargo de asuntos de privacidad. Recibir\u00e1 una respuesta a su solicitud en un plazo de 30 d\u00edas. Si se aprueba su solicitud, le enviaremos, a trav\u00e9s de la direcci\u00f3n de correo electr\u00f3nico que conocemos, sus facturas (personales) o copias de los datos que nosotros, o terceros en nuestro nombre, hayamos procesado. Es muy probable que en tal caso ya no podamos ofrecerle nuestros servicios porque ya no podemos garantizar la seguridad de los datos anteriores.<\/p><p>Derecho de oposici\u00f3n y otros derechos<br \/>En todo momento usted mantiene el derecho a oponerse al tratamiento realizado por nosotros, o por cuenta nuestra por parte de terceros, de sus datos personales. En caso de tal objeci\u00f3n, cesaremos inmediatamente todo procesamiento de sus datos mientras se investiga y maneja su objeci\u00f3n. En caso de una objeci\u00f3n justificada, devolveremos todas las facturas y\/o copias de los datos personales que nosotros, o terceros en nuestro nombre, hayamos procesado hasta ese momento y dejaremos de procesarlos posteriormente. Tambi\u00e9n mantiene el derecho a no ser objeto de procesos automatizados de toma de decisiones o elaboraci\u00f3n de perfiles. Procesamos sus datos de tal manera que este derecho no se aplica. Si cree que este derecho se aplica, le pedimos que se comunique con nuestro contacto a cargo de<br \/>asuntos de privacidad.<\/p><p>Cambios en la pol\u00edtica de privacidad<br \/>En todo momento nos mantenemos el derecho de modificar nuestra pol\u00edtica de privacidad. Sin embargo, esta p\u00e1gina siempre muestra la versi\u00f3n m\u00e1s reciente de nuestra pol\u00edtica de privacidad. Si una nueva pol\u00edtica de privacidad tiene consecuencias sobre la forma en que procesamos los datos recopilados recientemente con respecto a su persona, se lo notificaremos por correo electr\u00f3nico.<\/p>\t\t\t\t\t\t\t\t<\/div>\n\t\t\t\t<\/div>\n\t\t\t\t\t<\/div>\n\t\t\t\t<\/div>\n\t\t<div class=\"elementor-element elementor-element-8a0f9c1 e-flex e-con-boxed e-con e-parent\" data-id=\"8a0f9c1\" data-element_type=\"container\" data-e-type=\"container\" data-settings=\"{&quot;background_background&quot;:&quot;classic&quot;,&quot;_ha_eqh_enable&quot;:false}\">\n\t\t\t\t\t<div class=\"e-con-inner\">\n\t\t\t\t<div class=\"elementor-element elementor-element-8e81f0e elementor-widget elementor-widget-heading\" data-id=\"8e81f0e\" data-element_type=\"widget\" data-e-type=\"widget\" data-widget_type=\"heading.default\">\n\t\t\t\t\t<h2 class=\"elementor-heading-title elementor-size-default\">Boletin informativo<\/h2>\t\t\t\t<\/div>\n\t\t\t\t<div class=\"elementor-element elementor-element-bb7f437 elementor-widget__width-initial elementor-widget-mobile__width-inherit elementor-widget elementor-widget-text-editor\" data-id=\"bb7f437\" data-element_type=\"widget\" data-e-type=\"widget\" data-widget_type=\"text-editor.default\">\n\t\t\t\t\t\t\t\t\t<p>Una frase breve que describe lo que alguien recibir\u00e1 al suscribirse<\/p>\t\t\t\t\t\t\t\t<\/div>\n\t\t\t\t<div class=\"elementor-element elementor-element-6e756cb elementor-widget__width-initial elementor-widget-mobile__width-inherit elementor-button-align-stretch elementor-widget elementor-widget-form\" data-id=\"6e756cb\" data-element_type=\"widget\" data-e-type=\"widget\" data-settings=\"{&quot;button_width&quot;:&quot;30&quot;,&quot;step_next_label&quot;:&quot;Pr\\u00f3ximo&quot;,&quot;step_previous_label&quot;:&quot;Previo&quot;,&quot;step_type&quot;:&quot;number_text&quot;,&quot;step_icon_shape&quot;:&quot;circle&quot;}\" data-widget_type=\"form.default\">\n\t\t\t\t\t\t\t<form class=\"elementor-form\" method=\"post\" name=\"Nuevo formulario\" aria-label=\"Nuevo formulario\">\r\n\t\t\t<input type=\"hidden\" name=\"post_id\" value=\"2243\"\/>\r\n\t\t\t<input type=\"hidden\" name=\"form_id\" value=\"6e756cb\"\/>\r\n\t\t\t<input type=\"hidden\" name=\"referer_title\" value=\"Pol\u00edtica de privacidad\" \/>\r\n\r\n\t\t\t\t\t\t\t<input type=\"hidden\" name=\"queried_id\" value=\"2243\"\/>\r\n\t\t\t\r\n\t\t\t<div class=\"elementor-form-fields-wrapper elementor-labels-\">\r\n\t\t\t\t\t\t\t\t<div class=\"elementor-field-type-email elementor-field-group elementor-column elementor-field-group-email elementor-col-70 elementor-field-required\">\r\n\t\t\t\t\t\t\t\t\t\t\t\t\t<input size=\"1\" type=\"email\" name=\"form_fields[email]\" id=\"form-field-email\" class=\"elementor-field elementor-size-sm  elementor-field-textual\" placeholder=\"Tu correo electr\u00f3nico\" required=\"required\">\r\n\t\t\t\t\t\t\t\t\t\t\t<\/div>\r\n\t\t\t\t\t\t\t\t<div class=\"elementor-field-group elementor-column elementor-field-type-submit elementor-col-30 e-form__buttons\">\r\n\t\t\t\t\t<button class=\"elementor-button elementor-size-sm\" type=\"submit\">\r\n\t\t\t\t\t\t<span class=\"elementor-button-content-wrapper\">\r\n\t\t\t\t\t\t\t\t\t\t\t\t\t\t\t\t\t\t\t\t\t\t<span class=\"elementor-button-text\">Suscribir<\/span>\r\n\t\t\t\t\t\t\t\t\t\t\t\t\t<\/span>\r\n\t\t\t\t\t<\/button>\r\n\t\t\t\t<\/div>\r\n\t\t\t<\/div>\r\n\t\t<\/form>\r\n\t\t\t\t\t\t<\/div>\n\t\t\t\t\t<\/div>\n\t\t\t\t<\/div>\n\t\t\t\t<\/div>\n\t\t","protected":false},"excerpt":{"rendered":"<p>Pol\u00edtica de privacidad Nos preocupamos mucho por su privacidad. Procesamos exclusivamente los datos que necesitamos para (mejorar) nuestros servicios y manejamos cuidadosamente toda la informaci\u00f3n recopilada sobre usted y su uso de nuestros servicios. Sus datos no se comparten con terceros con fines comerciales. Esta pol\u00edtica de privacidad se aplica al uso del sitio web [&hellip;]<\/p>\n","protected":false},"author":1,"featured_media":0,"parent":0,"menu_order":0,"comment_status":"closed","ping_status":"closed","template":"elementor_header_footer","meta":{"_acf_changed":false,"footnotes":""},"class_list":["post-2243","page","type-page","status-publish","hentry"],"acf":[],"_links":{"self":[{"href":"https:\/\/www.novisanum.com\/es\/wp-json\/wp\/v2\/pages\/2243","targetHints":{"allow":["GET"]}}],"collection":[{"href":"https:\/\/www.novisanum.com\/es\/wp-json\/wp\/v2\/pages"}],"about":[{"href":"https:\/\/www.novisanum.com\/es\/wp-json\/wp\/v2\/types\/page"}],"author":[{"embeddable":true,"href":"https:\/\/www.novisanum.com\/es\/wp-json\/wp\/v2\/users\/1"}],"replies":[{"embeddable":true,"href":"https:\/\/www.novisanum.com\/es\/wp-json\/wp\/v2\/comments?post=2243"}],"version-history":[{"count":4,"href":"https:\/\/www.novisanum.com\/es\/wp-json\/wp\/v2\/pages\/2243\/revisions"}],"predecessor-version":[{"id":2247,"href":"https:\/\/www.novisanum.com\/es\/wp-json\/wp\/v2\/pages\/2243\/revisions\/2247"}],"wp:attachment":[{"href":"https:\/\/www.novisanum.com\/es\/wp-json\/wp\/v2\/media?parent=2243"}],"curies":[{"name":"wp","href":"https:\/\/api.w.org\/{rel}","templated":true}]}}