{"id":2260,"date":"2025-11-02T14:55:21","date_gmt":"2025-11-02T14:55:21","guid":{"rendered":"https:\/\/www.novisanum.com\/ciencia-sobre-el-hidrogeno\/"},"modified":"2025-11-07T03:05:24","modified_gmt":"2025-11-07T03:05:24","slug":"ciencia-sobre-el-hidrogeno","status":"publish","type":"page","link":"https:\/\/www.novisanum.com\/es\/ciencia-sobre-el-hidrogeno\/","title":{"rendered":"Ciencia sobre el hidr\u00f3geno"},"content":{"rendered":"\t\t<div data-elementor-type=\"wp-page\" data-elementor-id=\"2260\" class=\"elementor elementor-2260 elementor-656\" data-elementor-settings=\"{&quot;ha_cmc_init_switcher&quot;:&quot;no&quot;}\" data-elementor-post-type=\"page\">\n\t\t\t\t<div class=\"elementor-element elementor-element-4591513 e-flex e-con-boxed e-con e-parent\" data-id=\"4591513\" data-element_type=\"container\" data-e-type=\"container\" data-settings=\"{&quot;_ha_eqh_enable&quot;:false}\">\n\t\t\t\t\t<div class=\"e-con-inner\">\n\t\t<div class=\"elementor-element elementor-element-60d8dd7 e-con-full e-flex e-con e-child\" data-id=\"60d8dd7\" data-element_type=\"container\" data-e-type=\"container\" data-settings=\"{&quot;_ha_eqh_enable&quot;:false}\">\n\t\t\t\t<div class=\"elementor-element elementor-element-3384306 elementor-widget elementor-widget-heading\" data-id=\"3384306\" data-element_type=\"widget\" data-e-type=\"widget\" data-widget_type=\"heading.default\">\n\t\t\t\t\t<h2 class=\"elementor-heading-title elementor-size-default\">Ciencia sobre el hidr\u00f3geno<\/h2>\t\t\t\t<\/div>\n\t\t\t\t<div class=\"elementor-element elementor-element-233dffe elementor-widget elementor-widget-text-editor\" data-id=\"233dffe\" data-element_type=\"widget\" data-e-type=\"widget\" data-widget_type=\"text-editor.default\">\n\t\t\t\t\t\t\t\t\t<p>La oxigenoterapia antiinflamatoria ofrece resultados terap\u00e9uticos mucho mejores que una costosa e inc\u00f3moda c\u00e1mara hiperb\u00e1rica y puede realizarse en su dormitorio. La oxigenoterapia antiinflamatoria es sencilla. Todo lo que requiere es inhalar un alto nivel de ox\u00edgeno mientras hace ejercicio.<\/p><p>En 15 minutos, puedes abrir las c\u00e9lulas, permiti\u00e9ndoles desintoxicarse mientras absorben niveles m\u00e1s altos de ox\u00edgeno. Esto puede ayudar a muchas personas a liberarse de situaciones cr\u00f3nicas donde antes no era posible.<\/p><p><strong>El poder del ox\u00edgeno<\/strong><br \/>Es invisible, poderoso e indispensable para la vida. Es ox\u00edgeno. Lo inhalamos continuamente a lo largo de nuestra vida y aunque constituye s\u00f3lo el 21% del aire que respiramos, es la clave de nuestra existencia. Cuanto m\u00e1s aprendemos sobre las propiedades medicinales del ox\u00edgeno, m\u00e1s claro se vuelve su tremendo potencial de tratamiento m\u00e9dico para muchas afecciones graves.<\/p><p><strong>Terapia de ox\u00edgeno inflamatorio &#8211; Dr. Mark Sircus<\/strong><br \/>Sin embargo, hasta ahora pocos conocen las importantes aplicaciones terap\u00e9uticas del ox\u00edgeno. En su nuevo libro, Terapia de ox\u00edgeno inflamatoria, el Dr. Mark Sircus explora los extraordinarios beneficios que la oxigenoterapia tiene para ofrecer, desde la desintoxicaci\u00f3n hasta tratamientos para trastornos como la ERGE y el envejecimiento, con especial \u00e9nfasis en el c\u00e1ncer.<\/p><p>Aunque el t\u00e9rmino \u00aboxigenoterapia\u00bb evoca im\u00e1genes de un paciente mortal en una cama de hospital con tubos en la nariz y la boca, este libro muestra que el ox\u00edgeno tiene mucho m\u00e1s que ofrecer. En primer lugar, el Dr. Sircus analiza m\u00e1s de cerca la naturaleza del ox\u00edgeno y su funci\u00f3n en el cuerpo. Luego proporciona informaci\u00f3n sobre c\u00f3mo la inflamaci\u00f3n destruye los tejidos con el tiempo y c\u00f3mo el ox\u00edgeno puede revertir este proceso.<\/p><p>Adem\u00e1s, el Dr. Sircus ofrece una t\u00e9cnica segura y muy eficaz que s\u00f3lo lleva 15 minutos y se puede realizar tranquilamente en casa, de modo que se puedan obtener todos los beneficios de una vida m\u00e1s saludable.<\/p><p><strong>El secreto silencioso<\/strong><br \/>Quiz\u00e1s se pregunte por qu\u00e9 no ha o\u00eddo hablar antes de esta \u00abcura milagrosa\u00bb. La cuesti\u00f3n es que el ox\u00edgeno no se puede patentar, no es caro y no se necesita un m\u00e9dico para ello. Como no genera grandes beneficios, sigue siendo un secreto bien guardado, pero los hechos hablan por s\u00ed solos. En este libro, descubrir\u00e1 estos hechos que pueden cambiar su vida, informaci\u00f3n que puede beneficiar su salud.<\/p><p>Este es el primer libro que analiza juntos la medicina del di\u00f3xido de carbono y la medicina del ox\u00edgeno. La oxigenoterapia antiinflamatoria ofrece nuevos conocimientos sobre las caracter\u00edsticas clave comunes de la enfermedad, que se relacionan con la falta tanto de ox\u00edgeno como de di\u00f3xido de carbono. Muchos m\u00e9dicos nunca han o\u00eddo hablar de los medicamentos con di\u00f3xido de carbono.<\/p><p><strong>\u00bfBeber o inhalar?<\/strong><br \/>Se puede beber agua (H2O), pero tambi\u00e9n inhalarla como H2 (hidr\u00f3geno) y como O2 (ox\u00edgeno).\u2028El propio cuerpo produce gas hidr\u00f3geno, pero s\u00f3lo puede hacerlo mediante el suministro de energ\u00eda en forma de alimentos.\u2028Incluso una peque\u00f1a cantidad de hidr\u00f3geno adicional proporciona beneficios. Por ejemplo, reduce el estr\u00e9s oxidativo o la inflamaci\u00f3n y conduce a una disminuci\u00f3n constante de enfermedades de las articulaciones como la artritis. Probablemente sea el mejor antienvejecimiento que existe e incluso puede contribuir a la p\u00e9rdida de peso activando la hormona FGF21.<\/p><p><strong>Hidr\u00f3geno: la &#8216;medicina&#8217; m\u00e1s segura que conocemos<\/strong><br \/>Desde 2007, ha habido un flujo continuo de investigaciones cient\u00edficas que demuestran que el hidr\u00f3geno puede tener una gran importancia terap\u00e9utica.\u2028Esto se debe al tama\u00f1o y peso de las mol\u00e9culas de hidr\u00f3geno. El peso at\u00f3mico del hidr\u00f3geno es el m\u00e1s bajo de cualquier sustancia que conozcamos. Y la mol\u00e9cula H2 es tan peque\u00f1a que no s\u00f3lo se absorbe muy f\u00e1cilmente, sino que tambi\u00e9n \u00abflota\u00bb fuera del cuerpo con la misma facilidad cuando se alcanza la saturaci\u00f3n de tejidos y \u00f3rganos. Por lo tanto, no se puede aplicar una sobredosis de hidr\u00f3geno. Eso lo hace muy seguro.<\/p><p><strong>El hidr\u00f3geno molecular est\u00e1 respaldado por evidencia:<\/strong><br \/>&#8211; M\u00e1s de 2000 estudios cient\u00edficos<br \/>&#8211; M\u00e1s de 500 art\u00edculos revisados por pares<br \/>&#8211; M\u00e1s de 1,600 investigadores<br \/>&#8211; M\u00e1s de 40 estudios basados en humanos<\/p><p>Y:<br \/>M\u00e1s de 100 estudios cl\u00ednicos sugieren que el H2 tiene potencial terap\u00e9utico\u00a0para 170 modelos diferentes de humanos, animales y plantas\u00a0y en casi todos los \u00f3rganos del cuerpo humano.<\/p>\t\t\t\t\t\t\t\t<\/div>\n\t\t\t\t<\/div>\n\t\t\t\t\t<\/div>\n\t\t\t\t<\/div>\n\t\t<div class=\"elementor-element elementor-element-365d1c5 e-flex e-con-boxed e-con e-parent\" data-id=\"365d1c5\" data-element_type=\"container\" data-e-type=\"container\" data-settings=\"{&quot;background_background&quot;:&quot;classic&quot;,&quot;_ha_eqh_enable&quot;:false}\">\n\t\t\t\t\t<div class=\"e-con-inner\">\n\t\t\t\t<div class=\"elementor-element elementor-element-2c06574 elementor-widget elementor-widget-heading\" data-id=\"2c06574\" data-element_type=\"widget\" data-e-type=\"widget\" data-widget_type=\"heading.default\">\n\t\t\t\t\t<h2 class=\"elementor-heading-title elementor-size-default\">Boletin informativo<\/h2>\t\t\t\t<\/div>\n\t\t\t\t<div class=\"elementor-element elementor-element-55ba04a elementor-widget__width-initial elementor-widget-mobile__width-inherit elementor-widget elementor-widget-text-editor\" data-id=\"55ba04a\" data-element_type=\"widget\" data-e-type=\"widget\" data-widget_type=\"text-editor.default\">\n\t\t\t\t\t\t\t\t\t<p>Una frase breve que describe lo que alguien recibir\u00e1 al suscribirse<\/p>\t\t\t\t\t\t\t\t<\/div>\n\t\t\t\t<div class=\"elementor-element elementor-element-2636313 elementor-widget__width-initial elementor-widget-mobile__width-inherit elementor-button-align-stretch elementor-widget elementor-widget-form\" data-id=\"2636313\" data-element_type=\"widget\" data-e-type=\"widget\" data-settings=\"{&quot;button_width&quot;:&quot;30&quot;,&quot;step_next_label&quot;:&quot;Pr\\u00f3ximo&quot;,&quot;step_previous_label&quot;:&quot;Previo&quot;,&quot;step_type&quot;:&quot;number_text&quot;,&quot;step_icon_shape&quot;:&quot;circle&quot;}\" data-widget_type=\"form.default\">\n\t\t\t\t\t\t\t<form class=\"elementor-form\" method=\"post\" name=\"Nuevo formulario\" aria-label=\"Nuevo formulario\">\r\n\t\t\t<input type=\"hidden\" name=\"post_id\" value=\"2260\"\/>\r\n\t\t\t<input type=\"hidden\" name=\"form_id\" value=\"2636313\"\/>\r\n\t\t\t<input type=\"hidden\" name=\"referer_title\" value=\"Ciencia sobre el hidr\u00f3geno\" \/>\r\n\r\n\t\t\t\t\t\t\t<input type=\"hidden\" name=\"queried_id\" value=\"2260\"\/>\r\n\t\t\t\r\n\t\t\t<div class=\"elementor-form-fields-wrapper elementor-labels-\">\r\n\t\t\t\t\t\t\t\t<div class=\"elementor-field-type-email elementor-field-group elementor-column elementor-field-group-email elementor-col-70 elementor-field-required\">\r\n\t\t\t\t\t\t\t\t\t\t\t\t\t<input size=\"1\" type=\"email\" name=\"form_fields[email]\" id=\"form-field-email\" class=\"elementor-field elementor-size-sm  elementor-field-textual\" placeholder=\"Tu correo electr\u00f3nico\" required=\"required\">\r\n\t\t\t\t\t\t\t\t\t\t\t<\/div>\r\n\t\t\t\t\t\t\t\t<div class=\"elementor-field-group elementor-column elementor-field-type-submit elementor-col-30 e-form__buttons\">\r\n\t\t\t\t\t<button class=\"elementor-button elementor-size-sm\" type=\"submit\">\r\n\t\t\t\t\t\t<span class=\"elementor-button-content-wrapper\">\r\n\t\t\t\t\t\t\t\t\t\t\t\t\t\t\t\t\t\t\t\t\t\t<span class=\"elementor-button-text\">Suscribir<\/span>\r\n\t\t\t\t\t\t\t\t\t\t\t\t\t<\/span>\r\n\t\t\t\t\t<\/button>\r\n\t\t\t\t<\/div>\r\n\t\t\t<\/div>\r\n\t\t<\/form>\r\n\t\t\t\t\t\t<\/div>\n\t\t\t\t\t<\/div>\n\t\t\t\t<\/div>\n\t\t\t\t<\/div>\n\t\t","protected":false},"excerpt":{"rendered":"<p>Ciencia sobre el hidr\u00f3geno La oxigenoterapia antiinflamatoria ofrece resultados terap\u00e9uticos mucho mejores que una costosa e inc\u00f3moda c\u00e1mara hiperb\u00e1rica y puede realizarse en su dormitorio. La oxigenoterapia antiinflamatoria es sencilla. Todo lo que requiere es inhalar un alto nivel de ox\u00edgeno mientras hace ejercicio. En 15 minutos, puedes abrir las c\u00e9lulas, permiti\u00e9ndoles desintoxicarse mientras absorben [&hellip;]<\/p>\n","protected":false},"author":1,"featured_media":0,"parent":0,"menu_order":0,"comment_status":"closed","ping_status":"closed","template":"elementor_header_footer","meta":{"_acf_changed":false,"footnotes":""},"class_list":["post-2260","page","type-page","status-publish","hentry"],"acf":[],"_links":{"self":[{"href":"https:\/\/www.novisanum.com\/es\/wp-json\/wp\/v2\/pages\/2260","targetHints":{"allow":["GET"]}}],"collection":[{"href":"https:\/\/www.novisanum.com\/es\/wp-json\/wp\/v2\/pages"}],"about":[{"href":"https:\/\/www.novisanum.com\/es\/wp-json\/wp\/v2\/types\/page"}],"author":[{"embeddable":true,"href":"https:\/\/www.novisanum.com\/es\/wp-json\/wp\/v2\/users\/1"}],"replies":[{"embeddable":true,"href":"https:\/\/www.novisanum.com\/es\/wp-json\/wp\/v2\/comments?post=2260"}],"version-history":[{"count":4,"href":"https:\/\/www.novisanum.com\/es\/wp-json\/wp\/v2\/pages\/2260\/revisions"}],"predecessor-version":[{"id":2264,"href":"https:\/\/www.novisanum.com\/es\/wp-json\/wp\/v2\/pages\/2260\/revisions\/2264"}],"wp:attachment":[{"href":"https:\/\/www.novisanum.com\/es\/wp-json\/wp\/v2\/media?parent=2260"}],"curies":[{"name":"wp","href":"https:\/\/api.w.org\/{rel}","templated":true}]}}