{"id":2311,"date":"2025-11-02T14:49:50","date_gmt":"2025-11-02T14:49:50","guid":{"rendered":"https:\/\/www.novisanum.com\/ciencia-y-el-tratamiento-de-cuidado-de-la-piel-mas-nuevo\/"},"modified":"2025-11-07T04:15:25","modified_gmt":"2025-11-07T04:15:25","slug":"ciencia-y-el-tratamiento-de-cuidado-de-la-piel-mas-nuevo","status":"publish","type":"page","link":"https:\/\/www.novisanum.com\/es\/ciencia-y-el-tratamiento-de-cuidado-de-la-piel-mas-nuevo\/","title":{"rendered":"Ciencia y el tratamiento de cuidado de la piel m\u00e1s nuevo"},"content":{"rendered":"\t\t<div data-elementor-type=\"wp-page\" data-elementor-id=\"2311\" class=\"elementor elementor-2311 elementor-650\" data-elementor-settings=\"{&quot;ha_cmc_init_switcher&quot;:&quot;no&quot;}\" data-elementor-post-type=\"page\">\n\t\t\t\t<div class=\"elementor-element elementor-element-4591513 e-flex e-con-boxed e-con e-parent\" data-id=\"4591513\" data-element_type=\"container\" data-e-type=\"container\" data-settings=\"{&quot;_ha_eqh_enable&quot;:false}\">\n\t\t\t\t\t<div class=\"e-con-inner\">\n\t\t<div class=\"elementor-element elementor-element-60d8dd7 e-con-full e-flex e-con e-child\" data-id=\"60d8dd7\" data-element_type=\"container\" data-e-type=\"container\" data-settings=\"{&quot;_ha_eqh_enable&quot;:false}\">\n\t\t\t\t<div class=\"elementor-element elementor-element-3384306 elementor-widget elementor-widget-heading\" data-id=\"3384306\" data-element_type=\"widget\" data-e-type=\"widget\" data-widget_type=\"heading.default\">\n\t\t\t\t\t<h2 class=\"elementor-heading-title elementor-size-default\">Ciencia y el tratamiento de cuidado de la piel m\u00e1s nuevo<\/h2>\t\t\t\t<\/div>\n\t\t\t\t<div class=\"elementor-element elementor-element-233dffe elementor-widget elementor-widget-text-editor\" data-id=\"233dffe\" data-element_type=\"widget\" data-e-type=\"widget\" data-widget_type=\"text-editor.default\">\n\t\t\t\t\t\t\t\t\tSiempre es agradable ver a la gente disfrutando al m\u00e1ximo del sol y utilizando la luz para recargar sus cuerpos y mentes. L\u00e1stima del consiguiente envejecimiento de la piel. \u00bfNo existe una soluci\u00f3n m\u00e1s inteligente para eso, que de preferencia resulte en un rejuvenecimiento de la piel? S\u00ed, la hay: \u00a1terapia de luz roja!\t\t\t\t\t\t\t\t<\/div>\n\t\t<div class=\"elementor-element elementor-element-66c246d e-con-full e-flex e-con e-child\" data-id=\"66c246d\" data-element_type=\"container\" data-e-type=\"container\" data-settings=\"{&quot;_ha_eqh_enable&quot;:false}\">\n\t\t<div class=\"elementor-element elementor-element-d32a67b e-con-full e-flex e-con e-child\" data-id=\"d32a67b\" data-element_type=\"container\" data-e-type=\"container\" data-settings=\"{&quot;_ha_eqh_enable&quot;:false}\">\n\t\t\t\t<div class=\"elementor-element elementor-element-da372ab elementor-widget elementor-widget-image\" data-id=\"da372ab\" data-element_type=\"widget\" data-e-type=\"widget\" data-widget_type=\"image.default\">\n\t\t\t\t\t\t\t\t\t\t\t\t\t\t\t<img fetchpriority=\"high\" decoding=\"async\" width=\"346\" height=\"480\" src=\"https:\/\/www.novisanum.com\/wp-content\/uploads\/2025\/11\/Skin_light_480x480.webp\" class=\"attachment-full size-full wp-image-1276\" alt=\"\" srcset=\"https:\/\/www.novisanum.com\/wp-content\/uploads\/2025\/11\/Skin_light_480x480.webp 346w, https:\/\/www.novisanum.com\/wp-content\/uploads\/2025\/11\/Skin_light_480x480-216x300.webp 216w\" sizes=\"(max-width: 346px) 100vw, 346px\" \/>\t\t\t\t\t\t\t\t\t\t\t\t\t\t\t<\/div>\n\t\t\t\t<\/div>\n\t\t<div class=\"elementor-element elementor-element-4fced5d e-con-full e-flex e-con e-child\" data-id=\"4fced5d\" data-element_type=\"container\" data-e-type=\"container\" data-settings=\"{&quot;_ha_eqh_enable&quot;:false}\">\n\t\t\t\t<div class=\"elementor-element elementor-element-484117e elementor-widget elementor-widget-text-editor\" data-id=\"484117e\" data-element_type=\"widget\" data-e-type=\"widget\" data-widget_type=\"text-editor.default\">\n\t\t\t\t\t\t\t\t\t<p><strong>Piel radiante a trav\u00e9s de m\u00e1s ATP (energ\u00eda)<\/strong><br \/>\u00bfC\u00f3mo es que la luz roja contribuye a la calidad de tu piel? Una piel radiante es una piel sana y rica en energ\u00eda, en parte como resultado de la suficiente energ\u00eda en las c\u00e9lulas de la piel. Nuestras c\u00e9lulas, incluidas las de la piel, son capaces de convertir la luz en energ\u00eda gracias a un mecanismo llamado citocromo c oxidasa. Utilizando esa energ\u00eda, conocida en t\u00e9rminos t\u00e9cnicos como ATP, la piel promueve el proceso de creaci\u00f3n de nuevas c\u00e9lulas y liberaci\u00f3n de las envejecidas. Como resultado, los poros se hunden menos, las manchas y las arrugas se desvanecen, la flexibilidad y firmeza de la piel aumenta e incluso se combate el acn\u00e9. Esto es seg\u00fan una investigaci\u00f3n iran\u00ed citada por el autor Mark Sloan en su libro sobre la luz roja titulado<\/p>\t\t\t\t\t\t\t\t<\/div>\n\t\t\t\t<\/div>\n\t\t\t\t<\/div>\n\t\t\t\t<div class=\"elementor-element elementor-element-ec39dc8 elementor-widget elementor-widget-text-editor\" data-id=\"ec39dc8\" data-element_type=\"widget\" data-e-type=\"widget\" data-widget_type=\"text-editor.default\">\n\t\t\t\t\t\t\t\t\t<p>Miracle Medicine. El hecho de que gracias al aumento del ATP se aceleran procesos m\u00e1s saludables tambi\u00e9n se puede comprobar en otros \u00e1mbitos.<br \/><br \/><strong>Curaci\u00f3n de la piel m\u00e1s r\u00e1pida<\/strong><br \/>Por lo tanto, no deber\u00eda sorprendernos que en el caso de lesiones cut\u00e1neas se haya demostrado que el proceso de curaci\u00f3n se favorece mediante el uso de luz roja, como describe Stephanie Hallett en detalle en su libro \u00abHealing with luz roja\u00bb, uno de un n\u00famero cada vez mayor de libros con base cient\u00edfica sobre la terapia de luz roja. Por cierto, la curaci\u00f3n acelerada de las heridas no implica un efecto placebo, como tambi\u00e9n se ha demostrado en animales heridos, como muestra el Dr. Michael Belkowski en su libro \u00abTerapia con luz roja &#8211; Protocolos de tratamiento\u00bb.<br \/><br \/><strong>La investigaci\u00f3n cient\u00edfica lo demuestra: la luz roja rejuvenece la piel<\/strong><br \/>La ciencia est\u00e1 descubriendo la luz roja como terapia rejuvenecedora de la piel. Se ha demostrado que funciona y ahora tambi\u00e9n est\u00e1 claro c\u00f3mo puede rejuvenecer la piel. La luz roja invierte los procesos de envejecimiento a lo largo de varias v\u00edas. Una de esas v\u00edas es que la luz roja pueda recargar las centrales el\u00e9ctricas de las c\u00e9lulas. \u00bfC\u00f3mo sucede esto exactamente? Cada c\u00e9lula humana tiene entre cientos y miles de centrales el\u00e9ctricas llamadas mitocondrias. Estos producen energ\u00eda, pero necesitan ser alimentados. Esto se puede hacer con comida sana, pero tambi\u00e9n con luz. Con suficientes frecuencias muy espec\u00edficas de luz roja, pueden producir m\u00e1s energ\u00eda y se crean a\u00fan m\u00e1s mitocondrias. Las c\u00e9lulas que tienen acceso a suficiente energ\u00eda funcionan mejor, lo que da como resultado una piel m\u00e1s fuerte y flexible, entre otras cosas.<br \/><br \/><strong>Aumento de la producci\u00f3n de col\u00e1geno<\/strong><br \/>Otro ejemplo de la eficacia de la terapia con luz roja es que la luz penetra cent\u00edmetros de profundidad en la piel y hace all\u00ed, entre otras, dos cosas. Una es que aumenta la producci\u00f3n de col\u00e1geno. Y eso es genial, porque el col\u00e1geno es lo que mantiene la piel suave y flexible. El col\u00e1geno es lo que una persona de 60 a\u00f1os tiene solo la mitad en comparaci\u00f3n con cuando ten\u00eda 25. Entonces, col\u00e1geno, eso es lo que desea m\u00e1s despu\u00e9s de los 25 a\u00f1os, en lugar de menos. Afortunadamente, esto es posible exponi\u00e9ndose a frecuencias muy espec\u00edficas de luz roja. Con esto, inmediatamente experimentas la segunda eficacia de la penetraci\u00f3n de la luz y es la de contrarrestar la inflamaci\u00f3n. Las inflamaciones da\u00f1an la estructura subyacente de la piel y, por tanto, son impulsoras del envejecimiento cut\u00e1neo.<br \/><br \/><strong>Terapia de luz roja para hacer en casa<\/strong><br \/>Puede experimentar la terapia con luz roja en el consultorio de un terapeuta, pero cada vez m\u00e1s personas aplican la terapia en casa, en parte porque es una experiencia muy placentera. De hecho, hay excelentes equipos disponibles que le permiten llevar la terapia con luz roja a su hogar. Yo mismo tengo un panel de cuerpo completo que espero con ansias todos los d\u00edas, pero tambi\u00e9n hay paneles m\u00e1s peque\u00f1os, por ejemplo para iluminar tu cara.<br \/><br \/><strong>Capacidad de auto-sanaci\u00f3n<\/strong><br \/>Con la terapia de luz roja, traes el sol a tu casa, pero s\u00f3lo sus mejores elementos. Al dejar que la luz brille, se combinan las propiedades curativas de la luz solar con la capacidad de autocuraci\u00f3n del hombre. Nuestro cuerpo es capaz de curarse a s\u00ed mismo de muchas dolencias y condiciones si se le permite hacerlo, por ejemplo, con una dieta saludable y suficiente luz roja. Consulte qu\u00e9 paneles y camas podr\u00edan ser adecuados para usted a trav\u00e9s de este enlace. \u00a1Dale a tu cuerpo lo que necesita, ap\u00f3yalo con luz roja y observa los resultados, entre otras cosas, en una piel joven y radiante!&#8217;<\/p>\t\t\t\t\t\t\t\t<\/div>\n\t\t\t\t<\/div>\n\t\t\t\t\t<\/div>\n\t\t\t\t<\/div>\n\t\t<div class=\"elementor-element elementor-element-365d1c5 e-flex e-con-boxed e-con e-parent\" data-id=\"365d1c5\" data-element_type=\"container\" data-e-type=\"container\" data-settings=\"{&quot;background_background&quot;:&quot;classic&quot;,&quot;_ha_eqh_enable&quot;:false}\">\n\t\t\t\t\t<div class=\"e-con-inner\">\n\t\t\t\t<div class=\"elementor-element elementor-element-2c06574 elementor-widget elementor-widget-heading\" data-id=\"2c06574\" data-element_type=\"widget\" data-e-type=\"widget\" data-widget_type=\"heading.default\">\n\t\t\t\t\t<h2 class=\"elementor-heading-title elementor-size-default\">Boletin informativo<\/h2>\t\t\t\t<\/div>\n\t\t\t\t<div class=\"elementor-element elementor-element-55ba04a elementor-widget__width-initial elementor-widget-mobile__width-inherit elementor-widget elementor-widget-text-editor\" data-id=\"55ba04a\" data-element_type=\"widget\" data-e-type=\"widget\" data-widget_type=\"text-editor.default\">\n\t\t\t\t\t\t\t\t\t<p>Una frase breve que describe lo que alguien recibir\u00e1 al suscribirse<\/p>\t\t\t\t\t\t\t\t<\/div>\n\t\t\t\t<div class=\"elementor-element elementor-element-2636313 elementor-widget__width-initial elementor-widget-mobile__width-inherit elementor-button-align-stretch elementor-widget elementor-widget-form\" data-id=\"2636313\" data-element_type=\"widget\" data-e-type=\"widget\" data-settings=\"{&quot;button_width&quot;:&quot;30&quot;,&quot;step_next_label&quot;:&quot;Pr\\u00f3ximo&quot;,&quot;step_previous_label&quot;:&quot;Previo&quot;,&quot;step_type&quot;:&quot;number_text&quot;,&quot;step_icon_shape&quot;:&quot;circle&quot;}\" data-widget_type=\"form.default\">\n\t\t\t\t\t\t\t<form class=\"elementor-form\" method=\"post\" name=\"Nuevo formulario\" aria-label=\"Nuevo formulario\">\r\n\t\t\t<input type=\"hidden\" name=\"post_id\" value=\"2311\"\/>\r\n\t\t\t<input type=\"hidden\" name=\"form_id\" value=\"2636313\"\/>\r\n\t\t\t<input type=\"hidden\" name=\"referer_title\" value=\"\" \/>\r\n\r\n\t\t\t\r\n\t\t\t<div class=\"elementor-form-fields-wrapper elementor-labels-\">\r\n\t\t\t\t\t\t\t\t<div class=\"elementor-field-type-email elementor-field-group elementor-column elementor-field-group-email elementor-col-70 elementor-field-required\">\r\n\t\t\t\t\t\t\t\t\t\t\t\t\t<input size=\"1\" type=\"email\" name=\"form_fields[email]\" id=\"form-field-email\" class=\"elementor-field elementor-size-sm  elementor-field-textual\" placeholder=\"Tu correo electr\u00f3nico\" required=\"required\">\r\n\t\t\t\t\t\t\t\t\t\t\t<\/div>\r\n\t\t\t\t\t\t\t\t<div class=\"elementor-field-group elementor-column elementor-field-type-submit elementor-col-30 e-form__buttons\">\r\n\t\t\t\t\t<button class=\"elementor-button elementor-size-sm\" type=\"submit\">\r\n\t\t\t\t\t\t<span class=\"elementor-button-content-wrapper\">\r\n\t\t\t\t\t\t\t\t\t\t\t\t\t\t\t\t\t\t\t\t\t\t<span class=\"elementor-button-text\">Suscribir<\/span>\r\n\t\t\t\t\t\t\t\t\t\t\t\t\t<\/span>\r\n\t\t\t\t\t<\/button>\r\n\t\t\t\t<\/div>\r\n\t\t\t<\/div>\r\n\t\t<\/form>\r\n\t\t\t\t\t\t<\/div>\n\t\t\t\t\t<\/div>\n\t\t\t\t<\/div>\n\t\t\t\t<\/div>\n\t\t","protected":false},"excerpt":{"rendered":"<p>Ciencia y el tratamiento de cuidado de la piel m\u00e1s nuevo Siempre es agradable ver a la gente disfrutando al m\u00e1ximo del sol y utilizando la luz para recargar sus cuerpos y mentes. L\u00e1stima del consiguiente envejecimiento de la piel. \u00bfNo existe una soluci\u00f3n m\u00e1s inteligente para eso, que de preferencia resulte en un rejuvenecimiento [&hellip;]<\/p>\n","protected":false},"author":1,"featured_media":0,"parent":0,"menu_order":0,"comment_status":"closed","ping_status":"closed","template":"elementor_header_footer","meta":{"_acf_changed":false,"footnotes":""},"class_list":["post-2311","page","type-page","status-publish","hentry"],"acf":[],"_links":{"self":[{"href":"https:\/\/www.novisanum.com\/es\/wp-json\/wp\/v2\/pages\/2311","targetHints":{"allow":["GET"]}}],"collection":[{"href":"https:\/\/www.novisanum.com\/es\/wp-json\/wp\/v2\/pages"}],"about":[{"href":"https:\/\/www.novisanum.com\/es\/wp-json\/wp\/v2\/types\/page"}],"author":[{"embeddable":true,"href":"https:\/\/www.novisanum.com\/es\/wp-json\/wp\/v2\/users\/1"}],"replies":[{"embeddable":true,"href":"https:\/\/www.novisanum.com\/es\/wp-json\/wp\/v2\/comments?post=2311"}],"version-history":[{"count":4,"href":"https:\/\/www.novisanum.com\/es\/wp-json\/wp\/v2\/pages\/2311\/revisions"}],"predecessor-version":[{"id":2327,"href":"https:\/\/www.novisanum.com\/es\/wp-json\/wp\/v2\/pages\/2311\/revisions\/2327"}],"wp:attachment":[{"href":"https:\/\/www.novisanum.com\/es\/wp-json\/wp\/v2\/media?parent=2311"}],"curies":[{"name":"wp","href":"https:\/\/api.w.org\/{rel}","templated":true}]}}