{"id":2403,"date":"2025-11-02T04:42:56","date_gmt":"2025-11-02T04:42:56","guid":{"rendered":"https:\/\/www.novisanum.com\/product\/gorro-para-el-crecimiento-del-cabello-ht02\/"},"modified":"2025-11-02T04:42:56","modified_gmt":"2025-11-02T04:42:56","slug":"gorro-para-el-crecimiento-del-cabello-ht02","status":"publish","type":"product","link":"https:\/\/www.novisanum.com\/es\/producto\/gorro-para-el-crecimiento-del-cabello-ht02\/","title":{"rendered":"Gorro para el crecimiento del cabello (HT02)"},"content":{"rendered":"<p>\u00bfBuscas una soluci\u00f3n natural para la ca\u00edda o el debilitamiento del cabello? Este gorro especial de terapia de luz roja ofrece un m\u00e9todo cient\u00edficamente probado que no solo estimula el crecimiento del cabello, sino que tambi\u00e9n mejora la salud general del cabello y el cuero cabelludo. <\/p>\n<p><strong>Apoyado por la ciencia<\/strong><br \/>\nEstudios realizados por prestigiosos institutos de investigaci\u00f3n, como la Facultad de Medicina de Harvard, han demostrado la eficacia de la terapia de luz roja en el tratamiento de la ca\u00edda del cabello. Esta terapia no solo ofrece esperanza a quienes sufren problemas capilares, sino que tambi\u00e9n mejora la salud general del cuero cabelludo. PudMed cuenta con varios estudios disponibles en l\u00ednea que avalan el efecto de la terapia de luz roja en el cuero cabelludo.  <\/p>\n<p><strong>\u00bfPor qu\u00e9 elegir la terapia de luz roja?<\/strong><\/p>\n<p><strong>Estimula el crecimiento de cabello nuevo:<\/strong> Esta terapia puede producir un aumento significativo en la cantidad y el grosor del cabello.<br \/>\n<strong>Reduce la ca\u00edda del cabello:<\/strong> Al fortalecer los fol\u00edculos pilosos, la terapia con luz roja puede reducir la ca\u00edda del cabello.<br \/>\n<strong>Mejora la estructura del cabello:<\/strong> Los tratamientos regulares pueden dar como resultado un cabello m\u00e1s sano, fuerte y grueso.<br \/>\nSegura y no invasiva: Esta terapia es una opci\u00f3n natural para combatir la ca\u00edda del cabello sin cirug\u00eda.<\/p>\n<p><strong>como funciona<\/strong><\/p>\n<p><strong>Uso dom\u00e9stico: <\/strong>Con esta gorra especial, puede utilizar f\u00e1cilmente la terapia de luz roja en casa y a una fracci\u00f3n del costo de un trasplante quir\u00fargico.<br \/>\n<strong>Rutina de tratamiento: <\/strong>Para obtener resultados \u00f3ptimos, se recomienda usar el gorro un d\u00eda s\u00ed y un d\u00eda no, en sesiones de 15 a 20 minutos. A los 6 meses podr\u00e1 observar los primeros resultados y a los 24 meses habr\u00e1 alcanzado los resultados \u00f3ptimos. \u00bfDesea resultados m\u00e1s r\u00e1pidos? Entonces opte por el casco especial.   <\/p>\n<p><strong>ESPECIFICACIONES DEL PRODUCTO:<\/strong><\/p>\n<p>Marca: Novisanum<br \/>\nProducto: Gorro de fototerapia de luz roja<br \/>\nModelo: HT02<br \/>\nColor: Negro<br \/>\nN\u00famero de LED: 120<br \/>\nLongitudes de onda: 660\/830 nm<br \/>\nColores de los LED: Rojo y azul<br \/>\nConsumo de energ\u00eda: 75 W<br \/>\nPeso: 18 g<br \/>\nEmbalaje: Caja<br \/>\nDimensiones del embalaje: 36 x 16 x 24 mm<br \/>\nAccesorios incluidos: Adaptador, cable USB<br \/>\nGarant\u00eda: 2 a\u00f1os<\/p>\n","protected":false},"excerpt":{"rendered":"<p>\u00bfBuscas una soluci\u00f3n natural para la ca\u00edda o el debilitamiento del cabello? Este gorro especial de terapia de luz roja ofrece un m\u00e9todo cient\u00edficamente probado que no solo estimula el crecimiento del cabello, sino que tambi\u00e9n mejora la salud general del cabello y el cuero cabelludo. Apoyado por la ciencia Estudios realizados por prestigiosos institutos [&hellip;]<\/p>\n","protected":false},"featured_media":1396,"comment_status":"open","ping_status":"closed","template":"","meta":{"_acf_changed":false},"product_brand":[],"product_cat":[159],"product_tag":[],"class_list":{"0":"post-2403","1":"product","2":"type-product","3":"status-publish","4":"has-post-thumbnail","6":"product_cat-hair-growth-systems","8":"first","9":"instock","10":"shipping-taxable","11":"purchasable","12":"product-type-simple"},"acf":[],"_links":{"self":[{"href":"https:\/\/www.novisanum.com\/es\/wp-json\/wp\/v2\/product\/2403","targetHints":{"allow":["GET"]}}],"collection":[{"href":"https:\/\/www.novisanum.com\/es\/wp-json\/wp\/v2\/product"}],"about":[{"href":"https:\/\/www.novisanum.com\/es\/wp-json\/wp\/v2\/types\/product"}],"replies":[{"embeddable":true,"href":"https:\/\/www.novisanum.com\/es\/wp-json\/wp\/v2\/comments?post=2403"}],"wp:featuredmedia":[{"embeddable":true,"href":"https:\/\/www.novisanum.com\/es\/wp-json\/wp\/v2\/media\/1396"}],"wp:attachment":[{"href":"https:\/\/www.novisanum.com\/es\/wp-json\/wp\/v2\/media?parent=2403"}],"wp:term":[{"taxonomy":"product_brand","embeddable":true,"href":"https:\/\/www.novisanum.com\/es\/wp-json\/wp\/v2\/product_brand?post=2403"},{"taxonomy":"product_cat","embeddable":true,"href":"https:\/\/www.novisanum.com\/es\/wp-json\/wp\/v2\/product_cat?post=2403"},{"taxonomy":"product_tag","embeddable":true,"href":"https:\/\/www.novisanum.com\/es\/wp-json\/wp\/v2\/product_tag?post=2403"}],"curies":[{"name":"wp","href":"https:\/\/api.w.org\/{rel}","templated":true}]}}