{"id":2424,"date":"2025-11-02T03:40:12","date_gmt":"2025-11-02T03:40:12","guid":{"rendered":"https:\/\/www.novisanum.com\/product\/modelo-de-escritorio-b300\/"},"modified":"2025-11-07T11:13:31","modified_gmt":"2025-11-07T11:13:31","slug":"modelo-de-escritorio-b300","status":"publish","type":"product","link":"https:\/\/www.novisanum.com\/es\/producto\/modelo-de-escritorio-b300\/","title":{"rendered":"Modelo de escritorio B300"},"content":{"rendered":"<p>Con este panel podr\u00e1s tratar partes espec\u00edficas del cuerpo. Esta terapia no invasiva puede ofrecer una alternativa prometedora a los m\u00e9todos tradicionales de tratamiento del dolor.<\/p>\n<p><strong>ESPECIFICACIONES DEL PRODUCTO<\/strong><br \/>\nMarca: Novisanum<br \/>\nModelo: modelo de escritorio B300<br \/>\nColor: negro<br \/>\nN\u00famero de LEDs: 60<br \/>\n\u00c1rea de superficie: 80x72cm<br \/>\nLongitudes de onda: 660 nm (rojo) \/ 850 nm (infrarrojo cercano)<br \/>\nConsumo de energ\u00eda: 300w<br \/>\nEmbalaje: caja<br \/>\nTama\u00f1o de la caja: 380x235x65mm<br \/>\nPeso: 5kg<br \/>\nAccesorios incluidos: estaci\u00f3n de carga, cable USB<br \/>\nPrecio de venta: \u20ac 349,00 incl. IVA<br \/>\nPrecio de promoci\u00f3n: \u20ac 249,00 incl. IVA<br \/>\nCostos de env\u00edo: \u20ac 0,00<br \/>\nGarant\u00eda: 5 a\u00f1os<\/p>\n<p><strong>\u00bfComo funciona?<\/strong><br \/>\nLos efectos terap\u00e9uticos de la terapia con luz roja se atribuyen a su capacidad para llegar a tejidos m\u00e1s profundos debajo de la piel. Una vez que las c\u00e9lulas absorben la luz roja, interact\u00faa con las mitocondrias, tambi\u00e9n conocidas como la \u00abcentral el\u00e9ctrica de la c\u00e9lula\u00bb, para aumentar la producci\u00f3n de trifosfato de adenosina (ATP). El ATP es esencial para la energ\u00eda y el funcionamiento celular. Se cree que el aumento de la producci\u00f3n de ATP estimula los procesos de reparaci\u00f3n y regeneraci\u00f3n celular para ayudar a reducir la inflamaci\u00f3n y aliviar el dolor.<\/p>\n<p><strong>La ciencia detr\u00e1s de la terapia de luz roja<\/strong><\/p>\n<p><strong>Reparaci\u00f3n y crecimiento celular:<\/strong>\u00a0la terapia con luz roja promueve la liberaci\u00f3n de \u00f3xido n\u00edtrico, que puede mejorar el flujo sangu\u00edneo y el suministro de ox\u00edgeno a los tejidos. Este proceso ayuda a reparar las c\u00e9lulas da\u00f1adas y favorece el crecimiento de c\u00e9lulas nuevas y sanas.<br \/>\n\u200d<br \/>\n<strong>Reducir la inflamaci\u00f3n:<\/strong>\u00a0La inflamaci\u00f3n cr\u00f3nica es una fuente com\u00fan de dolor. Se ha demostrado que la terapia con luz roja reduce la producci\u00f3n de citocinas proinflamatorias y aumenta la actividad de las citocinas antiinflamatorias, lo que reduce la inflamaci\u00f3n y el dolor.<br \/>\n\u200d<br \/>\n<strong>Regeneraci\u00f3n nerviosa:<\/strong>\u00a0la terapia con luz roja puede estimular la reparaci\u00f3n y el crecimiento de los nervios, lo que puede aliviar las condiciones de dolor neurop\u00e1tico.<br \/>\n\u200d<br \/>\n<strong>Recuperaci\u00f3n muscular:<\/strong>\u00a0Los deportistas y las personas que se recuperan de lesiones musculares pueden beneficiarse de la terapia con luz roja. Puede promover la recuperaci\u00f3n muscular al reducir la inflamaci\u00f3n y promover una curaci\u00f3n m\u00e1s r\u00e1pida.<\/p>\n<p><strong>Alivio del dolor:<\/strong>\u00a0afecciones de dolor cr\u00f3nico: se han realizado investigaciones sobre la eficacia de la terapia con luz roja en afecciones cr\u00f3nicas como la fibromialgia, la osteoartritis y la artritis reumatoide al reducir la inflamaci\u00f3n y promover la reparaci\u00f3n celular.<br \/>\n\u200d<br \/>\n<strong>Dolor articular y muscular:<\/strong>\u00a0muchos atletas encuentran alivio de las lesiones deportivas o de las lesiones por uso excesivo para el dolor articular mediante sesiones regulares con la terapia de luz roja.<br \/>\n\u200d<br \/>\n<strong>Dolor de espalda\/cuello y hombros:<\/strong>\u00a0el dolor en la parte baja de la espalda, el cuello o los hombros es una dolencia com\u00fan y la terapia con luz roja puede ser una opci\u00f3n de tratamiento eficaz al aliviar la inflamaci\u00f3n y estimular la reparaci\u00f3n de los tejidos.<\/p>\n<p><strong>Recuperaci\u00f3n posoperatoria:<\/strong>\u00a0los pacientes que se recuperan de una cirug\u00eda pueden beneficiarse de la terapia con luz roja, ya que puede acelerar el proceso de curaci\u00f3n y reducir el dolor y la hinchaz\u00f3n posoperatorios.<\/p>\n<p><strong>Terapia de luz roja<\/strong><br \/>\nUna sesi\u00f3n suele durar entre 10 y 15 minutos y es posible que sienta un suave calor en la piel, pero no molestias. El n\u00famero de sesiones necesarias var\u00eda seg\u00fan la afecci\u00f3n tratada y la respuesta individual a la terapia.<\/p>\n<p><strong>Seguridad y efectos secundarios<\/strong><br \/>\nLa terapia con luz roja se considera segura y con efectos secundarios m\u00ednimos. Sin embargo, es fundamental no mirar directamente a la luz para proteger los ojos. Las gafas para este fin est\u00e1n incluidas en la compra.<\/p>\n<p><strong>\u00bfEs la terapia de luz roja adecuada para ti?<\/strong><br \/>\nLas sesiones constantes de terapia con luz roja pueden ser exactamente lo que necesita para experimentar alivio del dolor. Utilizando el poder de la luz para curar y aliviar el malestar, esta terapia no invasiva puede ayudar a reducir la inflamaci\u00f3n y promover la reparaci\u00f3n celular, al tiempo que mejora instant\u00e1neamente su estado de \u00e1nimo.<\/p>\n<p><strong>Diferencias entre la serie B y la serie PRO<\/strong><br \/>\nLos paneles de la serie PRO est\u00e1n equipados con LED especiales de doble chip, lo que los convierte en uno de los sistemas de terapia de luz roja m\u00e1s avanzados del mercado. Gracias a estos LED especiales, los paneles tienen una irradiancia extra alta. Adem\u00e1s, ofrecen 5 (en lugar de 2) longitudes de onda de 630, 660, 810, 830 y 850 nan\u00f3metros. Esto permite que los paneles PRO traten la mayor\u00eda de los problemas de salud. que se ha demostrado que tienen el mayor efecto en la biolog\u00eda humana. Estos paneles PRO tambi\u00e9n ofrecen control inteligente: temporizaci\u00f3n, ajuste de brillo, funci\u00f3n de pulso y conexi\u00f3n y vinculaci\u00f3n de m\u00faltiples paneles para futuras ampliaciones.<\/p>\n","protected":false},"excerpt":{"rendered":"<p>Con este panel podr\u00e1s tratar partes espec\u00edficas del cuerpo. Esta terapia no invasiva puede ofrecer una alternativa prometedora a los m\u00e9todos tradicionales de tratamiento del dolor. ESPECIFICACIONES DEL PRODUCTO Marca: Novisanum Modelo: modelo de escritorio B300 Color: negro N\u00famero de LEDs: 60 \u00c1rea de superficie: 80x72cm Longitudes de onda: 660 nm (rojo) \/ 850 nm [&hellip;]<\/p>\n","protected":false},"featured_media":1226,"comment_status":"open","ping_status":"closed","template":"","meta":{"_acf_changed":false},"product_brand":[],"product_cat":[149,169,150,179],"product_tag":[],"class_list":{"0":"post-2424","1":"product","2":"type-product","3":"status-publish","4":"has-post-thumbnail","6":"product_cat-blog","7":"product_cat-homepage","8":"product_cat-face-care-systems","9":"product_cat-red-light-systems","11":"first","12":"instock","13":"shipping-taxable","14":"purchasable","15":"product-type-simple"},"acf":[],"_links":{"self":[{"href":"https:\/\/www.novisanum.com\/es\/wp-json\/wp\/v2\/product\/2424","targetHints":{"allow":["GET"]}}],"collection":[{"href":"https:\/\/www.novisanum.com\/es\/wp-json\/wp\/v2\/product"}],"about":[{"href":"https:\/\/www.novisanum.com\/es\/wp-json\/wp\/v2\/types\/product"}],"replies":[{"embeddable":true,"href":"https:\/\/www.novisanum.com\/es\/wp-json\/wp\/v2\/comments?post=2424"}],"wp:featuredmedia":[{"embeddable":true,"href":"https:\/\/www.novisanum.com\/es\/wp-json\/wp\/v2\/media\/1226"}],"wp:attachment":[{"href":"https:\/\/www.novisanum.com\/es\/wp-json\/wp\/v2\/media?parent=2424"}],"wp:term":[{"taxonomy":"product_brand","embeddable":true,"href":"https:\/\/www.novisanum.com\/es\/wp-json\/wp\/v2\/product_brand?post=2424"},{"taxonomy":"product_cat","embeddable":true,"href":"https:\/\/www.novisanum.com\/es\/wp-json\/wp\/v2\/product_cat?post=2424"},{"taxonomy":"product_tag","embeddable":true,"href":"https:\/\/www.novisanum.com\/es\/wp-json\/wp\/v2\/product_tag?post=2424"}],"curies":[{"name":"wp","href":"https:\/\/api.w.org\/{rel}","templated":true}]}}