{"id":1986,"date":"2025-11-02T06:08:03","date_gmt":"2025-11-02T06:08:03","guid":{"rendered":"https:\/\/www.novisanum.com\/avis-medical\/"},"modified":"2025-11-06T11:25:01","modified_gmt":"2025-11-06T11:25:01","slug":"avis-medical","status":"publish","type":"page","link":"https:\/\/www.novisanum.com\/fr\/avis-medical\/","title":{"rendered":"Avertissement m\u00e9dical"},"content":{"rendered":"\t\t<div data-elementor-type=\"wp-page\" data-elementor-id=\"1986\" class=\"elementor elementor-1986 elementor-521\" data-elementor-settings=\"{&quot;ha_cmc_init_switcher&quot;:&quot;no&quot;}\" data-elementor-post-type=\"page\">\n\t\t\t\t<div class=\"elementor-element elementor-element-790f7246 e-flex e-con-boxed e-con e-parent\" data-id=\"790f7246\" data-element_type=\"container\" data-e-type=\"container\" data-settings=\"{&quot;_ha_eqh_enable&quot;:false}\">\n\t\t\t\t\t<div class=\"e-con-inner\">\n\t\t<div class=\"elementor-element elementor-element-3fbdcb82 e-con-full e-flex e-con e-child\" data-id=\"3fbdcb82\" data-element_type=\"container\" data-e-type=\"container\" data-settings=\"{&quot;_ha_eqh_enable&quot;:false}\">\n\t\t\t\t<div class=\"elementor-element elementor-element-7373a2c5 elementor-widget elementor-widget-heading\" data-id=\"7373a2c5\" data-element_type=\"widget\" data-e-type=\"widget\" data-widget_type=\"heading.default\">\n\t\t\t\t\t<h2 class=\"elementor-heading-title elementor-size-default\">Avertissement m\u00e9dical<\/h2>\t\t\t\t<\/div>\n\t\t\t\t<div class=\"elementor-element elementor-element-7feacab1 elementor-widget elementor-widget-text-editor\" data-id=\"7feacab1\" data-element_type=\"widget\" data-e-type=\"widget\" data-widget_type=\"text-editor.default\">\n\t\t\t\t\t\t\t\t\t<p><strong>Avertissement m\u00e9dical et de sant\u00e9<\/strong><br>Les informations contenues sur ce site Web ne sont pas destin\u00e9es ou implicitement sugg\u00e9r\u00e9es comme une alternative aux diagnostics professionnels, aux traitements et aux conseils m\u00e9dicaux recommand\u00e9s par des professionnels. Absolument tout le contenu, y compris le texte de l&rsquo;article lui-m\u00eame, les images, les commentaires et autres informations, contenu sur cette page Web est uniquement destin\u00e9 \u00e0 des fins d&rsquo;information non sp\u00e9cifiques. Nous sugg\u00e9rons fortement de ne jamais ignorer les conseils m\u00e9dicaux\/professionnels de sant\u00e9 et nous sugg\u00e9rons fortement de ne pas retarder la recherche d&rsquo;un traitement m\u00e9dical recommand\u00e9 par un professionnel en raison des informations obtenues en lisant cet article\/site Web. Les produits vendus ou recommand\u00e9s sur ce site Web ne sont absolument pas destin\u00e9s au diagnostic, \u00e0 la pr\u00e9vention, \u00e0 la surveillance, au traitement ou au soulagement d&rsquo;une maladie, d&rsquo;une blessure ou d&rsquo;un handicap sp\u00e9cifique.<br>   <\/p>\t\t\t\t\t\t\t\t<\/div>\n\t\t\t\t<\/div>\n\t\t\t\t\t<\/div>\n\t\t\t\t<\/div>\n\t\t<div class=\"elementor-element elementor-element-71b0be9 e-flex e-con-boxed e-con e-parent\" data-id=\"71b0be9\" data-element_type=\"container\" data-e-type=\"container\" data-settings=\"{&quot;background_background&quot;:&quot;classic&quot;,&quot;_ha_eqh_enable&quot;:false}\">\n\t\t\t\t\t<div class=\"e-con-inner\">\n\t\t\t\t<div class=\"elementor-element elementor-element-19dd9bd elementor-widget elementor-widget-heading\" data-id=\"19dd9bd\" data-element_type=\"widget\" data-e-type=\"widget\" data-widget_type=\"heading.default\">\n\t\t\t\t\t<h2 class=\"elementor-heading-title elementor-size-default\">Bulletin<\/h2>\t\t\t\t<\/div>\n\t\t\t\t<div class=\"elementor-element elementor-element-65f1c21 elementor-widget__width-initial elementor-widget-mobile__width-inherit elementor-widget elementor-widget-text-editor\" data-id=\"65f1c21\" data-element_type=\"widget\" data-e-type=\"widget\" data-widget_type=\"text-editor.default\">\n\t\t\t\t\t\t\t\t\t<p>Une courte phrase d\u00e9crivant ce que quelqu&rsquo;un recevra en s&rsquo;abonnant<\/p>\t\t\t\t\t\t\t\t<\/div>\n\t\t\t\t<div class=\"elementor-element elementor-element-6020bc3 elementor-widget__width-initial elementor-widget-mobile__width-inherit elementor-button-align-stretch elementor-widget elementor-widget-form\" data-id=\"6020bc3\" data-element_type=\"widget\" data-e-type=\"widget\" data-settings=\"{&quot;button_width&quot;:&quot;30&quot;,&quot;step_next_label&quot;:&quot;Suivant&quot;,&quot;step_previous_label&quot;:&quot;Pr\\u00e9c\\u00e9dent&quot;,&quot;step_type&quot;:&quot;number_text&quot;,&quot;step_icon_shape&quot;:&quot;circle&quot;}\" data-widget_type=\"form.default\">\n\t\t\t\t\t\t\t<form class=\"elementor-form\" method=\"post\" name=\"Nouveau formulaire\" aria-label=\"Nouveau formulaire\">\r\n\t\t\t<input type=\"hidden\" name=\"post_id\" value=\"1986\"\/>\r\n\t\t\t<input type=\"hidden\" name=\"form_id\" value=\"6020bc3\"\/>\r\n\t\t\t<input type=\"hidden\" name=\"referer_title\" value=\"\" \/>\r\n\r\n\t\t\t\r\n\t\t\t<div class=\"elementor-form-fields-wrapper elementor-labels-\">\r\n\t\t\t\t\t\t\t\t<div class=\"elementor-field-type-email elementor-field-group elementor-column elementor-field-group-email elementor-col-70 elementor-field-required\">\r\n\t\t\t\t\t\t\t\t\t\t\t\t\t<input size=\"1\" type=\"email\" name=\"form_fields[email]\" id=\"form-field-email\" class=\"elementor-field elementor-size-sm  elementor-field-textual\" placeholder=\"Votre email\" required=\"required\">\r\n\t\t\t\t\t\t\t\t\t\t\t<\/div>\r\n\t\t\t\t\t\t\t\t<div class=\"elementor-field-group elementor-column elementor-field-type-submit elementor-col-30 e-form__buttons\">\r\n\t\t\t\t\t<button class=\"elementor-button elementor-size-sm\" type=\"submit\">\r\n\t\t\t\t\t\t<span class=\"elementor-button-content-wrapper\">\r\n\t\t\t\t\t\t\t\t\t\t\t\t\t\t\t\t\t\t\t\t\t\t<span class=\"elementor-button-text\">S'abonner<\/span>\r\n\t\t\t\t\t\t\t\t\t\t\t\t\t<\/span>\r\n\t\t\t\t\t<\/button>\r\n\t\t\t\t<\/div>\r\n\t\t\t<\/div>\r\n\t\t<\/form>\r\n\t\t\t\t\t\t<\/div>\n\t\t\t\t\t<\/div>\n\t\t\t\t<\/div>\n\t\t\t\t<\/div>\n\t\t","protected":false},"excerpt":{"rendered":"<p>Avertissement m\u00e9dical Avertissement m\u00e9dical et de sant\u00e9Les informations contenues sur ce site Web ne sont pas destin\u00e9es ou implicitement sugg\u00e9r\u00e9es comme une alternative aux diagnostics professionnels, aux traitements et aux conseils m\u00e9dicaux recommand\u00e9s par des professionnels. Absolument tout le contenu, y compris le texte de l&rsquo;article lui-m\u00eame, les images, les commentaires et autres informations, contenu [&hellip;]<\/p>\n","protected":false},"author":1,"featured_media":0,"parent":0,"menu_order":0,"comment_status":"closed","ping_status":"closed","template":"elementor_header_footer","meta":{"_acf_changed":false,"footnotes":""},"class_list":["post-1986","page","type-page","status-publish","hentry"],"acf":[],"_links":{"self":[{"href":"https:\/\/www.novisanum.com\/fr\/wp-json\/wp\/v2\/pages\/1986","targetHints":{"allow":["GET"]}}],"collection":[{"href":"https:\/\/www.novisanum.com\/fr\/wp-json\/wp\/v2\/pages"}],"about":[{"href":"https:\/\/www.novisanum.com\/fr\/wp-json\/wp\/v2\/types\/page"}],"author":[{"embeddable":true,"href":"https:\/\/www.novisanum.com\/fr\/wp-json\/wp\/v2\/users\/1"}],"replies":[{"embeddable":true,"href":"https:\/\/www.novisanum.com\/fr\/wp-json\/wp\/v2\/comments?post=1986"}],"version-history":[{"count":4,"href":"https:\/\/www.novisanum.com\/fr\/wp-json\/wp\/v2\/pages\/1986\/revisions"}],"predecessor-version":[{"id":2213,"href":"https:\/\/www.novisanum.com\/fr\/wp-json\/wp\/v2\/pages\/1986\/revisions\/2213"}],"wp:attachment":[{"href":"https:\/\/www.novisanum.com\/fr\/wp-json\/wp\/v2\/media?parent=1986"}],"curies":[{"name":"wp","href":"https:\/\/api.w.org\/{rel}","templated":true}]}}