{"id":2041,"date":"2025-11-01T09:58:00","date_gmt":"2025-11-01T09:58:00","guid":{"rendered":"https:\/\/www.novisanum.com\/distributeurs-exclusifs\/"},"modified":"2025-11-06T04:24:59","modified_gmt":"2025-11-06T04:24:59","slug":"distributeurs-exclusifs","status":"publish","type":"page","link":"https:\/\/www.novisanum.com\/fr\/distributeurs-exclusifs\/","title":{"rendered":"Distributeurs exclusifs"},"content":{"rendered":"\t\t<div data-elementor-type=\"wp-page\" data-elementor-id=\"2041\" class=\"elementor elementor-2041 elementor-64\" data-elementor-settings=\"{&quot;ha_cmc_init_switcher&quot;:&quot;no&quot;}\" data-elementor-post-type=\"page\">\n\t\t\t\t<div class=\"elementor-element elementor-element-58c7e0d1 e-con-full e-flex e-con e-parent\" data-id=\"58c7e0d1\" data-element_type=\"container\" data-e-type=\"container\" data-settings=\"{&quot;_ha_eqh_enable&quot;:false}\">\n\t\t\t\t<div class=\"elementor-element elementor-element-18704ca6 elementor-widget elementor-widget-image\" data-id=\"18704ca6\" data-element_type=\"widget\" data-e-type=\"widget\" data-widget_type=\"image.default\">\n\t\t\t\t\t\t\t\t\t\t\t\t\t\t\t<img fetchpriority=\"high\" decoding=\"async\" width=\"2000\" height=\"736\" src=\"https:\/\/www.novisanum.com\/wp-content\/uploads\/2025\/11\/headless_header.webp\" class=\"attachment-full size-full wp-image-983\" alt=\"\" srcset=\"https:\/\/www.novisanum.com\/wp-content\/uploads\/2025\/11\/headless_header.webp 2000w, https:\/\/www.novisanum.com\/wp-content\/uploads\/2025\/11\/headless_header-600x221.webp 600w, https:\/\/www.novisanum.com\/wp-content\/uploads\/2025\/11\/headless_header-300x110.webp 300w, https:\/\/www.novisanum.com\/wp-content\/uploads\/2025\/11\/headless_header-1024x377.webp 1024w, https:\/\/www.novisanum.com\/wp-content\/uploads\/2025\/11\/headless_header-768x283.webp 768w, https:\/\/www.novisanum.com\/wp-content\/uploads\/2025\/11\/headless_header-1536x565.webp 1536w\" sizes=\"(max-width: 2000px) 100vw, 2000px\" \/>\t\t\t\t\t\t\t\t\t\t\t\t\t\t\t<\/div>\n\t\t\t\t<div class=\"elementor-element elementor-element-4255a294 elementor-widget elementor-widget-heading\" data-id=\"4255a294\" data-element_type=\"widget\" data-e-type=\"widget\" data-widget_type=\"heading.default\">\n\t\t\t\t\t<h2 class=\"elementor-heading-title elementor-size-default\">Distributeurs exclusifs<\/h2>\t\t\t\t<\/div>\n\t\t\t\t<div class=\"elementor-element elementor-element-72566700 elementor-widget__width-initial elementor-widget elementor-widget-text-editor\" data-id=\"72566700\" data-element_type=\"widget\" data-e-type=\"widget\" data-widget_type=\"text-editor.default\">\n\t\t\t\t\t\t\t\t\t<p>Nous travaillons avec un seul distributeur exclusif par pays. Nous recherchons des entrepreneurs dans l&rsquo;UE (espace Schengen) pour cr\u00e9er un r\u00e9seau de distributeurs ind\u00e9pendants. Si vous souhaitez d\u00e9velopper votre entreprise ou en d\u00e9marrer une nouvelle en utilisant nos produits de haute qualit\u00e9, contactez-nous&nbsp;!<\/p>\t\t\t\t\t\t\t\t<\/div>\n\t\t\t\t<\/div>\n\t\t<div class=\"elementor-element elementor-element-15c61227 e-con-full e-flex e-con e-parent\" data-id=\"15c61227\" data-element_type=\"container\" data-e-type=\"container\" data-settings=\"{&quot;_ha_eqh_enable&quot;:false}\">\n\t\t<div class=\"elementor-element elementor-element-382299c9 e-flex e-con-boxed e-con e-child\" data-id=\"382299c9\" data-element_type=\"container\" data-e-type=\"container\" data-settings=\"{&quot;_ha_eqh_enable&quot;:false}\">\n\t\t\t\t\t<div class=\"e-con-inner\">\n\t\t\t\t<div class=\"elementor-element elementor-element-68fb6011 elementor-widget elementor-widget-image\" data-id=\"68fb6011\" data-element_type=\"widget\" data-e-type=\"widget\" data-widget_type=\"image.default\">\n\t\t\t\t\t\t\t\t\t\t\t\t\t\t\t<img decoding=\"async\" width=\"600\" height=\"400\" src=\"https:\/\/www.novisanum.com\/wp-content\/uploads\/2025\/11\/dropshipping.webp\" class=\"attachment-full size-full wp-image-988\" alt=\"\" srcset=\"https:\/\/www.novisanum.com\/wp-content\/uploads\/2025\/11\/dropshipping.webp 600w, https:\/\/www.novisanum.com\/wp-content\/uploads\/2025\/11\/dropshipping-300x200.webp 300w\" sizes=\"(max-width: 600px) 100vw, 600px\" \/>\t\t\t\t\t\t\t\t\t\t\t\t\t\t\t<\/div>\n\t\t\t\t\t<\/div>\n\t\t\t\t<\/div>\n\t\t<div class=\"elementor-element elementor-element-7d531597 e-con-full e-flex e-con e-child\" data-id=\"7d531597\" data-element_type=\"container\" data-e-type=\"container\" data-settings=\"{&quot;_ha_eqh_enable&quot;:false}\">\n\t\t\t\t<div class=\"elementor-element elementor-element-16f60b12 elementor-widget elementor-widget-heading\" data-id=\"16f60b12\" data-element_type=\"widget\" data-e-type=\"widget\" data-widget_type=\"heading.default\">\n\t\t\t\t\t<h2 class=\"elementor-heading-title elementor-size-default\">Unir nos forces<\/h2>\t\t\t\t<\/div>\n\t\t\t\t<div class=\"elementor-element elementor-element-30774baa elementor-widget elementor-widget-text-editor\" data-id=\"30774baa\" data-element_type=\"widget\" data-e-type=\"widget\" data-widget_type=\"text-editor.default\">\n\t\t\t\t\t\t\t\t\t<p>En tant que grossiste et avec notre marque Purassima, nous souhaitons mettre en place un r\u00e9seau de distributeurs d&rsquo;autres (petits) entrepreneurs dans diff\u00e9rents pays europ\u00e9ens. Dans le but d&rsquo;unir nos forces et de pouvoir travailler ensemble de mani\u00e8re intensive. Ce faisant, nous voulons obtenir une position forte sur le march\u00e9 et cr\u00e9er une situation gagnant-gagnant.<\/p>\t\t\t\t\t\t\t\t<\/div>\n\t\t\t\t<\/div>\n\t\t\t\t<\/div>\n\t\t<div class=\"elementor-element elementor-element-6a23cd58 e-con-full e-flex e-con e-parent\" data-id=\"6a23cd58\" data-element_type=\"container\" data-e-type=\"container\" data-settings=\"{&quot;_ha_eqh_enable&quot;:false}\">\n\t\t<div class=\"elementor-element elementor-element-2c274ceb elementor-hidden-desktop elementor-hidden-tablet e-flex e-con-boxed e-con e-child\" data-id=\"2c274ceb\" data-element_type=\"container\" data-e-type=\"container\" data-settings=\"{&quot;_ha_eqh_enable&quot;:false}\">\n\t\t\t\t\t<div class=\"e-con-inner\">\n\t\t\t\t<div class=\"elementor-element elementor-element-38822207 elementor-widget elementor-widget-image\" data-id=\"38822207\" data-element_type=\"widget\" data-e-type=\"widget\" data-widget_type=\"image.default\">\n\t\t\t\t\t\t\t\t\t\t\t\t\t\t\t<img decoding=\"async\" width=\"600\" height=\"400\" src=\"https:\/\/www.novisanum.com\/wp-content\/uploads\/2025\/11\/support.webp\" class=\"attachment-full size-full wp-image-993\" alt=\"\" srcset=\"https:\/\/www.novisanum.com\/wp-content\/uploads\/2025\/11\/support.webp 600w, https:\/\/www.novisanum.com\/wp-content\/uploads\/2025\/11\/support-300x200.webp 300w\" sizes=\"(max-width: 600px) 100vw, 600px\" \/>\t\t\t\t\t\t\t\t\t\t\t\t\t\t\t<\/div>\n\t\t\t\t\t<\/div>\n\t\t\t\t<\/div>\n\t\t<div class=\"elementor-element elementor-element-c57b44 e-con-full e-flex e-con e-child\" data-id=\"c57b44\" data-element_type=\"container\" data-e-type=\"container\" data-settings=\"{&quot;_ha_eqh_enable&quot;:false}\">\n\t\t\t\t<div class=\"elementor-element elementor-element-678ef3c5 elementor-widget elementor-widget-heading\" data-id=\"678ef3c5\" data-element_type=\"widget\" data-e-type=\"widget\" data-widget_type=\"heading.default\">\n\t\t\t\t\t<h2 class=\"elementor-heading-title elementor-size-default\">Ce que nous offrons<\/h2>\t\t\t\t<\/div>\n\t\t\t\t<div class=\"elementor-element elementor-element-182c26a9 elementor-widget__width-initial elementor-widget elementor-widget-text-editor\" data-id=\"182c26a9\" data-element_type=\"widget\" data-e-type=\"widget\" data-widget_type=\"text-editor.default\">\n\t\t\t\t\t\t\t\t\t<div class=\"image-with-text__text-container\"><div class=\"image-with-text__text-aligner\"><div class=\"rte\"><p>Nous proposons une gamme de produits de haute qualit\u00e9, ax\u00e9e sur le consommateur et coh\u00e9rente. Nos produits ont des prix comp\u00e9titifs et de bonnes marges de vente.<\/p><p>Nous avons \u00e9galement un service de dropshipping et exp\u00e9dions depuis notre entrep\u00f4t en Espagne. Nous offrons \u00e9galement un soutien marketing \u00e9tendu avec beaucoup de mat\u00e9riel hors ligne et en ligne.<\/p><\/div><\/div><\/div>\t\t\t\t\t\t\t\t<\/div>\n\t\t\t\t<\/div>\n\t\t<div class=\"elementor-element elementor-element-4394b3b3 elementor-hidden-mobile e-flex e-con-boxed e-con e-child\" data-id=\"4394b3b3\" data-element_type=\"container\" data-e-type=\"container\" data-settings=\"{&quot;_ha_eqh_enable&quot;:false}\">\n\t\t\t\t\t<div class=\"e-con-inner\">\n\t\t\t\t<div class=\"elementor-element elementor-element-6352be50 elementor-widget elementor-widget-image\" data-id=\"6352be50\" data-element_type=\"widget\" data-e-type=\"widget\" data-widget_type=\"image.default\">\n\t\t\t\t\t\t\t\t\t\t\t\t\t\t\t<img decoding=\"async\" width=\"600\" height=\"400\" src=\"https:\/\/www.novisanum.com\/wp-content\/uploads\/2025\/11\/support.webp\" class=\"attachment-full size-full wp-image-993\" alt=\"\" srcset=\"https:\/\/www.novisanum.com\/wp-content\/uploads\/2025\/11\/support.webp 600w, https:\/\/www.novisanum.com\/wp-content\/uploads\/2025\/11\/support-300x200.webp 300w\" sizes=\"(max-width: 600px) 100vw, 600px\" \/>\t\t\t\t\t\t\t\t\t\t\t\t\t\t\t<\/div>\n\t\t\t\t\t<\/div>\n\t\t\t\t<\/div>\n\t\t\t\t<\/div>\n\t\t<div class=\"elementor-element elementor-element-2448b96a e-con-full e-flex e-con e-parent\" data-id=\"2448b96a\" data-element_type=\"container\" data-e-type=\"container\" data-settings=\"{&quot;_ha_eqh_enable&quot;:false}\">\n\t\t<div class=\"elementor-element elementor-element-793534dd e-flex e-con-boxed e-con e-child\" data-id=\"793534dd\" data-element_type=\"container\" data-e-type=\"container\" data-settings=\"{&quot;_ha_eqh_enable&quot;:false}\">\n\t\t\t\t\t<div class=\"e-con-inner\">\n\t\t\t\t<div class=\"elementor-element elementor-element-2fd913 elementor-widget elementor-widget-image\" data-id=\"2fd913\" data-element_type=\"widget\" data-e-type=\"widget\" data-widget_type=\"image.default\">\n\t\t\t\t\t\t\t\t\t\t\t\t\t\t\t<img loading=\"lazy\" decoding=\"async\" width=\"600\" height=\"400\" src=\"https:\/\/www.novisanum.com\/wp-content\/uploads\/2025\/11\/startup.webp\" class=\"attachment-full size-full wp-image-998\" alt=\"\" srcset=\"https:\/\/www.novisanum.com\/wp-content\/uploads\/2025\/11\/startup.webp 600w, https:\/\/www.novisanum.com\/wp-content\/uploads\/2025\/11\/startup-300x200.webp 300w\" sizes=\"(max-width: 600px) 100vw, 600px\" \/>\t\t\t\t\t\t\t\t\t\t\t\t\t\t\t<\/div>\n\t\t\t\t\t<\/div>\n\t\t\t\t<\/div>\n\t\t<div class=\"elementor-element elementor-element-682d88ac e-con-full e-flex e-con e-child\" data-id=\"682d88ac\" data-element_type=\"container\" data-e-type=\"container\" data-settings=\"{&quot;_ha_eqh_enable&quot;:false}\">\n\t\t\t\t<div class=\"elementor-element elementor-element-5cfc2aae elementor-widget elementor-widget-heading\" data-id=\"5cfc2aae\" data-element_type=\"widget\" data-e-type=\"widget\" data-widget_type=\"heading.default\">\n\t\t\t\t\t<h2 class=\"elementor-heading-title elementor-size-default\">Contactez-nous&nbsp;!<\/h2>\t\t\t\t<\/div>\n\t\t\t\t<div class=\"elementor-element elementor-element-44998584 elementor-widget elementor-widget-text-editor\" data-id=\"44998584\" data-element_type=\"widget\" data-e-type=\"widget\" data-widget_type=\"text-editor.default\">\n\t\t\t\t\t\t\t\t\t<p>Pour devenir un distributeur exclusif, vous avez besoin d&rsquo;une mentalit\u00e9 motiv\u00e9e et entrepreneuriale. Le succ\u00e8s est la somme de diff\u00e9rentes comp\u00e9tences, vous avez donc besoin d&rsquo;exp\u00e9rience et de comp\u00e9tences en marketing (en ligne) et\/ou en e-commerce.<\/p><p>Vous voulez en savoir plus&nbsp;? Utilisez le formulaire en ligne pour nous contacter.<\/p>\t\t\t\t\t\t\t\t<\/div>\n\t\t\t\t<div class=\"elementor-element elementor-element-78a8977c elementor-widget elementor-widget-button\" data-id=\"78a8977c\" data-element_type=\"widget\" data-e-type=\"widget\" data-widget_type=\"button.default\">\n\t\t\t\t\t\t\t\t\t\t<a class=\"elementor-button elementor-button-link elementor-size-sm\" href=\"https:\/\/www.novisanum.com\/fr\/?page_id=2016\">\n\t\t\t\t\t\t<span class=\"elementor-button-content-wrapper\">\n\t\t\t\t\t\t\t\t\t<span class=\"elementor-button-text\">Connectez-vous&nbsp;!<\/span>\n\t\t\t\t\t<\/span>\n\t\t\t\t\t<\/a>\n\t\t\t\t\t\t\t\t<\/div>\n\t\t\t\t<\/div>\n\t\t\t\t<\/div>\n\t\t\t\t<\/div>\n\t\t","protected":false},"excerpt":{"rendered":"<p>Distributeurs exclusifs Nous travaillons avec un seul distributeur exclusif par pays. Nous recherchons des entrepreneurs dans l&rsquo;UE (espace Schengen) pour cr\u00e9er un r\u00e9seau de distributeurs ind\u00e9pendants. Si vous souhaitez d\u00e9velopper votre entreprise ou en d\u00e9marrer une nouvelle en utilisant nos produits de haute qualit\u00e9, contactez-nous&nbsp;! Unir nos forces En tant que grossiste et avec notre [&hellip;]<\/p>\n","protected":false},"author":1,"featured_media":0,"parent":0,"menu_order":0,"comment_status":"closed","ping_status":"closed","template":"elementor_header_footer","meta":{"_acf_changed":false,"footnotes":""},"class_list":["post-2041","page","type-page","status-publish","hentry"],"acf":[],"_links":{"self":[{"href":"https:\/\/www.novisanum.com\/fr\/wp-json\/wp\/v2\/pages\/2041","targetHints":{"allow":["GET"]}}],"collection":[{"href":"https:\/\/www.novisanum.com\/fr\/wp-json\/wp\/v2\/pages"}],"about":[{"href":"https:\/\/www.novisanum.com\/fr\/wp-json\/wp\/v2\/types\/page"}],"author":[{"embeddable":true,"href":"https:\/\/www.novisanum.com\/fr\/wp-json\/wp\/v2\/users\/1"}],"replies":[{"embeddable":true,"href":"https:\/\/www.novisanum.com\/fr\/wp-json\/wp\/v2\/comments?post=2041"}],"version-history":[{"count":2,"href":"https:\/\/www.novisanum.com\/fr\/wp-json\/wp\/v2\/pages\/2041\/revisions"}],"predecessor-version":[{"id":2043,"href":"https:\/\/www.novisanum.com\/fr\/wp-json\/wp\/v2\/pages\/2041\/revisions\/2043"}],"wp:attachment":[{"href":"https:\/\/www.novisanum.com\/fr\/wp-json\/wp\/v2\/media?parent=2041"}],"curies":[{"name":"wp","href":"https:\/\/api.w.org\/{rel}","templated":true}]}}