{"id":2110,"date":"2025-11-02T16:35:01","date_gmt":"2025-11-02T16:35:01","guid":{"rendered":"https:\/\/www.novisanum.com\/blogue\/"},"modified":"2025-11-06T06:22:08","modified_gmt":"2025-11-06T06:22:08","slug":"blogue","status":"publish","type":"page","link":"https:\/\/www.novisanum.com\/fr\/blogue\/","title":{"rendered":"Blogue"},"content":{"rendered":"\t\t<div data-elementor-type=\"wp-page\" data-elementor-id=\"2110\" class=\"elementor elementor-2110 elementor-802\" data-elementor-settings=\"{&quot;ha_cmc_init_switcher&quot;:&quot;no&quot;}\" data-elementor-post-type=\"page\">\n\t\t\t\t<div class=\"elementor-element elementor-element-2183ec5 e-con-full e-flex e-con e-parent\" data-id=\"2183ec5\" data-element_type=\"container\" data-e-type=\"container\" data-settings=\"{&quot;_ha_eqh_enable&quot;:false}\">\n\t\t\t\t<div class=\"elementor-element elementor-element-738b23b elementor-widget elementor-widget-heading\" data-id=\"738b23b\" data-element_type=\"widget\" data-e-type=\"widget\" data-widget_type=\"heading.default\">\n\t\t\t\t\t<h2 class=\"elementor-heading-title elementor-size-default\">Nouvelles<\/h2>\t\t\t\t<\/div>\n\t\t\t\t<div class=\"elementor-element elementor-element-2c779ea elementor-grid-2 elementor-grid-tablet-2 elementor-grid-mobile-1 elementor-widget elementor-widget-loop-grid\" data-id=\"2c779ea\" data-element_type=\"widget\" data-e-type=\"widget\" data-settings=\"{&quot;template_id&quot;:843,&quot;columns&quot;:2,&quot;row_gap&quot;:{&quot;unit&quot;:&quot;px&quot;,&quot;size&quot;:40,&quot;sizes&quot;:[]},&quot;row_gap_tablet&quot;:{&quot;unit&quot;:&quot;px&quot;,&quot;size&quot;:25,&quot;sizes&quot;:[]},&quot;_skin&quot;:&quot;post&quot;,&quot;columns_tablet&quot;:&quot;2&quot;,&quot;columns_mobile&quot;:&quot;1&quot;,&quot;edit_handle_selector&quot;:&quot;[data-elementor-type=\\&quot;loop-item\\&quot;]&quot;,&quot;row_gap_mobile&quot;:{&quot;unit&quot;:&quot;px&quot;,&quot;size&quot;:&quot;&quot;,&quot;sizes&quot;:[]}}\" data-widget_type=\"loop-grid.post\">\n\t\t\t\t<div class=\"elementor-widget-container\">\n\t\t\t\t\t\t\t<div class=\"elementor-loop-container elementor-grid\" role=\"list\">\r\n\t\t<style id=\"loop-843\">.elementor-843 .elementor-element.elementor-element-e5863b7{--display:flex;--flex-direction:column;--container-widget-width:100%;--container-widget-height:initial;--container-widget-flex-grow:0;--container-widget-align-self:initial;--flex-wrap-mobile:wrap;--margin-top:0px;--margin-bottom:0px;--margin-left:0px;--margin-right:0px;--padding-top:0px;--padding-bottom:0px;--padding-left:0px;--padding-right:0px;}.elementor-843 .elementor-element.elementor-element-081320f{--display:flex;--overflow:hidden;--border-radius:5px 5px 5px 5px;--padding-top:0px;--padding-bottom:0px;--padding-left:0px;--padding-right:0px;}.elementor-widget-image .widget-image-caption{color:var( --e-global-color-text );font-family:var( --e-global-typography-text-font-family ), Sans-serif;font-size:var( --e-global-typography-text-font-size );font-weight:var( --e-global-typography-text-font-weight );line-height:var( --e-global-typography-text-line-height );}.elementor-843 .elementor-element.elementor-element-a9eb548 img{transition-duration:1.5s;}.elementor-843 .elementor-element.elementor-element-1d418b7{--display:flex;--gap:15px 15px;--row-gap:15px;--column-gap:15px;--padding-top:0px;--padding-bottom:0px;--padding-left:0px;--padding-right:0px;}.elementor-widget-heading .elementor-heading-title{font-family:var( --e-global-typography-primary-font-family ), Sans-serif;font-weight:var( --e-global-typography-primary-font-weight );line-height:var( --e-global-typography-primary-line-height );color:var( --e-global-color-primary );}.elementor-843 .elementor-element.elementor-element-aabc8a3 .elementor-heading-title{font-family:\"Barlow\", Sans-serif;font-size:19px;font-weight:600;line-height:1.2em;color:var( --e-global-color-primary );}.elementor-widget-text-editor{font-family:var( --e-global-typography-text-font-family ), Sans-serif;font-size:var( --e-global-typography-text-font-size );font-weight:var( --e-global-typography-text-font-weight );line-height:var( --e-global-typography-text-line-height );color:var( --e-global-color-text );}.elementor-widget-text-editor.elementor-drop-cap-view-stacked .elementor-drop-cap{background-color:var( --e-global-color-primary );}.elementor-widget-text-editor.elementor-drop-cap-view-framed .elementor-drop-cap, .elementor-widget-text-editor.elementor-drop-cap-view-default .elementor-drop-cap{color:var( --e-global-color-primary );border-color:var( --e-global-color-primary );}.elementor-843 .elementor-element.elementor-element-54ff8fc{font-family:\"Barlow\", Sans-serif;font-size:16px;font-weight:500;line-height:1.86em;color:var( --e-global-color-text );}@media(max-width:1024px){.elementor-widget-image .widget-image-caption{font-size:var( --e-global-typography-text-font-size );line-height:var( --e-global-typography-text-line-height );}.elementor-widget-heading .elementor-heading-title{line-height:var( --e-global-typography-primary-line-height );}.elementor-widget-text-editor{font-size:var( --e-global-typography-text-font-size );line-height:var( --e-global-typography-text-line-height );}}@media(max-width:767px){.elementor-widget-image .widget-image-caption{font-size:var( --e-global-typography-text-font-size );line-height:var( --e-global-typography-text-line-height );}.elementor-843 .elementor-element.elementor-element-1d418b7{--gap:10px 10px;--row-gap:10px;--column-gap:10px;}.elementor-widget-heading .elementor-heading-title{line-height:var( --e-global-typography-primary-line-height );}.elementor-843 .elementor-element.elementor-element-aabc8a3 .elementor-heading-title{font-size:18px;}.elementor-widget-text-editor{font-size:var( --e-global-typography-text-font-size );line-height:var( --e-global-typography-text-line-height );}.elementor-843 .elementor-element.elementor-element-54ff8fc{font-size:15px;}}<\/style>\t\t<div data-elementor-type=\"loop-item\" data-elementor-id=\"843\" class=\"elementor elementor-843 e-loop-item e-loop-item-2344 post-2344 post type-post status-publish format-standard has-post-thumbnail hentry category-nouvelles\" data-elementor-settings=\"{&quot;ha_cmc_init_switcher&quot;:&quot;no&quot;}\" data-elementor-post-type=\"elementor_library\" data-custom-edit-handle=\"1\">\r\n\t\t\t<div class=\"elementor-element elementor-element-e5863b7 e-flex e-con-boxed e-con e-parent\" data-id=\"e5863b7\" data-element_type=\"container\" data-e-type=\"container\" data-settings=\"{&quot;_ha_eqh_enable&quot;:false}\">\n\t\t\t\t\t<div class=\"e-con-inner\">\n\t\t<div class=\"elementor-element elementor-element-081320f e-con-full e-flex e-con e-child\" data-id=\"081320f\" data-element_type=\"container\" data-e-type=\"container\" data-settings=\"{&quot;_ha_eqh_enable&quot;:false}\">\n\t\t\t\t<div class=\"elementor-element elementor-element-a9eb548 image_hov elementor-widget elementor-widget-image\" data-id=\"a9eb548\" data-element_type=\"widget\" data-e-type=\"widget\" data-widget_type=\"image.default\">\n\t\t\t\t\t\t\t\t\t\t\t\t\t\t\t\t<a href=\"https:\/\/www.novisanum.com\/fr\/acne-et-therapie-par-lumiere-rouge\/\">\n\t\t\t\t\t\t\t<img fetchpriority=\"high\" decoding=\"async\" width=\"800\" height=\"175\" src=\"https:\/\/www.novisanum.com\/wp-content\/uploads\/2025\/11\/acnebanner-1024x224.webp\" class=\"elementor-animation-grow attachment-large size-large wp-image-1868\" alt=\"\" srcset=\"https:\/\/www.novisanum.com\/wp-content\/uploads\/2025\/11\/acnebanner-1024x224.webp 1024w, https:\/\/www.novisanum.com\/wp-content\/uploads\/2025\/11\/acnebanner-600x132.webp 600w, https:\/\/www.novisanum.com\/wp-content\/uploads\/2025\/11\/acnebanner-300x66.webp 300w, https:\/\/www.novisanum.com\/wp-content\/uploads\/2025\/11\/acnebanner-768x168.webp 768w, https:\/\/www.novisanum.com\/wp-content\/uploads\/2025\/11\/acnebanner.webp 1200w\" sizes=\"(max-width: 800px) 100vw, 800px\" \/>\t\t\t\t\t\t\t\t<\/a>\n\t\t\t\t\t\t\t\t\t\t\t\t\t\t\t<\/div>\n\t\t\t\t<\/div>\n\t\t<div class=\"elementor-element elementor-element-1d418b7 e-con-full e-flex e-con e-child\" data-id=\"1d418b7\" data-element_type=\"container\" data-e-type=\"container\" data-settings=\"{&quot;_ha_eqh_enable&quot;:false}\">\n\t\t\t\t<div class=\"elementor-element elementor-element-aabc8a3 heading elementor-widget elementor-widget-heading\" data-id=\"aabc8a3\" data-element_type=\"widget\" data-e-type=\"widget\" data-widget_type=\"heading.default\">\n\t\t\t\t\t<h2 class=\"elementor-heading-title elementor-size-default\"><a href=\"https:\/\/www.novisanum.com\/fr\/acne-et-therapie-par-lumiere-rouge\/\">Acn\u00e9 et th\u00e9rapie par lumi\u00e8re rouge<\/a><\/h2>\t\t\t\t<\/div>\n\t\t\t\t<div class=\"elementor-element elementor-element-54ff8fc elementor-widget elementor-widget-text-editor\" data-id=\"54ff8fc\" data-element_type=\"widget\" data-e-type=\"widget\" data-widget_type=\"text-editor.default\">\n\t\t\t\t\t\t\t\t\t<p>L&rsquo;acn\u00e9 (acn\u00e9 vulgaire) est une affection cutan\u00e9e caract\u00e9ris\u00e9e par l&rsquo;obstruction des follicules pileux et des glandes s\u00e9bac\u00e9es par des cellules mortes. Il en r\u00e9sulte l&rsquo;apparition\t\t\t\t\t\t\t\t<\/div>\n\t\t\t\t<\/div>\n\t\t\t\t\t<\/div>\n\t\t\t\t<\/div>\n\t\t\t\t<\/div>\r\n\t\t\t\t<div data-elementor-type=\"loop-item\" data-elementor-id=\"843\" class=\"elementor elementor-843 e-loop-item e-loop-item-2339 post-2339 post type-post status-publish format-standard has-post-thumbnail hentry category-nouvelles\" data-elementor-settings=\"{&quot;ha_cmc_init_switcher&quot;:&quot;no&quot;}\" data-elementor-post-type=\"elementor_library\" data-custom-edit-handle=\"1\">\r\n\t\t\t<div class=\"elementor-element elementor-element-e5863b7 e-flex e-con-boxed e-con e-parent\" data-id=\"e5863b7\" data-element_type=\"container\" data-e-type=\"container\" data-settings=\"{&quot;_ha_eqh_enable&quot;:false}\">\n\t\t\t\t\t<div class=\"e-con-inner\">\n\t\t<div class=\"elementor-element elementor-element-081320f e-con-full e-flex e-con e-child\" data-id=\"081320f\" data-element_type=\"container\" data-e-type=\"container\" data-settings=\"{&quot;_ha_eqh_enable&quot;:false}\">\n\t\t\t\t<div class=\"elementor-element elementor-element-a9eb548 image_hov elementor-widget elementor-widget-image\" data-id=\"a9eb548\" data-element_type=\"widget\" data-e-type=\"widget\" data-widget_type=\"image.default\">\n\t\t\t\t\t\t\t\t\t\t\t\t\t\t\t\t<a href=\"https:\/\/www.novisanum.com\/fr\/croissance-des-cheveux-avec-la-therapie-par-lumiere-rouge\/\">\n\t\t\t\t\t\t\t<img decoding=\"async\" width=\"800\" height=\"175\" src=\"https:\/\/www.novisanum.com\/wp-content\/uploads\/2025\/11\/Hair_blog-1024x224.webp\" class=\"elementor-animation-grow attachment-large size-large wp-image-1873\" alt=\"\" srcset=\"https:\/\/www.novisanum.com\/wp-content\/uploads\/2025\/11\/Hair_blog-1024x224.webp 1024w, https:\/\/www.novisanum.com\/wp-content\/uploads\/2025\/11\/Hair_blog-600x132.webp 600w, https:\/\/www.novisanum.com\/wp-content\/uploads\/2025\/11\/Hair_blog-300x66.webp 300w, https:\/\/www.novisanum.com\/wp-content\/uploads\/2025\/11\/Hair_blog-768x168.webp 768w, https:\/\/www.novisanum.com\/wp-content\/uploads\/2025\/11\/Hair_blog.webp 1200w\" sizes=\"(max-width: 800px) 100vw, 800px\" \/>\t\t\t\t\t\t\t\t<\/a>\n\t\t\t\t\t\t\t\t\t\t\t\t\t\t\t<\/div>\n\t\t\t\t<\/div>\n\t\t<div class=\"elementor-element elementor-element-1d418b7 e-con-full e-flex e-con e-child\" data-id=\"1d418b7\" data-element_type=\"container\" data-e-type=\"container\" data-settings=\"{&quot;_ha_eqh_enable&quot;:false}\">\n\t\t\t\t<div class=\"elementor-element elementor-element-aabc8a3 heading elementor-widget elementor-widget-heading\" data-id=\"aabc8a3\" data-element_type=\"widget\" data-e-type=\"widget\" data-widget_type=\"heading.default\">\n\t\t\t\t\t<h2 class=\"elementor-heading-title elementor-size-default\"><a href=\"https:\/\/www.novisanum.com\/fr\/croissance-des-cheveux-avec-la-therapie-par-lumiere-rouge\/\">Croissance des cheveux avec la th\u00e9rapie par lumi\u00e8re rouge<\/a><\/h2>\t\t\t\t<\/div>\n\t\t\t\t<div class=\"elementor-element elementor-element-54ff8fc elementor-widget elementor-widget-text-editor\" data-id=\"54ff8fc\" data-element_type=\"widget\" data-e-type=\"widget\" data-widget_type=\"text-editor.default\">\n\t\t\t\t\t\t\t\t\t<p>Vous recherchez une solution naturelle contre la chute ou l&rsquo;affinement des cheveux ? La luminoth\u00e9rapie rouge, qui combine les bienfaits de la lumi\u00e8re infrarouge, offre\t\t\t\t\t\t\t\t<\/div>\n\t\t\t\t<\/div>\n\t\t\t\t\t<\/div>\n\t\t\t\t<\/div>\n\t\t\t\t<\/div>\r\n\t\t\t\t<div data-elementor-type=\"loop-item\" data-elementor-id=\"843\" class=\"elementor elementor-843 e-loop-item e-loop-item-2248 post-2248 post type-post status-publish format-standard has-post-thumbnail hentry category-nouvelles\" data-elementor-settings=\"{&quot;ha_cmc_init_switcher&quot;:&quot;no&quot;}\" data-elementor-post-type=\"elementor_library\" data-custom-edit-handle=\"1\">\r\n\t\t\t<div class=\"elementor-element elementor-element-e5863b7 e-flex e-con-boxed e-con e-parent\" data-id=\"e5863b7\" data-element_type=\"container\" data-e-type=\"container\" data-settings=\"{&quot;_ha_eqh_enable&quot;:false}\">\n\t\t\t\t\t<div class=\"e-con-inner\">\n\t\t<div class=\"elementor-element elementor-element-081320f e-con-full e-flex e-con e-child\" data-id=\"081320f\" data-element_type=\"container\" data-e-type=\"container\" data-settings=\"{&quot;_ha_eqh_enable&quot;:false}\">\n\t\t\t\t<div class=\"elementor-element elementor-element-a9eb548 image_hov elementor-widget elementor-widget-image\" data-id=\"a9eb548\" data-element_type=\"widget\" data-e-type=\"widget\" data-widget_type=\"image.default\">\n\t\t\t\t\t\t\t\t\t\t\t\t\t\t\t\t<a href=\"https:\/\/www.novisanum.com\/fr\/comment-dynamiser-vos-cellules\/\">\n\t\t\t\t\t\t\t<img decoding=\"async\" width=\"800\" height=\"175\" src=\"https:\/\/www.novisanum.com\/wp-content\/uploads\/2025\/11\/Blog_redlight_0f23322c-ef4f-418c-a983-d534c81d5a5d-1024x224.webp\" class=\"elementor-animation-grow attachment-large size-large wp-image-1878\" alt=\"\" srcset=\"https:\/\/www.novisanum.com\/wp-content\/uploads\/2025\/11\/Blog_redlight_0f23322c-ef4f-418c-a983-d534c81d5a5d-1024x224.webp 1024w, https:\/\/www.novisanum.com\/wp-content\/uploads\/2025\/11\/Blog_redlight_0f23322c-ef4f-418c-a983-d534c81d5a5d-600x132.webp 600w, https:\/\/www.novisanum.com\/wp-content\/uploads\/2025\/11\/Blog_redlight_0f23322c-ef4f-418c-a983-d534c81d5a5d-300x66.webp 300w, https:\/\/www.novisanum.com\/wp-content\/uploads\/2025\/11\/Blog_redlight_0f23322c-ef4f-418c-a983-d534c81d5a5d-768x168.webp 768w, https:\/\/www.novisanum.com\/wp-content\/uploads\/2025\/11\/Blog_redlight_0f23322c-ef4f-418c-a983-d534c81d5a5d.webp 1200w\" sizes=\"(max-width: 800px) 100vw, 800px\" \/>\t\t\t\t\t\t\t\t<\/a>\n\t\t\t\t\t\t\t\t\t\t\t\t\t\t\t<\/div>\n\t\t\t\t<\/div>\n\t\t<div class=\"elementor-element elementor-element-1d418b7 e-con-full e-flex e-con e-child\" data-id=\"1d418b7\" data-element_type=\"container\" data-e-type=\"container\" data-settings=\"{&quot;_ha_eqh_enable&quot;:false}\">\n\t\t\t\t<div class=\"elementor-element elementor-element-aabc8a3 heading elementor-widget elementor-widget-heading\" data-id=\"aabc8a3\" data-element_type=\"widget\" data-e-type=\"widget\" data-widget_type=\"heading.default\">\n\t\t\t\t\t<h2 class=\"elementor-heading-title elementor-size-default\"><a href=\"https:\/\/www.novisanum.com\/fr\/comment-dynamiser-vos-cellules\/\">Comment dynamiser vos cellules ?<\/a><\/h2>\t\t\t\t<\/div>\n\t\t\t\t<div class=\"elementor-element elementor-element-54ff8fc elementor-widget elementor-widget-text-editor\" data-id=\"54ff8fc\" data-element_type=\"widget\" data-e-type=\"widget\" data-widget_type=\"text-editor.default\">\n\t\t\t\t\t\t\t\t\t<p>Le corps humain est compos\u00e9 d&rsquo;un nombre astronomique de cellules. Et la quasi-totalit\u00e9 de ces milliards de cellules contiennent des mitochondries. Ces \u00ab centrales \u00e9nerg\u00e9tiques\t\t\t\t\t\t\t\t<\/div>\n\t\t\t\t<\/div>\n\t\t\t\t\t<\/div>\n\t\t\t\t<\/div>\n\t\t\t\t<\/div>\r\n\t\t\t\t<\/div>\r\n\t\t\r\n\t\t\t\t\t\t<\/div>\n\t\t\t\t<\/div>\n\t\t\t\t<\/div>\n\t\t\t\t<\/div>\n\t\t","protected":false},"excerpt":{"rendered":"<p>Nouvelles<\/p>\n","protected":false},"author":1,"featured_media":0,"parent":0,"menu_order":0,"comment_status":"closed","ping_status":"closed","template":"elementor_header_footer","meta":{"_acf_changed":false,"footnotes":""},"class_list":["post-2110","page","type-page","status-publish","hentry"],"acf":[],"_links":{"self":[{"href":"https:\/\/www.novisanum.com\/fr\/wp-json\/wp\/v2\/pages\/2110","targetHints":{"allow":["GET"]}}],"collection":[{"href":"https:\/\/www.novisanum.com\/fr\/wp-json\/wp\/v2\/pages"}],"about":[{"href":"https:\/\/www.novisanum.com\/fr\/wp-json\/wp\/v2\/types\/page"}],"author":[{"embeddable":true,"href":"https:\/\/www.novisanum.com\/fr\/wp-json\/wp\/v2\/users\/1"}],"replies":[{"embeddable":true,"href":"https:\/\/www.novisanum.com\/fr\/wp-json\/wp\/v2\/comments?post=2110"}],"version-history":[{"count":1,"href":"https:\/\/www.novisanum.com\/fr\/wp-json\/wp\/v2\/pages\/2110\/revisions"}],"predecessor-version":[{"id":2111,"href":"https:\/\/www.novisanum.com\/fr\/wp-json\/wp\/v2\/pages\/2110\/revisions\/2111"}],"wp:attachment":[{"href":"https:\/\/www.novisanum.com\/fr\/wp-json\/wp\/v2\/media?parent=2110"}],"curies":[{"name":"wp","href":"https:\/\/api.w.org\/{rel}","templated":true}]}}