{"id":2228,"date":"2025-11-01T09:58:11","date_gmt":"2025-11-01T09:58:11","guid":{"rendered":"https:\/\/www.novisanum.com\/politique-de-confidentialite\/"},"modified":"2025-11-06T16:28:44","modified_gmt":"2025-11-06T16:28:44","slug":"politique-de-confidentialite","status":"publish","type":"page","link":"https:\/\/www.novisanum.com\/fr\/politique-de-confidentialite\/","title":{"rendered":"Politique de confidentialit\u00e9"},"content":{"rendered":"\t\t<div data-elementor-type=\"wp-page\" data-elementor-id=\"2228\" class=\"elementor elementor-2228 elementor-78\" data-elementor-settings=\"{&quot;ha_cmc_init_switcher&quot;:&quot;no&quot;}\" data-elementor-post-type=\"page\">\n\t\t\t\t<div class=\"elementor-element elementor-element-11c0cfdc e-flex e-con-boxed e-con e-parent\" data-id=\"11c0cfdc\" data-element_type=\"container\" data-e-type=\"container\" data-settings=\"{&quot;_ha_eqh_enable&quot;:false}\">\n\t\t\t\t\t<div class=\"e-con-inner\">\n\t\t<div class=\"elementor-element elementor-element-4b3ea73f e-con-full e-flex e-con e-child\" data-id=\"4b3ea73f\" data-element_type=\"container\" data-e-type=\"container\" data-settings=\"{&quot;_ha_eqh_enable&quot;:false}\">\n\t\t\t\t<div class=\"elementor-element elementor-element-3ea2bd68 elementor-widget elementor-widget-heading\" data-id=\"3ea2bd68\" data-element_type=\"widget\" data-e-type=\"widget\" data-widget_type=\"heading.default\">\n\t\t\t\t\t<h2 class=\"elementor-heading-title elementor-size-default\">Politique de confidentialit\u00e9<\/h2>\t\t\t\t<\/div>\n\t\t\t\t<div class=\"elementor-element elementor-element-5cd78aee elementor-widget elementor-widget-text-editor\" data-id=\"5cd78aee\" data-element_type=\"widget\" data-e-type=\"widget\" data-widget_type=\"text-editor.default\">\n\t\t\t\t\t\t\t\t\t<p>Nous nous soucions grandement de votre vie priv\u00e9e. Nous traitons exclusivement les donn\u00e9es dont nous avons besoin pour (am\u00e9liorer) nos services et traitons avec soin toutes les informations recueillies sur vous et votre utilisation de nos services. Vos donn\u00e9es ne sont pas partag\u00e9es avec des tiers \u00e0 des fins commerciales. Cette politique de confidentialit\u00e9 s&rsquo;applique \u00e0 l&rsquo;utilisation du site Web et aux services que nous fournissons. La date de d\u00e9but de validit\u00e9 des pr\u00e9sentes conditions g\u00e9n\u00e9rales est le 28\/01\/2020, avec la publication d&rsquo;une nouvelle version la validit\u00e9 de toutes les versions pr\u00e9c\u00e9dentes est annul\u00e9e. Cette politique de confidentialit\u00e9 d\u00e9crit quelles informations vous concernant sont collect\u00e9es par nous, \u00e0 quoi servent ces donn\u00e9es et avec qui et dans quelles conditions ces donn\u00e9es pourraient \u00eatre partag\u00e9es avec des tiers. Nous vous expliquons \u00e9galement comment nous stockons vos donn\u00e9es, comment nous prot\u00e9geons vos donn\u00e9es contre toute utilisation abusive et quels sont vos droits concernant les donn\u00e9es personnelles que vous nous fournissez. Si vous avez des questions concernant notre politique de confidentialit\u00e9, veuillez contacter notre personne de contact pour la confidentialit\u00e9, vous trouverez les coordonn\u00e9es \u00e0 la fin de notre politique de confidentialit\u00e9.<\/p><p>\u00c0 propos de notre traitement des donn\u00e9es<br \/>Ci-dessous, vous pouvez lire comment nous traitons vos donn\u00e9es, o\u00f9 nous les sauvegardons, quelles techniques de s\u00e9curit\u00e9 nous utilisons et par qui les donn\u00e9es sont visibles.<\/p><p>Logiciel de boutique en ligne<br \/>Nous nous sommes r\u00e9unis gr\u00e2ce \u00e0 l&rsquo;utilisation de notre boutique en ligne et de nos services. Notre boutique en ligne n\u00e9cessite l&rsquo;acc\u00e8s \u00e0 ces informations pour offrir une assistance (technique). Ils n&rsquo;utiliseront pas ces donn\u00e9es \u00e0 d&rsquo;autres fins. Notre boutique en ligne a l&rsquo;obligation, sur la base de l&rsquo;accord que nous avons avec eux, de prendre les pr\u00e9cautions et mesures de s\u00e9curit\u00e9 n\u00e9cessaires en ce qui concerne vos donn\u00e9es personnelles. Notre boutique en ligne utilise des cookies pour recueillir des informations techniques sur l&rsquo;utilisation du logiciel. Aucune donn\u00e9e personnelle n&rsquo;est collect\u00e9e et\/ou stock\u00e9e. Notre boutique en ligne se r\u00e9serve le droit de partager en interne les donn\u00e9es collect\u00e9es pour am\u00e9liorer ses propres services.<\/p><p>E-mails et listes de diffusion<br \/>Pour notre messagerie professionnelle habituelle, nous utilisons les services de messagerie de My webhost. Cette partie a mis en \u0153uvre des mesures techniques et organisationnelles adapt\u00e9es pour \u00e9viter toute utilisation abusive, perte ou corruption de vos donn\u00e9es.<\/p><p>Finalit\u00e9 du traitement des donn\u00e9es \/ Finalit\u00e9 g\u00e9n\u00e9rale du traitement des donn\u00e9es<br \/>Nous utilisons vos donn\u00e9es dans le seul but de vous fournir nos services. Cela signifie que le but du traitement de ces donn\u00e9es est en relation directe avec la mission ou la t\u00e2che que vous nous proposez. Nous n&rsquo;utilisons pas ces donn\u00e9es \u00e0 des fins de marketing (adress\u00e9es). Si vous partagez des informations avec nous et que nous utilisons ces informations pour vous contacter ult\u00e9rieurement (sans que cela soit bas\u00e9 sur une demande), nous vous demanderons d&rsquo;abord votre consentement explicite. Vos donn\u00e9es ne sont pas partag\u00e9es avec des tiers, dans un autre but que celui de remplir des obligations comptables et administratives. Ces tiers sont tous tenus \u00e0 une obligation de confidentialit\u00e9 bas\u00e9e sur l&rsquo;accord que nous avons avec eux, un serment ou une obligation l\u00e9gale.<\/p><p>Donn\u00e9es collect\u00e9es automatiquement<br \/>Les informations recueillies automatiquement par notre site Web sont trait\u00e9es dans le seul but de vous fournir et\/ou d&rsquo;am\u00e9liorer encore nos services. Ces informations (par exemple votre adresse IP (anonymis\u00e9e), votre navigateur Web et votre syst\u00e8me d&rsquo;exploitation) ne sont pas des informations personnelles.<\/p><p>Coop\u00e9ration en mati\u00e8re d&rsquo;enqu\u00eates fiscales et p\u00e9nales<br \/>Dans certains cas, nous pouvons \u00eatre tenus par le gouvernement \u00e0 l&rsquo;obligation l\u00e9gale de partager vos informations dans le but de contribuer \u00e0 une enqu\u00eate fiscale ou criminelle. Dans de tels cas, nous sommes oblig\u00e9s de nous conformer et d\u2019aider, mais nous ferons objection, sur la base des possibilit\u00e9s l\u00e9gales.<\/p><p>P\u00e9riodes de conservation<br \/>Nous conservons vos donn\u00e9es aussi longtemps que vous \u00eates client chez nous. Cela signifie que nous maintenons et conservons votre profil client jusqu&rsquo;\u00e0 ce que vous nous fassiez savoir que vous ne souhaitez plus utiliser nos services. Un tel message fonctionne \u00e9galement comme une demande d\u2019oubli. En raison d&rsquo;obligations administratives pertinentes, nous sommes tenus de conserver les factures contenant vos informations (personnelles). Ces informations sont conserv\u00e9es en toute s\u00e9curit\u00e9 aussi longtemps que le terme correspondant \u00e0 ces obligations n&rsquo;est pas encore \u00e9coul\u00e9. Le personnel n&rsquo;a plus acc\u00e8s \u00e0 votre profil client et aux documents \u00e9tablis en raison de votre mission ou de votre t\u00e2che.<\/p><p>Tes droits<br \/>Sur la base du droit n\u00e9erlandais et europ\u00e9en en vigueur, vous disposez, en tant que partie concern\u00e9e, de certains droits en ce qui concerne les donn\u00e9es personnelles trait\u00e9es par ou en notre nom. Vous trouverez ci-dessous une explication de ces droits et de la mani\u00e8re dont vous, en tant que partie concern\u00e9e, pouvez invoquer ces droits. En principe, afin d&rsquo;\u00e9viter les abus, nous envoyons des factures et des copies de vos donn\u00e9es uniquement aux adresses e-mail que vous nous avez communiqu\u00e9es. Si vous souhaitez recevoir ces donn\u00e9es sur une autre adresse e-mail ou par exemple par courrier, nous vous demanderons de vous identifier en cons\u00e9quence. Nous maintenons une gestion des demandes conclues, en cas d&rsquo;oubli d&rsquo;une demande nous maintiendrons une gestion des donn\u00e9es anonymis\u00e9es. Vous recevez toutes les factures et copies de donn\u00e9es dans des fichiers structur\u00e9s dans un format lisible par machine bas\u00e9 sur les classifications de donn\u00e9es que nous utilisons dans notre syst\u00e8me. Vous conservez \u00e0 tout moment le droit de d\u00e9poser une plainte aupr\u00e8s de l&rsquo;Autoriteit Persoonsgegevens si vous soup\u00e7onnez que nous traitons ou utilisons mal vos donn\u00e9es personnelles.<\/p><p>Droit de regard<br \/>Vous conservez \u00e0 tout moment le droit de consulter les donn\u00e9es que nous traitons qui ont une relation ou peuvent \u00eatre r\u00e9duites \u00e0 votre personne. Vous pouvez demander une telle visualisation \u00e0 notre contact en charge des questions de confidentialit\u00e9. Vous recevrez une r\u00e9ponse \u00e0 votre demande dans un d\u00e9lai de 30 jours. Si votre demande est approuv\u00e9e, nous vous enverrons, via l&rsquo;adresse e-mail que nous connaissons, une copie de toutes les donn\u00e9es avec un aper\u00e7u suppl\u00e9mentaire des sous-traitants g\u00e9rant ces donn\u00e9es tout en mentionnant \u00e9galement les cat\u00e9gories sous lesquelles nous stockons ces donn\u00e9es.<\/p><p>Droit de rectification<br \/>Vous conservez \u00e0 tout moment le droit de faire rectifier les donn\u00e9es que nous traitons qui ont un rapport ou peuvent \u00eatre r\u00e9duites \u00e0 votre personne. Vous pouvez demander un tel ajustement \u00e0 notre contact en charge des questions de confidentialit\u00e9. Vous recevrez une r\u00e9ponse \u00e0 votre demande dans un d\u00e9lai de 30 jours. Si votre demande est approuv\u00e9e, nous vous enverrons, via l&rsquo;adresse e-mail que nous connaissons, une confirmation que les donn\u00e9es ont \u00e9t\u00e9 ajust\u00e9es.<\/p><p>Droit \u00e0 la limitation du traitement<br \/>Vous conservez \u00e0 tout moment le droit de limiter les donn\u00e9es que nous traitons et qui ont un rapport ou peuvent \u00eatre r\u00e9duites \u00e0 votre personne. Vous pouvez demander une telle limitation \u00e0 notre contact en charge des questions de confidentialit\u00e9. Vous recevrez une r\u00e9ponse \u00e0 votre demande dans un d\u00e9lai de 30 jours. Si votre demande est approuv\u00e9e, nous vous enverrons, via l&rsquo;adresse e-mail que nous connaissons, une confirmation que le traitement de vos donn\u00e9es est limit\u00e9 jusqu&rsquo;\u00e0 ce que vous choisissiez d&rsquo;annuler cette limitation.<\/p><p>Droit de transf\u00e9rabilit\u00e9<br \/>Vous conservez \u00e0 tout moment le droit de demander que les donn\u00e9es que nous traitons qui ont un lien ou peuvent \u00eatre r\u00e9duites \u00e0 votre personne soient trait\u00e9es par un tiers de votre choix. Vous pouvez adresser une telle demande \u00e0 notre contact en charge des questions de confidentialit\u00e9. Vous recevrez une r\u00e9ponse \u00e0 votre demande dans un d\u00e9lai de 30 jours. Si votre demande est approuv\u00e9e, nous vous enverrons, via l&rsquo;adresse e-mail que nous connaissons, vos factures (personnelles) ou des copies des donn\u00e9es que nous, ou des tiers en notre nom, avons trait\u00e9es. Il est fort probable que dans un tel cas, nous ne puissions plus vous proposer nos services car nous ne pouvons plus garantir la s\u00e9curit\u00e9 des donn\u00e9es ant\u00e9rieure.<\/p><p>Droit d\u2019opposition et autres droits<br \/>Vous conservez \u00e0 tout moment le droit de vous opposer au traitement effectu\u00e9 par nous, ou en notre nom par des tiers, de vos donn\u00e9es personnelles. Dans le cas d&rsquo;une telle objection, nous cesserons imm\u00e9diatement tout traitement de vos donn\u00e9es pendant que votre objection sera \u00e9tudi\u00e9e et trait\u00e9e. En cas d&rsquo;objection justifi\u00e9e, nous renverrons toutes les factures et\/ou copies des donn\u00e9es personnelles que nous, ou des tiers en notre nom, avons trait\u00e9es jusqu&rsquo;\u00e0 ce moment-l\u00e0 et cesserons de traiter par la suite. Vous conservez \u00e9galement le droit de ne pas faire l\u2019objet de processus d\u00e9cisionnels automatis\u00e9s ou de profilage. Nous traitons vos donn\u00e9es de telle mani\u00e8re que ce droit ne s&rsquo;applique pas. Si vous pensez que ce droit s&rsquo;applique, nous vous demandons de contacter notre contact en charge de<br \/>la vie priv\u00e9e est importante.<\/p><p>Modifications de la politique de confidentialit\u00e9<br \/>Nous nous r\u00e9servons \u00e0 tout moment le droit de modifier notre politique de confidentialit\u00e9. Cette page affiche cependant toujours la version la plus r\u00e9cente de notre politique de confidentialit\u00e9. Si une nouvelle politique de confidentialit\u00e9 a des cons\u00e9quences sur la mani\u00e8re dont nous traitons les donn\u00e9es personnelles r\u00e9cemment collect\u00e9es vous concernant, nous vous en informerons par e-mail.<\/p>\t\t\t\t\t\t\t\t<\/div>\n\t\t\t\t<\/div>\n\t\t\t\t\t<\/div>\n\t\t\t\t<\/div>\n\t\t<div class=\"elementor-element elementor-element-8a0f9c1 e-flex e-con-boxed e-con e-parent\" data-id=\"8a0f9c1\" data-element_type=\"container\" data-e-type=\"container\" data-settings=\"{&quot;background_background&quot;:&quot;classic&quot;,&quot;_ha_eqh_enable&quot;:false}\">\n\t\t\t\t\t<div class=\"e-con-inner\">\n\t\t\t\t<div class=\"elementor-element elementor-element-8e81f0e elementor-widget elementor-widget-heading\" data-id=\"8e81f0e\" data-element_type=\"widget\" data-e-type=\"widget\" data-widget_type=\"heading.default\">\n\t\t\t\t\t<h2 class=\"elementor-heading-title elementor-size-default\">Bulletin<\/h2>\t\t\t\t<\/div>\n\t\t\t\t<div class=\"elementor-element elementor-element-bb7f437 elementor-widget__width-initial elementor-widget-mobile__width-inherit elementor-widget elementor-widget-text-editor\" data-id=\"bb7f437\" data-element_type=\"widget\" data-e-type=\"widget\" data-widget_type=\"text-editor.default\">\n\t\t\t\t\t\t\t\t\t<p>Une courte phrase d\u00e9crivant ce que quelqu&rsquo;un recevra en s&rsquo;abonnant<\/p>\t\t\t\t\t\t\t\t<\/div>\n\t\t\t\t<div class=\"elementor-element elementor-element-6e756cb elementor-widget__width-initial elementor-widget-mobile__width-inherit elementor-button-align-stretch elementor-widget elementor-widget-form\" data-id=\"6e756cb\" data-element_type=\"widget\" data-e-type=\"widget\" data-settings=\"{&quot;button_width&quot;:&quot;30&quot;,&quot;step_next_label&quot;:&quot;Suivant&quot;,&quot;step_previous_label&quot;:&quot;Pr\\u00e9c\\u00e9dent&quot;,&quot;step_type&quot;:&quot;number_text&quot;,&quot;step_icon_shape&quot;:&quot;circle&quot;}\" data-widget_type=\"form.default\">\n\t\t\t\t\t\t\t<form class=\"elementor-form\" method=\"post\" name=\"Nouveau formulaire\" aria-label=\"Nouveau formulaire\">\r\n\t\t\t<input type=\"hidden\" name=\"post_id\" value=\"2228\"\/>\r\n\t\t\t<input type=\"hidden\" name=\"form_id\" value=\"6e756cb\"\/>\r\n\t\t\t<input type=\"hidden\" name=\"referer_title\" value=\"\" \/>\r\n\r\n\t\t\t\r\n\t\t\t<div class=\"elementor-form-fields-wrapper elementor-labels-\">\r\n\t\t\t\t\t\t\t\t<div class=\"elementor-field-type-email elementor-field-group elementor-column elementor-field-group-email elementor-col-70 elementor-field-required\">\r\n\t\t\t\t\t\t\t\t\t\t\t\t\t<input size=\"1\" type=\"email\" name=\"form_fields[email]\" id=\"form-field-email\" class=\"elementor-field elementor-size-sm  elementor-field-textual\" placeholder=\"Votre email\" required=\"required\">\r\n\t\t\t\t\t\t\t\t\t\t\t<\/div>\r\n\t\t\t\t\t\t\t\t<div class=\"elementor-field-group elementor-column elementor-field-type-submit elementor-col-30 e-form__buttons\">\r\n\t\t\t\t\t<button class=\"elementor-button elementor-size-sm\" type=\"submit\">\r\n\t\t\t\t\t\t<span class=\"elementor-button-content-wrapper\">\r\n\t\t\t\t\t\t\t\t\t\t\t\t\t\t\t\t\t\t\t\t\t\t<span class=\"elementor-button-text\">S'abonner<\/span>\r\n\t\t\t\t\t\t\t\t\t\t\t\t\t<\/span>\r\n\t\t\t\t\t<\/button>\r\n\t\t\t\t<\/div>\r\n\t\t\t<\/div>\r\n\t\t<\/form>\r\n\t\t\t\t\t\t<\/div>\n\t\t\t\t\t<\/div>\n\t\t\t\t<\/div>\n\t\t\t\t<\/div>\n\t\t","protected":false},"excerpt":{"rendered":"<p>Politique de confidentialit\u00e9 Nous nous soucions grandement de votre vie priv\u00e9e. Nous traitons exclusivement les donn\u00e9es dont nous avons besoin pour (am\u00e9liorer) nos services et traitons avec soin toutes les informations recueillies sur vous et votre utilisation de nos services. Vos donn\u00e9es ne sont pas partag\u00e9es avec des tiers \u00e0 des fins commerciales. Cette politique [&hellip;]<\/p>\n","protected":false},"author":1,"featured_media":0,"parent":0,"menu_order":0,"comment_status":"closed","ping_status":"closed","template":"elementor_header_footer","meta":{"_acf_changed":false,"footnotes":""},"class_list":["post-2228","page","type-page","status-publish","hentry"],"acf":[],"_links":{"self":[{"href":"https:\/\/www.novisanum.com\/fr\/wp-json\/wp\/v2\/pages\/2228","targetHints":{"allow":["GET"]}}],"collection":[{"href":"https:\/\/www.novisanum.com\/fr\/wp-json\/wp\/v2\/pages"}],"about":[{"href":"https:\/\/www.novisanum.com\/fr\/wp-json\/wp\/v2\/types\/page"}],"author":[{"embeddable":true,"href":"https:\/\/www.novisanum.com\/fr\/wp-json\/wp\/v2\/users\/1"}],"replies":[{"embeddable":true,"href":"https:\/\/www.novisanum.com\/fr\/wp-json\/wp\/v2\/comments?post=2228"}],"version-history":[{"count":4,"href":"https:\/\/www.novisanum.com\/fr\/wp-json\/wp\/v2\/pages\/2228\/revisions"}],"predecessor-version":[{"id":2232,"href":"https:\/\/www.novisanum.com\/fr\/wp-json\/wp\/v2\/pages\/2228\/revisions\/2232"}],"wp:attachment":[{"href":"https:\/\/www.novisanum.com\/fr\/wp-json\/wp\/v2\/media?parent=2228"}],"curies":[{"name":"wp","href":"https:\/\/api.w.org\/{rel}","templated":true}]}}