{"id":2254,"date":"2025-11-02T14:55:21","date_gmt":"2025-11-02T14:55:21","guid":{"rendered":"https:\/\/www.novisanum.com\/science-sur-lhydrogene\/"},"modified":"2025-11-07T03:07:55","modified_gmt":"2025-11-07T03:07:55","slug":"science-sur-lhydrogene","status":"publish","type":"page","link":"https:\/\/www.novisanum.com\/fr\/science-sur-lhydrogene\/","title":{"rendered":"Science sur l&rsquo;hydrog\u00e8ne"},"content":{"rendered":"\t\t<div data-elementor-type=\"wp-page\" data-elementor-id=\"2254\" class=\"elementor elementor-2254 elementor-656\" data-elementor-settings=\"{&quot;ha_cmc_init_switcher&quot;:&quot;no&quot;}\" data-elementor-post-type=\"page\">\n\t\t\t\t<div class=\"elementor-element elementor-element-4591513 e-flex e-con-boxed e-con e-parent\" data-id=\"4591513\" data-element_type=\"container\" data-e-type=\"container\" data-settings=\"{&quot;_ha_eqh_enable&quot;:false}\">\n\t\t\t\t\t<div class=\"e-con-inner\">\n\t\t<div class=\"elementor-element elementor-element-60d8dd7 e-con-full e-flex e-con e-child\" data-id=\"60d8dd7\" data-element_type=\"container\" data-e-type=\"container\" data-settings=\"{&quot;_ha_eqh_enable&quot;:false}\">\n\t\t\t\t<div class=\"elementor-element elementor-element-3384306 elementor-widget elementor-widget-heading\" data-id=\"3384306\" data-element_type=\"widget\" data-e-type=\"widget\" data-widget_type=\"heading.default\">\n\t\t\t\t\t<h2 class=\"elementor-heading-title elementor-size-default\">Science sur l'hydrog\u00e8ne<\/h2>\t\t\t\t<\/div>\n\t\t\t\t<div class=\"elementor-element elementor-element-233dffe elementor-widget elementor-widget-text-editor\" data-id=\"233dffe\" data-element_type=\"widget\" data-e-type=\"widget\" data-widget_type=\"text-editor.default\">\n\t\t\t\t\t\t\t\t\t<p>L&rsquo;oxyg\u00e9noth\u00e9rapie anti-inflammatoire offre de bien meilleurs r\u00e9sultats th\u00e9rapeutiques qu&rsquo;une chambre hyperbare co\u00fbteuse et inconfortable et peut \u00eatre pratiqu\u00e9e dans votre chambre. L\u2019oxyg\u00e9noth\u00e9rapie anti-inflammatoire est simple. Tout ce qu\u2019il faut, c\u2019est inhaler un niveau \u00e9lev\u00e9 d\u2019oxyg\u00e8ne pendant l\u2019exercice.\u2028<br \/><br \/>En 15 minutes, vous pouvez ouvrir les cellules, leur permettant de se d\u00e9toxifier tout en absorbant des niveaux plus \u00e9lev\u00e9s d\u2019oxyg\u00e8ne. Cela peut aider de nombreuses personnes \u00e0 se lib\u00e9rer de situations chroniques o\u00f9 cela n\u2019\u00e9tait pas possible auparavant.<br \/>\u2028<br \/><strong>Le pouvoir de l&rsquo;oxyg\u00e8ne<\/strong><br \/>Elle est invisible, puissante et indispensable \u00e0 la vie. C&rsquo;est de l&rsquo;oxyg\u00e8ne. Nous l&rsquo;inspirons continuellement tout au long de notre vie et bien qu&rsquo;il ne repr\u00e9sente que 21 % de l&rsquo;air que nous respirons, il est la cl\u00e9 de notre existence. Plus nous en apprenons sur les propri\u00e9t\u00e9s m\u00e9dicinales de l\u2019oxyg\u00e8ne, plus son \u00e9norme potentiel th\u00e9rapeutique pour de nombreuses maladies graves devient clair.<br \/><br \/><strong>Oxyg\u00e9noth\u00e9rapie inflammatoire &#8211; Dr Mark Sircus<\/strong><br \/>Pourtant, peu de gens connaissent les applications th\u00e9rapeutiques importantes de l\u2019oxyg\u00e8ne \u2013 jusqu\u2019\u00e0 pr\u00e9sent. Dans son nouveau livre, Inflammatory Oxygen Therapy, le Dr Mark Sircus explore les avantages extraordinaires que l&rsquo;oxyg\u00e9noth\u00e9rapie a \u00e0 offrir, de la d\u00e9sintoxication aux traitements de troubles tels que le RGO et le vieillissement, avec un accent particulier sur le cancer.\u2028\u2028<br \/><br \/>Bien que le terme \u00ab oxyg\u00e9noth\u00e9rapie \u00bb \u00e9voque des images d&rsquo;un patient en train de mourir dans un lit d&rsquo;h\u00f4pital avec des tubes dans le nez et la bouche, ce livre montre que l&rsquo;oxyg\u00e8ne a bien plus \u00e0 offrir. Tout d\u2019abord, le Dr Sircus examine de plus pr\u00e8s la nature de l\u2019oxyg\u00e8ne et son r\u00f4le dans l\u2019organisme. Il explique ensuite comment l\u2019inflammation d\u00e9truit les tissus au fil du temps et comment l\u2019oxyg\u00e8ne peut inverser ce processus.<br \/><br \/>De plus, le Dr Sircus propose une technique s\u00fbre et tr\u00e8s efficace qui ne prend que 15 minutes et peut \u00eatre r\u00e9alis\u00e9e tranquillement \u00e0 la maison, afin de r\u00e9colter tous les b\u00e9n\u00e9fices d&rsquo;une vie plus saine.<br \/><br \/><strong>Le secret silencieux<\/strong><br \/>Vous vous demandez peut-\u00eatre pourquoi vous n\u2019avez pas entendu parler de ce \u00ab rem\u00e8de miracle \u00bb auparavant. Le fait est que l\u2019oxyg\u00e8ne ne peut pas \u00eatre brevet\u00e9, qu\u2019il n\u2019est pas cher et qu\u2019il n\u2019est pas n\u00e9cessaire de consulter un m\u00e9decin. Comme cela ne rapporte pas d\u2019\u00e9normes profits, c\u2019est rest\u00e9 un secret bien gard\u00e9, mais les faits parlent d\u2019eux-m\u00eames. Dans ce livre, vous d\u00e9couvrirez ces faits qui peuvent changer votre vie &#8211; des informations qui peuvent \u00eatre b\u00e9n\u00e9fiques pour votre sant\u00e9.<br \/><br \/>Il s\u2019agit du premier livre \u00e0 discuter ensemble de la m\u00e9decine du dioxyde de carbone et de la m\u00e9decine de l\u2019oxyg\u00e8ne. L&rsquo;oxyg\u00e9noth\u00e9rapie anti-inflammatoire offre de nouvelles informations sur les principales caract\u00e9ristiques communes de la maladie, li\u00e9es \u00e0 un manque d&rsquo;oxyg\u00e8ne et de dioxyde de carbone. De nombreux m\u00e9decins n\u2019ont jamais entendu parler des m\u00e9dicaments \u00e0 base de dioxyde de carbone.<br \/><br \/><strong>Boire ou inhaler ?<\/strong><br \/>On peut boire de l&rsquo;eau (H2O) &#8211; mais aussi l&rsquo;inhaler sous forme de H2 (hydrog\u00e8ne) et d&rsquo;O2 (oxyg\u00e8ne).\u2028Le corps produit lui-m\u00eame de l\u2019hydrog\u00e8ne gazeux, mais ne peut le faire que gr\u00e2ce \u00e0 un apport d\u2019\u00e9nergie sous forme de nourriture.\u2028M\u00eame une petite quantit\u00e9 d\u2019hydrog\u00e8ne suppl\u00e9mentaire pr\u00e9sente des avantages. Par exemple, il r\u00e9duit le stress oxydatif ou l\u2019inflammation et entra\u00eene une diminution constante des maladies articulaires telles que l\u2019arthrite. C\u2019est probablement le meilleur anti-\u00e2ge jamais cr\u00e9\u00e9 et peut m\u00eame contribuer \u00e0 la perte de poids en activant l\u2019hormone FGF21.<br \/><br \/><strong>L&rsquo;hydrog\u00e8ne : le \u00ab m\u00e9dicament \u00bb le plus s\u00fbr que nous connaissions<\/strong><br \/>Depuis 2007, un flux continu de recherches scientifiques montre que l\u2019hydrog\u00e8ne peut avoir une grande importance th\u00e9rapeutique.\u2028Cela est d\u00fb \u00e0 la taille et au poids des mol\u00e9cules d\u2019hydrog\u00e8ne. Le poids atomique de l\u2019hydrog\u00e8ne est le plus faible de toutes les substances connues. Et la mol\u00e9cule H2 est si petite qu&rsquo;elle est non seulement absorb\u00e9e tr\u00e8s facilement, mais qu&rsquo;elle \u00ab flotte \u00bb hors du corps tout aussi facilement lorsque la saturation des tissus et des organes est atteinte. Vous ne pouvez donc pas surdoser l\u2019hydrog\u00e8ne. Cela le rend tr\u00e8s s\u00fbr.<br \/><br \/><strong>L&rsquo;hydrog\u00e8ne mol\u00e9culaire est soutenu par des preuves :<\/strong><br \/>&#8211; Plus de 2000 \u00e9tudes scientifiques<br \/>&#8211; Plus de 500 articles \u00e9valu\u00e9s par des pairs<br \/>&#8211; 1 600+ chercheurs<br \/>&#8211; 40+ \u00e9tudes bas\u00e9es sur l&rsquo;humain<br \/><br \/>Et:<br \/>Plus de 100 \u00e9tudes cliniques sugg\u00e8rent que H2 a un potentiel th\u00e9rapeutique\u00a0pour 170\u00a0mod\u00e8les humains, animaux et v\u00e9g\u00e9taux diff\u00e9rents\u00a0et dans presque tous les organes du corps humain.<\/p>\t\t\t\t\t\t\t\t<\/div>\n\t\t\t\t<\/div>\n\t\t\t\t\t<\/div>\n\t\t\t\t<\/div>\n\t\t<div class=\"elementor-element elementor-element-365d1c5 e-flex e-con-boxed e-con e-parent\" data-id=\"365d1c5\" data-element_type=\"container\" data-e-type=\"container\" data-settings=\"{&quot;background_background&quot;:&quot;classic&quot;,&quot;_ha_eqh_enable&quot;:false}\">\n\t\t\t\t\t<div class=\"e-con-inner\">\n\t\t\t\t<div class=\"elementor-element elementor-element-2c06574 elementor-widget elementor-widget-heading\" data-id=\"2c06574\" data-element_type=\"widget\" data-e-type=\"widget\" data-widget_type=\"heading.default\">\n\t\t\t\t\t<h2 class=\"elementor-heading-title elementor-size-default\">Bulletin<\/h2>\t\t\t\t<\/div>\n\t\t\t\t<div class=\"elementor-element elementor-element-55ba04a elementor-widget__width-initial elementor-widget-mobile__width-inherit elementor-widget elementor-widget-text-editor\" data-id=\"55ba04a\" data-element_type=\"widget\" data-e-type=\"widget\" data-widget_type=\"text-editor.default\">\n\t\t\t\t\t\t\t\t\t<p>Une courte phrase d\u00e9crivant ce que quelqu&rsquo;un recevra en s&rsquo;abonnant<br><\/p>\t\t\t\t\t\t\t\t<\/div>\n\t\t\t\t<div class=\"elementor-element elementor-element-2636313 elementor-widget__width-initial elementor-widget-mobile__width-inherit elementor-button-align-stretch elementor-widget elementor-widget-form\" data-id=\"2636313\" data-element_type=\"widget\" data-e-type=\"widget\" data-settings=\"{&quot;button_width&quot;:&quot;30&quot;,&quot;step_next_label&quot;:&quot;Suivant&quot;,&quot;step_previous_label&quot;:&quot;Pr\\u00e9c\\u00e9dent&quot;,&quot;step_type&quot;:&quot;number_text&quot;,&quot;step_icon_shape&quot;:&quot;circle&quot;}\" data-widget_type=\"form.default\">\n\t\t\t\t\t\t\t<form class=\"elementor-form\" method=\"post\" name=\"Nouveau formulaire\" aria-label=\"Nouveau formulaire\">\r\n\t\t\t<input type=\"hidden\" name=\"post_id\" value=\"2254\"\/>\r\n\t\t\t<input type=\"hidden\" name=\"form_id\" value=\"2636313\"\/>\r\n\t\t\t<input type=\"hidden\" name=\"referer_title\" value=\"Science sur l&rsquo;hydrog\u00e8ne\" \/>\r\n\r\n\t\t\t\t\t\t\t<input type=\"hidden\" name=\"queried_id\" value=\"2254\"\/>\r\n\t\t\t\r\n\t\t\t<div class=\"elementor-form-fields-wrapper elementor-labels-\">\r\n\t\t\t\t\t\t\t\t<div class=\"elementor-field-type-email elementor-field-group elementor-column elementor-field-group-email elementor-col-70 elementor-field-required\">\r\n\t\t\t\t\t\t\t\t\t\t\t\t\t<input size=\"1\" type=\"email\" name=\"form_fields[email]\" id=\"form-field-email\" class=\"elementor-field elementor-size-sm  elementor-field-textual\" placeholder=\"Votre e-mail\" required=\"required\">\r\n\t\t\t\t\t\t\t\t\t\t\t<\/div>\r\n\t\t\t\t\t\t\t\t<div class=\"elementor-field-group elementor-column elementor-field-type-submit elementor-col-30 e-form__buttons\">\r\n\t\t\t\t\t<button class=\"elementor-button elementor-size-sm\" type=\"submit\">\r\n\t\t\t\t\t\t<span class=\"elementor-button-content-wrapper\">\r\n\t\t\t\t\t\t\t\t\t\t\t\t\t\t\t\t\t\t\t\t\t\t<span class=\"elementor-button-text\">S'abonner<\/span>\r\n\t\t\t\t\t\t\t\t\t\t\t\t\t<\/span>\r\n\t\t\t\t\t<\/button>\r\n\t\t\t\t<\/div>\r\n\t\t\t<\/div>\r\n\t\t<\/form>\r\n\t\t\t\t\t\t<\/div>\n\t\t\t\t\t<\/div>\n\t\t\t\t<\/div>\n\t\t\t\t<\/div>\n\t\t","protected":false},"excerpt":{"rendered":"<p>Science sur l&rsquo;hydrog\u00e8ne L&rsquo;oxyg\u00e9noth\u00e9rapie anti-inflammatoire offre de bien meilleurs r\u00e9sultats th\u00e9rapeutiques qu&rsquo;une chambre hyperbare co\u00fbteuse et inconfortable et peut \u00eatre pratiqu\u00e9e dans votre chambre. L\u2019oxyg\u00e9noth\u00e9rapie anti-inflammatoire est simple. Tout ce qu\u2019il faut, c\u2019est inhaler un niveau \u00e9lev\u00e9 d\u2019oxyg\u00e8ne pendant l\u2019exercice.\u2028 En 15 minutes, vous pouvez ouvrir les cellules, leur permettant de se d\u00e9toxifier tout en [&hellip;]<\/p>\n","protected":false},"author":1,"featured_media":0,"parent":0,"menu_order":0,"comment_status":"closed","ping_status":"closed","template":"elementor_header_footer","meta":{"_acf_changed":false,"footnotes":""},"class_list":["post-2254","page","type-page","status-publish","hentry"],"acf":[],"_links":{"self":[{"href":"https:\/\/www.novisanum.com\/fr\/wp-json\/wp\/v2\/pages\/2254","targetHints":{"allow":["GET"]}}],"collection":[{"href":"https:\/\/www.novisanum.com\/fr\/wp-json\/wp\/v2\/pages"}],"about":[{"href":"https:\/\/www.novisanum.com\/fr\/wp-json\/wp\/v2\/types\/page"}],"author":[{"embeddable":true,"href":"https:\/\/www.novisanum.com\/fr\/wp-json\/wp\/v2\/users\/1"}],"replies":[{"embeddable":true,"href":"https:\/\/www.novisanum.com\/fr\/wp-json\/wp\/v2\/comments?post=2254"}],"version-history":[{"count":4,"href":"https:\/\/www.novisanum.com\/fr\/wp-json\/wp\/v2\/pages\/2254\/revisions"}],"predecessor-version":[{"id":2273,"href":"https:\/\/www.novisanum.com\/fr\/wp-json\/wp\/v2\/pages\/2254\/revisions\/2273"}],"wp:attachment":[{"href":"https:\/\/www.novisanum.com\/fr\/wp-json\/wp\/v2\/media?parent=2254"}],"curies":[{"name":"wp","href":"https:\/\/api.w.org\/{rel}","templated":true}]}}