{"id":2305,"date":"2025-11-02T14:49:50","date_gmt":"2025-11-02T14:49:50","guid":{"rendered":"https:\/\/www.novisanum.com\/science-et-les-derniers-traitements-de-soins-de-la-peau\/"},"modified":"2025-11-07T04:11:59","modified_gmt":"2025-11-07T04:11:59","slug":"science-et-les-derniers-traitements-de-soins-de-la-peau","status":"publish","type":"page","link":"https:\/\/www.novisanum.com\/fr\/science-et-les-derniers-traitements-de-soins-de-la-peau\/","title":{"rendered":"Science et les derniers traitements de soins de la peau"},"content":{"rendered":"\t\t<div data-elementor-type=\"wp-page\" data-elementor-id=\"2305\" class=\"elementor elementor-2305 elementor-650\" data-elementor-settings=\"{&quot;ha_cmc_init_switcher&quot;:&quot;no&quot;}\" data-elementor-post-type=\"page\">\n\t\t\t\t<div class=\"elementor-element elementor-element-4591513 e-flex e-con-boxed e-con e-parent\" data-id=\"4591513\" data-element_type=\"container\" data-e-type=\"container\" data-settings=\"{&quot;_ha_eqh_enable&quot;:false}\">\n\t\t\t\t\t<div class=\"e-con-inner\">\n\t\t<div class=\"elementor-element elementor-element-60d8dd7 e-con-full e-flex e-con e-child\" data-id=\"60d8dd7\" data-element_type=\"container\" data-e-type=\"container\" data-settings=\"{&quot;_ha_eqh_enable&quot;:false}\">\n\t\t\t\t<div class=\"elementor-element elementor-element-3384306 elementor-widget elementor-widget-heading\" data-id=\"3384306\" data-element_type=\"widget\" data-e-type=\"widget\" data-widget_type=\"heading.default\">\n\t\t\t\t\t<h2 class=\"elementor-heading-title elementor-size-default\">Science et les derniers traitements de soins de la peau<\/h2>\t\t\t\t<\/div>\n\t\t\t\t<div class=\"elementor-element elementor-element-233dffe elementor-widget elementor-widget-text-editor\" data-id=\"233dffe\" data-element_type=\"widget\" data-e-type=\"widget\" data-widget_type=\"text-editor.default\">\n\t\t\t\t\t\t\t\t\t<p>C&rsquo;est toujours agr\u00e9able \u00e0 voir, des gens profitant pleinement du soleil et utilisant la lumi\u00e8re pour recharger leur corps et leur esprit. Dommage pour le vieillissement cutan\u00e9 qui l&rsquo;accompagne. N&rsquo;existe-t-il pas une solution plus intelligente pour cela, entra\u00eenant de pr\u00e9f\u00e9rence un rajeunissement de la peau ? Oui, il y a : la th\u00e9rapie par la lumi\u00e8re rouge !<\/p>\t\t\t\t\t\t\t\t<\/div>\n\t\t<div class=\"elementor-element elementor-element-66c246d e-con-full e-flex e-con e-child\" data-id=\"66c246d\" data-element_type=\"container\" data-e-type=\"container\" data-settings=\"{&quot;_ha_eqh_enable&quot;:false}\">\n\t\t<div class=\"elementor-element elementor-element-d32a67b e-con-full e-flex e-con e-child\" data-id=\"d32a67b\" data-element_type=\"container\" data-e-type=\"container\" data-settings=\"{&quot;_ha_eqh_enable&quot;:false}\">\n\t\t\t\t<div class=\"elementor-element elementor-element-da372ab elementor-widget elementor-widget-image\" data-id=\"da372ab\" data-element_type=\"widget\" data-e-type=\"widget\" data-widget_type=\"image.default\">\n\t\t\t\t\t\t\t\t\t\t\t\t\t\t\t<img fetchpriority=\"high\" decoding=\"async\" width=\"346\" height=\"480\" src=\"https:\/\/www.novisanum.com\/wp-content\/uploads\/2025\/11\/Skin_light_480x480.webp\" class=\"attachment-full size-full wp-image-1273\" alt=\"\" srcset=\"https:\/\/www.novisanum.com\/wp-content\/uploads\/2025\/11\/Skin_light_480x480.webp 346w, https:\/\/www.novisanum.com\/wp-content\/uploads\/2025\/11\/Skin_light_480x480-216x300.webp 216w\" sizes=\"(max-width: 346px) 100vw, 346px\" \/>\t\t\t\t\t\t\t\t\t\t\t\t\t\t\t<\/div>\n\t\t\t\t<\/div>\n\t\t<div class=\"elementor-element elementor-element-4fced5d e-con-full e-flex e-con e-child\" data-id=\"4fced5d\" data-element_type=\"container\" data-e-type=\"container\" data-settings=\"{&quot;_ha_eqh_enable&quot;:false}\">\n\t\t\t\t<div class=\"elementor-element elementor-element-484117e elementor-widget elementor-widget-text-editor\" data-id=\"484117e\" data-element_type=\"widget\" data-e-type=\"widget\" data-widget_type=\"text-editor.default\">\n\t\t\t\t\t\t\t\t\t<p><strong>Peau radieuse gr\u00e2ce \u00e0 plus d&rsquo;ATP (\u00e9nergie)<\/strong><br \/>Comment la lumi\u00e8re rouge contribue-t-elle \u00e0 la qualit\u00e9 de votre peau ? Une peau \u00e9clatante est une peau saine et riche en \u00e9nergie, en partie gr\u00e2ce \u00e0 une \u00e9nergie suffisante dans les cellules de la peau. Nos cellules, y compris les cellules de la peau, sont capables de convertir la lumi\u00e8re en \u00e9nergie gr\u00e2ce \u00e0 un m\u00e9canisme appel\u00e9 cytochrome c oxydase. En utilisant cette \u00e9nergie, connue en termes techniques sous le nom d\u2019ATP, la peau favorise le processus de cr\u00e9ation de nouvelles cellules et de lib\u00e9ration des cellules vieillissantes. R\u00e9sultat : les pores s&rsquo;affaissent moins, les taches et les rides s&rsquo;estompent, la souplesse et la fermet\u00e9 de la peau augmentent et m\u00eame l&rsquo;acn\u00e9 est trait\u00e9e gr\u00e2ce \u00e0 elle. C\u2019est ce que r\u00e9v\u00e8le une recherche<\/p>\t\t\t\t\t\t\t\t<\/div>\n\t\t\t\t<\/div>\n\t\t\t\t<\/div>\n\t\t\t\t<div class=\"elementor-element elementor-element-ec39dc8 elementor-widget elementor-widget-text-editor\" data-id=\"ec39dc8\" data-element_type=\"widget\" data-e-type=\"widget\" data-widget_type=\"text-editor.default\">\n\t\t\t\t\t\t\t\t\t<p>iranienne cit\u00e9e par l\u2019auteur Mark Sloan dans son livre sur le feu rouge intitul\u00e9 Miracle Medicine. Le fait que des processus plus sains passent \u00e0 la vitesse sup\u00e9rieure gr\u00e2ce \u00e0 une augmentation de l\u2019ATP peut \u00e9galement \u00eatre observ\u00e9 dans d\u2019autres domaines.<br \/><br \/><strong>Cicatrisation de la peau plus rapide<\/strong><br \/>Il n&rsquo;est donc pas surprenant que, dans le cas de l\u00e9sions cutan\u00e9es, il ait \u00e9t\u00e9 d\u00e9montr\u00e9 que le processus de gu\u00e9rison est favoris\u00e9 par l&rsquo;utilisation de la lumi\u00e8re rouge, comme le d\u00e9crit en d\u00e9tail Stephanie Hallett dans son livre \u00ab\u00a0Gu\u00e9rir avec lumi\u00e8re rouge\u00a0\u00bb, l&rsquo;un des nombreux livres scientifiques sur la th\u00e9rapie par la lumi\u00e8re rouge, de plus en plus nombreux. Par ailleurs, la cicatrisation acc\u00e9l\u00e9r\u00e9e des plaies ne rel\u00e8ve pas d&rsquo;un effet placebo, comme cela a \u00e9galement \u00e9t\u00e9 d\u00e9montr\u00e9 chez des animaux bless\u00e9s, montre le Dr Michael Belkowski dans son livre \u00ab\u00a0Th\u00e9rapie par la lumi\u00e8re rouge &#8211; protocoles de traitement\u00a0\u00bb.<br \/><br \/><strong>Des recherches scientifiques le montrent\u00a0: la lumi\u00e8re rouge rajeunit la peau<\/strong><br \/>La science d\u00e9couvre la lumi\u00e8re rouge comme th\u00e9rapie de rajeunissement de la peau. Son efficacit\u00e9 a \u00e9t\u00e9 d\u00e9montr\u00e9e et il est d\u00e9sormais clair comment il peut rajeunir la peau. La lumi\u00e8re rouge inverse les processus de vieillissement selon plusieurs voies. L&rsquo;une de ces solutions est que la lumi\u00e8re rouge puisse recharger les centrales \u00e9lectriques des cellules. Comment cela se produit-il exactement ? Chaque cellule humaine poss\u00e8de plusieurs centaines, voire des milliers de centrales \u00e9lectriques appel\u00e9es mitochondries. Ceux-ci produisent de l\u2019\u00e9nergie, mais ont besoin d\u2019\u00eatre nourris. Cela peut se faire avec une alimentation saine, mais aussi avec de la lumi\u00e8re. Avec suffisamment de fr\u00e9quences de lumi\u00e8re rouge tr\u00e8s sp\u00e9cifiques, ils peuvent produire plus d\u2019\u00e9nergie et encore plus de mitochondries sont cr\u00e9\u00e9es. Les cellules qui ont acc\u00e8s \u00e0 suffisamment d\u2019\u00e9nergie fonctionnent mieux, ce qui se traduit, entre autres, par une peau plus forte et plus souple.<br \/><br \/><strong>Augmentation de la production de collag\u00e8ne<\/strong><br \/>Un autre exemple de l\u2019efficacit\u00e9 de la th\u00e9rapie par la lumi\u00e8re rouge est que la lumi\u00e8re p\u00e9n\u00e8tre en profondeur dans la peau et y fait deux choses, entre autres. La premi\u00e8re est qu\u2019il stimule la production de collag\u00e8ne. Et c\u2019est formidable, car le collag\u00e8ne est ce qui maintient votre peau lisse et souple. Le collag\u00e8ne est ce qu&rsquo;une personne de 60 ans n&rsquo;a que la moiti\u00e9 par rapport \u00e0 l&rsquo;\u00e2ge de 25 ans. Donc, le collag\u00e8ne, c&rsquo;est ce dont vous voulez plus apr\u00e8s 25 ans, plut\u00f4t que moins. Heureusement, cela est possible en s\u2019exposant \u00e0 des fr\u00e9quences tr\u00e8s sp\u00e9cifiques de lumi\u00e8re rouge. Avec cela, vous ressentez imm\u00e9diatement la deuxi\u00e8me efficacit\u00e9 de la p\u00e9n\u00e9tration de la lumi\u00e8re : lutter contre l\u2019inflammation. Les inflammations endommagent la structure sous-jacente de la peau et sont donc \u00e0 l\u2019origine du vieillissement cutan\u00e9.<br \/><br \/><strong>Th\u00e9rapie par lumi\u00e8re rouge \u00e0 domicile<\/strong><br \/>Vous pouvez faire l&rsquo;exp\u00e9rience de la th\u00e9rapie par la lumi\u00e8re rouge dans le cabinet d&rsquo;un th\u00e9rapeute, mais de plus en plus de personnes appliquent la th\u00e9rapie \u00e0 la maison, en partie parce que c&rsquo;est une exp\u00e9rience tr\u00e8s agr\u00e9able. En fait, il existe d\u2019excellents \u00e9quipements qui vous permettent d\u2019introduire la th\u00e9rapie par la lumi\u00e8re rouge dans votre maison. J&rsquo;ai moi-m\u00eame un panel complet du corps que j&rsquo;attends avec impatience tous les jours, mais il existe aussi des panels plus petits, par exemple pour \u00e9clairer son visage.<br \/><br \/><strong>Capacit\u00e9 d&rsquo;auto-gu\u00e9rison<\/strong><br \/>Avec la th\u00e9rapie par la lumi\u00e8re rouge, vous faites entrer le soleil dans votre maison, mais uniquement ses meilleurs \u00e9l\u00e9ments. En laissant briller la lumi\u00e8re, vous combinez les propri\u00e9t\u00e9s curatives de la lumi\u00e8re du soleil avec la capacit\u00e9 d\u2019auto-gu\u00e9rison de l\u2019homme. Notre corps est capable de se gu\u00e9rir de nombreux maux et affections, s&rsquo;il y parvient, par exemple, par une alimentation saine et suffisamment de lumi\u00e8re rouge. D\u00e9couvrez quels panneaux et lits pourraient vous convenir via ce lien. Donnez \u00e0 votre corps ce dont il a besoin, soutenez-le avec de la lumi\u00e8re rouge et constatez les r\u00e9sultats, entre autres, une peau jeune et radieuse\u00a0!\u00a0\u00bb<\/p>\t\t\t\t\t\t\t\t<\/div>\n\t\t\t\t<\/div>\n\t\t\t\t\t<\/div>\n\t\t\t\t<\/div>\n\t\t<div class=\"elementor-element elementor-element-365d1c5 e-flex e-con-boxed e-con e-parent\" data-id=\"365d1c5\" data-element_type=\"container\" data-e-type=\"container\" data-settings=\"{&quot;background_background&quot;:&quot;classic&quot;,&quot;_ha_eqh_enable&quot;:false}\">\n\t\t\t\t\t<div class=\"e-con-inner\">\n\t\t\t\t<div class=\"elementor-element elementor-element-2c06574 elementor-widget elementor-widget-heading\" data-id=\"2c06574\" data-element_type=\"widget\" data-e-type=\"widget\" data-widget_type=\"heading.default\">\n\t\t\t\t\t<h2 class=\"elementor-heading-title elementor-size-default\">Bulletin<\/h2>\t\t\t\t<\/div>\n\t\t\t\t<div class=\"elementor-element elementor-element-55ba04a elementor-widget__width-initial elementor-widget-mobile__width-inherit elementor-widget elementor-widget-text-editor\" data-id=\"55ba04a\" data-element_type=\"widget\" data-e-type=\"widget\" data-widget_type=\"text-editor.default\">\n\t\t\t\t\t\t\t\t\t<p>Une courte phrase d\u00e9crivant ce que quelqu&rsquo;un recevra en s&rsquo;abonnant<br><\/p>\t\t\t\t\t\t\t\t<\/div>\n\t\t\t\t<div class=\"elementor-element elementor-element-2636313 elementor-widget__width-initial elementor-widget-mobile__width-inherit elementor-button-align-stretch elementor-widget elementor-widget-form\" data-id=\"2636313\" data-element_type=\"widget\" data-e-type=\"widget\" data-settings=\"{&quot;button_width&quot;:&quot;30&quot;,&quot;step_next_label&quot;:&quot;Suivant&quot;,&quot;step_previous_label&quot;:&quot;Pr\\u00e9c\\u00e9dent&quot;,&quot;step_type&quot;:&quot;number_text&quot;,&quot;step_icon_shape&quot;:&quot;circle&quot;}\" data-widget_type=\"form.default\">\n\t\t\t\t\t\t\t<form class=\"elementor-form\" method=\"post\" name=\"Nouveau formulaire\" aria-label=\"Nouveau formulaire\">\r\n\t\t\t<input type=\"hidden\" name=\"post_id\" value=\"2305\"\/>\r\n\t\t\t<input type=\"hidden\" name=\"form_id\" value=\"2636313\"\/>\r\n\t\t\t<input type=\"hidden\" name=\"referer_title\" value=\"Science et les derniers traitements de soins de la peau\" \/>\r\n\r\n\t\t\t\t\t\t\t<input type=\"hidden\" name=\"queried_id\" value=\"2305\"\/>\r\n\t\t\t\r\n\t\t\t<div class=\"elementor-form-fields-wrapper elementor-labels-\">\r\n\t\t\t\t\t\t\t\t<div class=\"elementor-field-type-email elementor-field-group elementor-column elementor-field-group-email elementor-col-70 elementor-field-required\">\r\n\t\t\t\t\t\t\t\t\t\t\t\t\t<input size=\"1\" type=\"email\" name=\"form_fields[email]\" id=\"form-field-email\" class=\"elementor-field elementor-size-sm  elementor-field-textual\" placeholder=\"Votre e-mail\" required=\"required\">\r\n\t\t\t\t\t\t\t\t\t\t\t<\/div>\r\n\t\t\t\t\t\t\t\t<div class=\"elementor-field-group elementor-column elementor-field-type-submit elementor-col-30 e-form__buttons\">\r\n\t\t\t\t\t<button class=\"elementor-button elementor-size-sm\" type=\"submit\">\r\n\t\t\t\t\t\t<span class=\"elementor-button-content-wrapper\">\r\n\t\t\t\t\t\t\t\t\t\t\t\t\t\t\t\t\t\t\t\t\t\t<span class=\"elementor-button-text\">S'abonner<\/span>\r\n\t\t\t\t\t\t\t\t\t\t\t\t\t<\/span>\r\n\t\t\t\t\t<\/button>\r\n\t\t\t\t<\/div>\r\n\t\t\t<\/div>\r\n\t\t<\/form>\r\n\t\t\t\t\t\t<\/div>\n\t\t\t\t\t<\/div>\n\t\t\t\t<\/div>\n\t\t\t\t<\/div>\n\t\t","protected":false},"excerpt":{"rendered":"<p>Science et les derniers traitements de soins de la peau C&rsquo;est toujours agr\u00e9able \u00e0 voir, des gens profitant pleinement du soleil et utilisant la lumi\u00e8re pour recharger leur corps et leur esprit. Dommage pour le vieillissement cutan\u00e9 qui l&rsquo;accompagne. N&rsquo;existe-t-il pas une solution plus intelligente pour cela, entra\u00eenant de pr\u00e9f\u00e9rence un rajeunissement de la peau [&hellip;]<\/p>\n","protected":false},"author":1,"featured_media":0,"parent":0,"menu_order":0,"comment_status":"closed","ping_status":"closed","template":"elementor_header_footer","meta":{"_acf_changed":false,"footnotes":""},"class_list":["post-2305","page","type-page","status-publish","hentry"],"acf":[],"_links":{"self":[{"href":"https:\/\/www.novisanum.com\/fr\/wp-json\/wp\/v2\/pages\/2305","targetHints":{"allow":["GET"]}}],"collection":[{"href":"https:\/\/www.novisanum.com\/fr\/wp-json\/wp\/v2\/pages"}],"about":[{"href":"https:\/\/www.novisanum.com\/fr\/wp-json\/wp\/v2\/types\/page"}],"author":[{"embeddable":true,"href":"https:\/\/www.novisanum.com\/fr\/wp-json\/wp\/v2\/users\/1"}],"replies":[{"embeddable":true,"href":"https:\/\/www.novisanum.com\/fr\/wp-json\/wp\/v2\/comments?post=2305"}],"version-history":[{"count":4,"href":"https:\/\/www.novisanum.com\/fr\/wp-json\/wp\/v2\/pages\/2305\/revisions"}],"predecessor-version":[{"id":2318,"href":"https:\/\/www.novisanum.com\/fr\/wp-json\/wp\/v2\/pages\/2305\/revisions\/2318"}],"wp:attachment":[{"href":"https:\/\/www.novisanum.com\/fr\/wp-json\/wp\/v2\/media?parent=2305"}],"curies":[{"name":"wp","href":"https:\/\/api.w.org\/{rel}","templated":true}]}}