{"id":2359,"date":"2025-11-02T05:11:47","date_gmt":"2025-11-02T05:11:47","guid":{"rendered":"https:\/\/www.novisanum.com\/product\/masque-de-soin-pour-les-yeux\/"},"modified":"2025-11-09T09:12:17","modified_gmt":"2025-11-09T09:12:17","slug":"masque-de-soin-pour-les-yeux","status":"publish","type":"product","link":"https:\/\/www.novisanum.com\/fr\/produit\/masque-de-soin-pour-les-yeux\/","title":{"rendered":"Masque de soin pour les yeux"},"content":{"rendered":"<p>Norme de sol pour panneau de th\u00e9rapie par la lumi\u00e8re rouge.<\/p>\n<p>Convient au mod\u00e8le :<br \/>\n&#8211; M900<\/p>\n","protected":false},"excerpt":{"rendered":"<p>Norme de sol pour panneau de th\u00e9rapie par la lumi\u00e8re rouge. Convient au mod\u00e8le : &#8211; M900<\/p>\n","protected":false},"featured_media":1748,"comment_status":"open","ping_status":"closed","template":"","meta":{"_acf_changed":false},"product_brand":[],"product_cat":[186],"product_tag":[],"class_list":{"0":"post-2359","1":"product","2":"type-product","3":"status-publish","4":"has-post-thumbnail","6":"product_cat-standards-mounts","8":"first","9":"instock","10":"shipping-taxable","11":"purchasable","12":"product-type-simple"},"acf":[],"_links":{"self":[{"href":"https:\/\/www.novisanum.com\/fr\/wp-json\/wp\/v2\/product\/2359","targetHints":{"allow":["GET"]}}],"collection":[{"href":"https:\/\/www.novisanum.com\/fr\/wp-json\/wp\/v2\/product"}],"about":[{"href":"https:\/\/www.novisanum.com\/fr\/wp-json\/wp\/v2\/types\/product"}],"replies":[{"embeddable":true,"href":"https:\/\/www.novisanum.com\/fr\/wp-json\/wp\/v2\/comments?post=2359"}],"wp:featuredmedia":[{"embeddable":true,"href":"https:\/\/www.novisanum.com\/fr\/wp-json\/wp\/v2\/media\/1748"}],"wp:attachment":[{"href":"https:\/\/www.novisanum.com\/fr\/wp-json\/wp\/v2\/media?parent=2359"}],"wp:term":[{"taxonomy":"product_brand","embeddable":true,"href":"https:\/\/www.novisanum.com\/fr\/wp-json\/wp\/v2\/product_brand?post=2359"},{"taxonomy":"product_cat","embeddable":true,"href":"https:\/\/www.novisanum.com\/fr\/wp-json\/wp\/v2\/product_cat?post=2359"},{"taxonomy":"product_tag","embeddable":true,"href":"https:\/\/www.novisanum.com\/fr\/wp-json\/wp\/v2\/product_tag?post=2359"}],"curies":[{"name":"wp","href":"https:\/\/api.w.org\/{rel}","templated":true}]}}