{"id":2369,"date":"2025-11-02T05:06:21","date_gmt":"2025-11-02T05:06:21","guid":{"rendered":"https:\/\/www.novisanum.com\/product\/panneau-de-lumiere-rouge-pro2400\/"},"modified":"2025-11-02T05:06:21","modified_gmt":"2025-11-02T05:06:21","slug":"panneau-de-lumiere-rouge-pro2400","status":"publish","type":"product","link":"https:\/\/www.novisanum.com\/fr\/produit\/panneau-de-lumiere-rouge-pro2400\/","title":{"rendered":"Panneau de lumi\u00e8re rouge PRO2400"},"content":{"rendered":"<p>Ce panneau est apte \u00e0 traiter des parties sp\u00e9cifiques du corps. Cette th\u00e9rapie non invasive peut offrir une alternative prometteuse aux m\u00e9thodes traditionnelles de gestion de la douleur. <\/p>\n<p><strong>Diff\u00e9rences entre la s\u00e9rie B et la s\u00e9rie PRO<\/strong><br \/>\nLes panneaux de la s\u00e9rie PRO sont \u00e9quip\u00e9s de LED sp\u00e9ciales \u00e0 double puce, ce qui en fait l&rsquo;un des syst\u00e8mes de th\u00e9rapie par la lumi\u00e8re rouge les plus avanc\u00e9s du march\u00e9. Gr\u00e2ce \u00e0 ces LED sp\u00e9ciales, les panneaux ont un \u00e9clairement tr\u00e8s \u00e9lev\u00e9. De plus, ils proposent 5 (au lieu de 2) longueurs d&rsquo;onde de 630 &amp; 660 &amp; 810 &amp; 830 &amp; 850 nanom\u00e8tres. Cela permet aux panneaux PRO de traiter la plupart des probl\u00e8mes de sant\u00e9. qui se sont av\u00e9r\u00e9s avoir le plus grand effet sur la biologie humaine. Ces panneaux PRO offrent \u00e9galement un contr\u00f4le intelligent : synchronisation, r\u00e9glage de la luminosit\u00e9, fonction d&rsquo;impulsion et connexion et liaison de plusieurs panneaux pour une expansion future.     <\/p>\n<p><strong>SP\u00c9CIFICATIONS DU PRODUIT<\/strong><br \/>\nProduit : PRO2400<br \/>\nDimensions : L1175 * l400 * H65 mm<br \/>\nNombre de LED : 180 pcs<br \/>\nLongueurs d&rsquo;onde : 630 nm : 660 nm : 810 nm : 830 nm : 850 nm.<br \/>\nTension d&rsquo;entr\u00e9e : 230V<br \/>\nIrradiance : 180mW\/cm2<br \/>\nPoids : 21 kg<br \/>\nGarantie : 5 ans<br \/>\nSurface de traitement : corps entier<br \/>\nExtras : fonction de contr\u00f4le du temps et anti-scintillement<\/p>\n<p><strong>How it Comment \u00e7a fonctionneworks<\/strong><br \/>\nLes effets th\u00e9rapeutiques de la th\u00e9rapie par la lumi\u00e8re rouge sont attribu\u00e9s \u00e0 sa capacit\u00e9 \u00e0 atteindre les tissus plus profonds sous la peau. Une fois que la lumi\u00e8re rouge est absorb\u00e9e par les cellules, elle interagit avec les mitochondries, \u00e9galement connues sous le nom de \u00ab centrale \u00e9lectrique de la cellule \u00bb, pour augmenter la production d\u2019ad\u00e9nosine triphosphate (ATP). L&rsquo;ATP est essentiel \u00e0 l&rsquo;\u00e9nergie et au fonctionnement cellulaire. On pense que la production accrue d\u2019ATP stimule les processus de r\u00e9paration et de r\u00e9g\u00e9n\u00e9ration cellulaires pour aider \u00e0 r\u00e9duire l\u2019inflammation et \u00e0 soulager la douleur.   <\/p>\n<p><strong>La science derri\u00e8re la th\u00e9rapie par lumi\u00e8re rouge<\/strong><\/p>\n<p><strong>R\u00e9paration et croissance cellulaire :<\/strong> La th\u00e9rapie par la lumi\u00e8re rouge favorise la lib\u00e9ration d&rsquo;oxyde nitrique, ce qui peut am\u00e9liorer la circulation sanguine et l&rsquo;apport d&rsquo;oxyg\u00e8ne aux tissus. Ce processus aide \u00e0 r\u00e9parer les cellules endommag\u00e9es et favorise la croissance de nouvelles cellules saines.<br \/>\n<strong>R\u00e9duire l&rsquo;inflammation : <\/strong>l&rsquo;inflammation chronique est une source courante de douleur. Il a \u00e9t\u00e9 d\u00e9montr\u00e9 que la th\u00e9rapie par la lumi\u00e8re rouge r\u00e9duit la production de cytokines pro-inflammatoires et augmente l\u2019activit\u00e9 des cytokines anti-inflammatoires, entra\u00eenant une r\u00e9duction de l\u2019inflammation et de la douleur.<br \/>\n<strong>R\u00e9g\u00e9n\u00e9ration nerveuse :<\/strong> la th\u00e9rapie par la lumi\u00e8re rouge peut stimuler la r\u00e9paration et la croissance nerveuses, ce qui peut soulager les douleurs neuropathiques.<br \/>\n\u200d<br \/>\n<strong>R\u00e9cup\u00e9ration musculaire :<\/strong> les athl\u00e8tes et les personnes qui se remettent de blessures musculaires peuvent b\u00e9n\u00e9ficier de la th\u00e9rapie par la lumi\u00e8re rouge. Il peut favoriser la r\u00e9cup\u00e9ration musculaire en r\u00e9duisant l\u2019inflammation et en favorisant une gu\u00e9rison plus rapide. <\/p>\n<p>Soulagement de la douleur et douleurs chroniques : des recherches ont \u00e9t\u00e9 men\u00e9es sur l&rsquo;efficacit\u00e9 de la th\u00e9rapie par la lumi\u00e8re rouge dans les maladies chroniques telles que la fibromyalgie, l&rsquo;arthrose et la polyarthrite rhumato\u00efde en r\u00e9duisant l&rsquo;inflammation et en favorisant la r\u00e9paration cellulaire.<br \/>\n<strong>Douleurs articulaires et musculaires :<\/strong> De nombreux athl\u00e8tes trouvent un soulagement \u00e0 leurs blessures sportives ou \u00e0 leurs douleurs articulaires gr\u00e2ce \u00e0 des s\u00e9ances r\u00e9guli\u00e8res de th\u00e9rapie par la lumi\u00e8re rouge.<br \/>\n\u200d<br \/>\n<strong>Douleurs au dos, au cou et aux \u00e9paules :<\/strong> les douleurs dans le bas du dos, le cou ou les \u00e9paules sont une maladie courante et la th\u00e9rapie par la lumi\u00e8re rouge peut \u00eatre une option de traitement efficace en soulageant l&rsquo;inflammation et en stimulant la r\u00e9paration des tissus.<\/p>\n<p><strong>R\u00e9cup\u00e9ration postop\u00e9ratoire :<\/strong> les patients en convalescence apr\u00e8s une intervention chirurgicale peuvent b\u00e9n\u00e9ficier de la th\u00e9rapie par la lumi\u00e8re rouge, car elle peut acc\u00e9l\u00e9rer le processus de gu\u00e9rison et r\u00e9duire la douleur et l&rsquo;enflure postop\u00e9ratoires.<\/p>\n<p><strong>Th\u00e9rapie par la lumi\u00e8re rouge<\/strong><br \/>\nUne s\u00e9ance dure g\u00e9n\u00e9ralement 10 \u00e0 15 minutes et vous pouvez ressentir une douce chaleur sur votre peau, mais aucune g\u00eane. Le nombre de s\u00e9ances n\u00e9cessaires varie en fonction de l&rsquo;affection trait\u00e9e et de la r\u00e9ponse individuelle au traitement. <\/p>\n<p><strong>S\u00e9curit\u00e9 et effets secondaires<\/strong><br \/>\nLa th\u00e9rapie par la lumi\u00e8re rouge est consid\u00e9r\u00e9e comme s\u00fbre avec des effets secondaires minimes. Il est toutefois indispensable de ne pas regarder directement la lumi\u00e8re pour prot\u00e9ger ses yeux. Les lunettes \u00e0 cet effet sont incluses dans l&rsquo;achat.  <\/p>\n<p><strong>La th\u00e9rapie par lumi\u00e8re rouge est-elle adapt\u00e9e pour vous ?<\/strong><br \/>\nDes s\u00e9ances coh\u00e9rentes de th\u00e9rapie par la lumi\u00e8re rouge peuvent \u00eatre exactement ce dont vous avez besoin pour ressentir un soulagement de la douleur. Utilisant le pouvoir de la lumi\u00e8re pour gu\u00e9rir et soulager l\u2019inconfort, cette th\u00e9rapie non invasive peut aider \u00e0 r\u00e9duire l\u2019inflammation et favoriser la r\u00e9paration cellulaire, tout en am\u00e9liorant instantan\u00e9ment votre humeur. <\/p>\n","protected":false},"excerpt":{"rendered":"<p>Ce panneau est apte \u00e0 traiter des parties sp\u00e9cifiques du corps. Cette th\u00e9rapie non invasive peut offrir une alternative prometteuse aux m\u00e9thodes traditionnelles de gestion de la douleur. Diff\u00e9rences entre la s\u00e9rie B et la s\u00e9rie PRO Les panneaux de la s\u00e9rie PRO sont \u00e9quip\u00e9s de LED sp\u00e9ciales \u00e0 double puce, ce qui en fait [&hellip;]<\/p>\n","protected":false},"featured_media":1678,"comment_status":"open","ping_status":"closed","template":"","meta":{"_acf_changed":false},"product_brand":[],"product_cat":[181],"product_tag":[],"class_list":{"0":"post-2369","1":"product","2":"type-product","3":"status-publish","4":"has-post-thumbnail","6":"product_cat-red-light-systems-e-serie","8":"first","9":"instock","10":"shipping-taxable","11":"purchasable","12":"product-type-simple"},"acf":[],"_links":{"self":[{"href":"https:\/\/www.novisanum.com\/fr\/wp-json\/wp\/v2\/product\/2369","targetHints":{"allow":["GET"]}}],"collection":[{"href":"https:\/\/www.novisanum.com\/fr\/wp-json\/wp\/v2\/product"}],"about":[{"href":"https:\/\/www.novisanum.com\/fr\/wp-json\/wp\/v2\/types\/product"}],"replies":[{"embeddable":true,"href":"https:\/\/www.novisanum.com\/fr\/wp-json\/wp\/v2\/comments?post=2369"}],"wp:featuredmedia":[{"embeddable":true,"href":"https:\/\/www.novisanum.com\/fr\/wp-json\/wp\/v2\/media\/1678"}],"wp:attachment":[{"href":"https:\/\/www.novisanum.com\/fr\/wp-json\/wp\/v2\/media?parent=2369"}],"wp:term":[{"taxonomy":"product_brand","embeddable":true,"href":"https:\/\/www.novisanum.com\/fr\/wp-json\/wp\/v2\/product_brand?post=2369"},{"taxonomy":"product_cat","embeddable":true,"href":"https:\/\/www.novisanum.com\/fr\/wp-json\/wp\/v2\/product_cat?post=2369"},{"taxonomy":"product_tag","embeddable":true,"href":"https:\/\/www.novisanum.com\/fr\/wp-json\/wp\/v2\/product_tag?post=2369"}],"curies":[{"name":"wp","href":"https:\/\/api.w.org\/{rel}","templated":true}]}}