{"id":2238,"date":"2025-11-01T09:58:11","date_gmt":"2025-11-01T09:58:11","guid":{"rendered":"https:\/\/www.novisanum.com\/politica-sulla-riservatezza\/"},"modified":"2025-11-06T16:39:23","modified_gmt":"2025-11-06T16:39:23","slug":"politica-sulla-riservatezza","status":"publish","type":"page","link":"https:\/\/www.novisanum.com\/it\/politica-sulla-riservatezza\/","title":{"rendered":"Politica sulla riservatezza"},"content":{"rendered":"\t\t<div data-elementor-type=\"wp-page\" data-elementor-id=\"2238\" class=\"elementor elementor-2238 elementor-78\" data-elementor-settings=\"{&quot;ha_cmc_init_switcher&quot;:&quot;no&quot;}\" data-elementor-post-type=\"page\">\n\t\t\t\t<div class=\"elementor-element elementor-element-11c0cfdc e-flex e-con-boxed e-con e-parent\" data-id=\"11c0cfdc\" data-element_type=\"container\" data-e-type=\"container\" data-settings=\"{&quot;_ha_eqh_enable&quot;:false}\">\n\t\t\t\t\t<div class=\"e-con-inner\">\n\t\t<div class=\"elementor-element elementor-element-4b3ea73f e-con-full e-flex e-con e-child\" data-id=\"4b3ea73f\" data-element_type=\"container\" data-e-type=\"container\" data-settings=\"{&quot;_ha_eqh_enable&quot;:false}\">\n\t\t\t\t<div class=\"elementor-element elementor-element-3ea2bd68 elementor-widget elementor-widget-heading\" data-id=\"3ea2bd68\" data-element_type=\"widget\" data-e-type=\"widget\" data-widget_type=\"heading.default\">\n\t\t\t\t\t<h2 class=\"elementor-heading-title elementor-size-default\">Politica sulla riservatezza<\/h2>\t\t\t\t<\/div>\n\t\t\t\t<div class=\"elementor-element elementor-element-5cd78aee elementor-widget elementor-widget-text-editor\" data-id=\"5cd78aee\" data-element_type=\"widget\" data-e-type=\"widget\" data-widget_type=\"text-editor.default\">\n\t\t\t\t\t\t\t\t\t<p>Teniamo molto alla tua privacy. Elaboriamo esclusivamente i dati di cui abbiamo bisogno per (migliorare) i nostri servizi e gestiamo con attenzione tutte le informazioni raccolte su di te e sul tuo utilizzo dei nostri servizi. I tuoi dati non vengono condivisi con terze parti per scopi commerciali. La presente informativa sulla privacy si applica all&#8217;utilizzo del sito web e dei servizi da noi forniti. La data di inizio validit\u00e0 di questi termini e condizioni \u00e8 il 28\/01\/2020, con la pubblicazione di una nuova versione la validit\u00e0 di tutte le versioni precedenti viene annullata. Questa informativa sulla privacy descrive quali informazioni su di te vengono raccolte da noi, per cosa vengono utilizzati questi dati e con chi e a quali condizioni questi dati potrebbero essere condivisi con terze parti. Ti spieghiamo inoltre come memorizziamo i tuoi dati, come proteggiamo i tuoi dati da abusi e quali diritti hai riguardo ai dati personali che ci fornisci. Se hai domande sulla nostra politica sulla privacy, contatta il nostro referente per la privacy, troverai i dettagli di contatto alla fine della nostra politica sulla privacy.<\/p><p>Informazioni sul nostro trattamento dei dati<br \/>Di seguito puoi leggere come trattiamo i tuoi dati, dove li salviamo, quali tecniche di sicurezza utilizziamo e a chi sono visibili i dati.<\/p><p>Software per webshop<br \/>Ci siamo riuniti con l&#8217;uso del nostro negozio online e dei nostri servizi.. Il nostro negozio online richiede l&#8217;accesso a questi dettagli per offrire supporto (tecnico). Non utilizzeranno questi dati per nessun altro scopo. Il nostro Negozio Online ha l&#8217;obbligo, in base all&#8217;accordo che abbiamo con loro, di adottare le precauzioni e le misure di sicurezza necessarie quando si tratta dei tuoi dati personali. Il nostro negozio online utilizza i cookie per raccogliere informazioni tecniche sull&#8217;utilizzo del software. Nessun dato personale viene raccolto e\/o archiviato. Il nostro negozio online si riserva il diritto di condividere internamente i dati raccolti per migliorare i propri servizi.<\/p><p>Posta elettronica e mailing list<br \/>Per la nostra normale posta elettronica aziendale, utilizziamo i servizi di posta elettronica di My webhost. Questa parte ha implementato misure tecniche e organizzative adeguate per prevenire l&#8217;uso improprio, la perdita o la corruzione dei tuoi dati.<\/p><p>Scopo del trattamento dei dati \/ Scopo generale del trattamento dei dati<br \/>Utilizziamo i tuoi dati al solo scopo di fornirti i nostri servizi. Ci\u00f2 significa che lo scopo del trattamento di questi dati \u00e8 direttamente correlato all&#8217;incarico o al compito che ci offrite. Non utilizziamo questi dati per scopi di marketing (indirizzati). Se condividi informazioni con noi e utilizziamo queste informazioni per contattarti in un secondo momento, non in base a una richiesta, chiederemo prima il consenso esplicito. I tuoi dati non vengono condivisi con terzi, per nessun altro scopo se non quello di adempiere agli obblighi contabili e amministrativi. Questi terzi sono tutti obbligati a un obbligo di riservatezza in base all&#8217;accordo che abbiamo con loro, a un giuramento o a un obbligo legale.<\/p><p>Dati raccolti automaticamente<br \/>Le informazioni raccolte automaticamente dal nostro sito Web vengono elaborate al solo scopo di fornirti e\/o migliorare ulteriormente i nostri servizi. Queste informazioni (ad esempio il vostro indirizzo IP (anonimo), il browser web e il sistema operativo) non sono informazioni personali.<\/p><p>Cooperazione nelle indagini fiscali e penali<br \/>In alcuni casi, potremmo essere obbligati dal governo a rispettare il dovere legale di condividere le tue informazioni allo scopo di assistere in un&#8217;indagine fiscale o penale. In tali casi siamo costretti a rispettare e assistere, ma, sulla base delle possibilit\u00e0 legali, offriremo un&#8217;obiezione.<\/p><p>Periodi di conservazione<br \/>Conserviamo i tuoi dati per tutto il tempo in cui sei nostro cliente. Ci\u00f2 significa che manteniamo e conserviamo il tuo profilo cliente finch\u00e9 non ci fai sapere che non desideri pi\u00f9 utilizzare i nostri servizi. Un messaggio del genere funziona anche come una richiesta di essere dimenticato. Siamo tenuti a conservare le fatture con le vostre informazioni (personali) a causa di obblighi amministrativi pertinenti, queste informazioni vengono archiviate in modo sicuro fino a quando il termine rilevante per tali obblighi non \u00e8 ancora trascorso. Il personale non ha pi\u00f9 accesso al tuo profilo cliente e a tutti i documenti creati a causa del tuo incarico o compito.<\/p><p>I tuoi diritti<br \/>In base alla legislazione olandese ed europea in vigore, tu, come parte interessata, hai determinati diritti quando si tratta di dati personali elaborati da o per nostro conto. Di seguito puoi trovare una spiegazione di questi diritti e come tu, come parte interessata, puoi far valere tali diritti. In linea di principio, per prevenire abusi, inviamo fatture e copie dei tuoi dati solo agli indirizzi e-mail che ci hai comunicato. Se desideri ricevere questi dati su un altro indirizzo e-mail o ad esempio tramite posta, ti chiederemo di identificarti di conseguenza. Manteniamo un&#8217;amministrazione delle richieste concluse, in caso di richiesta di oblio manterremo un&#8217;amministrazione dei dati anonimizzati. Riceverai tutte le fatture e le copie dei dati in file strutturati in un formato leggibile dalla macchina in base alle classificazioni dei dati che utilizziamo all&#8217;interno del nostro sistema. Hai sempre il diritto di presentare un reclamo all&#8217;Autoriteit Persoonsgegevens se sospetti che noi maltrattiamo o utilizziamo in modo improprio i tuoi dati personali.<\/p><p>Diritto di ispezione<br \/>Hai sempre il diritto di visualizzare i dati che elaboriamo che hanno una relazione o possono essere riducibili alla tua persona. \u00c8 possibile richiedere tale visione al nostro contatto responsabile delle questioni relative alla privacy. Riceverai una risposta alla tua richiesta entro 30 giorni. Se la tua richiesta viene approvata, ti invieremo, tramite l&#8217;indirizzo e-mail a noi noto, una copia di tutti i dati con una panoramica aggiuntiva dei responsabili del trattamento che gestiscono questi dati, menzionando anche le categorie in cui conserviamo questi dati.<\/p><p>Diritto di rettifica<br \/>Hai sempre il diritto di ottenere la rettifica dei dati che trattiamo, che hanno una relazione o possono essere riconducibili alla tua persona. \u00c8 possibile richiedere tale modifica al nostro contatto responsabile delle questioni relative alla privacy. Riceverai una risposta alla tua richiesta entro 30 giorni. Se la tua richiesta verr\u00e0 approvata ti invieremo, tramite l&#8217;indirizzo e-mail a noi noto, una conferma dell&#8217;avvenuta rettifica dei dati.<\/p><p>Diritto alla limitazione del trattamento<br \/>In ogni momento mantieni il diritto di limitare i dati che trattiamo che hanno una relazione o possono essere riducibili alla tua persona. \u00c8 possibile richiedere tale limitazione al nostro contatto responsabile delle questioni relative alla privacy. Riceverai una risposta alla tua richiesta entro 30 giorni. Se la tua richiesta verr\u00e0 approvata ti invieremo, tramite l&#8217;indirizzo di posta elettronica a noi noto, conferma che il trattamento dei tuoi dati \u00e8 limitato fino a quando non sceglierai di annullare tale limitazione.<\/p><p>Diritto di trasferibilit\u00e0<br \/>Hai sempre il diritto di richiedere che i dati da noi trattati, che abbiano una relazione o possano essere riconducibili alla tua persona, siano trattati da un terzo di tua scelta. \u00c8 possibile inviare tale richiesta al nostro contatto responsabile delle questioni relative alla privacy. Riceverai una risposta alla tua richiesta entro 30 giorni. Se la tua richiesta viene approvata, ti invieremo, tramite l&#8217;indirizzo e-mail a noi noto, le tue fatture (personali) o copie dei dati che noi, o terzi per nostro conto, abbiamo elaborato. \u00c8 molto probabile che in tal caso non potremo pi\u00f9 offrirvi i nostri servizi poich\u00e9 non possiamo pi\u00f9 garantire la precedente sicurezza dei dati.<\/p><p>Diritto di opposizione e altri diritti<br \/>Hai sempre il diritto di opporti al trattamento dei tuoi dati personali effettuato da noi o per nostro conto da terzi. In caso di tale obiezione, cesseremo immediatamente ogni trattamento dei tuoi dati mentre la tua obiezione sar\u00e0 esaminata e gestita. In caso di opposizione motivata restituiremo tutte le fatture e\/o copie dei dati personali che noi, o terzi per nostro conto, abbiamo trattato fino a quel momento e successivamente cesseremo il trattamento. Mantiene inoltre il diritto di non essere soggetto a processi decisionali automatizzati o di profilazione. Trattiamo i tuoi dati in modo tale che questo diritto non si applichi. Se ritieni che questo diritto sia applicabile, ti chiediamo di contattare il nostro contatto incaricato<br \/>la privacy \u00e8 importante.<\/p><p>Modifiche alla politica sulla privacy<br \/>Manteniamo in ogni momento il diritto di modificare la nostra politica sulla privacy. Questa pagina tuttavia mostra sempre la versione pi\u00f9 recente della nostra politica sulla privacy. Qualora una nuova politica sulla privacy dovesse avere conseguenze sul modo in cui trattiamo i dati recentemente raccolti riguardanti la tua persona, ti informeremo via e-mail.<\/p>\t\t\t\t\t\t\t\t<\/div>\n\t\t\t\t<\/div>\n\t\t\t\t\t<\/div>\n\t\t\t\t<\/div>\n\t\t<div class=\"elementor-element elementor-element-8a0f9c1 e-flex e-con-boxed e-con e-parent\" data-id=\"8a0f9c1\" data-element_type=\"container\" data-e-type=\"container\" data-settings=\"{&quot;background_background&quot;:&quot;classic&quot;,&quot;_ha_eqh_enable&quot;:false}\">\n\t\t\t\t\t<div class=\"e-con-inner\">\n\t\t\t\t<div class=\"elementor-element elementor-element-8e81f0e elementor-widget elementor-widget-heading\" data-id=\"8e81f0e\" data-element_type=\"widget\" data-e-type=\"widget\" data-widget_type=\"heading.default\">\n\t\t\t\t\t<h2 class=\"elementor-heading-title elementor-size-default\">Notiziario<\/h2>\t\t\t\t<\/div>\n\t\t\t\t<div class=\"elementor-element elementor-element-bb7f437 elementor-widget__width-initial elementor-widget-mobile__width-inherit elementor-widget elementor-widget-text-editor\" data-id=\"bb7f437\" data-element_type=\"widget\" data-e-type=\"widget\" data-widget_type=\"text-editor.default\">\n\t\t\t\t\t\t\t\t\t<p>Una breve frase che descrive ci\u00f2 che qualcuno ricever\u00e0 iscrivendosi<\/p>\t\t\t\t\t\t\t\t<\/div>\n\t\t\t\t<div class=\"elementor-element elementor-element-6e756cb elementor-widget__width-initial elementor-widget-mobile__width-inherit elementor-button-align-stretch elementor-widget elementor-widget-form\" data-id=\"6e756cb\" data-element_type=\"widget\" data-e-type=\"widget\" data-settings=\"{&quot;button_width&quot;:&quot;30&quot;,&quot;step_next_label&quot;:&quot;Prossimo&quot;,&quot;step_previous_label&quot;:&quot;Precedente&quot;,&quot;step_type&quot;:&quot;number_text&quot;,&quot;step_icon_shape&quot;:&quot;circle&quot;}\" data-widget_type=\"form.default\">\n\t\t\t\t\t\t\t<form class=\"elementor-form\" method=\"post\" name=\"Nuova forma\" aria-label=\"Nuova forma\">\r\n\t\t\t<input type=\"hidden\" name=\"post_id\" value=\"2238\"\/>\r\n\t\t\t<input type=\"hidden\" name=\"form_id\" value=\"6e756cb\"\/>\r\n\t\t\t<input type=\"hidden\" name=\"referer_title\" value=\"Politica sulla riservatezza\" \/>\r\n\r\n\t\t\t\t\t\t\t<input type=\"hidden\" name=\"queried_id\" value=\"2238\"\/>\r\n\t\t\t\r\n\t\t\t<div class=\"elementor-form-fields-wrapper elementor-labels-\">\r\n\t\t\t\t\t\t\t\t<div class=\"elementor-field-type-email elementor-field-group elementor-column elementor-field-group-email elementor-col-70 elementor-field-required\">\r\n\t\t\t\t\t\t\t\t\t\t\t\t\t<input size=\"1\" type=\"email\" name=\"form_fields[email]\" id=\"form-field-email\" class=\"elementor-field elementor-size-sm  elementor-field-textual\" placeholder=\"La tua email\" required=\"required\">\r\n\t\t\t\t\t\t\t\t\t\t\t<\/div>\r\n\t\t\t\t\t\t\t\t<div class=\"elementor-field-group elementor-column elementor-field-type-submit elementor-col-30 e-form__buttons\">\r\n\t\t\t\t\t<button class=\"elementor-button elementor-size-sm\" type=\"submit\">\r\n\t\t\t\t\t\t<span class=\"elementor-button-content-wrapper\">\r\n\t\t\t\t\t\t\t\t\t\t\t\t\t\t\t\t\t\t\t\t\t\t<span class=\"elementor-button-text\">sottoscrivi<\/span>\r\n\t\t\t\t\t\t\t\t\t\t\t\t\t<\/span>\r\n\t\t\t\t\t<\/button>\r\n\t\t\t\t<\/div>\r\n\t\t\t<\/div>\r\n\t\t<\/form>\r\n\t\t\t\t\t\t<\/div>\n\t\t\t\t\t<\/div>\n\t\t\t\t<\/div>\n\t\t\t\t<\/div>\n\t\t","protected":false},"excerpt":{"rendered":"<p>Politica sulla riservatezza Teniamo molto alla tua privacy. Elaboriamo esclusivamente i dati di cui abbiamo bisogno per (migliorare) i nostri servizi e gestiamo con attenzione tutte le informazioni raccolte su di te e sul tuo utilizzo dei nostri servizi. I tuoi dati non vengono condivisi con terze parti per scopi commerciali. La presente informativa sulla [&hellip;]<\/p>\n","protected":false},"author":1,"featured_media":0,"parent":0,"menu_order":0,"comment_status":"closed","ping_status":"closed","template":"elementor_header_footer","meta":{"_acf_changed":false,"footnotes":""},"class_list":["post-2238","page","type-page","status-publish","hentry"],"acf":[],"_links":{"self":[{"href":"https:\/\/www.novisanum.com\/it\/wp-json\/wp\/v2\/pages\/2238","targetHints":{"allow":["GET"]}}],"collection":[{"href":"https:\/\/www.novisanum.com\/it\/wp-json\/wp\/v2\/pages"}],"about":[{"href":"https:\/\/www.novisanum.com\/it\/wp-json\/wp\/v2\/types\/page"}],"author":[{"embeddable":true,"href":"https:\/\/www.novisanum.com\/it\/wp-json\/wp\/v2\/users\/1"}],"replies":[{"embeddable":true,"href":"https:\/\/www.novisanum.com\/it\/wp-json\/wp\/v2\/comments?post=2238"}],"version-history":[{"count":4,"href":"https:\/\/www.novisanum.com\/it\/wp-json\/wp\/v2\/pages\/2238\/revisions"}],"predecessor-version":[{"id":2242,"href":"https:\/\/www.novisanum.com\/it\/wp-json\/wp\/v2\/pages\/2238\/revisions\/2242"}],"wp:attachment":[{"href":"https:\/\/www.novisanum.com\/it\/wp-json\/wp\/v2\/media?parent=2238"}],"curies":[{"name":"wp","href":"https:\/\/api.w.org\/{rel}","templated":true}]}}