{"id":2258,"date":"2025-11-02T14:55:21","date_gmt":"2025-11-02T14:55:21","guid":{"rendered":"https:\/\/www.novisanum.com\/scienza-sullidrogeno\/"},"modified":"2025-11-07T03:06:15","modified_gmt":"2025-11-07T03:06:15","slug":"scienza-sullidrogeno","status":"publish","type":"page","link":"https:\/\/www.novisanum.com\/it\/scienza-sullidrogeno\/","title":{"rendered":"Scienza sull&#8217;idrogeno"},"content":{"rendered":"\t\t<div data-elementor-type=\"wp-page\" data-elementor-id=\"2258\" class=\"elementor elementor-2258 elementor-656\" data-elementor-settings=\"{&quot;ha_cmc_init_switcher&quot;:&quot;no&quot;}\" data-elementor-post-type=\"page\">\n\t\t\t\t<div class=\"elementor-element elementor-element-4591513 e-flex e-con-boxed e-con e-parent\" data-id=\"4591513\" data-element_type=\"container\" data-e-type=\"container\" data-settings=\"{&quot;_ha_eqh_enable&quot;:false}\">\n\t\t\t\t\t<div class=\"e-con-inner\">\n\t\t<div class=\"elementor-element elementor-element-60d8dd7 e-con-full e-flex e-con e-child\" data-id=\"60d8dd7\" data-element_type=\"container\" data-e-type=\"container\" data-settings=\"{&quot;_ha_eqh_enable&quot;:false}\">\n\t\t\t\t<div class=\"elementor-element elementor-element-3384306 elementor-widget elementor-widget-heading\" data-id=\"3384306\" data-element_type=\"widget\" data-e-type=\"widget\" data-widget_type=\"heading.default\">\n\t\t\t\t\t<h2 class=\"elementor-heading-title elementor-size-default\">Scienza sull'idrogeno<\/h2>\t\t\t\t<\/div>\n\t\t\t\t<div class=\"elementor-element elementor-element-233dffe elementor-widget elementor-widget-text-editor\" data-id=\"233dffe\" data-element_type=\"widget\" data-e-type=\"widget\" data-widget_type=\"text-editor.default\">\n\t\t\t\t\t\t\t\t\t<p>L&#8217;ossigenoterapia antinfiammatoria offre risultati terapeutici molto migliori rispetto ad una camera iperbarica costosa e scomoda e pu\u00f2 essere eseguita nella vostra camera da letto. L\u2019ossigenoterapia antinfiammatoria \u00e8 semplice. Tutto ci\u00f2 che serve \u00e8 inalare un elevato livello di ossigeno durante l&#8217;attivit\u00e0 fisica.\u2028<br \/><br \/>Entro 15 minuti, puoi aprire le cellule, consentendo loro di disintossicarsi assorbendo livelli pi\u00f9 elevati di ossigeno. Questo pu\u00f2 aiutare molte persone a liberarsi da situazioni croniche in cui prima ci\u00f2 non era possibile.<br \/>\u2028<br \/><strong>Il potere dell&#8217;ossigeno<\/strong><br \/>\u00c8 invisibile, potente e indispensabile alla vita. \u00c8 ossigeno. Lo inaliamo continuamente durante tutta la nostra vita e, sebbene costituisca solo il 21% dell&#8217;aria che respiriamo, \u00e8 la chiave della nostra esistenza. Pi\u00f9 impariamo sulle propriet\u00e0 medicinali dell\u2019ossigeno, pi\u00f9 chiaro diventa il suo enorme potenziale di trattamento medico per molte condizioni gravi.<br \/><br \/><strong>Ossigenoterapia infiammatoria &#8211; Dr Mark Sircus<\/strong><br \/>Eppure pochi conoscono le importanti applicazioni terapeutiche dell&#8217;ossigeno &#8211; fino ad ora. Nel suo nuovo libro, Ossigenoterapia infiammatoria, il dottor Mark Sircus esplora gli straordinari benefici che l&#8217;ossigenoterapia ha da offrire, dalla disintossicazione ai trattamenti per disturbi come GERD e invecchiamento, con particolare attenzione al cancro.\u2028\u2028<br \/><br \/>Sebbene il termine &#8220;ossigenoterapia&#8221; evochi immagini di un paziente malato mortale in un letto d&#8217;ospedale con tubi nel naso e nella bocca, questo libro mostra che l&#8217;ossigeno ha molto di pi\u00f9 da offrire. Innanzitutto, il dottor Sircus esamina pi\u00f9 da vicino la natura dell&#8217;ossigeno e il suo scopo nel corpo. Fornisce quindi approfondimenti su come l\u2019infiammazione distrugge i tessuti nel tempo e su come l\u2019ossigeno pu\u00f2 invertire questo processo.<br \/><br \/>Inoltre, il dottor Sircus offre una tecnica sicura ed altamente efficace che richiede solo 15 minuti e pu\u00f2 essere eseguita tranquillamente a casa, in modo da poter ottenere tutti i benefici per una vita pi\u00f9 sana.<br \/><br \/><strong>Il segreto silenzioso<\/strong><br \/>Forse ti starai chiedendo perch\u00e9 non hai mai sentito parlare di questa &#8220;cura miracolosa&#8221; prima. Il punto \u00e8 che l&#8217;ossigeno non si pu\u00f2 brevettare, non \u00e8 costoso e non serve il medico. Dal momento che non produce grandi profitti, \u00e8 rimasto un segreto ben custodito, ma i fatti parlano da soli. In questo libro scoprirai questi fatti che possono cambiarti la vita: informazioni che possono giovare alla tua salute.<br \/><br \/>Questo \u00e8 il primo libro in assoluto a discutere insieme della medicina dell&#8217;anidride carbonica e della medicina dell&#8217;ossigeno. L\u2019ossigenoterapia antinfiammatoria offre nuove informazioni sulle caratteristiche chiave comuni della malattia, che affrontano la mancanza sia di ossigeno che di anidride carbonica. Molti medici non hanno mai sentito parlare della medicina a base di anidride carbonica.<br \/><br \/><strong>Bere o inalare?<\/strong><br \/>Si pu\u00f2 bere l&#8217;acqua (H2O), ma anche inalarla come H2 (idrogeno) e come O2 (ossigeno).\u2028Il corpo stesso produce idrogeno gassoso, ma pu\u00f2 farlo solo attraverso l\u2019approvvigionamento energetico sotto forma di cibo.\u2028Anche una piccola quantit\u00e0 di idrogeno extra offre vantaggi. Ad esempio, riduce lo stress ossidativo o l\u2019infiammazione, porta ad una costante diminuzione delle malattie articolari come l\u2019artrite. \u00c8 probabilmente il miglior antiet\u00e0 di sempre e pu\u00f2 anche contribuire alla perdita di peso attivando l\u2019ormone FGF21.<br \/><br \/><strong>Idrogeno: la \u201cmedicina\u201d pi\u00f9 sicura che conosciamo<\/strong><br \/>Dal 2007, c\u2019\u00e8 stato un flusso continuo di ricerche scientifiche che dimostrano che l\u2019idrogeno pu\u00f2 avere una grande importanza terapeutica.\u2028Ci\u00f2 \u00e8 dovuto alle dimensioni e al peso delle molecole di idrogeno. Il peso atomico dell&#8217;idrogeno \u00e8 il pi\u00f9 basso di qualsiasi sostanza a noi conosciuta. E la molecola H2 \u00e8 cos\u00ec piccola che non solo viene assorbita molto facilmente, ma anche &#8220;galleggia&#8221; fuori dal corpo con la stessa facilit\u00e0 quando viene raggiunta la saturazione dei tessuti e degli organi. Quindi non \u00e8 possibile sovradosare l\u2019idrogeno. Questo lo rende molto sicuro.<br \/><br \/><strong>L&#8217;idrogeno molecolare \u00e8 supportato da evidenze:<\/strong><br \/>&#8211; Oltre 2000 studi scientifici<br \/>&#8211; Oltre 500 articoli sottoposti a revisione paritaria<br \/>&#8211; 1.600+ ricercatori<br \/>&#8211; 40+ studi basati su esseri umani<br \/><br \/>E:<br \/>Oltre 100 studi clinici suggeriscono che l&#8217;H2 ha un potenziale terapeutico\u00a0per 170 diversi modelli umani, animali e vegetali\u00a0e in quasi tutti gli organi del corpo umano.<\/p>\t\t\t\t\t\t\t\t<\/div>\n\t\t\t\t<\/div>\n\t\t\t\t\t<\/div>\n\t\t\t\t<\/div>\n\t\t<div class=\"elementor-element elementor-element-365d1c5 e-flex e-con-boxed e-con e-parent\" data-id=\"365d1c5\" data-element_type=\"container\" data-e-type=\"container\" data-settings=\"{&quot;background_background&quot;:&quot;classic&quot;,&quot;_ha_eqh_enable&quot;:false}\">\n\t\t\t\t\t<div class=\"e-con-inner\">\n\t\t\t\t<div class=\"elementor-element elementor-element-2c06574 elementor-widget elementor-widget-heading\" data-id=\"2c06574\" data-element_type=\"widget\" data-e-type=\"widget\" data-widget_type=\"heading.default\">\n\t\t\t\t\t<h2 class=\"elementor-heading-title elementor-size-default\">Notiziario<\/h2>\t\t\t\t<\/div>\n\t\t\t\t<div class=\"elementor-element elementor-element-55ba04a elementor-widget__width-initial elementor-widget-mobile__width-inherit elementor-widget elementor-widget-text-editor\" data-id=\"55ba04a\" data-element_type=\"widget\" data-e-type=\"widget\" data-widget_type=\"text-editor.default\">\n\t\t\t\t\t\t\t\t\t<p>Una breve frase che descrive ci\u00f2 che qualcuno ricever\u00e0 iscrivendosi<\/p>\t\t\t\t\t\t\t\t<\/div>\n\t\t\t\t<div class=\"elementor-element elementor-element-2636313 elementor-widget__width-initial elementor-widget-mobile__width-inherit elementor-button-align-stretch elementor-widget elementor-widget-form\" data-id=\"2636313\" data-element_type=\"widget\" data-e-type=\"widget\" data-settings=\"{&quot;button_width&quot;:&quot;30&quot;,&quot;step_next_label&quot;:&quot;Prossimo&quot;,&quot;step_previous_label&quot;:&quot;Precedente&quot;,&quot;step_type&quot;:&quot;number_text&quot;,&quot;step_icon_shape&quot;:&quot;circle&quot;}\" data-widget_type=\"form.default\">\n\t\t\t\t\t\t\t<form class=\"elementor-form\" method=\"post\" name=\"Nuova forma\" aria-label=\"Nuova forma\">\r\n\t\t\t<input type=\"hidden\" name=\"post_id\" value=\"2258\"\/>\r\n\t\t\t<input type=\"hidden\" name=\"form_id\" value=\"2636313\"\/>\r\n\t\t\t<input type=\"hidden\" name=\"referer_title\" value=\"Scienza sull&#8217;idrogeno\" \/>\r\n\r\n\t\t\t\t\t\t\t<input type=\"hidden\" name=\"queried_id\" value=\"2258\"\/>\r\n\t\t\t\r\n\t\t\t<div class=\"elementor-form-fields-wrapper elementor-labels-\">\r\n\t\t\t\t\t\t\t\t<div class=\"elementor-field-type-email elementor-field-group elementor-column elementor-field-group-email elementor-col-70 elementor-field-required\">\r\n\t\t\t\t\t\t\t\t\t\t\t\t\t<input size=\"1\" type=\"email\" name=\"form_fields[email]\" id=\"form-field-email\" class=\"elementor-field elementor-size-sm  elementor-field-textual\" placeholder=\"La tua email\" required=\"required\">\r\n\t\t\t\t\t\t\t\t\t\t\t<\/div>\r\n\t\t\t\t\t\t\t\t<div class=\"elementor-field-group elementor-column elementor-field-type-submit elementor-col-30 e-form__buttons\">\r\n\t\t\t\t\t<button class=\"elementor-button elementor-size-sm\" type=\"submit\">\r\n\t\t\t\t\t\t<span class=\"elementor-button-content-wrapper\">\r\n\t\t\t\t\t\t\t\t\t\t\t\t\t\t\t\t\t\t\t\t\t\t<span class=\"elementor-button-text\">sottoscrivi<\/span>\r\n\t\t\t\t\t\t\t\t\t\t\t\t\t<\/span>\r\n\t\t\t\t\t<\/button>\r\n\t\t\t\t<\/div>\r\n\t\t\t<\/div>\r\n\t\t<\/form>\r\n\t\t\t\t\t\t<\/div>\n\t\t\t\t\t<\/div>\n\t\t\t\t<\/div>\n\t\t\t\t<\/div>\n\t\t","protected":false},"excerpt":{"rendered":"<p>Scienza sull&#8217;idrogeno L&#8217;ossigenoterapia antinfiammatoria offre risultati terapeutici molto migliori rispetto ad una camera iperbarica costosa e scomoda e pu\u00f2 essere eseguita nella vostra camera da letto. L\u2019ossigenoterapia antinfiammatoria \u00e8 semplice. Tutto ci\u00f2 che serve \u00e8 inalare un elevato livello di ossigeno durante l&#8217;attivit\u00e0 fisica.\u2028 Entro 15 minuti, puoi aprire le cellule, consentendo loro di disintossicarsi [&hellip;]<\/p>\n","protected":false},"author":1,"featured_media":0,"parent":0,"menu_order":0,"comment_status":"closed","ping_status":"closed","template":"elementor_header_footer","meta":{"_acf_changed":false,"footnotes":""},"class_list":["post-2258","page","type-page","status-publish","hentry"],"acf":[],"_links":{"self":[{"href":"https:\/\/www.novisanum.com\/it\/wp-json\/wp\/v2\/pages\/2258","targetHints":{"allow":["GET"]}}],"collection":[{"href":"https:\/\/www.novisanum.com\/it\/wp-json\/wp\/v2\/pages"}],"about":[{"href":"https:\/\/www.novisanum.com\/it\/wp-json\/wp\/v2\/types\/page"}],"author":[{"embeddable":true,"href":"https:\/\/www.novisanum.com\/it\/wp-json\/wp\/v2\/users\/1"}],"replies":[{"embeddable":true,"href":"https:\/\/www.novisanum.com\/it\/wp-json\/wp\/v2\/comments?post=2258"}],"version-history":[{"count":4,"href":"https:\/\/www.novisanum.com\/it\/wp-json\/wp\/v2\/pages\/2258\/revisions"}],"predecessor-version":[{"id":2267,"href":"https:\/\/www.novisanum.com\/it\/wp-json\/wp\/v2\/pages\/2258\/revisions\/2267"}],"wp:attachment":[{"href":"https:\/\/www.novisanum.com\/it\/wp-json\/wp\/v2\/media?parent=2258"}],"curies":[{"name":"wp","href":"https:\/\/api.w.org\/{rel}","templated":true}]}}