{"id":2309,"date":"2025-11-02T14:49:50","date_gmt":"2025-11-02T14:49:50","guid":{"rendered":"https:\/\/www.novisanum.com\/scienza-e-i-piu-recenti-trattamenti-per-la-pelle\/"},"modified":"2025-11-07T04:14:23","modified_gmt":"2025-11-07T04:14:23","slug":"scienza-e-i-piu-recenti-trattamenti-per-la-pelle","status":"publish","type":"page","link":"https:\/\/www.novisanum.com\/it\/scienza-e-i-piu-recenti-trattamenti-per-la-pelle\/","title":{"rendered":"Scienza e i pi\u00f9 recenti trattamenti per la pelle"},"content":{"rendered":"\t\t<div data-elementor-type=\"wp-page\" data-elementor-id=\"2309\" class=\"elementor elementor-2309 elementor-650\" data-elementor-settings=\"{&quot;ha_cmc_init_switcher&quot;:&quot;no&quot;}\" data-elementor-post-type=\"page\">\n\t\t\t\t<div class=\"elementor-element elementor-element-4591513 e-flex e-con-boxed e-con e-parent\" data-id=\"4591513\" data-element_type=\"container\" data-e-type=\"container\" data-settings=\"{&quot;_ha_eqh_enable&quot;:false}\">\n\t\t\t\t\t<div class=\"e-con-inner\">\n\t\t<div class=\"elementor-element elementor-element-60d8dd7 e-con-full e-flex e-con e-child\" data-id=\"60d8dd7\" data-element_type=\"container\" data-e-type=\"container\" data-settings=\"{&quot;_ha_eqh_enable&quot;:false}\">\n\t\t\t\t<div class=\"elementor-element elementor-element-3384306 elementor-widget elementor-widget-heading\" data-id=\"3384306\" data-element_type=\"widget\" data-e-type=\"widget\" data-widget_type=\"heading.default\">\n\t\t\t\t\t<h2 class=\"elementor-heading-title elementor-size-default\">Scienza e i pi\u00f9 recenti trattamenti per la pelle<\/h2>\t\t\t\t<\/div>\n\t\t\t\t<div class=\"elementor-element elementor-element-233dffe elementor-widget elementor-widget-text-editor\" data-id=\"233dffe\" data-element_type=\"widget\" data-e-type=\"widget\" data-widget_type=\"text-editor.default\">\n\t\t\t\t\t\t\t\t\t<p>\u00c8 sempre bello vedere persone che si godono appieno il sole e usano la luce per ricaricare il corpo e la mente. Peccato per il conseguente invecchiamento della pelle. Non esiste una soluzione pi\u00f9 intelligente per questo, preferibilmente con conseguente ringiovanimento della pelle? S\u00ec, esiste: la terapia con la luce rossa!<\/p>\t\t\t\t\t\t\t\t<\/div>\n\t\t<div class=\"elementor-element elementor-element-66c246d e-con-full e-flex e-con e-child\" data-id=\"66c246d\" data-element_type=\"container\" data-e-type=\"container\" data-settings=\"{&quot;_ha_eqh_enable&quot;:false}\">\n\t\t<div class=\"elementor-element elementor-element-d32a67b e-con-full e-flex e-con e-child\" data-id=\"d32a67b\" data-element_type=\"container\" data-e-type=\"container\" data-settings=\"{&quot;_ha_eqh_enable&quot;:false}\">\n\t\t\t\t<div class=\"elementor-element elementor-element-da372ab elementor-widget elementor-widget-image\" data-id=\"da372ab\" data-element_type=\"widget\" data-e-type=\"widget\" data-widget_type=\"image.default\">\n\t\t\t\t\t\t\t\t\t\t\t\t\t\t\t<img fetchpriority=\"high\" decoding=\"async\" width=\"346\" height=\"480\" src=\"https:\/\/www.novisanum.com\/wp-content\/uploads\/2025\/11\/Skin_light_480x480.webp\" class=\"attachment-full size-full wp-image-1275\" alt=\"\" srcset=\"https:\/\/www.novisanum.com\/wp-content\/uploads\/2025\/11\/Skin_light_480x480.webp 346w, https:\/\/www.novisanum.com\/wp-content\/uploads\/2025\/11\/Skin_light_480x480-216x300.webp 216w\" sizes=\"(max-width: 346px) 100vw, 346px\" \/>\t\t\t\t\t\t\t\t\t\t\t\t\t\t\t<\/div>\n\t\t\t\t<\/div>\n\t\t<div class=\"elementor-element elementor-element-4fced5d e-con-full e-flex e-con e-child\" data-id=\"4fced5d\" data-element_type=\"container\" data-e-type=\"container\" data-settings=\"{&quot;_ha_eqh_enable&quot;:false}\">\n\t\t\t\t<div class=\"elementor-element elementor-element-484117e elementor-widget elementor-widget-text-editor\" data-id=\"484117e\" data-element_type=\"widget\" data-e-type=\"widget\" data-widget_type=\"text-editor.default\">\n\t\t\t\t\t\t\t\t\t<p><strong>Pelle radiosa grazie a pi\u00f9 ATP (energia)<\/strong><br \/>In che modo la luce rossa contribuisce alla qualit\u00e0 della pelle? Una pelle luminosa \u00e8 una pelle sana e ricca di energia, in parte grazie alla sufficiente energia presente nelle cellule della pelle. Le nostre cellule, comprese quelle della pelle, sono in grado di convertire la luce in energia grazie ad un meccanismo chiamato citocromo c ossidasi. Utilizzando quell&#8217;energia, conosciuta in termini tecnici come ATP, la pelle favorisce il processo di creazione di nuove cellule e di rilascio di quelle invecchiate. Di conseguenza, i pori si abbassano di meno, le macchie e le rughe svaniscono, l&#8217;elasticit\u00e0 e la compattezza della pelle aumentano e anche l&#8217;acne viene affrontata. Questo \u00e8 secondo una ricerca iraniana citata dall&#8217;autore Mark Sloan nel<\/p>\t\t\t\t\t\t\t\t<\/div>\n\t\t\t\t<\/div>\n\t\t\t\t<\/div>\n\t\t\t\t<div class=\"elementor-element elementor-element-ec39dc8 elementor-widget elementor-widget-text-editor\" data-id=\"ec39dc8\" data-element_type=\"widget\" data-e-type=\"widget\" data-widget_type=\"text-editor.default\">\n\t\t\t\t\t\t\t\t\t<p>suo libro sulla luce rossa intitolato Miracle Medicine. Il fatto che grazie all\u2019aumento dell\u2019ATP i processi pi\u00f9 sani prendano il sopravvento \u00e8 riscontrabile anche in altri ambiti.<br \/><br \/><strong>Guarigione della pelle pi\u00f9 veloce<\/strong><br \/>Non sorprende quindi che nel caso di lesioni cutanee sia stato dimostrato che il processo di guarigione viene favorito dall&#8217;uso della luce rossa, come descritto dettagliatamente da Stephanie Hallett nel suo libro &#8220;Guarire con luce rossa&#8221;, uno dei numerosi libri scientificamente fondati sulla terapia con luce rossa. Per inciso, la guarigione accelerata della ferita non riguarda un effetto placebo, come \u00e8 stato dimostrato anche negli animali feriti, mostra il dottor Michael Belkowski nel suo libro &#8220;Terapia con luce rossa &#8211; Protocolli di trattamento&#8221;.<br \/><br \/><strong>La ricerca scientifica dimostra: la luce rossa ringiovanisce la pelle<\/strong><br \/>La scienza sta scoprendo la luce rossa come terapia per il ringiovanimento della pelle. \u00c8 stato dimostrato che funziona e ora \u00e8 anche chiaro come possa ringiovanire la pelle. La luce rossa inverte i processi di invecchiamento lungo diversi percorsi. Uno di questi \u00e8 che la luce rossa pu\u00f2 ricaricare le centrali elettriche delle cellule. Come avviene esattamente ci\u00f2? Ogni cellula umana ha da diverse centinaia a migliaia di centrali elettriche chiamate mitocondri. Questi producono energia, ma hanno bisogno di essere alimentati. Questo si pu\u00f2 fare con il cibo sano, ma anche con la luce. Con frequenze abbastanza specifiche di luce rossa, possono produrre pi\u00f9 energia e vengono creati ancora pi\u00f9 mitocondri. Le cellule che hanno accesso a sufficiente energia funzionano meglio, il che si traduce, tra le altre cose, in una pelle pi\u00f9 forte ed elastica.<br \/><br \/><strong>Aumento della produzione di collagene<\/strong><br \/>Un altro esempio dell&#8217;efficacia della terapia con luce rossa \u00e8 che la luce penetra per centimetri in profondit\u00e0 nella pelle e l\u00ec fa, tra l&#8217;altro, due cose. Uno \u00e8 che aumenta la produzione di collagene. Ed \u00e8 fantastico, perch\u00e9 il collagene \u00e8 ci\u00f2 che mantiene la pelle liscia ed elastica. Il collagene \u00e8 ci\u00f2 che una persona di 60 anni possiede solo la met\u00e0 rispetto a quando ne aveva 25. Quindi il collagene \u00e8 ci\u00f2 di cui si desidera di pi\u00f9 dopo i 25 anni, piuttosto che di meno. Fortunatamente, questo \u00e8 possibile esponendosi a frequenze molto specifiche di luce rossa. In questo modo si sperimenta immediatamente la seconda efficacia della penetrazione della luce e cio\u00e8 quella di contrastare le infiammazioni. Le infiammazioni danneggiano la struttura sottostante della pelle e sono quindi responsabili dell\u2019invecchiamento cutaneo.<br \/><br \/><strong>Terapia della luce rossa per uso domestico<\/strong><br \/>\u00c8 possibile sperimentare la terapia a luce rossa nello studio di un terapista, ma sempre pi\u00f9 persone applicano la terapia a casa, in parte perch\u00e9 \u00e8 un&#8217;esperienza molto piacevole. In effetti, sono disponibili attrezzature eccellenti che ti consentono di portare la terapia con la luce rossa a casa tua. Io stesso ho un pannello per tutto il corpo che aspetto ogni giorno con ansia, ma ci sono anche pannelli pi\u00f9 piccoli, ad esempio per illuminare il viso.<br \/><br \/><strong>Capacit\u00e0 di autoguarigione<\/strong><br \/>Con la terapia con luce rossa porti il \u200b\u200bsole nella tua casa, ma solo i suoi elementi migliori. Lasciando risplendere la luce, combini le propriet\u00e0 curative della luce solare con la capacit\u00e0 di autoguarigione dell&#8217;uomo. Il nostro corpo \u00e8 in grado di guarire se stesso da molti disturbi e condizioni, se gli viene consentito, ad esempio, una dieta sana e una luce rossa sufficiente. Scopri quali pannelli e letti potrebbero fare al caso tuo tramite questo link. Date al vostro corpo ci\u00f2 di cui ha bisogno, sostenetelo con la luce rossa e vedrete i risultati, tra le altre cose, in una pelle giovane e radiosa!&#8217;<\/p>\t\t\t\t\t\t\t\t<\/div>\n\t\t\t\t<\/div>\n\t\t\t\t\t<\/div>\n\t\t\t\t<\/div>\n\t\t<div class=\"elementor-element elementor-element-365d1c5 e-flex e-con-boxed e-con e-parent\" data-id=\"365d1c5\" data-element_type=\"container\" data-e-type=\"container\" data-settings=\"{&quot;background_background&quot;:&quot;classic&quot;,&quot;_ha_eqh_enable&quot;:false}\">\n\t\t\t\t\t<div class=\"e-con-inner\">\n\t\t\t\t<div class=\"elementor-element elementor-element-2c06574 elementor-widget elementor-widget-heading\" data-id=\"2c06574\" data-element_type=\"widget\" data-e-type=\"widget\" data-widget_type=\"heading.default\">\n\t\t\t\t\t<h2 class=\"elementor-heading-title elementor-size-default\">Notiziario<\/h2>\t\t\t\t<\/div>\n\t\t\t\t<div class=\"elementor-element elementor-element-55ba04a elementor-widget__width-initial elementor-widget-mobile__width-inherit elementor-widget elementor-widget-text-editor\" data-id=\"55ba04a\" data-element_type=\"widget\" data-e-type=\"widget\" data-widget_type=\"text-editor.default\">\n\t\t\t\t\t\t\t\t\t<p>Una breve frase che descrive ci\u00f2 che qualcuno ricever\u00e0 iscrivendosi<\/p>\t\t\t\t\t\t\t\t<\/div>\n\t\t\t\t<div class=\"elementor-element elementor-element-2636313 elementor-widget__width-initial elementor-widget-mobile__width-inherit elementor-button-align-stretch elementor-widget elementor-widget-form\" data-id=\"2636313\" data-element_type=\"widget\" data-e-type=\"widget\" data-settings=\"{&quot;button_width&quot;:&quot;30&quot;,&quot;step_next_label&quot;:&quot;Prossimo&quot;,&quot;step_previous_label&quot;:&quot;Precedente&quot;,&quot;step_type&quot;:&quot;number_text&quot;,&quot;step_icon_shape&quot;:&quot;circle&quot;}\" data-widget_type=\"form.default\">\n\t\t\t\t\t\t\t<form class=\"elementor-form\" method=\"post\" name=\"Nuovo modulo\" aria-label=\"Nuovo modulo\">\r\n\t\t\t<input type=\"hidden\" name=\"post_id\" value=\"2309\"\/>\r\n\t\t\t<input type=\"hidden\" name=\"form_id\" value=\"2636313\"\/>\r\n\t\t\t<input type=\"hidden\" name=\"referer_title\" value=\"Scienza e i pi\u00f9 recenti trattamenti per la pelle\" \/>\r\n\r\n\t\t\t\t\t\t\t<input type=\"hidden\" name=\"queried_id\" value=\"2309\"\/>\r\n\t\t\t\r\n\t\t\t<div class=\"elementor-form-fields-wrapper elementor-labels-\">\r\n\t\t\t\t\t\t\t\t<div class=\"elementor-field-type-email elementor-field-group elementor-column elementor-field-group-email elementor-col-70 elementor-field-required\">\r\n\t\t\t\t\t\t\t\t\t\t\t\t\t<input size=\"1\" type=\"email\" name=\"form_fields[email]\" id=\"form-field-email\" class=\"elementor-field elementor-size-sm  elementor-field-textual\" placeholder=\"La tua email\" required=\"required\">\r\n\t\t\t\t\t\t\t\t\t\t\t<\/div>\r\n\t\t\t\t\t\t\t\t<div class=\"elementor-field-group elementor-column elementor-field-type-submit elementor-col-30 e-form__buttons\">\r\n\t\t\t\t\t<button class=\"elementor-button elementor-size-sm\" type=\"submit\">\r\n\t\t\t\t\t\t<span class=\"elementor-button-content-wrapper\">\r\n\t\t\t\t\t\t\t\t\t\t\t\t\t\t\t\t\t\t\t\t\t\t<span class=\"elementor-button-text\">sottoscrivi<\/span>\r\n\t\t\t\t\t\t\t\t\t\t\t\t\t<\/span>\r\n\t\t\t\t\t<\/button>\r\n\t\t\t\t<\/div>\r\n\t\t\t<\/div>\r\n\t\t<\/form>\r\n\t\t\t\t\t\t<\/div>\n\t\t\t\t\t<\/div>\n\t\t\t\t<\/div>\n\t\t\t\t<\/div>\n\t\t","protected":false},"excerpt":{"rendered":"<p>Scienza e i pi\u00f9 recenti trattamenti per la pelle \u00c8 sempre bello vedere persone che si godono appieno il sole e usano la luce per ricaricare il corpo e la mente. Peccato per il conseguente invecchiamento della pelle. Non esiste una soluzione pi\u00f9 intelligente per questo, preferibilmente con conseguente ringiovanimento della pelle? S\u00ec, esiste: la [&hellip;]<\/p>\n","protected":false},"author":1,"featured_media":0,"parent":0,"menu_order":0,"comment_status":"closed","ping_status":"closed","template":"elementor_header_footer","meta":{"_acf_changed":false,"footnotes":""},"class_list":["post-2309","page","type-page","status-publish","hentry"],"acf":[],"_links":{"self":[{"href":"https:\/\/www.novisanum.com\/it\/wp-json\/wp\/v2\/pages\/2309","targetHints":{"allow":["GET"]}}],"collection":[{"href":"https:\/\/www.novisanum.com\/it\/wp-json\/wp\/v2\/pages"}],"about":[{"href":"https:\/\/www.novisanum.com\/it\/wp-json\/wp\/v2\/types\/page"}],"author":[{"embeddable":true,"href":"https:\/\/www.novisanum.com\/it\/wp-json\/wp\/v2\/users\/1"}],"replies":[{"embeddable":true,"href":"https:\/\/www.novisanum.com\/it\/wp-json\/wp\/v2\/comments?post=2309"}],"version-history":[{"count":4,"href":"https:\/\/www.novisanum.com\/it\/wp-json\/wp\/v2\/pages\/2309\/revisions"}],"predecessor-version":[{"id":2324,"href":"https:\/\/www.novisanum.com\/it\/wp-json\/wp\/v2\/pages\/2309\/revisions\/2324"}],"wp:attachment":[{"href":"https:\/\/www.novisanum.com\/it\/wp-json\/wp\/v2\/media?parent=2309"}],"curies":[{"name":"wp","href":"https:\/\/api.w.org\/{rel}","templated":true}]}}