{"id":2402,"date":"2025-11-02T04:42:56","date_gmt":"2025-11-02T04:42:56","guid":{"rendered":"https:\/\/www.novisanum.com\/product\/cuffia-per-la-crescita-dei-capelli-ht02\/"},"modified":"2025-11-09T10:16:34","modified_gmt":"2025-11-09T10:16:34","slug":"cuffia-per-la-crescita-dei-capelli-ht02","status":"publish","type":"product","link":"https:\/\/www.novisanum.com\/it\/prodotto\/cuffia-per-la-crescita-dei-capelli-ht02\/","title":{"rendered":"Cuffia per la crescita dei capelli (HT02)"},"content":{"rendered":"<p>Cerchi una soluzione naturale alla caduta o al diradamento dei capelli? Questa speciale cuffia per la terapia con luce rossa offre un metodo scientificamente provato non solo per promuovere la crescita dei capelli, ma anche per migliorare la salute generale dei capelli e del cuoio capelluto.<\/p>\n<p><strong>Supportato dalla scienza<\/strong><br \/>\nStudi condotti da rinomati istituti di ricerca, come la Harvard Medical School, hanno dimostrato l&#8217;efficacia della terapia con luce rossa nel trattamento della caduta dei capelli. Questa forma di terapia della luce non solo offre speranza alle persone con problemi di capelli, ma migliora anche le condizioni generali del cuoio capelluto. PudMed ha pubblicato online diversi studi sugli effetti della terapia con luce rossa sul cuoio capelluto.<\/p>\n<p><strong>Perch\u00e9 scegliere la terapia con luce rossa?<\/strong><\/p>\n<p><strong>Stimola la crescita di nuovi capelli:<\/strong> la terapia pu\u00f2 portare a un aumento significativo della quantit\u00e0 e dello spessore dei capelli.<br \/>\n<strong>Riduce la caduta dei capelli:<\/strong> rafforzando i follicoli piliferi, la terapia con luce rossa pu\u00f2 ridurre la caduta dei capelli.<br \/>\n<strong>Migliora la struttura dei capelli: <\/strong>trattamenti regolari possono rendere i capelli pi\u00f9 sani, pi\u00f9 forti e pi\u00f9 spessi.<br \/>\n<strong>Sicura e non invasiva: <\/strong>questa terapia \u00e8 un&#8217;opzione naturale per combattere la caduta dei capelli senza ricorrere alla chirurgia.<\/p>\n<p><strong>Come funziona<\/strong><\/p>\n<p><strong>Uso domestico:<\/strong> con questo speciale cappuccio, puoi facilmente utilizzare la terapia con luce rossa a casa tua e a una frazione del costo di un trapianto chirurgico.<br \/>\n<strong>Routine di trattamento:<\/strong> per risultati ottimali, si consiglia di utilizzare la cuffia a giorni alterni, con sessioni di 15-20 minuti alla volta. Dopo 6 mesi si possono osservare i primi risultati e dopo 24 mesi si otterranno risultati ottimali. Risultati pi\u00f9 rapidi? Allora optate per il casco speciale.<\/p>\n<p><strong>SPECIFICHE DEL PRODOTTO:<\/strong><\/p>\n<p>Marca: Novisanum<br \/>\nProdotto: cuffia per terapia con luce rossa<br \/>\nModello: HT02<br \/>\nColore: nero<br \/>\nNumero di LED: 120<br \/>\nLunghezze d&#8217;onda: 660\/830<br \/>\nColori LED: rosso e blu<br \/>\nConsumo energetico: 75 watt<br \/>\nPeso: 18 grammi<br \/>\nConfezione: scatola<br \/>\nDimensioni confezione: 36x16x24 mm<br \/>\nAccessori inclusi: adattatore, cavo USB<br \/>\nGaranzia: 2 anni<\/p>\n","protected":false},"excerpt":{"rendered":"<p>Cerchi una soluzione naturale alla caduta o al diradamento dei capelli? Questa speciale cuffia per la terapia con luce rossa offre un metodo scientificamente provato non solo per promuovere la crescita dei capelli, ma anche per migliorare la salute generale dei capelli e del cuoio capelluto. Supportato dalla scienza Studi condotti da rinomati istituti di [&hellip;]<\/p>\n","protected":false},"featured_media":1395,"comment_status":"open","ping_status":"closed","template":"","meta":{"_acf_changed":false},"product_brand":[],"product_cat":[158],"product_tag":[],"class_list":{"0":"post-2402","1":"product","2":"type-product","3":"status-publish","4":"has-post-thumbnail","6":"product_cat-hair-growth-systems","8":"first","9":"instock","10":"shipping-taxable","11":"purchasable","12":"product-type-simple"},"acf":[],"_links":{"self":[{"href":"https:\/\/www.novisanum.com\/it\/wp-json\/wp\/v2\/product\/2402","targetHints":{"allow":["GET"]}}],"collection":[{"href":"https:\/\/www.novisanum.com\/it\/wp-json\/wp\/v2\/product"}],"about":[{"href":"https:\/\/www.novisanum.com\/it\/wp-json\/wp\/v2\/types\/product"}],"replies":[{"embeddable":true,"href":"https:\/\/www.novisanum.com\/it\/wp-json\/wp\/v2\/comments?post=2402"}],"wp:featuredmedia":[{"embeddable":true,"href":"https:\/\/www.novisanum.com\/it\/wp-json\/wp\/v2\/media\/1395"}],"wp:attachment":[{"href":"https:\/\/www.novisanum.com\/it\/wp-json\/wp\/v2\/media?parent=2402"}],"wp:term":[{"taxonomy":"product_brand","embeddable":true,"href":"https:\/\/www.novisanum.com\/it\/wp-json\/wp\/v2\/product_brand?post=2402"},{"taxonomy":"product_cat","embeddable":true,"href":"https:\/\/www.novisanum.com\/it\/wp-json\/wp\/v2\/product_cat?post=2402"},{"taxonomy":"product_tag","embeddable":true,"href":"https:\/\/www.novisanum.com\/it\/wp-json\/wp\/v2\/product_tag?post=2402"}],"curies":[{"name":"wp","href":"https:\/\/api.w.org\/{rel}","templated":true}]}}