{"id":2412,"date":"2025-11-02T04:35:00","date_gmt":"2025-11-02T04:35:00","guid":{"rendered":"https:\/\/www.novisanum.com\/product\/maschera-facciale-sm04\/"},"modified":"2025-11-09T10:16:58","modified_gmt":"2025-11-09T10:16:58","slug":"maschera-facciale-sm04","status":"publish","type":"product","link":"https:\/\/www.novisanum.com\/it\/prodotto\/maschera-facciale-sm04\/","title":{"rendered":"Maschera facciale (SM04)"},"content":{"rendered":"<p>Questa maschera viso \u00e8 un modo semplice e intensivo per migliorare le condizioni della pelle attraverso la terapia con luce rossa. \u00c8 molto leggera da indossare e quindi pu\u00f2 essere utilizzata anche per sedersi.<\/p>\n<p><strong>SPECIFICHE DEL PRODOTTO<\/strong><\/p>\n<p>Marca: Novisanum<br \/>\nProdotto: Maschera viso<br \/>\nModello: SM04<br \/>\nColore: crema<br \/>\nLunghezza d&#8217;onda: 630\/460\/850 nm<br \/>\nQuantit\u00e0 LED: 72 pezzi &#8211; tre modalit\u00e0 + luminosit\u00e0 + tempo<br \/>\nTensione nominale: DC\/5 V 2 A (1440 mAh)<br \/>\nMetodo di ricarica: USB Type-C<br \/>\nAccessori: cavo USB, scatola, manuale, custodia<br \/>\nGaranzia: 2 anni<\/p>\n<p><strong>Base scientifica<\/strong><br \/>\nNumerosi studi scientifici hanno dimostrato che la terapia con luce rossa (RLT) \u00e8 efficace, tra le altre cose, nel miglioramento della pelle, nel trattamento di problemi cutanei e nell&#8217;anti-invecchiamento. Il potere della terapia con luce rossa deriva dal fatto che la luce penetra negli strati pi\u00f9 profondi della pelle, stimolando il flusso sanguigno e la produzione di collagene.<\/p>\n<p><strong>Anti-invecchiamento: produzione di collagene<\/strong><br \/>\nIl collagene agisce come impalcatura della pelle, fornendo struttura e supporto. Con l&#8217;avanzare dell&#8217;et\u00e0, la produzione naturale di collagene del nostro corpo diminuisce, portando alla formazione di linee sottili e rughe. La stimolazione dei fibroblasti mediante RLT aumenta direttamente il collagene, riempiendo queste linee e restituendo pienezza ed elasticit\u00e0 alla pelle. Risultato: effetto anti-et\u00e0, ovvero riduzione di rughe e linee sottili. Oltre ai suoi effetti anti-et\u00e0, la RLT \u00e8 nota per la sua capacit\u00e0 di uniformare il tono della pelle e migliorarne la texture generale.<\/p>\n<p><strong>Problemi della pelle e condizioni croniche<\/strong><br \/>\nLa RLT \u00e8 un trattamento eccellente anche per problemi cutanei e condizioni croniche come acne, psoriasi, eczema o rosacea, tra gli altri. Questo grazie alle sue propriet\u00e0 antinfiammatorie. Inoltre, pu\u00f2 regolare le risposte immunitarie e promuovere la riparazione dei tessuti.<\/p>\n<p><strong>Indolore e senza effetti collaterali<\/strong><br \/>\nE come la guarigione delle ferite, la RLT offre un approccio non invasivo e senza farmaci alle patologie cutanee croniche, senza gli effetti collaterali dei farmaci convenzionali. Inoltre, la terapia con luce rossa \u00e8 un trattamento indolore e non nocivo.<\/p>\n<p><strong>La RLT pu\u00f2 causare il cancro?<\/strong><br \/>\nPotrebbero sorgere preoccupazioni circa il rischio di cancro della pelle con qualsiasi forma di fototerapia. La RLT non \u00e8 associata a un aumento del rischio di cancro della pelle. Questa terapia \u00e8 significativamente diversa dall&#8217;esposizione ai raggi UV, che \u00e8 noto contribuire al cancro della pelle.<\/p>\n<p><strong>Con quale frequenza dovrei sottopormi alla terapia con luce rossa?<\/strong><br \/>\nPer ottenere risultati ottimali, costanza e frequenza sono fondamentali. I dermatologi raccomandano pertanto sedute &#8220;a giorni alterni&#8221; di 15-20 minuti alla volta per i primi 2 mesi. Questa fase iniziale intensiva consente alla pelle di assorbire i benefici terapeutici della RLT e stimola la produzione di collagene e la riparazione cellulare. Successivamente, \u00e8 possibile passare a sedute 2-3 volte a settimana. Per problemi cutanei, questa frequenza pu\u00f2 variare, a seconda della situazione personale.<\/p>\n<p>Da oggi puoi effettuare questo trattamento in completa autonomia, senza ricorrere a uno specialista e senza dover sostenere costi elevati.<\/p>\n","protected":false},"excerpt":{"rendered":"<p>Questa maschera viso \u00e8 un modo semplice e intensivo per migliorare le condizioni della pelle attraverso la terapia con luce rossa. \u00c8 molto leggera da indossare e quindi pu\u00f2 essere utilizzata anche per sedersi. SPECIFICHE DEL PRODOTTO Marca: Novisanum Prodotto: Maschera viso Modello: SM04 Colore: crema Lunghezza d&#8217;onda: 630\/460\/850 nm Quantit\u00e0 LED: 72 pezzi &#8211; [&hellip;]<\/p>\n","protected":false},"featured_media":1325,"comment_status":"open","ping_status":"closed","template":"","meta":{"_acf_changed":false},"product_brand":[],"product_cat":[168,151],"product_tag":[],"class_list":{"0":"post-2412","1":"product","2":"type-product","3":"status-publish","4":"has-post-thumbnail","6":"product_cat-homepage","7":"product_cat-face-care-systems","9":"first","10":"instock","11":"shipping-taxable","12":"purchasable","13":"product-type-simple"},"acf":[],"_links":{"self":[{"href":"https:\/\/www.novisanum.com\/it\/wp-json\/wp\/v2\/product\/2412","targetHints":{"allow":["GET"]}}],"collection":[{"href":"https:\/\/www.novisanum.com\/it\/wp-json\/wp\/v2\/product"}],"about":[{"href":"https:\/\/www.novisanum.com\/it\/wp-json\/wp\/v2\/types\/product"}],"replies":[{"embeddable":true,"href":"https:\/\/www.novisanum.com\/it\/wp-json\/wp\/v2\/comments?post=2412"}],"wp:featuredmedia":[{"embeddable":true,"href":"https:\/\/www.novisanum.com\/it\/wp-json\/wp\/v2\/media\/1325"}],"wp:attachment":[{"href":"https:\/\/www.novisanum.com\/it\/wp-json\/wp\/v2\/media?parent=2412"}],"wp:term":[{"taxonomy":"product_brand","embeddable":true,"href":"https:\/\/www.novisanum.com\/it\/wp-json\/wp\/v2\/product_brand?post=2412"},{"taxonomy":"product_cat","embeddable":true,"href":"https:\/\/www.novisanum.com\/it\/wp-json\/wp\/v2\/product_cat?post=2412"},{"taxonomy":"product_tag","embeddable":true,"href":"https:\/\/www.novisanum.com\/it\/wp-json\/wp\/v2\/product_tag?post=2412"}],"curies":[{"name":"wp","href":"https:\/\/api.w.org\/{rel}","templated":true}]}}